{"id":43251,"date":"2024-12-14T00:50:47","date_gmt":"2024-12-14T00:50:47","guid":{"rendered":"https:\/\/bazaar.express\/product\/marjoram-oil\/"},"modified":"2024-12-14T00:50:47","modified_gmt":"2024-12-14T00:50:47","slug":"marjoram-oil","status":"publish","type":"product","link":"https:\/\/bazaar.express\/pl\/produkt\/marjoram-oil\/","title":{"rendered":"Olejek majerankowy"},"content":{"rendered":"<h2 data-start=\"188\" data-end=\"277\">Olejek majerankowy Lotus: Naturalny eliksir dla promiennej sk\u00f3ry, zdrowych w\u0142os\u00f3w i wewn\u0119trznego spokoju<\/h2>\n<h3 data-start=\"279\" data-end=\"355\">\u00a0Odkryj moc majeranku dla sk\u00f3ry, w\u0142os\u00f3w i og\u00f3lnego samopoczucia<\/h3>\n<p data-start=\"357\" data-end=\"676\">Olejek majerankowy Lotus to wi\u0119cej ni\u017c zwyk\u0142y olejek eteryczny \u2013 to ceniony od wiek\u00f3w zio\u0142owy preparat zakorzeniony w staro\u017cytnych tradycjach. Znany z silnych w\u0142a\u015bciwo\u015bci antyoksydacyjnych, przeciwzapalnych i uspokajaj\u0105cych, ten wszechstronny olejek jest idealny dla ka\u017cdego, kto chce od\u017cywi\u0107 sk\u00f3r\u0119, odbudowa\u0107 zniszczone w\u0142osy i naturalnie zredukowa\u0107 stres.<\/p>\n<p data-start=\"678\" data-end=\"934\">Stosowany od czas\u00f3w staro\u017cytnego Egiptu i Grecji, olejek majerankowy by\u0142 ceniony za zdolno\u015b\u0107 do ukojenia cia\u0142a i podniesienia ducha. Dzi\u015b olejek majerankowy Lotus kontynuuje t\u0119 tradycj\u0119 dzi\u0119ki czystej, silnie skoncentrowanej formule zapewniaj\u0105cej widoczne rezultaty.<\/p>\n<h3 data-start=\"941\" data-end=\"999\">\u00a0Korzy\u015bci dla sk\u00f3ry: Blask, g\u0142adko\u015b\u0107 i regeneracja<\/h3>\n<p data-start=\"1001\" data-end=\"1174\">Olejek majerankowy Lotus jest bogaty w zwi\u0105zki regeneruj\u0105ce sk\u00f3r\u0119, takie jak saphenin, kwas rozmarynowy, triglicerydy i E-beta-kariofilen. Te bioaktywne sk\u0142adniki dzia\u0142aj\u0105 synergicznie, aby:<\/p>\n<ul data-start=\"1176\" data-end=\"1426\">\n<li data-start=\"1176\" data-end=\"1239\">\n<p data-start=\"1178\" data-end=\"1239\"><strong data-start=\"1178\" data-end=\"1205\">\u0141agodzi\u0107 stany zapalne sk\u00f3ry<\/strong> i zmniejsza\u0107 zaczerwienienie lub podra\u017cnienia.<\/p>\n<\/li>\n<li data-start=\"1240\" data-end=\"1308\">\n<p data-start=\"1242\" data-end=\"1308\"><strong data-start=\"1242\" data-end=\"1273\">Stymulowa\u0107 produkcj\u0119 kolagenu<\/strong> dla j\u0119drniejszej, m\u0142odziej wygl\u0105daj\u0105cej sk\u00f3ry.<\/p>\n<\/li>\n<li data-start=\"1309\" data-end=\"1362\">\n<p data-start=\"1311\" data-end=\"1362\"><strong data-start=\"1311\" data-end=\"1333\">Rozja\u015bnia\u0107 przebarwienia<\/strong> i wyr\u00f3wnywa\u0107 koloryt sk\u00f3ry.<\/p>\n<\/li>\n<li data-start=\"1363\" data-end=\"1426\">\n<p data-start=\"1365\" data-end=\"1426\"><strong data-start=\"1365\" data-end=\"1383\">Intensywnie nawil\u017ca\u0107<\/strong>, pozostawiaj\u0105c sk\u00f3r\u0119 elastyczn\u0105, g\u0142adk\u0105 i pe\u0142n\u0105 blasku.<\/p>\n<\/li>\n<\/ul>\n<p data-start=\"1428\" data-end=\"1563\">Niezale\u017cnie od tego, czy borykasz si\u0119 z tr\u0105dzikiem, matowo\u015bci\u0105 czy suchymi miejscami, ten olejek pomaga przywr\u00f3ci\u0107 r\u00f3wnowag\u0119 i naturalny blask sk\u00f3ry.<\/p>\n<h3 data-start=\"1570\" data-end=\"1627\">\u00a0Bohater piel\u0119gnacji w\u0142os\u00f3w: Wzmocnienie, po\u0142ysk i ochrona<\/h3>\n<p data-start=\"1629\" data-end=\"1680\">Pusz\u0105ce si\u0119? Suche? Zniszczone przez stylizacj\u0119 termiczn\u0105 lub farbowanie?<\/p>\n<p data-start=\"1682\" data-end=\"1730\">Olejek majerankowy Lotus wnika w struktur\u0119 w\u0142osa, aby:<\/p>\n<ul data-start=\"1732\" data-end=\"1998\">\n<li data-start=\"1732\" data-end=\"1778\">\n<p data-start=\"1734\" data-end=\"1778\"><strong data-start=\"1734\" data-end=\"1760\">Nawil\u017ca\u0107 i od\u017cywia\u0107<\/strong> od cebulek po ko\u0144ce.<\/p>\n<\/li>\n<li data-start=\"1779\" data-end=\"1848\">\n<p data-start=\"1781\" data-end=\"1848\"><strong data-start=\"1781\" data-end=\"1811\">Wzmocni\u0107 delikatne w\u0142osy<\/strong>, zapobiegaj\u0105c \u0142amaniu i rozdwajaniu si\u0119 ko\u0144c\u00f3wek.<\/p>\n<\/li>\n<li data-start=\"1849\" data-end=\"1922\">\n<p data-start=\"1851\" data-end=\"1922\"><strong data-start=\"1851\" data-end=\"1877\">Doda\u0107 blasku i mi\u0119kko\u015bci<\/strong>, nadaj\u0105c w\u0142osom naturalnie jedwabist\u0105 tekstur\u0119.<\/p>\n<\/li>\n<li data-start=\"1923\" data-end=\"1998\">\n<p data-start=\"1925\" data-end=\"1998\"><strong data-start=\"1925\" data-end=\"1965\">Chroni\u0107 przed czynnikami \u015brodowiskowymi<\/strong>, takimi jak kurz, ciep\u0142o i zanieczyszczenia.<\/p>\n<\/li>\n<\/ul>\n<p data-start=\"2000\" data-end=\"2122\">Wmasuj kilka kropel w sk\u00f3r\u0119 g\u0142owy lub dodaj do od\u017cywki, aby poprawi\u0107 kondycj\u0119 w\u0142os\u00f3w i uzyska\u0107 l\u015bni\u0105ce, zdrowe pasma.<\/p>\n<h3 data-start=\"2129\" data-end=\"2203\">\u00a0Wewn\u0119trzny spok\u00f3j: Naturalna ulga w stresie, b\u00f3lu i problemach ze snem<\/h3>\n<p data-start=\"2205\" data-end=\"2263\">Majeranek to nie tylko sk\u0142adnik do pi\u0119kna \u2013 to pot\u0119ga dla zdrowia.<\/p>\n<ul data-start=\"2265\" data-end=\"2580\">\n<li data-start=\"2265\" data-end=\"2356\">\n<p data-start=\"2267\" data-end=\"2356\"><strong data-start=\"2267\" data-end=\"2294\">Naturalny \u015brodek przeciwstresowy<\/strong>: Jego uspokajaj\u0105cy zapach pomaga redukowa\u0107 l\u0119k i napi\u0119cie nerwowe.<\/p>\n<\/li>\n<li data-start=\"2357\" data-end=\"2424\">\n<p data-start=\"2359\" data-end=\"2424\"><strong data-start=\"2359\" data-end=\"2377\">Wspomagacz snu<\/strong>: \u0141y\u017ceczka przed snem sprzyja g\u0142\u0119bokiemu odpoczynkowi.<\/p>\n<\/li>\n<li data-start=\"2425\" data-end=\"2489\">\n<p data-start=\"2427\" data-end=\"2489\"><strong data-start=\"2427\" data-end=\"2449\">Ulga oddechowa<\/strong>: Pomaga \u0142agodzi\u0107 kaszel i objawy astmy.<\/p>\n<\/li>\n<li data-start=\"2490\" data-end=\"2580\">\n<p data-start=\"2492\" data-end=\"2580\"><strong data-start=\"2492\" data-end=\"2517\">B\u00f3l mi\u0119\u015bni i nerw\u00f3w<\/strong>: \u0141agodzi b\u00f3le, skurcze i sztywno\u015b\u0107 staw\u00f3w przy stosowaniu miejscowym.<\/p>\n<\/li>\n<\/ul>\n<p data-start=\"2582\" data-end=\"2640\">To niezb\u0119dny element domowej rutyny piel\u0119gnacyjnej.<\/p>\n<h3 data-start=\"2647\" data-end=\"2685\">\u00a0\u015arodki ostro\u017cno\u015bci, kt\u00f3re powiniene\u015b zna\u0107<\/h3>\n<ul data-start=\"2687\" data-end=\"2927\">\n<li data-start=\"2687\" data-end=\"2763\">\n<p data-start=\"2689\" data-end=\"2763\">Niebezpieczny w czasie <strong data-start=\"2705\" data-end=\"2735\">ci\u0105\u017cy lub karmienia piersi\u0105<\/strong> \u2013 mo\u017ce stymulowa\u0107 miesi\u0105czk\u0119.<\/p>\n<\/li>\n<li data-start=\"2764\" data-end=\"2812\">\n<p data-start=\"2766\" data-end=\"2812\">Przechowywa\u0107 poza zasi\u0119giem <strong data-start=\"2787\" data-end=\"2811\">dzieci i niemowl\u0105t<\/strong>.<\/p>\n<\/li>\n<li data-start=\"2813\" data-end=\"2876\">\n<p data-start=\"2815\" data-end=\"2876\">Zawsze wykonuj <strong data-start=\"2822\" data-end=\"2846\">test p\u0142atkowy<\/strong> przed zastosowaniem na ca\u0142e cia\u0142o.<\/p>\n<\/li>\n<li data-start=\"2877\" data-end=\"2927\">\n<p data-start=\"2879\" data-end=\"2927\">Nie spo\u017cywa\u0107 wi\u0119cej ni\u017c zalecana ilo\u015b\u0107.<\/p>\n<\/li>\n<\/ul>\n<h3 data-start=\"2934\" data-end=\"2974\">\u00a0Jak stosowa\u0107 olejek majerankowy Lotus<\/h3>\n<p data-start=\"2976\" data-end=\"3068\"><strong data-start=\"2976\" data-end=\"2988\">Do sk\u00f3ry<\/strong>:<br data-start=\"2989\" data-end=\"2992\" \/>Na\u0142\u00f3\u017c bezpo\u015brednio na czyst\u0105 sk\u00f3r\u0119 i delikatnie wmasuj. Stosuj codziennie dla najlepszych rezultat\u00f3w.<\/p>\n<p data-start=\"3070\" data-end=\"3187\"><strong>Do w\u0142os\u00f3w:<\/strong><br data-start=\"3083\" data-end=\"3086\" \/>Wmasuj w sk\u00f3r\u0119 g\u0142owy lub dodaj do szamponu\/od\u017cywki. Pozostaw na 20\u201330 minut przed sp\u0142ukaniem.<\/p>\n<p data-start=\"3189\" data-end=\"3278\"><strong data-start=\"3189\" data-end=\"3207\">Do relaksu<\/strong>:<br data-start=\"3208\" data-end=\"3211\" \/>Rozpyl kilka kropel lub g\u0142\u0119boko wdychaj, aby zmniejszy\u0107 l\u0119k i napi\u0119cie.<\/p>\n<p data-start=\"3280\" data-end=\"3379\"><strong data-start=\"3280\" data-end=\"3293\">Do snu<\/strong>:<br data-start=\"3294\" data-end=\"3297\" \/>Za\u017cyj \u00bd \u0142y\u017ceczki doustnie (najpierw skonsultuj si\u0119 z lekarzem) przed snem lub na\u0142\u00f3\u017c na klatk\u0119 piersiow\u0105.<\/p>\n<p data-start=\"3381\" data-end=\"3472\"><strong data-start=\"3381\" data-end=\"3400\">Na b\u00f3l mi\u0119\u015bni<\/strong>:<br data-start=\"3401\" data-end=\"3404\" \/>Wcieraj w obola\u0142e miejsca dwa razy dziennie okr\u0119\u017cnymi ruchami dla szybkiej ulgi.<\/p>\n<h3 data-start=\"3791\" data-end=\"3848\">\u00a0Podsumowanie: Dlaczego wybra\u0107 olejek majerankowy Lotus?<\/h3>\n<p data-start=\"3850\" data-end=\"4131\">Je\u015bli szukasz w pe\u0142ni naturalnego, wielofunkcyjnego olejku eterycznego spe\u0142niaj\u0105cego potrzeby pi\u0119kna i zdrowia, <strong data-start=\"3968\" data-end=\"3990\">Lotus Marjoram Oil<\/strong> to doskona\u0142y wyb\u00f3r. Nawil\u017ca sk\u00f3r\u0119, regeneruje w\u0142osy, \u0142agodzi b\u00f3l, poprawia nastr\u00f3j i wspiera lepszy sen \u2013 wszystko z jednej pot\u0119\u017cnej butelki.<\/p>\n<p data-start=\"4133\" data-end=\"4246\"><strong data-start=\"4133\" data-end=\"4246\">Wybierz dzi\u015b olejek majerankowy Lotus \u2013 i do\u015bwiadcz idealnej harmonii pi\u0119kna, r\u00f3wnowagi i botanicznego uzdrowienia.<\/strong><\/p>\n<p style=\"text-align: center;\">Dzi\u0119kujemy za zakupy w <em data-start=\"415\" data-end=\"431\"><a href=\"https:\/\/bazaar.express\/pl\/\">Bazaar Express<\/a><\/em> \u2013 cieszymy si\u0119, \u017ce jeste\u015b z nami!<\/p>\n<p style=\"text-align: center;\">Poczuj moc natury \u2014 czyste <a href=\"https:\/\/bazaar.express\/pl\/therapeutic-oils\/\">Therapeutic Oils<\/a> dla codziennego dobra samopoczucia.<\/p>\n","protected":false},"excerpt":{"rendered":"<h3 data-start=\"387\" data-end=\"639\">Olejek majerankowy Lotus to wielofunkcyjny olejek eteryczny bogaty w antyoksydanty i uspokajaj\u0105ce zwi\u0105zki. Idealny do \u0142agodzenia podra\u017cnionej sk\u00f3ry, nawil\u017cania suchych w\u0142os\u00f3w, redukcji stresu i wspierania og\u00f3lnego samopoczucia. Doskona\u0142y do codziennej samopiel\u0119gnacji i rutyn pi\u0119kno\u015bciowych.<\/h3>\n","protected":false},"featured_media":43252,"comment_status":"open","ping_status":"closed","template":"","meta":[],"product_brand":[],"product_cat":[1193,1192],"product_tag":[1465,1470],"class_list":{"0":"post-43251","1":"product","2":"type-product","3":"status-publish","4":"has-post-thumbnail","6":"product_cat-lecznicze-oleje","7":"product_cat-pielegnacja-urody","8":"product_tag-naturalny-olej","9":"product_tag-olejek","10":"pa_l-xl-125ml","11":"pa_l-xl-250ml","12":"pa_l-xl-60ml","14":"first","15":"instock","16":"sale","17":"shipping-taxable","18":"purchasable","19":"product-type-variable"},"_links":{"self":[{"href":"https:\/\/bazaar.express\/pl\/wp-json\/wp\/v2\/product\/43251","targetHints":{"allow":["GET"]}}],"collection":[{"href":"https:\/\/bazaar.express\/pl\/wp-json\/wp\/v2\/product"}],"about":[{"href":"https:\/\/bazaar.express\/pl\/wp-json\/wp\/v2\/types\/product"}],"replies":[{"embeddable":true,"href":"https:\/\/bazaar.express\/pl\/wp-json\/wp\/v2\/comments?post=43251"}],"wp:featuredmedia":[{"embeddable":true,"href":"https:\/\/bazaar.express\/pl\/wp-json\/wp\/v2\/media\/43252"}],"wp:attachment":[{"href":"https:\/\/bazaar.express\/pl\/wp-json\/wp\/v2\/media?parent=43251"}],"wp:term":[{"taxonomy":"product_brand","embeddable":true,"href":"https:\/\/bazaar.express\/pl\/wp-json\/wp\/v2\/product_brand?post=43251"},{"taxonomy":"product_cat","embeddable":true,"href":"https:\/\/bazaar.express\/pl\/wp-json\/wp\/v2\/product_cat?post=43251"},{"taxonomy":"product_tag","embeddable":true,"href":"https:\/\/bazaar.express\/pl\/wp-json\/wp\/v2\/product_tag?post=43251"}],"curies":[{"name":"wp","href":"https:\/\/api.w.org\/{rel}","templated":true}]}}