{"id":43286,"date":"2024-12-09T16:19:46","date_gmt":"2024-12-09T16:19:46","guid":{"rendered":"https:\/\/bazaar.express\/product\/mint-oil\/"},"modified":"2024-12-09T16:19:46","modified_gmt":"2024-12-09T16:19:46","slug":"mint-oil","status":"publish","type":"product","link":"https:\/\/bazaar.express\/pl\/produkt\/mint-oil\/","title":{"rendered":"Olej mi\u0119towy &#8211; naturalne rozwi\u0105zanie dla zdrowia"},"content":{"rendered":"<h2 data-start=\"279\" data-end=\"351\">Olej mi\u0119towy Lotus: naturalny orze\u017awiaj\u0105cy \u015brodek na sk\u00f3r\u0119, w\u0142osy i zdrowie<\/h2>\n<h3 data-start=\"353\" data-end=\"387\">Wprowadzenie do olejku mi\u0119towego Lotus<\/h3>\n<p data-start=\"389\" data-end=\"706\">Olej mi\u0119towy Lotus to orze\u017awiaj\u0105cy, wielofunkcyjny olejek eteryczny pozyskiwany z li\u015bci mi\u0119ty pieprzowej. Ceniony od wiek\u00f3w za ch\u0142odz\u0105ce i lecznicze dzia\u0142anie, pozostaje niezawodnym rozwi\u0105zaniem dla wsp\u00f3\u0142czesnych potrzeb zdrowotnych. Od piel\u0119gnacji sk\u00f3ry po higien\u0119 jamy ustnej i ulg\u0119 mi\u0119\u015bniow\u0105 \u2013 ten naturalny olejek to podstawa holistycznej samoopieki.<\/p>\n<h3 data-start=\"708\" data-end=\"746\"> Czym wyr\u00f3\u017cnia si\u0119 olej mi\u0119towy?<\/h3>\n<p data-start=\"748\" data-end=\"1093\">Pozyskiwany metod\u0105 destylacji parowej <strong data-start=\"784\" data-end=\"796\">olej mi\u0119towy<\/strong> zachowuje wszystkie silne w\u0142a\u015bciwo\u015bci ro\u015bliny mi\u0119towej. Bogaty w mentol, kwasy omega-3 i niezb\u0119dne minera\u0142y takie jak \u017celazo i wap\u0144, zapewnia orze\u017awiaj\u0105cy zapach i liczne korzy\u015bci. Witaminy A i C dodatkowo wspomagaj\u0105 regeneracj\u0119 sk\u00f3ry i odpowied\u017a immunologiczn\u0105.<\/p>\n<h2 data-start=\"1100\" data-end=\"1136\"> G\u0142\u00f3wne korzy\u015bci olejku mi\u0119towego Lotus<\/h2>\n<h3 data-start=\"1138\" data-end=\"1171\"> Zdrowie jamy ustnej i \u015bwie\u017cy oddech<\/h3>\n<p data-start=\"1173\" data-end=\"1455\">Jednym z najpopularniejszych zastosowa\u0144 olejku mi\u0119towego Lotus jest piel\u0119gnacja z\u0119b\u00f3w. Wzmacnia dzi\u0105s\u0142a, zmniejsza stany zapalne i zwalcza nie\u015bwie\u017cy oddech dzi\u0119ki naturalnemu dzia\u0142aniu antybakteryjnemu. Rozcie\u0144czona kropla na lini\u0119 dzi\u0105se\u0142 lub w wodzie jako p\u0142ukanka ust mo\u017ce z\u0142agodzi\u0107 b\u00f3l z\u0119b\u00f3w i od\u015bwie\u017cy\u0107 oddech.<\/p>\n<blockquote data-start=\"1457\" data-end=\"1572\">\n<p data-start=\"1459\" data-end=\"1572\"><em data-start=\"1459\" data-end=\"1470\">Dodatkowa wskaz\u00f3wka<\/em>: W przypadku dzieci z z\u0105bkuj\u0105cym uz\u0119bieniem zawsze skonsultuj si\u0119 z pediatr\u0105 przed zastosowaniem rozcie\u0144czonego olejku mi\u0119towego do \u0142agodzenia dzi\u0105se\u0142.<\/p>\n<\/blockquote>\n<h3 data-start=\"1579\" data-end=\"1618\"> \u0141agodzenie sk\u00f3ry i ulga przy tr\u0105dziku<\/h3>\n<p data-start=\"1620\" data-end=\"1893\">Olej mi\u0119towy dzia\u0142a ch\u0142odz\u0105co, uspokajaj\u0105c podra\u017cnion\u0105 sk\u00f3r\u0119. W po\u0142\u0105czeniu z olejami no\u015bnikowymi jak jojoba lub migda\u0142owy zmniejsza zaczerwienienia, \u0142agodzi uk\u0105szenia owad\u00f3w i pomaga w walce z tr\u0105dzikiem. W\u0142a\u015bciwo\u015bci antybakteryjne oczyszczaj\u0105 pory i zwalczaj\u0105 wypryski bez wysuszania sk\u00f3ry.<\/p>\n<h3 data-start=\"1900\" data-end=\"1936\"> W\u0142osy i od\u017cywianie sk\u00f3ry g\u0142owy<\/h3>\n<p data-start=\"1938\" data-end=\"2169\">Walczysz z \u0142upie\u017cem lub such\u0105, sw\u0119dz\u0105c\u0105 sk\u00f3r\u0105 g\u0142owy? Kilka kropli olejku mi\u0119towego Lotus zmieszanych z oliw\u0105 z oliwek nawil\u017cy sk\u00f3r\u0119 g\u0142owy, poprawi kr\u0105\u017cenie i zmniejszy wypadanie w\u0142os\u00f3w. Orze\u017awiaj\u0105cy zapach sprawia te\u017c, \u017ce w\u0142osy s\u0105 \u015bwie\u017csze i czystsze.<\/p>\n<h3 data-start=\"2176\" data-end=\"2204\"> Ulga dla mi\u0119\u015bni i staw\u00f3w<\/h3>\n<p data-start=\"2206\" data-end=\"2402\">Ch\u0142odz\u0105ce dzia\u0142anie mentolu w oleju mi\u0119towym doskonale sprawdza si\u0119 przy obola\u0142ych mi\u0119\u015bniach. Po treningu lub d\u0142ugim dniu wymieszaj go z olejem no\u015bnikowym i delikatnie masuj bol\u0105ce miejsca dla naturalnej ulgi w b\u00f3lu.<\/p>\n<h2 data-start=\"2409\" data-end=\"2446\"> \u015arodki ostro\u017cno\u015bci przy stosowaniu olejku mi\u0119towego<\/h2>\n<ul data-start=\"2448\" data-end=\"2712\">\n<li data-start=\"2448\" data-end=\"2502\">\n<p data-start=\"2450\" data-end=\"2502\">Unikaj bezpo\u015bredniego stosowania na wra\u017cliw\u0105 sk\u00f3r\u0119 bez rozcie\u0144czenia.<\/p>\n<\/li>\n<li data-start=\"2503\" data-end=\"2581\">\n<p data-start=\"2505\" data-end=\"2581\">Nie zaleca si\u0119 dla kobiet w ci\u0105\u017cy lub karmi\u0105cych piersi\u0105 bez konsultacji z lekarzem.<\/p>\n<\/li>\n<li data-start=\"2582\" data-end=\"2650\">\n<p data-start=\"2584\" data-end=\"2650\">Do u\u017cytku doustnego zawsze rozcie\u0144czaj, aby unikn\u0105\u0107 podra\u017cnie\u0144 lub owrzodze\u0144.<\/p>\n<\/li>\n<li data-start=\"2651\" data-end=\"2712\">\n<p data-start=\"2653\" data-end=\"2712\">Nie zaleca si\u0119 dla niemowl\u0105t bez zgody specjalisty.<\/p>\n<\/li>\n<\/ul>\n<h2 data-start=\"3135\" data-end=\"3167\"> Dlaczego wybra\u0107 olejek mi\u0119towy Lotus?<\/h2>\n<p data-start=\"3169\" data-end=\"3524\">Olejek mi\u0119towy Lotus to co\u015b wi\u0119cej ni\u017c zwyk\u0142y olejek eteryczny \u2013 to kompleksowy wspomagacz zdrowia. Niezale\u017cnie od tego, czy chcesz od\u015bwie\u017cy\u0107 oddech, oczy\u015bci\u0107 sk\u00f3r\u0119, z\u0142agodzi\u0107 b\u00f3l mi\u0119\u015bni czy stymulowa\u0107 wzrost w\u0142os\u00f3w, ten naturalny \u015brodek oferuje czyste rozwi\u0105zanie bez chemii. Wytwarzany z dba\u0142o\u015bci\u0105 i czysto\u015bci\u0105, idealnie uzupe\u0142nia Twoj\u0105 rutyn\u0119 piel\u0119gnacyjn\u0105 i samoopieki.<\/p>\n<h3 data-start=\"3531\" data-end=\"3565\"> Wykorzystaj moc natury<\/h3>\n<p data-start=\"3567\" data-end=\"3764\">Olejek mi\u0119towy Lotus pozwala skorzysta\u0107 z najorze\u017awiaj\u0105cego daru natury. W\u0142\u0105cz go do codziennego rytua\u0142u zdrowotnego \u2013 i odkryj, jak ten czysty, wielofunkcyjny olejek wnosi r\u00f3wnowag\u0119 i witalno\u015b\u0107 do Twojego \u017cycia.<\/p>\n<p style=\"text-align: center;\">Dzi\u0119kujemy za zakupy w <em data-start=\"415\" data-end=\"431\"><a href=\"https:\/\/bazaar.express\/pl\/\">Bazaar Express<\/a><\/em> \u2013 cieszymy si\u0119, \u017ce jeste\u015b z nami!<\/p>\n<p style=\"text-align: center;\">Poczuj moc natury \u2013 czyste <a href=\"https:\/\/bazaar.express\/pl\/?attachment_id=34484\">oleje terapeutyczne<\/a> dla codziennego zdrowia.<\/p>\n","protected":false},"excerpt":{"rendered":"<h3>Olejek mi\u0119towy Lotus to rewitalizuj\u0105cy olejek eteryczny znany z ch\u0142odz\u0105cego dzia\u0142ania i korzy\u015bci antybakteryjnych. Idealny do higieny jamy ustnej, piel\u0119gnacji sk\u00f3ry i w\u0142os\u00f3w \u2013 pomaga zwalcza\u0107 tr\u0105dzik, \u0142agodzi podra\u017cnienia sk\u00f3ry g\u0142owy i zmniejsza b\u00f3l mi\u0119\u015bni, dostarczaj\u0105c przy tym orze\u017awiaj\u0105cego mi\u0119towego zapachu.<\/h3>\n","protected":false},"featured_media":43289,"comment_status":"open","ping_status":"closed","template":"","meta":[],"product_brand":[],"product_cat":[1193,1192],"product_tag":[1465,1470,1623],"class_list":{"0":"post-43286","1":"product","2":"type-product","3":"status-publish","4":"has-post-thumbnail","6":"product_cat-lecznicze-oleje","7":"product_cat-pielegnacja-urody","8":"product_tag-naturalny-olej","9":"product_tag-olejek","10":"product_tag-olejek-mietowy-lotus","11":"pa_l-xl-125ml","12":"pa_l-xl-60ml","14":"first","15":"instock","16":"sale","17":"shipping-taxable","18":"purchasable","19":"product-type-variable"},"_links":{"self":[{"href":"https:\/\/bazaar.express\/pl\/wp-json\/wp\/v2\/product\/43286","targetHints":{"allow":["GET"]}}],"collection":[{"href":"https:\/\/bazaar.express\/pl\/wp-json\/wp\/v2\/product"}],"about":[{"href":"https:\/\/bazaar.express\/pl\/wp-json\/wp\/v2\/types\/product"}],"replies":[{"embeddable":true,"href":"https:\/\/bazaar.express\/pl\/wp-json\/wp\/v2\/comments?post=43286"}],"wp:featuredmedia":[{"embeddable":true,"href":"https:\/\/bazaar.express\/pl\/wp-json\/wp\/v2\/media\/43289"}],"wp:attachment":[{"href":"https:\/\/bazaar.express\/pl\/wp-json\/wp\/v2\/media?parent=43286"}],"wp:term":[{"taxonomy":"product_brand","embeddable":true,"href":"https:\/\/bazaar.express\/pl\/wp-json\/wp\/v2\/product_brand?post=43286"},{"taxonomy":"product_cat","embeddable":true,"href":"https:\/\/bazaar.express\/pl\/wp-json\/wp\/v2\/product_cat?post=43286"},{"taxonomy":"product_tag","embeddable":true,"href":"https:\/\/bazaar.express\/pl\/wp-json\/wp\/v2\/product_tag?post=43286"}],"curies":[{"name":"wp","href":"https:\/\/api.w.org\/{rel}","templated":true}]}}