{"id":43368,"date":"2025-01-03T17:08:29","date_gmt":"2025-01-03T17:08:29","guid":{"rendered":"https:\/\/bazaar.express\/product\/camel-milk-2\/"},"modified":"2026-02-08T21:24:03","modified_gmt":"2026-02-08T21:24:03","slug":"camel-milk-2","status":"publish","type":"product","link":"https:\/\/bazaar.express\/pl\/produkt\/camel-milk-2\/","title":{"rendered":"Lotion z mleka wielb\u0142\u0105dziego Ja\u015bmin i Lawenda"},"content":{"rendered":"<h2 data-start=\"252\" data-end=\"339\">Orgakera Lotion z mleka wielb\u0142\u0105dziego Ja\u015bmin i Lawenda \u2013 Od\u017cywij sk\u00f3r\u0119 najlepszymi darami natury<\/h2>\n<h3 data-start=\"341\" data-end=\"384\">Twoja naturalna droga do mi\u0119kkiej, promiennej sk\u00f3ry<\/h3>\n<p data-start=\"386\" data-end=\"754\">Zapewnij sk\u00f3rze opiek\u0119, na jak\u0105 zas\u0142uguje, z <strong data-start=\"427\" data-end=\"476\">Orgakera Lotion z mleka wielb\u0142\u0105dziego Ja\u015bmin i Lawenda<\/strong> \u2013 luksusow\u0105, ca\u0142kowicie naturaln\u0105 formu\u0142\u0105 zaprojektowan\u0105 do nawil\u017cania, leczenia i regeneracji. Wzbogacona mlekiem wielb\u0142\u0105dziego, olejem ja\u015bminowym i lawendowym, ten pot\u0119\u017cny lotion dzia\u0142a na such\u0105 sk\u00f3r\u0119, ciemne plamy, blizny potr\u0105dzikowe i stany zapalne, pozostawiaj\u0105c sk\u00f3r\u0119 g\u0142adk\u0105, l\u015bni\u0105c\u0105 i pi\u0119knie zr\u00f3wnowa\u017con\u0105.<\/p>\n<h3 data-start=\"756\" data-end=\"798\">Dlaczego wybra\u0107 lotion Orgakera z mleka wielb\u0142\u0105dziego?<\/h3>\n<p data-start=\"800\" data-end=\"1142\">Mleko wielb\u0142\u0105dzie to rzadki i bardzo korzystny sk\u0142adnik do piel\u0119gnacji sk\u00f3ry, bogaty w <strong data-start=\"876\" data-end=\"906\">kwasy alfa-hydroksylowe (AHA)<\/strong>, kt\u00f3re delikatnie z\u0142uszczaj\u0105 sk\u00f3r\u0119, redukuj\u0105c pigmentacj\u0119 i blizny potr\u0105dzikowe, jednocze\u015bnie poprawiaj\u0105c og\u00f3lny ton i tekstur\u0119. Dodatek <strong data-start=\"1034\" data-end=\"1045\">lanoliny<\/strong> blokuje wilgo\u0107, czyni\u0105c sk\u00f3r\u0119 mi\u0119kk\u0105 i elastyczn\u0105, jednocze\u015bnie pomagaj\u0105c zmniejszy\u0107 zaczerwienienia i podra\u017cnienia.<\/p>\n<p data-start=\"1144\" data-end=\"1324\">Niezale\u017cnie od tego, czy Twoja sk\u00f3ra jest uszkodzona przez s\u0142o\u0144ce, wra\u017cliwa czy po prostu potrzebuje g\u0142\u0119bokiego nawil\u017cenia, ten lotion oferuje naturalnie pot\u0119\u017cne rozwi\u0105zanie, kt\u00f3re jest \u0142agodne nawet dla najbardziej delikatnych typ\u00f3w sk\u00f3ry.<\/p>\n<h3 data-start=\"1326\" data-end=\"1373\">Kluczowe sk\u0142adniki dla pi\u0119knej, zdrowej sk\u00f3ry<\/h3>\n<ul data-start=\"1375\" data-end=\"2132\">\n<li data-start=\"1375\" data-end=\"1476\">\n<p data-start=\"1377\" data-end=\"1476\"><strong data-start=\"1377\" data-end=\"1392\">Mleko wielb\u0142\u0105dzie:<\/strong> Bogate w AHA do z\u0142uszczania, rozja\u015bniania i wyr\u00f3wnywania kolorytu sk\u00f3ry przy jednoczesnym minimalizowaniu blizn.<\/p>\n<\/li>\n<li data-start=\"1477\" data-end=\"1574\">\n<p data-start=\"1479\" data-end=\"1574\"><strong data-start=\"1479\" data-end=\"1495\">Olej ja\u015bminowy:<\/strong> Uspokajaj\u0105ca esencja kwiatowa, kt\u00f3ra wspomaga gojenie sk\u00f3ry i zmniejsza widoczne zaczerwienienia.<\/p>\n<\/li>\n<li data-start=\"1575\" data-end=\"1670\">\n<p data-start=\"1577\" data-end=\"1670\"><strong data-start=\"1577\" data-end=\"1594\">Olej lawendowy:<\/strong> \u0141agodzi podra\u017cnienia i stany zapalne, oferuj\u0105c uspokajaj\u0105cy naturalny zapach.<\/p>\n<\/li>\n<li data-start=\"1671\" data-end=\"1765\">\n<p data-start=\"1673\" data-end=\"1765\"><strong data-start=\"1673\" data-end=\"1691\">Olej z otr\u0119b\u00f3w ry\u017cowych:<\/strong> Pe\u0142en antyoksydant\u00f3w, kt\u00f3re poprawiaj\u0105 elastyczno\u015b\u0107 i zwalczaj\u0105 oznaki starzenia.<\/p>\n<\/li>\n<li data-start=\"1766\" data-end=\"1865\">\n<p data-start=\"1768\" data-end=\"1865\"><strong data-start=\"1768\" data-end=\"1801\">Witaminy A, C, E i pantenol:<\/strong> Niezb\u0119dne sk\u0142adniki od\u017cywcze, kt\u00f3re chroni\u0105, od\u017cywiaj\u0105 i rewitalizuj\u0105 sk\u00f3r\u0119.<\/p>\n<\/li>\n<li data-start=\"1866\" data-end=\"1946\">\n<p data-start=\"1868\" data-end=\"1946\"><strong data-start=\"1868\" data-end=\"1890\">Ekstrakt z aloesu:<\/strong> Zapewnia koj\u0105c\u0105 wilgo\u0107 dla czerwonej lub uszkodzonej przez s\u0142o\u0144ce sk\u00f3ry.<\/p>\n<\/li>\n<li data-start=\"1947\" data-end=\"2045\">\n<p data-start=\"1949\" data-end=\"2045\"><strong data-start=\"1949\" data-end=\"1992\">Olej z czarnej kminku, olej jojoba i arganowy:<\/strong> G\u0142\u0119boko od\u017cywcze oleje, kt\u00f3re promuj\u0105 odporno\u015b\u0107 sk\u00f3ry.<\/p>\n<\/li>\n<li data-start=\"2046\" data-end=\"2132\">\n<p data-start=\"2048\" data-end=\"2132\"><strong data-start=\"2048\" data-end=\"2064\">Mas\u0142o shea:<\/strong> Naturalny emolient, kt\u00f3ry nawil\u017ca i naprawia such\u0105, uszkodzon\u0105 sk\u00f3r\u0119.<\/p>\n<\/li>\n<\/ul>\n<h3 data-start=\"2134\" data-end=\"2175\">Pot\u0119\u017cne korzy\u015bci, kt\u00f3re poczujesz i zobaczysz<\/h3>\n<ul data-start=\"2177\" data-end=\"2600\">\n<li data-start=\"2177\" data-end=\"2277\">\n<p data-start=\"2179\" data-end=\"2277\"><strong data-start=\"2179\" data-end=\"2208\">Z\u0142uszcza i rozja\u015bnia:<\/strong> Mleko wielb\u0142\u0105dzie delikatnie usuwa martwe kom\u00f3rki sk\u00f3ry i zmniejsza przebarwienia.<\/p>\n<\/li>\n<li data-start=\"2278\" data-end=\"2386\">\n<p data-start=\"2280\" data-end=\"2386\"><strong data-start=\"2280\" data-end=\"2299\">G\u0142\u0119bokie nawil\u017cenie:<\/strong> Mieszanka lanoliny, oleju jojoba i otr\u0119b\u00f3w ry\u017cowych utrzymuje sk\u00f3r\u0119 nawil\u017con\u0105 przez ca\u0142y dzie\u0144.<\/p>\n<\/li>\n<li data-start=\"2387\" data-end=\"2495\">\n<p data-start=\"2389\" data-end=\"2495\"><strong data-start=\"2389\" data-end=\"2411\">\u0141agodzi i leczy:<\/strong> Ekstrakty z aloesu, lawendy i rumianku uspokajaj\u0105 podra\u017cnion\u0105, such\u0105 lub poparzon\u0105 s\u0142o\u0144cem sk\u00f3r\u0119.<\/p>\n<\/li>\n<li data-start=\"2496\" data-end=\"2600\">\n<p data-start=\"2498\" data-end=\"2600\"><strong data-start=\"2498\" data-end=\"2527\">\u0141agodny dla wra\u017cliwej sk\u00f3ry:<\/strong> Naturalna formu\u0142a wolna od ostrych chemikali\u00f3w, idealna do codziennego u\u017cytku.<\/p>\n<\/li>\n<\/ul>\n<h3 data-start=\"2602\" data-end=\"2616\">Jak u\u017cywa\u0107<\/h3>\n<p data-start=\"2618\" data-end=\"2813\">Stosuj <strong data-start=\"2624\" data-end=\"2673\">Orgakera Lotion z mleka wielb\u0142\u0105dziego Ja\u015bmin i Lawenda<\/strong> 2\u20133 razy dziennie na suche lub dotkni\u0119te obszary. Dla najlepszych rezultat\u00f3w u\u017cywaj po k\u0105pieli lub ekspozycji na s\u0142o\u0144ce, aby zamkn\u0105\u0107 wilgo\u0107 i przyspieszy\u0107 napraw\u0119 sk\u00f3ry.<\/p>\n<h3 data-start=\"2815\" data-end=\"2837\">Informacje o bezpiecze\u0144stwie<\/h3>\n<ul data-start=\"2839\" data-end=\"2926\">\n<li data-start=\"2839\" data-end=\"2864\">\n<p data-start=\"2841\" data-end=\"2864\">Tylko do u\u017cytku zewn\u0119trznego<\/p>\n<\/li>\n<li data-start=\"2865\" data-end=\"2892\">\n<p data-start=\"2867\" data-end=\"2892\">Unikaj kontaktu z oczami<\/p>\n<\/li>\n<li data-start=\"2893\" data-end=\"2926\">\n<p data-start=\"2895\" data-end=\"2926\">Przechowuj poza zasi\u0119giem dzieci<\/p>\n<\/li>\n<\/ul>\n<h2 data-start=\"3374\" data-end=\"3423\"> Ko\u0144cowe przemy\u015blenia \u2013 Twoja sk\u00f3ra zas\u0142uguje na to, co najlepsze<\/h2>\n<p data-start=\"3425\" data-end=\"3754\"><strong data-start=\"3425\" data-end=\"3474\">Orgakera Lotion z mleka wielb\u0142\u0105dziego Ja\u015bmin i Lawenda<\/strong> to wi\u0119cej ni\u017c produkt do piel\u0119gnacji sk\u00f3ry \u2013 to Tw\u00f3j codzienny rytua\u0142 dla promiennej, naturalnie od\u017cywionej sk\u00f3ry. Bez wzgl\u0119du na to, czy walczysz z suchymi plamami, nier\u00f3wnym kolorytem, czy po prostu chcesz wzbogaci\u0107 swoj\u0105 rutyn\u0119 piel\u0119gnacyjn\u0105 czystymi, skutecznymi sk\u0142adnikami, ten lotion przynosi widoczne rezultaty przy ka\u017cdym u\u017cyciu.<\/p>\n<p data-start=\"3756\" data-end=\"3887\"> Pozw\u00f3l, aby Twoja sk\u00f3ra l\u015bni\u0142a dzi\u0119ki mocy mleka wielb\u0142\u0105dziego i najbardziej od\u017cywczym olejom natury.<br data-start=\"3840\" data-end=\"3843\" \/><strong data-start=\"3843\" data-end=\"3887\">Wypr\u00f3buj dzi\u015b \u2013 Twoja sk\u00f3ra Ci podzi\u0119kuje.<\/strong><\/p>\n<p style=\"text-align: center;\">Dzi\u0119kujemy za zakupy w <em data-start=\"415\" data-end=\"431\"><a href=\"https:\/\/bazaar.express\/pl\/\">Bazaar Express<\/a><\/em> \u2013 cieszymy si\u0119, \u017ce jeste\u015b z nami!<\/p>\n<p style=\"text-align: center;\">Twoja podr\u00f3\u017c do lepszej samo opieki zaczyna si\u0119 tutaj \u2014 z <a href=\"https:\/\/bazaar.express\/product-category\/beauty-care\/\">Pi\u0119kno i Opieka<\/a>, na kt\u00f3rym mo\u017cesz polega\u0107.<\/p>\n","protected":false},"excerpt":{"rendered":"<h3 data-start=\"431\" data-end=\"608\">Luksusowy naturalny lotion wzbogacony mlekiem wielb\u0142\u0105dziego, olejami ja\u015bminowym i lawendowym. G\u0142\u0119boko nawil\u017ca, zmi\u0119kcza sk\u00f3r\u0119 i redukuje ciemne plamy, pozostawiaj\u0105c sk\u00f3r\u0119 g\u0142adk\u0105 i promienn\u0105.<\/h3>\n","protected":false},"featured_media":43370,"comment_status":"open","ping_status":"closed","template":"","meta":[],"product_brand":[],"product_cat":[1192,1199],"product_tag":[1469,1466,1467],"class_list":{"0":"post-43368","1":"product","2":"type-product","3":"status-publish","4":"has-post-thumbnail","6":"product_cat-pielegnacja-urody","7":"product_cat-najlepsze-z-egiptu","8":"product_tag-mleko-wielbladziego-dla-skory","9":"product_tag-pielegnacja-skory","10":"product_tag-pielegnacja-urody","11":"pa_l-xl-250ml","13":"first","14":"instock","15":"shipping-taxable","16":"purchasable","17":"product-type-simple"},"_links":{"self":[{"href":"https:\/\/bazaar.express\/pl\/wp-json\/wp\/v2\/product\/43368","targetHints":{"allow":["GET"]}}],"collection":[{"href":"https:\/\/bazaar.express\/pl\/wp-json\/wp\/v2\/product"}],"about":[{"href":"https:\/\/bazaar.express\/pl\/wp-json\/wp\/v2\/types\/product"}],"replies":[{"embeddable":true,"href":"https:\/\/bazaar.express\/pl\/wp-json\/wp\/v2\/comments?post=43368"}],"wp:featuredmedia":[{"embeddable":true,"href":"https:\/\/bazaar.express\/pl\/wp-json\/wp\/v2\/media\/43370"}],"wp:attachment":[{"href":"https:\/\/bazaar.express\/pl\/wp-json\/wp\/v2\/media?parent=43368"}],"wp:term":[{"taxonomy":"product_brand","embeddable":true,"href":"https:\/\/bazaar.express\/pl\/wp-json\/wp\/v2\/product_brand?post=43368"},{"taxonomy":"product_cat","embeddable":true,"href":"https:\/\/bazaar.express\/pl\/wp-json\/wp\/v2\/product_cat?post=43368"},{"taxonomy":"product_tag","embeddable":true,"href":"https:\/\/bazaar.express\/pl\/wp-json\/wp\/v2\/product_tag?post=43368"}],"curies":[{"name":"wp","href":"https:\/\/api.w.org\/{rel}","templated":true}]}}