{"id":43381,"date":"2025-01-03T11:29:51","date_gmt":"2025-01-03T11:29:51","guid":{"rendered":"https:\/\/bazaar.express\/product\/shampoo-2\/"},"modified":"2026-03-01T22:01:28","modified_gmt":"2026-03-01T22:01:28","slug":"shampoo-2","status":"publish","type":"product","link":"https:\/\/bazaar.express\/pl\/produkt\/shampoo-2\/","title":{"rendered":"Szampon z Czarnym Nasionem"},"content":{"rendered":"<h2 data-start=\"180\" data-end=\"257\"><strong data-start=\"186\" data-end=\"257\">Szampon Orgakera z Czarnym Nasionem \u2013 Naturalna Moc Zio\u0142owej Piel\u0119gnacji W\u0142os\u00f3w<\/strong><\/h2>\n<h3 data-start=\"259\" data-end=\"298\">Co czyni ten szampon wyj\u0105tkowym?<\/h3>\n<p data-start=\"300\" data-end=\"766\">Je\u015bli szukasz <strong data-start=\"324\" data-end=\"343\">premierowego szamponu<\/strong>, kt\u00f3ry <strong data-start=\"349\" data-end=\"370\">o\u017cywi matowe w\u0142osy<\/strong>, <strong data-start=\"372\" data-end=\"393\">wzmocni cebulki<\/strong> i <strong data-start=\"399\" data-end=\"426\">wspiera zdrowy wzrost<\/strong>, to <strong data-start=\"433\" data-end=\"464\">Szampon Orgakera z Czarnym Nasionem<\/strong> jest dok\u0142adnie tym, czego potrzebujesz. Wzbogacony o pot\u0119\u017cne sk\u0142adniki, takie jak <strong data-start=\"529\" data-end=\"547\">olej z czarnego nasiona<\/strong>, <strong data-start=\"549\" data-end=\"562\">witamina E<\/strong> i <strong data-start=\"568\" data-end=\"586\">ekstrakt z kawioru<\/strong>, ten szampon jest ostatecznym rozwi\u0105zaniem dla suchych, zniszczonych lub przerzedzonych w\u0142os\u00f3w. Jego \u0142agodna, ale skuteczna formu\u0142a nawil\u017ca pasma, wspiera zdrowie sk\u00f3ry g\u0142owy i dodaje promiennego blasku.<\/p>\n<h3 data-start=\"773\" data-end=\"810\"><strong data-start=\"780\" data-end=\"810\">G\u0142\u0119bokie Nawil\u017cenie i G\u0142adko\u015b\u0107<\/strong><\/h3>\n<p data-start=\"812\" data-end=\"1011\">Szampon Orgakera z Czarnym Nasionem nawil\u017ca ka\u017cde pasmo w\u0142os\u00f3w, pozostawiaj\u0105c je <strong data-start=\"878\" data-end=\"916\">jedwabsko g\u0142adkimi, mi\u0119kkimi i wolnymi od puszenia<\/strong>. Jego bogata formu\u0142a blokuje wilgo\u0107, czyni\u0105c w\u0142osy \u0142atwymi w uk\u0142adaniu i przyjemnymi w dotyku przez ca\u0142y dzie\u0144.<\/p>\n<h3 data-start=\"1018\" data-end=\"1059\"><strong data-start=\"1025\" data-end=\"1059\">Mocniejsze W\u0142osy od Cebulki po Koniec<\/strong><\/h3>\n<p data-start=\"1061\" data-end=\"1282\">Wzbogacony o naturalne bia\u0142ka i oleje, ten szampon <strong data-start=\"1115\" data-end=\"1148\">wzmocnia mieszki w\u0142osowe<\/strong>, <strong data-start=\"1150\" data-end=\"1170\">zmniejsza \u0142amliwo\u015b\u0107<\/strong> i wspiera <strong data-start=\"1187\" data-end=\"1213\">grubszy, pe\u0142niejszy wzrost<\/strong>. Po\u017cegnaj si\u0119 z wypadaniem w\u0142os\u00f3w i powitaj mocniejsze, bardziej odporne w\u0142osy.<\/p>\n<h3 data-start=\"1289\" data-end=\"1330\"><strong data-start=\"1296\" data-end=\"1330\">Stymuluje Zdrowy Wzrost W\u0142os\u00f3w<\/strong><\/h3>\n<p data-start=\"1332\" data-end=\"1518\">Poprzez popraw\u0119 <strong data-start=\"1345\" data-end=\"1379\">kr\u0105\u017cenia krwi w sk\u00f3rze g\u0142owy<\/strong>, Szampon Orgakera z Czarnym Nasionem wspiera wzrost zdrowszych, bardziej b\u0142yszcz\u0105cych pasm. Pomaga zwalcza\u0107 przerzedzanie w\u0142os\u00f3w i wspiera obj\u0119to\u015b\u0107 z czasem.<\/p>\n<h3 data-start=\"1525\" data-end=\"1571\"><strong data-start=\"1532\" data-end=\"1571\">\u0141agodzi Sk\u00f3r\u0119 G\u0142owy i Walczy z \u0141upie\u017cem<\/strong><\/h3>\n<p data-start=\"1573\" data-end=\"1757\">Kombinacja oleju z czarnego nasiona, oleju z drzewa herbacianego i aloesu pomaga <strong data-start=\"1633\" data-end=\"1655\">wyeliminowa\u0107 \u0142upie\u017c<\/strong>, \u0142agodzi podra\u017cnienia sk\u00f3ry g\u0142owy i <strong data-start=\"1686\" data-end=\"1705\">przywraca r\u00f3wnowag\u0119<\/strong>. Twoja sk\u00f3ra g\u0142owy czuje si\u0119 od\u015bwie\u017cona, czysta i wolna od \u0142upie\u017cu.<\/p>\n<h3 data-start=\"1764\" data-end=\"1801\"><strong data-start=\"1772\" data-end=\"1801\">Chroni i Od\u017cywia W\u0142osy<\/strong><\/h3>\n<p data-start=\"1803\" data-end=\"2029\">Naturalne oleje, takie jak <strong data-start=\"1821\" data-end=\"1849\">olej arganowy i jojoba<\/strong>, tworz\u0105 barier\u0119 ochronn\u0105, <strong data-start=\"1877\" data-end=\"1923\">chroni\u0105c w\u0142osy przed ciep\u0142em, uszkodzeniami od stylizacji<\/strong> i <strong data-start=\"1929\" data-end=\"1953\">stresem \u015brodowiskowym<\/strong>. W\u0142osy s\u0105 od\u017cywiane od wewn\u0105trz, z poprawion\u0105 elastyczno\u015bci\u0105 i blaskiem.<\/p>\n<h3 data-start=\"2036\" data-end=\"2076\"><strong data-start=\"2042\" data-end=\"2076\">Widoczny Blask i Zdrowiejsze W\u0142osy<\/strong><\/h3>\n<p data-start=\"2078\" data-end=\"2255\">Przy regularnym stosowaniu, twoje w\u0142osy b\u0119d\u0105 wygl\u0105da\u0107 <strong data-start=\"2120\" data-end=\"2145\">bardziej b\u0142yszcz\u0105co, \u017cywo<\/strong> i pe\u0142ne \u017cycia. Ekstrakt z kawioru i kolagen pomagaj\u0105 <strong data-start=\"2198\" data-end=\"2218\">przywr\u00f3ci\u0107 si\u0142\u0119<\/strong> i podkre\u015bli\u0107 naturalny blask w\u0142os\u00f3w.<\/p>\n<h3 data-start=\"2262\" data-end=\"2293\">\u00a0G\u0142\u00f3wne Naturalne Sk\u0142adniki:<\/h3>\n<ul data-start=\"2295\" data-end=\"2854\">\n<li data-start=\"2295\" data-end=\"2381\">\n<p data-start=\"2297\" data-end=\"2381\"><strong data-start=\"2297\" data-end=\"2315\">Olej z Czarnego Nasiona<\/strong> \u2013 Wzmacnia cebulki, zmniejsza stany zapalne i wspiera wzrost.<\/p>\n<\/li>\n<li data-start=\"2382\" data-end=\"2486\">\n<p data-start=\"2384\" data-end=\"2486\"><strong data-start=\"2384\" data-end=\"2426\">Pantotenol (Pro-Witamina B5) i Witamina E<\/strong> \u2013 Zapewniaj\u0105 wilgo\u0107, mi\u0119kko\u015b\u0107 i ochron\u0119 przed uszkodzeniami.<\/p>\n<\/li>\n<li data-start=\"2487\" data-end=\"2587\">\n<p data-start=\"2489\" data-end=\"2587\"><strong data-start=\"2489\" data-end=\"2515\">Olej Arganowy i Olej Jojoba<\/strong> \u2013 Bogate w niezb\u0119dne kwasy t\u0142uszczowe dla nawil\u017cenia i piel\u0119gnacji przeciw \u0142amliwo\u015bci.<\/p>\n<\/li>\n<li data-start=\"2588\" data-end=\"2676\">\n<p data-start=\"2590\" data-end=\"2676\"><strong data-start=\"2590\" data-end=\"2623\">Aloes i Ekstrakt z Rumianku<\/strong> \u2013 \u0141agodz\u0105 sk\u00f3r\u0119 g\u0142owy i zmniejszaj\u0105 sw\u0119dzenie oraz sucho\u015b\u0107.<\/p>\n<\/li>\n<li data-start=\"2677\" data-end=\"2770\">\n<p data-start=\"2679\" data-end=\"2770\"><strong data-start=\"2679\" data-end=\"2695\">Olej z Drzewa Herbacianego<\/strong> \u2013 Korzy\u015bci antybakteryjne pomagaj\u0105 zmniejszy\u0107 \u0142upie\u017c i odblokowa\u0107 mieszki w\u0142osowe.<\/p>\n<\/li>\n<li data-start=\"2771\" data-end=\"2854\">\n<p data-start=\"2773\" data-end=\"2854\"><strong data-start=\"2773\" data-end=\"2809\">Ekstrakt z Kawioru i Morska Kolagen<\/strong> \u2013 Dodaj\u0105 elastyczno\u015bci, od\u017cywienia i si\u0142y.<\/p>\n<\/li>\n<\/ul>\n<h3 data-start=\"2861\" data-end=\"2879\">\u00a0Spos\u00f3b U\u017cycia:<\/h3>\n<ol data-start=\"2881\" data-end=\"3113\">\n<li data-start=\"2881\" data-end=\"2932\">\n<p data-start=\"2884\" data-end=\"2932\">Na\u0142\u00f3\u017c obfit\u0105 ilo\u015b\u0107 na mokr\u0105 sk\u00f3r\u0119 g\u0142owy i w\u0142osy.<\/p>\n<\/li>\n<li data-start=\"2933\" data-end=\"2977\">\n<p data-start=\"2936\" data-end=\"2977\">Delikatnie masuj, aby wytworzy\u0107 bogat\u0105 pian\u0119.<\/p>\n<\/li>\n<li data-start=\"2978\" data-end=\"3038\">\n<p data-start=\"2981\" data-end=\"3038\">Pozostaw na 5\u201310 minut, aby sk\u0142adniki od\u017cywcze mog\u0142y si\u0119 wch\u0142on\u0105\u0107.<\/p>\n<\/li>\n<li data-start=\"3039\" data-end=\"3113\">\n<p data-start=\"3042\" data-end=\"3113\">Dok\u0142adnie sp\u0142ucz letni\u0105 wod\u0105.<br data-start=\"3079\" data-end=\"3082\" \/>Stosuj regularnie dla najlepszych rezultat\u00f3w.<\/p>\n<\/li>\n<\/ol>\n<h3 data-start=\"3120\" data-end=\"3135\">\u00a0Ostrze\u017cenie:<\/h3>\n<ul data-start=\"3136\" data-end=\"3300\">\n<li data-start=\"3136\" data-end=\"3162\">\n<p data-start=\"3138\" data-end=\"3162\">Tylko do u\u017cytku zewn\u0119trznego.<\/p>\n<\/li>\n<li data-start=\"3163\" data-end=\"3235\">\n<p data-start=\"3165\" data-end=\"3235\">Unikaj kontaktu z oczami. W razie kontaktu natychmiast sp\u0142ucz wod\u0105.<\/p>\n<\/li>\n<li data-start=\"3236\" data-end=\"3270\">\n<p data-start=\"3238\" data-end=\"3270\">Przechowuj poza zasi\u0119giem dzieci.<\/p>\n<\/li>\n<li data-start=\"3271\" data-end=\"3300\">\n<p data-start=\"3273\" data-end=\"3300\">Przechowuj w ch\u0142odnym, suchym miejscu.<\/p>\n<\/li>\n<\/ul>\n<h3 data-start=\"3628\" data-end=\"3673\">\u00a0Dlaczego Wybra\u0107 Szampon Orgakera z Czarnym Nasionem?<\/h3>\n<ul data-start=\"3675\" data-end=\"3930\">\n<li data-start=\"3675\" data-end=\"3751\">\n<p data-start=\"3677\" data-end=\"3751\"><strong data-start=\"3677\" data-end=\"3696\">Kompleksowa Piel\u0119gnacja<\/strong>: Radzi sobie z wypadaniem w\u0142os\u00f3w, sucho\u015bci\u0105, \u0142upie\u017cem i matowo\u015bci\u0105.<\/p>\n<\/li>\n<li data-start=\"3752\" data-end=\"3841\">\n<p data-start=\"3754\" data-end=\"3841\"><strong data-start=\"3754\" data-end=\"3787\">\u0141agodna, Bezchemiczna Formu\u0142a<\/strong>: Bez paraben\u00f3w ani siarczan\u00f3w \u2013 bezpieczna dla wszystkich typ\u00f3w w\u0142os\u00f3w.<\/p>\n<\/li>\n<li data-start=\"3842\" data-end=\"3930\">\n<p data-start=\"3844\" data-end=\"3930\"><strong data-start=\"3844\" data-end=\"3868\">Szybkie Widoczne Rezultaty<\/strong>: Mocniejsze, bardziej b\u0142yszcz\u0105ce i zdrowsze w\u0142osy po kilku u\u017cyciach.<\/p>\n<\/li>\n<\/ul>\n<h2 data-start=\"3937\" data-end=\"3971\">\u00a0Zapewnij Swoim W\u0142osom Najlepsze!<\/h2>\n<p data-start=\"3973\" data-end=\"4151\"><strong data-start=\"3973\" data-end=\"4012\">Kup teraz Szampon Orgakera z Czarnym Nasionem<\/strong> i podaruj swoim w\u0142osom naturalne od\u017cywienie, na kt\u00f3re zas\u0142uguj\u0105. Odkryj <strong data-start=\"4076\" data-end=\"4111\">mocne, b\u0142yszcz\u0105ce i zdrowe w\u0142osy<\/strong> \u2013 ka\u017cdy dzie\u0144 zaczyna si\u0119 od pi\u0119knych w\u0142os\u00f3w!<\/p>\n<p style=\"text-align: center;\">Dzi\u0119kujemy za zakupy w <em data-start=\"415\" data-end=\"431\"><a href=\"https:\/\/bazaar.express\/pl\/\">Bazaar Express<\/a><\/em> \u2013 cieszymy si\u0119, \u017ce jeste\u015b z nami!<\/p>\n<p style=\"text-align: center;\">Twoja podr\u00f3\u017c do lepszej piel\u0119gnacji siebie zaczyna si\u0119 tutaj \u2014 z <a href=\"https:\/\/bazaar.express\/product-category\/beauty-care\/\">Pi\u0119kno i Piel\u0119gnacja<\/a>, kt\u00f3rym mo\u017cesz zaufa\u0107.<\/p>\n","protected":false},"excerpt":{"rendered":"<h3 data-start=\"415\" data-end=\"669\">Szampon Orgakera z Czarnym Nasionem \u0142\u0105czy olej z czarnego nasiona, witamin\u0119 E i naturalne ekstrakty, aby od\u017cywia\u0107 sk\u00f3r\u0119 g\u0142owy, wzmacnia\u0107 cebulki w\u0142os\u00f3w i zwalcza\u0107 \u0142upie\u017c. Ta nawil\u017caj\u0105ca formu\u0142a wspiera zdrowy wzrost w\u0142os\u00f3w i dodaje blasku, czyni\u0105c j\u0105 idealn\u0105 dla wszystkich typ\u00f3w w\u0142os\u00f3w.<\/h3>\n","protected":false},"featured_media":43382,"comment_status":"open","ping_status":"closed","template":"","meta":[],"product_brand":[],"product_cat":[1192,1199],"product_tag":[1466,1467],"class_list":{"0":"post-43381","1":"product","2":"type-product","3":"status-publish","4":"has-post-thumbnail","6":"product_cat-pielegnacja-urody","7":"product_cat-najlepsze-z-egiptu","8":"product_tag-pielegnacja-skory","9":"product_tag-pielegnacja-urody","10":"pa_l-xl-350ml","12":"first","13":"instock","14":"shipping-taxable","15":"purchasable","16":"product-type-simple"},"_links":{"self":[{"href":"https:\/\/bazaar.express\/pl\/wp-json\/wp\/v2\/product\/43381","targetHints":{"allow":["GET"]}}],"collection":[{"href":"https:\/\/bazaar.express\/pl\/wp-json\/wp\/v2\/product"}],"about":[{"href":"https:\/\/bazaar.express\/pl\/wp-json\/wp\/v2\/types\/product"}],"replies":[{"embeddable":true,"href":"https:\/\/bazaar.express\/pl\/wp-json\/wp\/v2\/comments?post=43381"}],"wp:featuredmedia":[{"embeddable":true,"href":"https:\/\/bazaar.express\/pl\/wp-json\/wp\/v2\/media\/43382"}],"wp:attachment":[{"href":"https:\/\/bazaar.express\/pl\/wp-json\/wp\/v2\/media?parent=43381"}],"wp:term":[{"taxonomy":"product_brand","embeddable":true,"href":"https:\/\/bazaar.express\/pl\/wp-json\/wp\/v2\/product_brand?post=43381"},{"taxonomy":"product_cat","embeddable":true,"href":"https:\/\/bazaar.express\/pl\/wp-json\/wp\/v2\/product_cat?post=43381"},{"taxonomy":"product_tag","embeddable":true,"href":"https:\/\/bazaar.express\/pl\/wp-json\/wp\/v2\/product_tag?post=43381"}],"curies":[{"name":"wp","href":"https:\/\/api.w.org\/{rel}","templated":true}]}}