{"id":43389,"date":"2025-01-01T01:21:00","date_gmt":"2025-01-01T01:21:00","guid":{"rendered":"https:\/\/bazaar.express\/product\/hair-treatment\/"},"modified":"2026-02-08T21:23:38","modified_gmt":"2026-02-08T21:23:38","slug":"hair-treatment","status":"publish","type":"product","link":"https:\/\/bazaar.express\/pl\/produkt\/hair-treatment\/","title":{"rendered":"Szampon, Od\u017cywka i Protein do Leczenia W\u0142os\u00f3w"},"content":{"rendered":"<h2 data-start=\"241\" data-end=\"364\">Szampon, Od\u017cywka i Protein Orgakera do Leczenia W\u0142os\u00f3w z Olejem ze Skrzypu i Czarnego Kminku \u2013 Premium Zestaw 3w1 do Piel\u0119gnacji W\u0142os\u00f3w<\/h2>\n<h3 data-start=\"366\" data-end=\"434\">\u00a0Przekszta\u0142\u0107 Swoje W\u0142osy dzi\u0119ki Pot\u0119\u017cnemu Trio Szampon\u00f3w Orgakera<\/h3>\n<p data-start=\"436\" data-end=\"920\">Zapewnij w\u0142osom opiek\u0119, na jak\u0105 zas\u0142uguj\u0105, dzi\u0119ki <strong data-start=\"490\" data-end=\"555\">Zestawowi Szampon, Od\u017cywka i Protein do Leczenia W\u0142os\u00f3w Orgakera<\/strong> \u2013 kompletnemu 3-etapowemu systemowi zaprojektowanemu do <strong data-start=\"595\" data-end=\"606\">od\u017cywiania<\/strong>, <strong data-start=\"608\" data-end=\"618\">naprawy<\/strong> i <strong data-start=\"624\" data-end=\"638\">rewitalizacji<\/strong> w\u0142os\u00f3w od cebulek po ko\u0144ce. Ta zaawansowana formu\u0142a wykorzystuje moc <strong data-start=\"707\" data-end=\"718\">szamponu<\/strong> po\u0142\u0105czon\u0105 z naturalnymi olejami, takimi jak <strong data-start=\"751\" data-end=\"768\">Olej ze Skrzypu<\/strong> i <strong data-start=\"773\" data-end=\"791\">Olej z Czarnego Kminku<\/strong>, oraz <strong data-start=\"798\" data-end=\"816\">Ekstrakt z Kawioru<\/strong>, <strong data-start=\"818\" data-end=\"830\">Kolagen<\/strong> i wi\u0119cej. To idealne rozwi\u0105zanie dla matowych, suchych, przerzedzonych lub chemicznie traktowanych w\u0142os\u00f3w.<\/p>\n<h3 data-start=\"927\" data-end=\"972\">\u00a0G\u0142\u0119bokie Od\u017cywianie i Intensywne Nawil\u017cenie<\/h3>\n<p data-start=\"973\" data-end=\"1202\">Po\u0142\u0105czone dzia\u0142anie szamponu i od\u017cywki Orgakera g\u0142\u0119boko od\u017cywia w\u0142os, uzupe\u0142niaj\u0105c utracony <strong data-start=\"1081\" data-end=\"1092\">keratyn\u0119<\/strong> i przywracaj\u0105c poziom wilgoci. Po\u017cegnaj si\u0119 z sucho\u015bci\u0105 i powitaj mi\u0119kkie, \u0142atwe w uk\u0142adaniu w\u0142osy z naturalnym blaskiem.<\/p>\n<h3 data-start=\"1204\" data-end=\"1246\">\u00a0Zatrzymuje Wypadanie W\u0142os\u00f3w i Wspomaga Wzrost<\/h3>\n<p data-start=\"1247\" data-end=\"1460\">Wzbogacony o <strong data-start=\"1259\" data-end=\"1276\">Olej ze Skrzypu<\/strong> i <strong data-start=\"1281\" data-end=\"1299\">Olej z Czarnego Kminku<\/strong>, ten zabieg stymuluje sk\u00f3r\u0119 g\u0142owy i wspiera silniejszy, g\u0119stszy wzrost w\u0142os\u00f3w. Wzmacnia mieszki w\u0142osowe, zmniejsza wypadanie w\u0142os\u00f3w i wspomaga zdrowy odrost.<\/p>\n<h3 data-start=\"1462\" data-end=\"1508\">\tD\u0142ugotrwa\u0142y Prosty i G\u0142adki Efekt<\/h3>\n<p data-start=\"1509\" data-end=\"1714\">Osi\u0105gnij jedwabiste, wolne od puszenia w\u0142osy, kt\u00f3re pozostaj\u0105 proste i g\u0142adkie przez ponad <strong data-start=\"1576\" data-end=\"1588\">6 miesi\u0119cy<\/strong>. Protein w tym zabiegu wnika g\u0142\u0119boko, tworz\u0105c warstw\u0119 ochronn\u0105 odporn\u0105 na wilgo\u0107 i uszkodzenia \u015brodowiskowe.<\/p>\n<h3 data-start=\"1716\" data-end=\"1764\">\u00a0Naprawia Uszkodzenia i Przywraca Si\u0142\u0119 W\u0142osom<\/h3>\n<p data-start=\"1765\" data-end=\"1967\">Dodatek <strong data-start=\"1782\" data-end=\"1794\">Kolagenu<\/strong> i <strong data-start=\"1799\" data-end=\"1817\">Ekstraktu z Kawioru<\/strong> przywraca elastyczno\u015b\u0107 i odporno\u015b\u0107. Ten potr\u00f3jny zestaw naprawia rozdwojone ko\u0144ce, zapobiega \u0142amaniu i chroni w\u0142osy przed stylizacj\u0105 ciep\u0142em i zanieczyszczeniami.<\/p>\n<h3 data-start=\"1969\" data-end=\"2009\">\u00a0Ochrona przed Ciep\u0142em i Wzmacniacz Blasku<\/h3>\n<p data-start=\"2010\" data-end=\"2160\">Niezale\u017cnie od tego, czy suszysz w\u0142osy czy u\u017cywasz narz\u0119dzi grzewczych, zabieg Orgakera chroni w\u0142osy przed uszkodzeniami. Ciesz si\u0119 blaskiem jak z salonu i zdrowym po\u0142yskiem przy ka\u017cdym u\u017cyciu.<\/p>\n<h3 data-start=\"2162\" data-end=\"2189\">\u00a0Bez Szkodliwych Chemikali\u00f3w<\/h3>\n<p data-start=\"2190\" data-end=\"2354\">Wolny od <strong data-start=\"2200\" data-end=\"2212\">formalinu<\/strong>, <strong data-start=\"2214\" data-end=\"2226\">paraben\u00f3w<\/strong> i innych szkodliwych dodatk\u00f3w, Orgakera jest bezpieczny dla wszystkich typ\u00f3w w\u0142os\u00f3w i idealny do utrzymania chemicznie traktowanych lub farbowanych w\u0142os\u00f3w.<\/p>\n<h3 data-start=\"2361\" data-end=\"2392\">\u00a0Naturalne Kluczowe Sk\u0142adniki:<\/h3>\n<ul data-start=\"2394\" data-end=\"2916\">\n<li data-start=\"2394\" data-end=\"2480\">\n<p data-start=\"2396\" data-end=\"2480\"><strong data-start=\"2396\" data-end=\"2414\">Olej ze Skrzypu:<\/strong> Wzmacnia cebulki, zapobiega wypadaniu i poprawia kr\u0105\u017cenie.<\/p>\n<\/li>\n<li data-start=\"2481\" data-end=\"2571\">\n<p data-start=\"2483\" data-end=\"2571\"><strong data-start=\"2483\" data-end=\"2502\">Olej z Czarnego Kminku:<\/strong> Bogaty w antyoksydanty, stymuluje wzrost i przywraca zdrowie sk\u00f3ry g\u0142owy.<\/p>\n<\/li>\n<li data-start=\"2572\" data-end=\"2651\">\n<p data-start=\"2574\" data-end=\"2651\"><strong data-start=\"2574\" data-end=\"2587\">Kolagen:<\/strong> Dodaje elastyczno\u015bci, naprawia uszkodzenia i poprawia struktur\u0119 w\u0142os\u00f3w.<\/p>\n<\/li>\n<li data-start=\"2652\" data-end=\"2742\">\n<p data-start=\"2654\" data-end=\"2742\"><strong data-start=\"2654\" data-end=\"2681\">Olej Jojoba i Olej Arganowy:<\/strong> G\u0142\u0119bokie nawil\u017cacze, kt\u00f3re zmniejszaj\u0105 puszenie i od\u017cywiaj\u0105 sk\u00f3r\u0119 g\u0142owy.<\/p>\n<\/li>\n<li data-start=\"2743\" data-end=\"2828\">\n<p data-start=\"2745\" data-end=\"2828\"><strong data-start=\"2745\" data-end=\"2764\">Ekstrakt z Kawioru:<\/strong> Wzbogaca w\u0142osy proteinami, zmi\u0119kcza pasma i zwi\u0119ksza blask.<\/p>\n<\/li>\n<li data-start=\"2829\" data-end=\"2916\">\n<p data-start=\"2831\" data-end=\"2916\"><strong data-start=\"2831\" data-end=\"2850\">Kwas Glikoksylowy:<\/strong> \u015arodek wyg\u0142adzaj\u0105cy bez formaliny dla d\u0142ugotrwa\u0142ych prostych w\u0142os\u00f3w.<\/p>\n<\/li>\n<\/ul>\n<h3 data-start=\"2923\" data-end=\"2965\">\u00a0Jak U\u017cywa\u0107 Tego Zestawu do Leczenia W\u0142os\u00f3w:<\/h3>\n<ol data-start=\"2967\" data-end=\"3359\">\n<li data-start=\"2967\" data-end=\"3044\">\n<p data-start=\"2970\" data-end=\"3044\"><strong data-start=\"2970\" data-end=\"2979\">Przygotowanie:<\/strong> Umyj w\u0142osy szamponem oczyszczaj\u0105cym, aby usun\u0105\u0107 brud i osady.<\/p>\n<\/li>\n<li data-start=\"3045\" data-end=\"3158\">\n<p data-start=\"3048\" data-end=\"3158\"><strong data-start=\"3048\" data-end=\"3066\">Na\u0142\u00f3\u017c Protein:<\/strong> Na wilgotne w\u0142osy, podziel i na\u0142\u00f3\u017c Protein Orgakera 1 cm od sk\u00f3ry g\u0142owy. Pozostaw na 30\u201360 minut.<\/p>\n<\/li>\n<li data-start=\"3159\" data-end=\"3262\">\n<p data-start=\"3162\" data-end=\"3262\"><strong data-start=\"3162\" data-end=\"3185\">Sp\u0142ucz i Wyprostuj:<\/strong> Sp\u0142ucz ciep\u0142\u0105 wod\u0105, wysusz suszark\u0105, nast\u0119pnie prostuj ka\u017cd\u0105 sekcj\u0119 10\u201315 razy.<\/p>\n<\/li>\n<li data-start=\"3263\" data-end=\"3359\">\n<p data-start=\"3266\" data-end=\"3359\"><strong data-start=\"3266\" data-end=\"3279\">Utrzymanie:<\/strong> Regularnie u\u017cywaj szamponu i od\u017cywki Orgakera, aby zachowa\u0107 blask i g\u0142adko\u015b\u0107.<\/p>\n<\/li>\n<\/ol>\n<h3 data-start=\"3366\" data-end=\"3388\">\tWa\u017cne Wskaz\u00f3wki:<\/h3>\n<ul data-start=\"3389\" data-end=\"3575\">\n<li data-start=\"3389\" data-end=\"3460\">\n<p data-start=\"3391\" data-end=\"3460\"><strong data-start=\"3391\" data-end=\"3404\">Czas Trwania:<\/strong> Efekty utrzymuj\u0105 si\u0119 do <strong data-start=\"3424\" data-end=\"3437\">52 my\u0107<\/strong> przy odpowiedniej piel\u0119gnacji.<\/p>\n<\/li>\n<li data-start=\"3461\" data-end=\"3575\">\n<p data-start=\"3463\" data-end=\"3575\"><strong data-start=\"3463\" data-end=\"3477\">Piel\u0119gnacja:<\/strong> Kontynuuj u\u017cywanie szamponu i od\u017cywki Orgakera dla d\u0142u\u017cszych efekt\u00f3w i zdrowego utrzymania.<\/p>\n<\/li>\n<\/ul>\n<h2 data-start=\"3893\" data-end=\"3919\">\u00a0Dlaczego Wybra\u0107 Orgakera?<\/h2>\n<p data-start=\"3921\" data-end=\"4202\">Dzi\u0119ki sk\u0142adnikom nap\u0119dzanym natur\u0105, d\u0142ugoterminowym rezultatom i bezpiecznym formu\u0142om, Orgakera to wi\u0119cej ni\u017c <strong data-start=\"4025\" data-end=\"4036\">szampon<\/strong> \u2013 to rewolucja w naprawie w\u0142os\u00f3w. Bez wzgl\u0119du na to, czy cierpisz na sucho\u015b\u0107, puszenie czy przerzedzanie, Orgakera pomaga odzyska\u0107 kontrol\u0119 z widocznymi poprawami od pierwszego u\u017cycia.<\/p>\n<h2 data-start=\"4209\" data-end=\"4253\">\ud83d\uded2 Kup Zestaw do Leczenia W\u0142os\u00f3w Orgakera Teraz!<\/h2>\n<p data-start=\"4254\" data-end=\"4457\">Po\u017cegnaj si\u0119 z matowymi, uszkodzonymi w\u0142osami i powitaj silniejsze, b\u0142yszczniejsze, zdrowsze pasma. Kup sw\u00f3j <strong data-start=\"4348\" data-end=\"4405\">Zestaw 3w1 Szampon, Od\u017cywka i Protein Orgakera<\/strong> ju\u017c dzi\u015b i do\u015bwiadcz rezultat\u00f3w jako\u015bci salonu w domu!<\/p>\n<p style=\"text-align: center;\">Dzi\u0119kujemy za zakupy w <em data-start=\"415\" data-end=\"431\"><a href=\"https:\/\/bazaar.express\/pl\/\">Bazaar Express<\/a><\/em> \u2013 cieszymy si\u0119, \u017ce jeste\u015b z nami!<\/p>\n<p style=\"text-align: center;\">Twoja podr\u00f3\u017c do lepszej piel\u0119gnacji siebie zaczyna si\u0119 tutaj \u2014 z <a href=\"https:\/\/bazaar.express\/product-category\/beauty-care\/\">Piel\u0119gnacj\u0105 i Urod\u0105<\/a>, kt\u00f3rym mo\u017cesz zaufa\u0107.<\/p>\n","protected":false},"excerpt":{"rendered":"<h3 data-start=\"474\" data-end=\"722\">Zestaw do Leczenia W\u0142os\u00f3w Orgakera (Szampon, Od\u017cywka i Protein) jest wzbogacony o Olej ze Skrzypu, Olej z Czarnego Kminku i Ekstrakt z Kawioru. Ten zestaw 3w1 g\u0142\u0119boko od\u017cywia, naprawia i wyg\u0142adza w\u0142osy, zmniejszaj\u0105c wypadanie i zwi\u0119kszaj\u0105c blask na do 6 miesi\u0119cy.<\/h3>\n","protected":false},"featured_media":43390,"comment_status":"open","ping_status":"closed","template":"","meta":[],"product_brand":[],"product_cat":[1192,1201,1898,1199],"product_tag":[1548,1466,1467],"class_list":{"0":"post-43389","1":"product","2":"type-product","3":"status-publish","4":"has-post-thumbnail","6":"product_cat-pielegnacja-urody","7":"product_cat-gorace-okazje","8":"product_cat-lotus","9":"product_cat-najlepsze-z-egiptu","10":"product_tag-krem","11":"product_tag-pielegnacja-skory","12":"product_tag-pielegnacja-urody","13":"pa_l-xl-3pcs","15":"first","16":"instock","17":"sale","18":"shipping-taxable","19":"purchasable","20":"product-type-simple"},"_links":{"self":[{"href":"https:\/\/bazaar.express\/pl\/wp-json\/wp\/v2\/product\/43389","targetHints":{"allow":["GET"]}}],"collection":[{"href":"https:\/\/bazaar.express\/pl\/wp-json\/wp\/v2\/product"}],"about":[{"href":"https:\/\/bazaar.express\/pl\/wp-json\/wp\/v2\/types\/product"}],"replies":[{"embeddable":true,"href":"https:\/\/bazaar.express\/pl\/wp-json\/wp\/v2\/comments?post=43389"}],"wp:featuredmedia":[{"embeddable":true,"href":"https:\/\/bazaar.express\/pl\/wp-json\/wp\/v2\/media\/43390"}],"wp:attachment":[{"href":"https:\/\/bazaar.express\/pl\/wp-json\/wp\/v2\/media?parent=43389"}],"wp:term":[{"taxonomy":"product_brand","embeddable":true,"href":"https:\/\/bazaar.express\/pl\/wp-json\/wp\/v2\/product_brand?post=43389"},{"taxonomy":"product_cat","embeddable":true,"href":"https:\/\/bazaar.express\/pl\/wp-json\/wp\/v2\/product_cat?post=43389"},{"taxonomy":"product_tag","embeddable":true,"href":"https:\/\/bazaar.express\/pl\/wp-json\/wp\/v2\/product_tag?post=43389"}],"curies":[{"name":"wp","href":"https:\/\/api.w.org\/{rel}","templated":true}]}}