{"id":43393,"date":"2024-12-31T17:23:34","date_gmt":"2024-12-31T17:23:34","guid":{"rendered":"https:\/\/bazaar.express\/product\/conditioner\/"},"modified":"2026-02-08T21:23:39","modified_gmt":"2026-02-08T21:23:39","slug":"conditioner","status":"publish","type":"product","link":"https:\/\/bazaar.express\/pl\/produkt\/conditioner\/","title":{"rendered":"Od\u017cywka do w\u0142os\u00f3w Hair Treatment"},"content":{"rendered":"<h2 data-start=\"213\" data-end=\"307\">Od\u017cywka do w\u0142os\u00f3w Orgakera Hair Treatment \u2013 Najlepszy spos\u00f3b na mi\u0119kkie, l\u015bni\u0105ce i zdrowe w\u0142osy<\/h2>\n<p data-start=\"309\" data-end=\"641\">Twoje w\u0142osy zas\u0142uguj\u0105 na to, co najlepsze. Z <strong data-start=\"343\" data-end=\"382\">od\u017cywk\u0105 do w\u0142os\u00f3w Orgakera Hair Treatment<\/strong> mo\u017cesz cieszy\u0107 si\u0119 jedwabi\u015bcie g\u0142adkimi, g\u0142\u0119boko od\u017cywionymi pasmami, kt\u00f3re l\u015bni\u0105 zdrowiem. Ta intensywna od\u017cywka jest specjalnie opracowana, aby nawil\u017ca\u0107, regenerowa\u0107 i chroni\u0107 w\u0142osy przed sucho\u015bci\u0105, uszkodzeniami i puszeniem \u2013 pozostawiaj\u0105c je mocniejsze, mi\u0119ksze i \u0142atwiejsze w stylizacji ka\u017cdego dnia.<\/p>\n<h3 data-start=\"648\" data-end=\"684\"> G\u0142\u0119bokie nawil\u017cenie i od\u017cywienie<\/h3>\n<p data-start=\"685\" data-end=\"917\">Od\u017cywka Orgakera zapewnia d\u0142ugotrwa\u0142e nawil\u017cenie, wnikaj\u0105c w ka\u017cde pasmo w\u0142os\u00f3w z niezb\u0119dnymi sk\u0142adnikami od\u017cywczymi. Po\u017cegnaj si\u0119 z kruchymi, matowymi w\u0142osami i powitaj odnowion\u0105 mi\u0119kko\u015b\u0107 i witalno\u015b\u0107 \u2013 szczeg\u00f3lnie w zimne, suche pory roku.<\/p>\n<h3 data-start=\"924\" data-end=\"955\"> Wzmacnianie po\u0142ysku i obj\u0119to\u015bci<\/h3>\n<p data-start=\"956\" data-end=\"1168\">Przy regularnym stosowaniu zauwa\u017cysz, \u017ce twoje w\u0142osy staj\u0105 si\u0119 pe\u0142niejsze, bardziej l\u015bni\u0105ce i obj\u0119to\u015bciowe. Bez wzgl\u0119du na to, czy masz cienkie, delikatne czy farbowane w\u0142osy, ta od\u017cywka poprawia tekstur\u0119 i po\u0142ysk, nie obci\u0105\u017caj\u0105c ich.<\/p>\n<h3 data-start=\"1175\" data-end=\"1214\"> Kontrola puszenia i \u0142atwa stylizacja<\/h3>\n<p data-start=\"1215\" data-end=\"1388\">Masz do\u015b\u0107 puszenia i odstaj\u0105cych w\u0142osk\u00f3w? Od\u017cywka do w\u0142os\u00f3w Orgakera Hair Treatment ujarzmia niesforne pasma i wyg\u0142adza \u0142uski, zapewniaj\u0105c \u0142atwe w zarz\u0105dzaniu w\u0142osy z efektem salonowym.<\/p>\n<h3 data-start=\"1395\" data-end=\"1431\"> Bezpieczna dla farbowanych w\u0142os\u00f3w<\/h3>\n<p data-start=\"1432\" data-end=\"1588\">Martwisz si\u0119 o blakni\u0119cie lub sucho\u015b\u0107 spowodowan\u0105 farbowaniem? Ta od\u017cywka pomaga zachowa\u0107 \u017cywy kolor, jednocze\u015bnie nasycaj\u0105c w\u0142osy wilgoci\u0105, elastyczno\u015bci\u0105 i ochron\u0105.<\/p>\n<h3 data-start=\"1595\" data-end=\"1638\"> Kluczowe sk\u0142adniki dla luksusowych w\u0142os\u00f3w<\/h3>\n<ul data-start=\"1639\" data-end=\"2302\">\n<li data-start=\"1639\" data-end=\"1718\">\n<p data-start=\"1641\" data-end=\"1718\"><strong data-start=\"1641\" data-end=\"1654\">Gliceryna:<\/strong> Przyci\u0105ga i zatrzymuje wilgo\u0107, utrzymuj\u0105c w\u0142osy mi\u0119kkie i elastyczne.<\/p>\n<\/li>\n<li data-start=\"1719\" data-end=\"1813\">\n<p data-start=\"1721\" data-end=\"1813\"><strong data-start=\"1721\" data-end=\"1737\">Mas\u0142o shea:<\/strong> G\u0142\u0119boko od\u017cywia witaminami A, E i F, pomagaj\u0105c odbudowa\u0107 i wyg\u0142adzi\u0107 w\u0142osy.<\/p>\n<\/li>\n<li data-start=\"1814\" data-end=\"1912\">\n<p data-start=\"1816\" data-end=\"1912\"><strong data-start=\"1816\" data-end=\"1829\">Kollagen:<\/strong> Odbudowuje si\u0142\u0119 i elastyczno\u015b\u0107, zmniejszaj\u0105c \u0142amliwo\u015b\u0107 i poprawiaj\u0105c podatno\u015b\u0107 na uk\u0142adanie.<\/p>\n<\/li>\n<li data-start=\"1913\" data-end=\"2003\">\n<p data-start=\"1915\" data-end=\"2003\"><strong data-start=\"1915\" data-end=\"1930\">Olej jojoba:<\/strong> Nawil\u017ca sk\u00f3r\u0119 g\u0142owy i zmniejsza \u0142uszczenie si\u0119, wspomagaj\u0105c zdrowy wzrost.<\/p>\n<\/li>\n<li data-start=\"2004\" data-end=\"2099\">\n<p data-start=\"2006\" data-end=\"2099\"><strong data-start=\"2006\" data-end=\"2024\">Olej ze skrzypu:<\/strong> Wspomaga mocniejsze, grubsze pasma poprzez naturaln\u0105 stymulacj\u0119 kolagenu.<\/p>\n<\/li>\n<li data-start=\"2100\" data-end=\"2200\">\n<p data-start=\"2102\" data-end=\"2200\"><strong data-start=\"2102\" data-end=\"2121\">Olej z czarnej kminku:<\/strong> Bogaty w antyoksydanty, chroni i leczy sk\u00f3r\u0119 g\u0142owy, wzmacniaj\u0105c witalno\u015b\u0107 w\u0142os\u00f3w.<\/p>\n<\/li>\n<li data-start=\"2201\" data-end=\"2302\">\n<p data-start=\"2203\" data-end=\"2302\"><strong data-start=\"2203\" data-end=\"2222\">Ekstrakt z kawioru:<\/strong> Dostarcza niezb\u0119dne sk\u0142adniki od\u017cywcze, aby o\u017cywi\u0107 matowe, suche w\u0142osy blaskiem i mi\u0119kko\u015bci\u0105.<\/p>\n<\/li>\n<\/ul>\n<h3 data-start=\"2309\" data-end=\"2364\"> Jak stosowa\u0107 od\u017cywk\u0119 do w\u0142os\u00f3w Orgakera Hair Treatment<\/h3>\n<ol data-start=\"2366\" data-end=\"2945\">\n<li data-start=\"2366\" data-end=\"2472\">\n<p data-start=\"2369\" data-end=\"2472\"><strong data-start=\"2369\" data-end=\"2387\">Najpierw oczy\u015b\u0107:<\/strong> Dok\u0142adnie umyj w\u0142osy szamponem, aby usun\u0105\u0107 nagromadzony produkt i nadmiar sebum.<\/p>\n<\/li>\n<li data-start=\"2473\" data-end=\"2580\">\n<p data-start=\"2476\" data-end=\"2580\"><strong data-start=\"2476\" data-end=\"2498\">Na\u0142\u00f3\u017c od\u017cywk\u0119:<\/strong> Na r\u0119cznikiem osuszone w\u0142osy na\u0142\u00f3\u017c r\u00f3wnomiernie od po\u0142owy d\u0142ugo\u015bci do ko\u0144c\u00f3wek, unikaj\u0105c sk\u00f3ry g\u0142owy.<\/p>\n<\/li>\n<li data-start=\"2581\" data-end=\"2678\">\n<p data-start=\"2584\" data-end=\"2678\"><strong data-start=\"2584\" data-end=\"2600\">Pozostaw na w\u0142osach:<\/strong> Pozw\u00f3l, aby od\u017cywka wch\u0142on\u0119\u0142a si\u0119 przez 30\u201360 minut dla g\u0142\u0119bokiego efektu kondycjonuj\u0105cego.<\/p>\n<\/li>\n<li data-start=\"2679\" data-end=\"2795\">\n<p data-start=\"2682\" data-end=\"2795\"><strong data-start=\"2682\" data-end=\"2701\">Sp\u0142ucz i wyko\u0144cz:<\/strong> Sp\u0142ucz ciep\u0142\u0105 wod\u0105. Dla najlepszych rezultat\u00f3w zastosuj <strong data-start=\"2740\" data-end=\"2775\">szampon Orgakera Hair Treatment<\/strong>.<\/p>\n<\/li>\n<li data-start=\"2796\" data-end=\"2945\">\n<p data-start=\"2799\" data-end=\"2945\"><strong data-start=\"2799\" data-end=\"2818\">Dodatkowa wskaz\u00f3wka piel\u0119gnacyjna:<\/strong> Dla g\u0142\u0119bszej regeneracji stosuj jako mask\u0119 kondycjonuj\u0105c\u0105 po stylizacji. Na\u0142\u00f3\u017c, pozostaw na 30 minut, a nast\u0119pnie sp\u0142ucz, aby ods\u0142oni\u0107 ultra-mi\u0119kkie w\u0142osy.<\/p>\n<\/li>\n<\/ol>\n<h3 data-start=\"3272\" data-end=\"3328\"> Dlaczego wybra\u0107 od\u017cywk\u0119 do w\u0142os\u00f3w Orgakera Hair Treatment?<\/h3>\n<p data-start=\"3330\" data-end=\"3662\">Ta od\u017cywka to co\u015b wi\u0119cej ni\u017c zwyk\u0142e p\u0142ukanie \u2013 to ca\u0142kowita transformacja w\u0142os\u00f3w. Bez wzgl\u0119du na to, czy twoje w\u0142osy s\u0105 uszkodzone przez ciep\u0142o, farbowanie czy czynniki \u015brodowiskowe, Orgakera regeneruje i o\u017cywia je za pomoc\u0105 naturalnych olej\u00f3w i ekstrakt\u00f3w ro\u015blinnych. Wolna od formaliny i paraben\u00f3w, jest bezpieczna dla wszystkich typ\u00f3w w\u0142os\u00f3w i idealna do codziennego lub g\u0142\u0119bokiego leczenia.<\/p>\n<p data-start=\"3664\" data-end=\"3841\">W po\u0142\u0105czeniu z <strong data-start=\"3681\" data-end=\"3716\">szamponem Orgakera Hair Treatment<\/strong> ta od\u017cywka tworzy pot\u0119\u017cny duet piel\u0119gnacyjny dla zauwa\u017calnego po\u0142ysku, si\u0142y i g\u0142adko\u015bci nawet przez <strong data-start=\"3780\" data-end=\"3794\">sze\u015b\u0107 miesi\u0119cy<\/strong>.<\/p>\n<h3 data-start=\"3848\" data-end=\"3903\"> Kup od\u017cywk\u0119 do w\u0142os\u00f3w Orgakera Hair Treatment ju\u017c dzi\u015b<\/h3>\n<p data-start=\"3905\" data-end=\"4122\">Gotowy przywr\u00f3ci\u0107 pi\u0119kno i zdrowie swoim w\u0142osom? W\u0142\u0105cz <strong data-start=\"3958\" data-end=\"3970\">Orgakera<\/strong> do swojej rutyny i ciesz si\u0119 mi\u0119kkimi, b\u0142yszcz\u0105cymi i \u0142atwymi w stylizacji w\u0142osami, kt\u00f3re przyci\u0105gaj\u0105 wzrok.<br data-start=\"4053\" data-end=\"4056\" \/><strong data-start=\"4056\" data-end=\"4122\">Zam\u00f3w teraz i przekszta\u0142\u0107 swoje do\u015bwiadczenie z piel\u0119gnacj\u0105 w\u0142os\u00f3w \u2013 naturalnie.<\/strong><\/p>\n<p style=\"text-align: center;\">Dzi\u0119kujemy za zakupy w <em data-start=\"415\" data-end=\"431\"><a href=\"https:\/\/bazaar.express\/pl\/\">Bazaar Express<\/a><\/em> \u2013 cieszymy si\u0119, \u017ce jeste\u015b z nami!<\/p>\n<p style=\"text-align: center;\">Twoja podr\u00f3\u017c do lepszej piel\u0119gnacji siebie zaczyna si\u0119 tutaj \u2014 z <a href=\"https:\/\/bazaar.express\/product-category\/beauty-care\/\">Beauty &#038; Care<\/a>, na kt\u00f3rym mo\u017cesz polega\u0107.<\/p>\n","protected":false},"excerpt":{"rendered":"<h3>Od\u017cywka do w\u0142os\u00f3w Orgakera Hair Treatment g\u0142\u0119boko nawil\u017ca, zmi\u0119kcza i wyg\u0142adza w\u0142osy, jednocze\u015bnie wzmacniaj\u0105c po\u0142ysk i chroni\u0105c przed uszkodzeniami. Wzbogacona naturalnymi olejami, kolagenem i ekstraktem z kawioru \u2013 idealna dla suchych, puszonych lub farbowanych w\u0142os\u00f3w.<\/h3>\n","protected":false},"featured_media":43394,"comment_status":"open","ping_status":"closed","template":"","meta":[],"product_brand":[],"product_cat":[1192,1199],"product_tag":[1548,1466,1467],"class_list":{"0":"post-43393","1":"product","2":"type-product","3":"status-publish","4":"has-post-thumbnail","6":"product_cat-pielegnacja-urody","7":"product_cat-najlepsze-z-egiptu","8":"product_tag-krem","9":"product_tag-pielegnacja-skory","10":"product_tag-pielegnacja-urody","11":"pa_l-xl-200ml","13":"first","14":"instock","15":"shipping-taxable","16":"purchasable","17":"product-type-simple"},"_links":{"self":[{"href":"https:\/\/bazaar.express\/pl\/wp-json\/wp\/v2\/product\/43393","targetHints":{"allow":["GET"]}}],"collection":[{"href":"https:\/\/bazaar.express\/pl\/wp-json\/wp\/v2\/product"}],"about":[{"href":"https:\/\/bazaar.express\/pl\/wp-json\/wp\/v2\/types\/product"}],"replies":[{"embeddable":true,"href":"https:\/\/bazaar.express\/pl\/wp-json\/wp\/v2\/comments?post=43393"}],"wp:featuredmedia":[{"embeddable":true,"href":"https:\/\/bazaar.express\/pl\/wp-json\/wp\/v2\/media\/43394"}],"wp:attachment":[{"href":"https:\/\/bazaar.express\/pl\/wp-json\/wp\/v2\/media?parent=43393"}],"wp:term":[{"taxonomy":"product_brand","embeddable":true,"href":"https:\/\/bazaar.express\/pl\/wp-json\/wp\/v2\/product_brand?post=43393"},{"taxonomy":"product_cat","embeddable":true,"href":"https:\/\/bazaar.express\/pl\/wp-json\/wp\/v2\/product_cat?post=43393"},{"taxonomy":"product_tag","embeddable":true,"href":"https:\/\/bazaar.express\/pl\/wp-json\/wp\/v2\/product_tag?post=43393"}],"curies":[{"name":"wp","href":"https:\/\/api.w.org\/{rel}","templated":true}]}}