{"id":43399,"date":"2024-12-31T01:05:55","date_gmt":"2024-12-31T01:05:55","guid":{"rendered":"https:\/\/bazaar.express\/product\/sunscreen-2\/"},"modified":"2026-03-01T20:42:06","modified_gmt":"2026-03-01T20:42:06","slug":"sunscreen-2","status":"publish","type":"product","link":"https:\/\/bazaar.express\/pl\/produkt\/sunscreen-2\/","title":{"rendered":"Krem z filtrem do twarzy i cia\u0142a SPF 50"},"content":{"rendered":"<h2 data-start=\"297\" data-end=\"399\">Orgakera Sunscreen Face &#038; Body SPF 50 \u2013 Wysokowydajna ochrona przed s\u0142o\u0144cem dla promiennej, zdrowej sk\u00f3ry<\/h2>\n<h3 data-start=\"401\" data-end=\"457\">\u00a0Codzienna szerokspektralna obrona dla wszystkich typ\u00f3w sk\u00f3ry<\/h3>\n<p data-start=\"459\" data-end=\"876\">Orgakera Sunscreen Face &#038; Body SPF 50 to idealny towarzysz na s\u0142oneczne dni. Zaprojektowany, aby chroni\u0107 sk\u00f3r\u0119 przed szkodliwymi promieniami UVA i UVB, ten lekki krem z wysok\u0105 ochron\u0105 zapobiega oparzeniom s\u0142onecznym, przebarwieniom, wysypkom i wczesnym oznakom starzenia. Bez wzgl\u0119du na to, czy masz sk\u00f3r\u0119 t\u0142ust\u0105, such\u0105, wra\u017cliw\u0105 czy mieszan\u0105, ta delikatna formu\u0142a chroni twarz i cia\u0142o, nawil\u017ca i nadaje blask przez ca\u0142y dzie\u0144.<\/p>\n<h3 data-start=\"878\" data-end=\"918\">\u00a0Zaawansowana ochrona SPF 50<\/h3>\n<p data-start=\"920\" data-end=\"1196\">Dzi\u0119ki ochronie SPF 50 o szerokim spektrum, Orgakera Sunscreen dzia\u0142a jako <strong data-start=\"988\" data-end=\"1024\">silna bariera przed uszkodzeniami UV<\/strong>, znacznie zmniejszaj\u0105c ryzyko przedwczesnego starzenia, oparze\u0144 s\u0142onecznych i podra\u017cnie\u0144 sk\u00f3ry wywo\u0142anych s\u0142o\u0144cem. Jest idealny do codziennego stosowania, na pla\u017c\u0119, treningi lub d\u0142ugie przebywanie na zewn\u0105trz.<\/p>\n<h3 data-start=\"1198\" data-end=\"1237\">\u00a0Zapobiega niedoskona\u0142o\u015bciom i przebarwieniom<\/h3>\n<p data-start=\"1239\" data-end=\"1481\">Nadmierna ekspozycja na s\u0142o\u0144ce cz\u0119sto prowadzi do niechcianej pigmentacji, zatkanych por\u00f3w i zaostrze\u0144 tr\u0105dziku. Niekomedogenna formu\u0142a Orgakera <strong data-start=\"1367\" data-end=\"1425\">zapobiega wypryskom, przebarwieniom i matowo\u015bci wywo\u0142anym s\u0142o\u0144cem<\/strong>, pomagaj\u0105c zachowa\u0107 g\u0142adk\u0105, r\u00f3wnomiern\u0105 i woln\u0105 od niedoskona\u0142o\u015bci sk\u00f3r\u0119.<\/p>\n<h3 data-start=\"1483\" data-end=\"1518\">\u00a0Lekki i nawil\u017caj\u0105cy<\/h3>\n<p data-start=\"1520\" data-end=\"1742\">Wzbogacony o <strong data-start=\"1534\" data-end=\"1547\">gliceryn\u0119<\/strong>, ten krem z filtrem blokuje wilgo\u0107, pozostawiaj\u0105c sk\u00f3r\u0119 mi\u0119kk\u0105 i nawil\u017con\u0105 \u2014 <strong data-start=\"1619\" data-end=\"1656\">bez lepkiego czy t\u0142ustego uczucia<\/strong>. Szybko si\u0119 wch\u0142ania, wi\u0119c mo\u017cesz go nosi\u0107 pod makija\u017cem lub bez niego z pewno\u015bci\u0105 siebie.<\/p>\n<h3 data-start=\"1744\" data-end=\"1793\">\u00a0Czysta, delikatna formu\u0142a dla wra\u017cliwej sk\u00f3ry<\/h3>\n<p data-start=\"1795\" data-end=\"2050\">Bez zapach\u00f3w. Bez paraben\u00f3w. Bez podra\u017cnie\u0144. Orgakera Sunscreen jest <strong data-start=\"1860\" data-end=\"1913\">przetestowany dermatologicznie i idealny dla wra\u017cliwej sk\u00f3ry<\/strong>, oferuj\u0105c pot\u0119\u017cn\u0105 ochron\u0119 bez ostrych chemikali\u00f3w. Twoja sk\u00f3ra podzi\u0119kuje ci za wyb\u00f3r kremu z filtrem, kt\u00f3ry jest zar\u00f3wno bezpieczny, jak i skuteczny.<\/p>\n<h3 data-start=\"2052\" data-end=\"2122\">\u00a0Do twarzy i cia\u0142a \u2013 Jedno rozwi\u0105zanie dla pe\u0142nego pokrycia<\/h3>\n<p data-start=\"2124\" data-end=\"2357\">W przeciwie\u0144stwie do wielu krem\u00f3w z filtrem, Orgakera jest zaprojektowany <strong data-start=\"2173\" data-end=\"2199\">zar\u00f3wno do twarzy, jak i cia\u0142a<\/strong>, zapewniaj\u0105c pe\u0142n\u0105 ochron\u0119 w jednym wygodnym produkcie. Czy zmierzasz na pla\u017c\u0119, czy wychodzisz na zakupy, na\u0142\u00f3\u017c i id\u017a z spokojem ducha.<\/p>\n<h3 data-start=\"2364\" data-end=\"2388\">\u00a0G\u0142\u00f3wne sk\u0142adniki<\/h3>\n<ul data-start=\"2390\" data-end=\"2685\">\n<li data-start=\"2390\" data-end=\"2480\">\n<p data-start=\"2392\" data-end=\"2480\"><strong data-start=\"2392\" data-end=\"2406\">Homosalate<\/strong> \u2013 Kluczowy filtr UV, kt\u00f3ry poch\u0142ania szkodliwe promienie i zwi\u0119ksza wydajno\u015b\u0107 SPF.<\/p>\n<\/li>\n<li data-start=\"2481\" data-end=\"2583\">\n<p data-start=\"2483\" data-end=\"2583\"><strong data-start=\"2483\" data-end=\"2498\">Octocrylene<\/strong> \u2013 Pomaga stabilizowa\u0107 formu\u0142\u0119 kremu z filtrem i przed\u0142u\u017ca ochron\u0119 przez ca\u0142y dzie\u0144.<\/p>\n<\/li>\n<li data-start=\"2584\" data-end=\"2685\">\n<p data-start=\"2586\" data-end=\"2685\"><strong data-start=\"2586\" data-end=\"2599\">Gliceryna<\/strong> \u2013 G\u0142\u0119boko nawil\u017ca i \u0142agodzi sk\u00f3r\u0119, chroni\u0105c jej naturaln\u0105 r\u00f3wnowag\u0119 wilgoci.<\/p>\n<\/li>\n<\/ul>\n<h3 data-start=\"2692\" data-end=\"2711\">\u00a0Jak u\u017cywa\u0107<\/h3>\n<ol data-start=\"2713\" data-end=\"3001\">\n<li data-start=\"2713\" data-end=\"2798\">\n<p data-start=\"2716\" data-end=\"2798\"><strong data-start=\"2716\" data-end=\"2736\">Na\u0142\u00f3\u017c obficie<\/strong> na czyst\u0105, such\u0105 sk\u00f3r\u0119 co najmniej 30 minut przed ekspozycj\u0105 na s\u0142o\u0144ce.<\/p>\n<\/li>\n<li data-start=\"2799\" data-end=\"2870\">\n<p data-start=\"2802\" data-end=\"2870\">Pokryj wszystkie ods\u0142oni\u0119te obszary, w tym twarz, szyj\u0119, ramiona i barki.<\/p>\n<\/li>\n<li data-start=\"2871\" data-end=\"2948\">\n<p data-start=\"2874\" data-end=\"2948\"><strong data-start=\"2874\" data-end=\"2899\">Ponawiaj aplikacj\u0119 co 2 godziny<\/strong>, lub po p\u0142ywaniu, poceniu si\u0119 lub osuszaniu r\u0119cznikiem.<\/p>\n<\/li>\n<li data-start=\"2949\" data-end=\"3001\">\n<p data-start=\"2952\" data-end=\"3001\">U\u017cywaj codziennie dla maksymalnej ochrony i zdrowia sk\u00f3ry.<\/p>\n<\/li>\n<\/ol>\n<h3 data-start=\"3321\" data-end=\"3376\">\u00a0Dlaczego wybra\u0107 Orgakera Sunscreen Face &#038; Body SPF 50?<\/h3>\n<ul data-start=\"3378\" data-end=\"3622\">\n<li data-start=\"3378\" data-end=\"3426\">\n<p data-start=\"3380\" data-end=\"3426\">Pot\u0119\u017cna ochrona o szerokim spektrum (UVA\/UVB)<\/p>\n<\/li>\n<li data-start=\"3427\" data-end=\"3460\">\n<p data-start=\"3429\" data-end=\"3460\">Nawil\u017caj\u0105ca, niet\u0142usta formu\u0142a<\/p>\n<\/li>\n<li data-start=\"3461\" data-end=\"3515\">\n<p data-start=\"3463\" data-end=\"3515\">Pomaga zapobiega\u0107 przebarwieniom, oparzeniom s\u0142onecznym i wczesnemu starzeniu<\/p>\n<\/li>\n<li data-start=\"3516\" data-end=\"3560\">\n<p data-start=\"3518\" data-end=\"3560\">Bezpieczny do codziennego u\u017cytku na twarzy i ciele<\/p>\n<\/li>\n<li data-start=\"3561\" data-end=\"3622\">\n<p data-start=\"3563\" data-end=\"3622\">Idealny dla wra\u017cliwej sk\u00f3ry bez zapach\u00f3w i paraben\u00f3w<\/p>\n<\/li>\n<\/ul>\n<h3 data-start=\"3629\" data-end=\"3675\">\u00a0B\u0105d\u017a bezpieczny na s\u0142o\u0144cu \u2013 Zaufaj Orgakera<\/h3>\n<p data-start=\"3677\" data-end=\"3941\">Nie pozw\u00f3l, aby promienie UV zaszkodzi\u0142y twojemu blaskowi. Z <strong data-start=\"3716\" data-end=\"3757\">Orgakera Sunscreen Face &#038; Body SPF 50<\/strong> uzyskujesz d\u0142ugotrwa\u0142\u0105 ochron\u0119 przed s\u0142o\u0144cem, zdrowe nawil\u017cenie i sk\u00f3r\u0119, kt\u00f3ra wygl\u0105da tak dobrze, jak si\u0119 czuje. Czy jedziesz na pla\u017c\u0119, czy na codzienne dojazdy, chro\u0144 sk\u00f3r\u0119 w inteligentny spos\u00f3b.<\/p>\n<p data-start=\"3943\" data-end=\"4009\">\ud83d\udc49 <strong data-start=\"3946\" data-end=\"3959\">Zam\u00f3w teraz<\/strong> i zapewnij sk\u00f3rze codzienn\u0105 obron\u0119, na jak\u0105 zas\u0142uguje!<\/p>\n<p style=\"text-align: center;\">Dzi\u0119kujemy za zakupy w <em data-start=\"415\" data-end=\"431\"><a href=\"https:\/\/bazaar.express\/pl\/\">Bazaar Express<\/a><\/em> \u2013 cieszymy si\u0119, \u017ce jeste\u015b z nami!<\/p>\n<p style=\"text-align: center;\">Twoja podr\u00f3\u017c do lepszej piel\u0119gnacji siebie zaczyna si\u0119 tutaj \u2014 z <a href=\"https:\/\/bazaar.express\/product-category\/beauty-care\/\">Beauty &#038; Care<\/a>, na kt\u00f3rym mo\u017cesz polega\u0107.<\/p>\n","protected":false},"excerpt":{"rendered":"<h3>Krem Orgakera do twarzy i cia\u0142a SPF 50 oferuje pot\u0119\u017cn\u0105 ochron\u0119 UVA\/UVB w lekkiej, niet\u0142ustej formule. Bezpieczny dla wra\u017cliwej sk\u00f3ry i idealny do codziennego u\u017cytku, pomaga zapobiega\u0107 oparzeniom s\u0142onecznym, przebarwieniom i wczesnym oznakom starzenia, jednocze\u015bnie utrzymuj\u0105c sk\u00f3r\u0119 nawil\u017con\u0105 i g\u0142adk\u0105.<\/h3>\n","protected":false},"featured_media":43400,"comment_status":"open","ping_status":"closed","template":"","meta":[],"product_brand":[],"product_cat":[1192,1201,1199,1194],"product_tag":[1470,1466],"class_list":{"0":"post-43399","1":"product","2":"type-product","3":"status-publish","4":"has-post-thumbnail","6":"product_cat-pielegnacja-urody","7":"product_cat-gorace-okazje","8":"product_cat-najlepsze-z-egiptu","9":"product_cat-niezbedniki-plazowe","10":"product_tag-olejek","11":"product_tag-pielegnacja-skory","12":"pa_l-xl-200ml","14":"first","15":"instock","16":"sale","17":"shipping-taxable","18":"purchasable","19":"product-type-simple"},"_links":{"self":[{"href":"https:\/\/bazaar.express\/pl\/wp-json\/wp\/v2\/product\/43399","targetHints":{"allow":["GET"]}}],"collection":[{"href":"https:\/\/bazaar.express\/pl\/wp-json\/wp\/v2\/product"}],"about":[{"href":"https:\/\/bazaar.express\/pl\/wp-json\/wp\/v2\/types\/product"}],"replies":[{"embeddable":true,"href":"https:\/\/bazaar.express\/pl\/wp-json\/wp\/v2\/comments?post=43399"}],"wp:featuredmedia":[{"embeddable":true,"href":"https:\/\/bazaar.express\/pl\/wp-json\/wp\/v2\/media\/43400"}],"wp:attachment":[{"href":"https:\/\/bazaar.express\/pl\/wp-json\/wp\/v2\/media?parent=43399"}],"wp:term":[{"taxonomy":"product_brand","embeddable":true,"href":"https:\/\/bazaar.express\/pl\/wp-json\/wp\/v2\/product_brand?post=43399"},{"taxonomy":"product_cat","embeddable":true,"href":"https:\/\/bazaar.express\/pl\/wp-json\/wp\/v2\/product_cat?post=43399"},{"taxonomy":"product_tag","embeddable":true,"href":"https:\/\/bazaar.express\/pl\/wp-json\/wp\/v2\/product_tag?post=43399"}],"curies":[{"name":"wp","href":"https:\/\/api.w.org\/{rel}","templated":true}]}}