{"id":43409,"date":"2024-12-30T15:32:35","date_gmt":"2024-12-30T15:32:35","guid":{"rendered":"https:\/\/bazaar.express\/product\/collagen-mask\/"},"modified":"2026-02-08T21:23:45","modified_gmt":"2026-02-08T21:23:45","slug":"collagen-mask","status":"publish","type":"product","link":"https:\/\/bazaar.express\/pl\/produkt\/collagen-mask\/","title":{"rendered":"Maska kolagenowa"},"content":{"rendered":"<h2 data-start=\"211\" data-end=\"288\">Maska kolagenowa Orgakera Gold \u2013 Luksusowa piel\u0119gnacja dla promiennej, m\u0142odej sk\u00f3ry<\/h2>\n<p data-start=\"290\" data-end=\"695\">Oddaj si\u0119 ostatecznemu do\u015bwiadczeniu piel\u0119gnacji sk\u00f3ry z <strong data-start=\"343\" data-end=\"374\">mask\u0105 kolagenow\u0105 Orgakera Gold<\/strong> \u2013 luksusow\u0105 <em data-start=\"387\" data-end=\"393\">mask\u0105<\/em> zaprojektowan\u0105 do rewitalizacji sk\u00f3ry, przywr\u00f3cenia jej m\u0142odego blasku i walki z widocznymi oznakami starzenia. Wzbogacona o hydrolizowany kolagen, olej jojoba, olej arganowy i witaminy bogate w antyoksydanty, ta wysokiej wydajno\u015bci <em data-start=\"601\" data-end=\"607\">maska<\/em> g\u0142\u0119boko nawil\u017ca, uj\u0119drnia i chroni sk\u00f3r\u0119 dla g\u0142adszego, bardziej promiennego kolorytu.<\/p>\n<h3 data-start=\"702\" data-end=\"748\"> Dlaczego wybra\u0107 mask\u0119 kolagenow\u0105 Orgakera Gold?<\/h3>\n<h4 data-start=\"750\" data-end=\"808\"> Moc przeciwstarzeniowa \u2013 wyg\u0142adza drobne linie i zmarszczki<\/h4>\n<p data-start=\"809\" data-end=\"1026\"><strong data-start=\"813\" data-end=\"825\">Kolagen<\/strong> w tej <em data-start=\"834\" data-end=\"840\">masce<\/em> wnika g\u0142\u0119boko w sk\u00f3r\u0119, poprawiaj\u0105c elastyczno\u015b\u0107 i zmniejszaj\u0105c widoczno\u015b\u0107 zmarszczek i drobnych linii. Uj\u0119drnia opadaj\u0105ce obszary i poprawia tekstur\u0119 sk\u00f3ry dla m\u0142odego, uniesionego wygl\u0105du.<\/p>\n<h4 data-start=\"1028\" data-end=\"1068\"> G\u0142\u0119bokie nawil\u017cenie dla rosistego blasku<\/h4>\n<p data-start=\"1069\" data-end=\"1243\">Wzbogacona o <strong data-start=\"1082\" data-end=\"1096\">olej jojoba<\/strong>, <strong data-start=\"1098\" data-end=\"1111\">olej arganowy<\/strong> i <strong data-start=\"1117\" data-end=\"1130\">aloe vera<\/strong>, ta <em data-start=\"1137\" data-end=\"1143\">maska<\/em> uzupe\u0142nia wilgo\u0107, od\u017cywia suche plamy i pozostawia sk\u00f3r\u0119 mi\u0119kk\u0105, pe\u0142n\u0105 i promienn\u0105.<\/p>\n<h4 data-start=\"1245\" data-end=\"1298\"> Wyr\u00f3wnuje koloryt sk\u00f3ry i rozja\u015bnia matowy koloryt<\/h4>\n<p data-start=\"1299\" data-end=\"1420\">Dzi\u0119ki regularnemu stosowaniu ta <em data-start=\"1322\" data-end=\"1328\">maska<\/em> pomaga blakn\u0105\u0107 ciemne plamy i przebarwienia, tworz\u0105c bardziej r\u00f3wnomierny, czysty i \u015bwiec\u0105cy koloryt sk\u00f3ry.<\/p>\n<h4 data-start=\"1422\" data-end=\"1466\"> R\u00f3wnowa\u017cy t\u0142ust\u0105 sk\u00f3r\u0119 i udoskonala pory<\/h4>\n<p data-start=\"1467\" data-end=\"1608\">Idealna dla sk\u00f3ry t\u0142ustej i mieszanej, ta <em data-start=\"1509\" data-end=\"1515\">maska<\/em> pomaga wch\u0142ania\u0107 nadmiar oleju, minimalizowa\u0107 po\u0142ysk i zmniejsza\u0107 rozmiar por\u00f3w bez nadmiernego wysuszania sk\u00f3ry.<\/p>\n<h4 data-start=\"1610\" data-end=\"1663\"> Ochrona antyoksydacyjna przed uszkodzeniami sk\u00f3ry<\/h4>\n<p data-start=\"1664\" data-end=\"1838\">Wype\u0142niona <strong data-start=\"1676\" data-end=\"1689\">witamin\u0105 A<\/strong> i <strong data-start=\"1694\" data-end=\"1707\">witamin\u0105 E<\/strong>, chroni przed stresem \u015brodowiskowym i wspiera regeneracj\u0119 sk\u00f3ry \u2013 daj\u0105c twarzy trwa\u0142\u0105 ochron\u0119 i zdrowy blask.<\/p>\n<h4 data-start=\"1840\" data-end=\"1882\"> Efekt uj\u0119drniaj\u0105cy i napinaj\u0105cy sk\u00f3r\u0119<\/h4>\n<p data-start=\"1883\" data-end=\"2051\">Dzi\u0119ki formule bogatej w kolagen <em data-start=\"1924\" data-end=\"1930\">maska<\/em> napina i unosi sk\u00f3r\u0119, jednocze\u015bnie poprawiaj\u0105c jej odporno\u015b\u0107, sprawiaj\u0105c, \u017ce twarz wygl\u0105da g\u0142adziej i m\u0142odziej z czasem.<\/p>\n<h3 data-start=\"2058\" data-end=\"2081\"> Kluczowe sk\u0142adniki:<\/h3>\n<ul data-start=\"2083\" data-end=\"2843\">\n<li data-start=\"2083\" data-end=\"2174\">\n<p data-start=\"2085\" data-end=\"2174\"><strong data-start=\"2085\" data-end=\"2121\">Hydrolizowany kolagen (sk\u00f3ra ryb):<\/strong> Uj\u0119drnia i unosi sk\u00f3r\u0119, zmniejszaj\u0105c oznaki starzenia.<\/p>\n<\/li>\n<li data-start=\"2175\" data-end=\"2267\">\n<p data-start=\"2177\" data-end=\"2267\"><strong data-start=\"2177\" data-end=\"2192\">Olej jojoba:<\/strong> Zapewnia g\u0142\u0119bokie, nie t\u0142uste nawil\u017cenie i r\u00f3wnowa\u017cy naturaln\u0105 produkcj\u0119 oleju.<\/p>\n<\/li>\n<li data-start=\"2268\" data-end=\"2338\">\n<p data-start=\"2270\" data-end=\"2338\"><strong data-start=\"2270\" data-end=\"2284\">Olej arganowy:<\/strong> Walczy z oznakami starzenia i poprawia elastyczno\u015b\u0107 sk\u00f3ry.<\/p>\n<\/li>\n<li data-start=\"2339\" data-end=\"2410\">\n<p data-start=\"2341\" data-end=\"2410\"><strong data-start=\"2341\" data-end=\"2359\">Olej z aloesu:<\/strong> \u0141agodzi podra\u017cnion\u0105 sk\u00f3r\u0119, jednocze\u015bnie zwi\u0119kszaj\u0105c nawil\u017cenie.<\/p>\n<\/li>\n<li data-start=\"2411\" data-end=\"2484\">\n<p data-start=\"2413\" data-end=\"2484\"><strong data-start=\"2413\" data-end=\"2444\">Polowinylopirolidon (PVP):<\/strong> Poprawia tekstur\u0119 i g\u0142adko\u015b\u0107 sk\u00f3ry.<\/p>\n<\/li>\n<li data-start=\"2485\" data-end=\"2590\">\n<p data-start=\"2487\" data-end=\"2590\"><strong data-start=\"2487\" data-end=\"2526\">Butylen glikol i glikol propylenowy:<\/strong> Pomagaj\u0105 sk\u00f3rze zatrzymywa\u0107 wilgo\u0107 i poprawiaj\u0105 wch\u0142anianie produktu.<\/p>\n<\/li>\n<li data-start=\"2591\" data-end=\"2665\">\n<p data-start=\"2593\" data-end=\"2665\"><strong data-start=\"2593\" data-end=\"2606\">Gliceryna:<\/strong> Przyci\u0105ga wilgo\u0107 do sk\u00f3ry, utrzymuj\u0105c j\u0105 pe\u0142n\u0105 i rosist\u0105.<\/p>\n<\/li>\n<li data-start=\"2666\" data-end=\"2750\">\n<p data-start=\"2668\" data-end=\"2750\"><strong data-start=\"2668\" data-end=\"2682\">Witamina A:<\/strong> Poprawia odnow\u0119 kom\u00f3rkow\u0105, rozja\u015bnia koloryt sk\u00f3ry i wyg\u0142adza tekstur\u0119.<\/p>\n<\/li>\n<li data-start=\"2751\" data-end=\"2843\">\n<p data-start=\"2753\" data-end=\"2843\"><strong data-start=\"2753\" data-end=\"2767\">Witamina E:<\/strong> Dzia\u0142a jako silny antyoksydant, kt\u00f3ry wspomaga gojenie i chroni sk\u00f3r\u0119.<\/p>\n<\/li>\n<\/ul>\n<h3 data-start=\"2850\" data-end=\"2896\"> Jak u\u017cywa\u0107 maski kolagenowej Orgakera Gold:<\/h3>\n<ol data-start=\"2898\" data-end=\"3205\">\n<li data-start=\"2898\" data-end=\"2930\">\n<p data-start=\"2901\" data-end=\"2930\">Zacznij od czystej, suchej sk\u00f3ry.<\/p>\n<\/li>\n<li data-start=\"2931\" data-end=\"3008\">\n<p data-start=\"2934\" data-end=\"3008\">Na\u0142\u00f3\u017c r\u00f3wnomiern\u0105 warstw\u0119 <strong data-start=\"2961\" data-end=\"2992\">maski kolagenowej Orgakera Gold<\/strong> na twarz.<\/p>\n<\/li>\n<li data-start=\"3009\" data-end=\"3086\">\n<p data-start=\"3012\" data-end=\"3086\">Pozostaw <em data-start=\"3020\" data-end=\"3026\">mask\u0119<\/em> na co najmniej 10 minut, aby sk\u0142adniki od\u017cywcze mog\u0142y si\u0119 wch\u0142on\u0105\u0107.<\/p>\n<\/li>\n<li data-start=\"3087\" data-end=\"3163\">\n<p data-start=\"3090\" data-end=\"3163\">Delikatnie usu\u0144 <em data-start=\"3108\" data-end=\"3114\">mask\u0119<\/em> i wmasuj pozosta\u0142e serum w sk\u00f3r\u0119.<\/p>\n<\/li>\n<li data-start=\"3164\" data-end=\"3205\">\n<p data-start=\"3167\" data-end=\"3205\">Stosuj 2\u20133 razy w tygodniu dla najlepszych rezultat\u00f3w.<\/p>\n<\/li>\n<\/ol>\n<h3 data-start=\"3212\" data-end=\"3228\"> Ostrze\u017cenia:<\/h3>\n<ul data-start=\"3230\" data-end=\"3579\">\n<li data-start=\"3230\" data-end=\"3256\">\n<p data-start=\"3232\" data-end=\"3256\">Tylko do u\u017cytku zewn\u0119trznego.<\/p>\n<\/li>\n<li data-start=\"3257\" data-end=\"3322\">\n<p data-start=\"3259\" data-end=\"3322\">Unikaj kontaktu z oczami. W przypadku kontaktu przemyj dok\u0142adnie.<\/p>\n<\/li>\n<li data-start=\"3323\" data-end=\"3377\">\n<p data-start=\"3325\" data-end=\"3377\">Przesta\u0144 u\u017cywa\u0107 w przypadku podra\u017cnienia lub zaczerwienienia.<\/p>\n<\/li>\n<li data-start=\"3378\" data-end=\"3412\">\n<p data-start=\"3380\" data-end=\"3412\">Przechowuj poza zasi\u0119giem dzieci.<\/p>\n<\/li>\n<li data-start=\"3413\" data-end=\"3463\">\n<p data-start=\"3415\" data-end=\"3463\">Przechowuj w ch\u0142odnym, suchym miejscu z dala od \u015bwiat\u0142a s\u0142onecznego.<\/p>\n<\/li>\n<\/ul>\n<h3 data-start=\"3894\" data-end=\"3915\"> Ko\u0144cowe przemy\u015blenia<\/h3>\n<p data-start=\"3917\" data-end=\"4246\">Daj sk\u00f3rze luksusowe traktowanie, na jakie zas\u0142uguje, z <strong data-start=\"3977\" data-end=\"4008\">mask\u0105 kolagenow\u0105 Orgakera Gold<\/strong>. Niezale\u017cnie od tego, czy chcesz walczy\u0107 ze zmarszczkami, rozja\u015bni\u0107 sk\u00f3r\u0119, czy po prostu odda\u0107 si\u0119 premium rytua\u0142owi samoobs\u0142ugi, ta <em data-start=\"4124\" data-end=\"4130\">maska<\/em> dostarcza widoczne rezultaty. Odkryj j\u0119drniejsz\u0105, g\u0142adsza i bardziej promienn\u0105 sk\u00f3r\u0119 \u2013 poniewa\u017c tw\u00f3j blask zaczyna si\u0119 od samoobs\u0142ugi.<\/p>\n<p style=\"text-align: center;\">Dzi\u0119kujemy za zakupy w <em data-start=\"415\" data-end=\"431\"><a href=\"https:\/\/bazaar.express\/pl\/\">Bazaar Express<\/a><\/em> \u2013 cieszymy si\u0119, \u017ce jeste\u015b z nami!<\/p>\n<p style=\"text-align: center;\">Twoja podr\u00f3\u017c do lepszej samoobs\u0142ugi zaczyna si\u0119 tutaj \u2013 z <a href=\"https:\/\/bazaar.express\/product-category\/beauty-care\/\">Beauty &#038; Care<\/a>, na kt\u00f3rym mo\u017cesz polega\u0107.<\/p>\n","protected":false},"excerpt":{"rendered":"<h3 data-start=\"435\" data-end=\"682\">Do\u015bwiadcz luksusowej piel\u0119gnacji sk\u00f3ry z <strong data-start=\"471\" data-end=\"502\">mask\u0105 kolagenow\u0105 Orgakera Gold<\/strong> \u2013 rewitalizuj\u0105c\u0105 mieszank\u0105 kolagenu, naturalnych olej\u00f3w i witamin, kt\u00f3ra nawil\u017ca, uj\u0119drnia i rozja\u015bnia sk\u00f3r\u0119. Idealna do redukcji drobnych linii, wyr\u00f3wnywania kolorytu sk\u00f3ry i wzmacniania blasku.<\/h3>\n","protected":false},"featured_media":43410,"comment_status":"open","ping_status":"closed","template":"","meta":[],"product_brand":[],"product_cat":[1192],"product_tag":[1548,1466],"class_list":{"0":"post-43409","1":"product","2":"type-product","3":"status-publish","4":"has-post-thumbnail","6":"product_cat-pielegnacja-urody","7":"product_tag-krem","8":"product_tag-pielegnacja-skory","10":"first","11":"instock","12":"shipping-taxable","13":"purchasable","14":"product-type-simple"},"_links":{"self":[{"href":"https:\/\/bazaar.express\/pl\/wp-json\/wp\/v2\/product\/43409","targetHints":{"allow":["GET"]}}],"collection":[{"href":"https:\/\/bazaar.express\/pl\/wp-json\/wp\/v2\/product"}],"about":[{"href":"https:\/\/bazaar.express\/pl\/wp-json\/wp\/v2\/types\/product"}],"replies":[{"embeddable":true,"href":"https:\/\/bazaar.express\/pl\/wp-json\/wp\/v2\/comments?post=43409"}],"wp:featuredmedia":[{"embeddable":true,"href":"https:\/\/bazaar.express\/pl\/wp-json\/wp\/v2\/media\/43410"}],"wp:attachment":[{"href":"https:\/\/bazaar.express\/pl\/wp-json\/wp\/v2\/media?parent=43409"}],"wp:term":[{"taxonomy":"product_brand","embeddable":true,"href":"https:\/\/bazaar.express\/pl\/wp-json\/wp\/v2\/product_brand?post=43409"},{"taxonomy":"product_cat","embeddable":true,"href":"https:\/\/bazaar.express\/pl\/wp-json\/wp\/v2\/product_cat?post=43409"},{"taxonomy":"product_tag","embeddable":true,"href":"https:\/\/bazaar.express\/pl\/wp-json\/wp\/v2\/product_tag?post=43409"}],"curies":[{"name":"wp","href":"https:\/\/api.w.org\/{rel}","templated":true}]}}