{"id":43411,"date":"2024-12-30T14:44:14","date_gmt":"2024-12-30T14:44:14","guid":{"rendered":"https:\/\/bazaar.express\/product\/cream-black-seed\/"},"modified":"2026-03-01T20:42:09","modified_gmt":"2026-03-01T20:42:09","slug":"cream-black-seed","status":"publish","type":"product","link":"https:\/\/bazaar.express\/pl\/produkt\/cream-black-seed\/","title":{"rendered":"Krem z czarnuszki"},"content":{"rendered":"<h2 data-start=\"0\" data-end=\"76\"><strong data-start=\"3\" data-end=\"76\">Orgakera Krem z czarnuszki: Naturalne rozwi\u0105zanie na tr\u0105dzik i t\u0142ust\u0105 sk\u00f3r\u0119<\/strong><\/h2>\n<h3 data-start=\"78\" data-end=\"123\"><strong data-start=\"82\" data-end=\"123\">Dlaczego wybra\u0107 Orgakera Krem z czarnuszki?<\/strong><\/h3>\n<p data-start=\"125\" data-end=\"447\">Orgakera Krem z czarnuszki to pot\u0119\u017cny produkt do piel\u0119gnacji sk\u00f3ry, zaprojektowany specjalnie do walki z tr\u0105dzikiem, r\u00f3wnowa\u017cenia t\u0142ustej sk\u00f3ry i promowania czystszego, g\u0142adszej cery. Wzbogacony terapeutycznymi w\u0142a\u015bciwo\u015bciami oleju z czarnuszki (Nigella Sativa), ten krem \u0142\u0105czy staro\u017cytn\u0105 m\u0105dro\u015b\u0107 z nowoczesn\u0105 nauk\u0105 o sk\u00f3rze dla widocznych, trwa\u0142ych rezultat\u00f3w.<\/p>\n<h3 data-start=\"449\" data-end=\"493\"><strong data-start=\"453\" data-end=\"493\"> Magia za Kremem z czarnuszki<\/strong><\/h3>\n<p data-start=\"495\" data-end=\"710\">Orgakera Krem z czarnuszki to co\u015b wi\u0119cej ni\u017c zwyk\u0142y krem nawil\u017caj\u0105cy \u2013 to ukierunkowane leczenie. Ka\u017cdy sk\u0142adnik jest starannie dobrany, aby dzia\u0142a\u0107 w harmonii z Twoj\u0105 sk\u00f3r\u0105, oferuj\u0105c koj\u0105ce, oczyszczaj\u0105ce i regeneruj\u0105ce korzy\u015bci.<\/p>\n<h4 data-start=\"712\" data-end=\"748\"><strong data-start=\"717\" data-end=\"748\">1. W\u0142a\u015bciwo\u015bci zwalczaj\u0105ce tr\u0105dzik<\/strong><\/h4>\n<p data-start=\"749\" data-end=\"1002\">W sercu formu\u0142y znajduje si\u0119 <em data-start=\"782\" data-end=\"796\">tymochinon<\/em>, pot\u0119\u017cny zwi\u0105zek w oleju z czarnuszki o silnych dzia\u0142aniach antybakteryjnych i przeciwgrzybiczych. Ten naturalny wojownik zwalcza bakterie powoduj\u0105ce tr\u0105dzik, redukuj\u0105c istniej\u0105ce wypryski i zapobiegaj\u0105c powstawaniu nowych.<\/p>\n<h4 data-start=\"1004\" data-end=\"1045\"><strong data-start=\"1009\" data-end=\"1045\">2. Kontrola sebum jak nigdy dot\u0105d<\/strong><\/h4>\n<p data-start=\"1046\" data-end=\"1217\">Zaprojektowany specjalnie dla sk\u00f3ry t\u0142ustej i mieszanej, ten krem pomaga regulowa\u0107 produkcj\u0119 sebum, zapewniaj\u0105c, \u017ce Twoja sk\u00f3ra pozostaje \u015bwie\u017ca i matowa bez irytuj\u0105cego t\u0142ustego po\u0142ysku.<\/p>\n<h4 data-start=\"1219\" data-end=\"1255\"><strong data-start=\"1224\" data-end=\"1255\">3. Naturalna moc antyseptyczna<\/strong><\/h4>\n<p data-start=\"1256\" data-end=\"1421\">Dzi\u0119ki sk\u0142adnikom takim jak <em data-start=\"1283\" data-end=\"1297\">kwas benzoesowy<\/em> i <em data-start=\"1302\" data-end=\"1316\">benzaldehyd<\/em>, ten krem dzia\u0142a jako naturalny antyseptyk, pomagaj\u0105c zmniejsza\u0107 stan zapalny i zabija\u0107 bakterie wywo\u0142uj\u0105ce tr\u0105dzik.<\/p>\n<h4 data-start=\"1423\" data-end=\"1459\"><strong data-start=\"1428\" data-end=\"1459\">4. Wspomaga regeneracj\u0119 sk\u00f3ry<\/strong><\/h4>\n<p data-start=\"1460\" data-end=\"1612\"><em data-start=\"1460\" data-end=\"1473\">Olejek nigelon<\/em> wzmacnia odporno\u015b\u0107 sk\u00f3ry, jednocze\u015bnie zach\u0119caj\u0105c do szybszej odnowy kom\u00f3rek sk\u00f3ry. Po\u017cegnaj si\u0119 z matow\u0105 sk\u00f3r\u0105 i powitaj promienn\u0105, zdrow\u0105 sk\u00f3r\u0119.<\/p>\n<h4 data-start=\"1614\" data-end=\"1663\"><strong data-start=\"1619\" data-end=\"1663\">5. G\u0142\u0119bokie nawil\u017cenie z delikatnym dotykiem<\/strong><\/h4>\n<p data-start=\"1664\" data-end=\"1837\">Wzbogacony <em data-start=\"1677\" data-end=\"1688\">olejem arganowym<\/em>, <em data-start=\"1690\" data-end=\"1708\">proszkiem z aloesu<\/em> i <em data-start=\"1714\" data-end=\"1729\">ekstraktem z henny<\/em>, ten krem nie tylko leczy sk\u00f3r\u0119 \u2013 od\u017cywia i nawil\u017ca j\u0105, pozostawiaj\u0105c jedwabist\u0105 w dotyku i ukojon\u0105.<\/p>\n<h3 data-start=\"1844\" data-end=\"1888\"><strong data-start=\"1848\" data-end=\"1888\">Jak stosowa\u0107 Orgakera Krem z czarnuszki<\/strong><\/h3>\n<p data-start=\"1890\" data-end=\"1907\">Dla najlepszych rezultat\u00f3w:<\/p>\n<ul data-start=\"1908\" data-end=\"2106\">\n<li data-start=\"1908\" data-end=\"1974\">\n<p data-start=\"1910\" data-end=\"1974\">Na\u0142\u00f3\u017c krem na \u015bwie\u017co oczyszczon\u0105 sk\u00f3r\u0119 <strong data-start=\"1951\" data-end=\"1973\">2 do 3 razy dziennie<\/strong>.<\/p>\n<\/li>\n<li data-start=\"1975\" data-end=\"2028\">\n<p data-start=\"1977\" data-end=\"2028\">Delikatnie wmasuj w sk\u00f3r\u0119, a\u017c do pe\u0142nego wch\u0142oni\u0119cia.<\/p>\n<\/li>\n<li data-start=\"2029\" data-end=\"2106\">\n<p data-start=\"2031\" data-end=\"2106\">Regularne stosowanie pomaga zr\u00f3wnowa\u017cy\u0107 produkcj\u0119 sebum i zmniejszy\u0107 wypryski z czasem.<\/p>\n<\/li>\n<\/ul>\n<h3 data-start=\"2113\" data-end=\"2160\"><strong data-start=\"2117\" data-end=\"2160\">Co zawiera ta formu\u0142a ratuj\u0105ca sk\u00f3r\u0119?<\/strong><\/h3>\n<ul data-start=\"2162\" data-end=\"2504\">\n<li data-start=\"2162\" data-end=\"2197\">\n<p data-start=\"2164\" data-end=\"2197\"><strong data-start=\"2164\" data-end=\"2197\">Olejek z czarnuszki (Tymochinon)<\/strong><\/p>\n<\/li>\n<li data-start=\"2198\" data-end=\"2215\">\n<p data-start=\"2200\" data-end=\"2215\"><strong data-start=\"2200\" data-end=\"2215\">Olejek nigelon<\/strong><\/p>\n<\/li>\n<li data-start=\"2216\" data-end=\"2249\">\n<p data-start=\"2218\" data-end=\"2249\"><strong data-start=\"2218\" data-end=\"2249\">Olejek arganowy (Argania Spinosa)<\/strong><\/p>\n<\/li>\n<li data-start=\"2250\" data-end=\"2272\">\n<p data-start=\"2252\" data-end=\"2272\"><strong data-start=\"2252\" data-end=\"2272\">Proszek z aloesu<\/strong><\/p>\n<\/li>\n<li data-start=\"2273\" data-end=\"2297\">\n<p data-start=\"2275\" data-end=\"2297\"><strong data-start=\"2275\" data-end=\"2297\">Ekstrakt z li\u015bci henny<\/strong><\/p>\n<\/li>\n<li data-start=\"2298\" data-end=\"2320\">\n<p data-start=\"2300\" data-end=\"2320\"><strong data-start=\"2300\" data-end=\"2320\">Proszek bhringraj<\/strong><\/p>\n<\/li>\n<li data-start=\"2321\" data-end=\"2342\">\n<p data-start=\"2323\" data-end=\"2342\"><strong data-start=\"2323\" data-end=\"2342\">Parafina ciek\u0142a<\/strong><\/p>\n<\/li>\n<li data-start=\"2343\" data-end=\"2356\">\n<p data-start=\"2345\" data-end=\"2356\"><strong data-start=\"2345\" data-end=\"2356\">Wosk pszczeli<\/strong><\/p>\n<\/li>\n<li data-start=\"2357\" data-end=\"2379\">\n<p data-start=\"2359\" data-end=\"2379\"><strong data-start=\"2359\" data-end=\"2379\">Cetearyl Alcohol<\/strong><\/p>\n<\/li>\n<li data-start=\"2380\" data-end=\"2405\">\n<p data-start=\"2382\" data-end=\"2405\"><strong data-start=\"2382\" data-end=\"2405\">Isopropyl Myristate<\/strong><\/p>\n<\/li>\n<li data-start=\"2406\" data-end=\"2430\">\n<p data-start=\"2408\" data-end=\"2430\"><strong data-start=\"2408\" data-end=\"2430\">Phenyltrimethicone<\/strong><\/p>\n<\/li>\n<li data-start=\"2431\" data-end=\"2454\">\n<p data-start=\"2433\" data-end=\"2454\"><strong data-start=\"2433\" data-end=\"2454\">Benzyl Salicylate<\/strong><\/p>\n<\/li>\n<li data-start=\"2455\" data-end=\"2504\">\n<p data-start=\"2457\" data-end=\"2504\"><em data-start=\"2457\" data-end=\"2504\">I wi\u0119cej naturalnych sk\u0142adnik\u00f3w przyjaznych dla sk\u00f3ry.<\/em><\/p>\n<\/li>\n<\/ul>\n<h3 data-start=\"2511\" data-end=\"2530\"><strong data-start=\"2515\" data-end=\"2530\">Wskaz\u00f3wki bezpiecze\u0144stwa<\/strong><\/h3>\n<ul data-start=\"2532\" data-end=\"2646\">\n<li data-start=\"2532\" data-end=\"2556\">\n<p data-start=\"2534\" data-end=\"2556\">Tylko do u\u017cytku zewn\u0119trznego.<\/p>\n<\/li>\n<li data-start=\"2557\" data-end=\"2583\">\n<p data-start=\"2559\" data-end=\"2583\">Unikaj kontaktu z oczami.<\/p>\n<\/li>\n<li data-start=\"2584\" data-end=\"2616\">\n<p data-start=\"2586\" data-end=\"2616\">Przechowuj poza zasi\u0119giem dzieci.<\/p>\n<\/li>\n<li data-start=\"2617\" data-end=\"2646\">\n<p data-start=\"2619\" data-end=\"2646\">Przechowuj w ch\u0142odnym, suchym miejscu.<\/p>\n<\/li>\n<\/ul>\n<h3 data-start=\"3147\" data-end=\"3196\"><strong data-start=\"3151\" data-end=\"3196\"> Ko\u0144cowe przemy\u015blenia: Poczuj transformacj\u0119<\/strong><\/h3>\n<p data-start=\"3198\" data-end=\"3449\">Je\u015bli masz do\u015b\u0107 t\u0142ustej sk\u00f3ry i tr\u0105dziku, kt\u00f3ry nie chce ust\u0105pi\u0107, <strong data-start=\"3261\" data-end=\"3290\">Orgakera Krem z czarnuszki<\/strong> jest odpowiedzi\u0105. Nap\u0119dzany naturalnymi sk\u0142adnikami i sprawdzon\u0105 nauk\u0105 o sk\u00f3rze, ten krem zapewnia widoczne ulepszenia, szanuj\u0105c naturaln\u0105 r\u00f3wnowag\u0119 Twojej sk\u00f3ry.<\/p>\n<p data-start=\"3451\" data-end=\"3580\">Niezale\u017cnie od tego, czy borykasz si\u0119 z uporczywym tr\u0105dzikiem, nadmiarem sebum czy matowo\u015bci\u0105, to rozwi\u0105zanie all-in-one dzia\u0142a z Twoj\u0105 sk\u00f3r\u0105 \u2013 nie przeciwko niej.<\/p>\n<p data-start=\"3582\" data-end=\"3678\" data-is-last-node=\"\" data-is-only-node=\"\">\ud83d\udc49 <strong data-start=\"3585\" data-end=\"3678\" data-is-last-node=\"\">Wypr\u00f3buj Orgakera Krem z czarnuszki ju\u017c dzi\u015b i poczuj r\u00f3\u017cnic\u0119. Twoja sk\u00f3ra na to zas\u0142uguje.<\/strong><\/p>\n<p style=\"text-align: center;\">Dzi\u0119kujemy za zakupy w <em data-start=\"415\" data-end=\"431\"><a href=\"https:\/\/bazaar.express\/pl\/\">Bazaar Express<\/a><\/em> \u2013 cieszymy si\u0119, \u017ce jeste\u015b z nami!<\/p>\n<p style=\"text-align: center;\">Twoja podr\u00f3\u017c do lepszej piel\u0119gnacji siebie zaczyna si\u0119 tutaj \u2014 z <a href=\"https:\/\/bazaar.express\/product-category\/beauty-care\/\">Beauty &#038; Care<\/a>, na kt\u00f3rym mo\u017cesz polega\u0107.<\/p>\n","protected":false},"excerpt":{"rendered":"<h3 data-start=\"514\" data-end=\"734\">Naturalny krem do piel\u0119gnacji sk\u00f3ry z olejem z czarnuszki, zaprojektowany do walki z tr\u0105dzikiem, redukcji t\u0142usto\u015bci i kojenia sk\u00f3ry. Idealny dla sk\u00f3ry t\u0142ustej, tr\u0105dzikowej lub mieszanej. Nawil\u017ca, jednocze\u015bnie oczyszczaj\u0105c i poprawiaj\u0105c og\u00f3lny stan zdrowia sk\u00f3ry.<\/h3>\n","protected":false},"featured_media":43412,"comment_status":"open","ping_status":"closed","template":"","meta":[],"product_brand":[],"product_cat":[1192],"product_tag":[1548,1473,1470],"class_list":{"0":"post-43411","1":"product","2":"type-product","3":"status-publish","4":"has-post-thumbnail","6":"product_cat-pielegnacja-urody","7":"product_tag-krem","8":"product_tag-masaz","9":"product_tag-olejek","10":"pa_l-xl-150ml","11":"pa_l-xl-300ml","13":"first","14":"instock","15":"shipping-taxable","16":"purchasable","17":"product-type-variable"},"_links":{"self":[{"href":"https:\/\/bazaar.express\/pl\/wp-json\/wp\/v2\/product\/43411","targetHints":{"allow":["GET"]}}],"collection":[{"href":"https:\/\/bazaar.express\/pl\/wp-json\/wp\/v2\/product"}],"about":[{"href":"https:\/\/bazaar.express\/pl\/wp-json\/wp\/v2\/types\/product"}],"replies":[{"embeddable":true,"href":"https:\/\/bazaar.express\/pl\/wp-json\/wp\/v2\/comments?post=43411"}],"wp:featuredmedia":[{"embeddable":true,"href":"https:\/\/bazaar.express\/pl\/wp-json\/wp\/v2\/media\/43412"}],"wp:attachment":[{"href":"https:\/\/bazaar.express\/pl\/wp-json\/wp\/v2\/media?parent=43411"}],"wp:term":[{"taxonomy":"product_brand","embeddable":true,"href":"https:\/\/bazaar.express\/pl\/wp-json\/wp\/v2\/product_brand?post=43411"},{"taxonomy":"product_cat","embeddable":true,"href":"https:\/\/bazaar.express\/pl\/wp-json\/wp\/v2\/product_cat?post=43411"},{"taxonomy":"product_tag","embeddable":true,"href":"https:\/\/bazaar.express\/pl\/wp-json\/wp\/v2\/product_tag?post=43411"}],"curies":[{"name":"wp","href":"https:\/\/api.w.org\/{rel}","templated":true}]}}