{"id":43423,"date":"2024-12-29T02:02:50","date_gmt":"2024-12-29T02:02:50","guid":{"rendered":"https:\/\/bazaar.express\/product\/goat-milk-cream\/"},"modified":"2026-02-08T21:23:48","modified_gmt":"2026-02-08T21:23:48","slug":"goat-milk-cream","status":"publish","type":"product","link":"https:\/\/bazaar.express\/pl\/produkt\/goat-milk-cream\/","title":{"rendered":"Krem z mleka koziego"},"content":{"rendered":"<h2>Krem Orgakera z mleka koziego \u2013 Naturalne od\u017cywienie i blask<\/h2>\n<h3>Codzienne rozwi\u0105zanie dla promiennej, nawil\u017conej i m\u0142odej sk\u00f3ry<\/h3>\n<p>Szukasz kremu do piel\u0119gnacji sk\u00f3ry, kt\u00f3ry nawil\u017ca, regeneruje, zwalcza tr\u0105dzik i przywraca zdrowy blask \u2013 wszystko bez dra\u017cni\u0105cych chemikali\u00f3w? Nie szukaj dalej ni\u017c <strong>krem Orgakera z mleka koziego<\/strong>. Wzbogacony o bogate w sk\u0142adniki od\u017cywcze <em>mleko kozie<\/em> i pot\u0119\u017cn\u0105 mieszank\u0119 sk\u0142adnik\u00f3w przeciwzapalnych, antyoksydacyjnych i nawil\u017caj\u0105cych, ten krem jest idealnym codziennym towarzyszem dla mi\u0119kkiej, elastycznej i g\u0142adkiej sk\u00f3ry.<\/p>\n<p>Mleko kozie jest cenione za wyj\u0105tkow\u0105 zdolno\u015b\u0107 do od\u017cywiania nawet najbardziej wra\u017cliwej sk\u00f3ry. W po\u0142\u0105czeniu z naturalnymi olejami, witaminami i ekstraktami ro\u015blinnymi <strong>krem Orgakera z mleka koziego<\/strong> zapewnia wielowarstwow\u0105 opiek\u0119, chroni\u0105c sk\u00f3r\u0119 przed sucho\u015bci\u0105, stanami zapalnymi, starzeniem i tr\u0105dzikiem \u2013 wszystko w jednym s\u0142oiku.<\/p>\n<h3> Dlaczego wybra\u0107 krem Orgakera z mleka koziego?<\/h3>\n<h4><strong>Naturalna si\u0142a przeciwstarzeniowa<\/strong><\/h4>\n<p>Wzbogacony o <strong>witaminy A, C i E<\/strong>, ten krem pomaga redukowa\u0107 drobne linie, zmarszczki i oznaki przedwczesnego starzenia. Te antyoksydanty neutralizuj\u0105 wolne rodniki i zwi\u0119kszaj\u0105 elastyczno\u015b\u0107 sk\u00f3ry.<\/p>\n<h4><strong>Leczenie tr\u0105dziku i stan\u00f3w zapalnych<\/strong><\/h4>\n<p>Bia\u0142ka mleka koziego pomagaj\u0105 zr\u00f3wnowa\u017cy\u0107 produkcj\u0119 sebum, zmniejszy\u0107 stany zapalne sk\u00f3ry i przyspieszy\u0107 gojenie tr\u0105dziku. Efekt? Czystsza, spokojniejsza sk\u00f3ra z mniejszym zaczerwienieniem i mniejsz\u0105 liczb\u0105 wyprysk\u00f3w.<\/p>\n<h4><strong>G\u0142\u0119bokie i trwa\u0142e nawil\u017cenie<\/strong><\/h4>\n<p>Bogaty w <strong>kwas\u00f3w t\u0142uszczowych, gliceryn\u0119 i olej oliwkowy<\/strong>, ten krem blokuje wilgo\u0107 i utrzymuje sk\u00f3r\u0119 nawil\u017con\u0105 przez ca\u0142y dzie\u0144 bez uczucia t\u0142usto\u015bci.<\/p>\n<h4><strong>\u0141agodzi i regeneruje wra\u017cliw\u0105 sk\u00f3r\u0119<\/strong><\/h4>\n<p>Wzbogacony o <strong>ekstrakt z rumianku, aloes, olej z czarnej kminku i mas\u0142o shea<\/strong>, krem uspokaja podra\u017cnione miejsca, pomaga zmniejszy\u0107 zaczerwienienie i wspomaga szybsze gojenie suchej lub uszkodzonej sk\u00f3ry.<\/p>\n<h4><strong>Poprawia tekstur\u0119 i elastyczno\u015b\u0107 sk\u00f3ry<\/strong><\/h4>\n<p>Dzi\u0119ki regularnemu stosowaniu kolagen i olej jojoba w formule pomagaj\u0105 <strong>przywr\u00f3ci\u0107 j\u0119drno\u015b\u0107 i g\u0142adko\u015b\u0107<\/strong>, nadaj\u0105c sk\u00f3rze m\u0142odzie\u0144czej spr\u0119\u017cysto\u015bci i aksamitnej tekstury.<\/p>\n<h4><strong>Zapobiega podra\u017cnieniom i infekcjom sk\u00f3ry<\/strong><\/h4>\n<p>Dzi\u0119ki sk\u0142adnikom antybakteryjnym i \u0142agodz\u0105cym ten krem jest idealny dla suchej, podra\u017cnionej lub \u0142uszcz\u0105cej si\u0119 sk\u00f3ry i mo\u017ce pom\u00f3c zapobiega\u0107 infekcjom bakteryjnym lub grzybiczym w naturalny spos\u00f3b.<\/p>\n<h3><strong> Premium naturalne sk\u0142adniki<\/strong><\/h3>\n<p>Ka\u017cdy s\u0142oik kremu Orgakera z mleka koziego jest wytwarzany z starannie dobranej mieszanki premium sk\u0142adnik\u00f3w przyjaznych dla sk\u00f3ry:<\/p>\n<ul>\n<li><strong>Mleko kozie<\/strong><\/li>\n<li><strong>Ekstrakt z rumianku<\/strong><\/li>\n<li><strong>Panthenol (Witamina B5)<\/strong><\/li>\n<li><strong>Olej jojoba<\/strong><\/li>\n<li><strong>Olej z czarnej kminku<\/strong><\/li>\n<li><strong>Olej z zarodk\u00f3w pszenicy<\/strong><\/li>\n<li><strong>Mas\u0142o shea<\/strong><\/li>\n<li><strong>Kolagen morski<\/strong><\/li>\n<li><strong>Ekstrakt z aloesu<\/strong><\/li>\n<li><strong>Olej kokosowy<\/strong><\/li>\n<li><strong>Olej oliwkowy<\/strong><\/li>\n<li><strong>Olej marchewkowy<\/strong><\/li>\n<li><strong>Witamina E<\/strong><\/li>\n<li><strong>Ekstrakt z kawioru<\/strong><\/li>\n<li><strong>Olej arganowy<\/strong><\/li>\n<li><strong>Wosk pszczeli, gliceryna, trietanoloamina, kwas stearynowy, karbapol, tlenek cynku, metyloparaben, Tween 60, woda oczyszczona<\/strong><\/li>\n<\/ul>\n<p>Ta luksusowa formu\u0142a dzia\u0142a g\u0142\u0119boko w sk\u00f3rze, nawil\u017caj\u0105c, lecz\u0105c i odm\u0142adzaj\u0105c \u2013 pozostawiaj\u0105c sk\u00f3r\u0119 mi\u0119kk\u0105, g\u0142adk\u0105 i promienn\u0105.<\/p>\n<h3> Jak stosowa\u0107<\/h3>\n<p>Na\u0142\u00f3\u017c krem Orgakera z mleka koziego obficie na czyst\u0105, such\u0105 sk\u00f3r\u0119.<br \/>\nSkup si\u0119 na suchych, podra\u017cnionych lub sk\u0142onnych do tr\u0105dziku obszarach.<br \/>\nStosuj <strong>2\u20133 razy dziennie<\/strong> dla optymalnego nawil\u017cenia i regeneracji sk\u00f3ry.<\/p>\n<h3>Ostrze\u017cenia<\/h3>\n<ul>\n<li>Do u\u017cytku <strong>zewn\u0119trznego tylko<\/strong><\/li>\n<li>Unikaj kontaktu z oczami<\/li>\n<li>Przechowuj poza zasi\u0119giem dzieci<\/li>\n<li>Przechowuj w ch\u0142odnym, suchym miejscu<\/li>\n<\/ul>\n<h3><strong> Ko\u0144cowe przemy\u015blenia<\/strong><\/h3>\n<p>Zdrowa sk\u00f3ra nie musi by\u0107 skomplikowana. Z <strong>kremem Orgakera z mleka koziego<\/strong> otrzymujesz od\u017cywienie, nawil\u017cenie i ochron\u0119, kt\u00f3rych pragnie Twoja sk\u00f3ra \u2013 prosto z natury. Niezale\u017cnie od tego, czy walczysz z sucho\u015bci\u0105, oznakami starzenia czy sk\u00f3r\u0105 sk\u0142onn\u0105 do tr\u0105dziku, ten krem zapewnia widoczne rezultaty przy ka\u017cdym u\u017cyciu.<\/p>\n<p><strong>Przekszta\u0142\u0107 swoj\u0105 rutyn\u0119 piel\u0119gnacyjn\u0105. Wybierz krem Orgakera z mleka koziego i ciesz si\u0119 naturalnie promienn\u0105 sk\u00f3r\u0105.<\/strong><\/p>\n<p>&nbsp;<\/p>\n<p style=\"text-align: center;\">Dzi\u0119kujemy za zakupy w <em data-start=\"415\" data-end=\"431\"><a href=\"https:\/\/bazaar.express\/pl\/\">Bazaar Express<\/a><\/em> \u2013 cieszymy si\u0119, \u017ce jeste\u015b z nami!<\/p>\n<p style=\"text-align: center;\">Twoja podr\u00f3\u017c do lepszej samo opieki zaczyna si\u0119 tutaj \u2014 z <a href=\"https:\/\/bazaar.express\/product-category\/beauty-care\/\">Pi\u0119kno i Piel\u0119gnacja<\/a>, kt\u00f3rym mo\u017cesz zaufa\u0107.<\/p>\n","protected":false},"excerpt":{"rendered":"<h3 data-start=\"484\" data-end=\"661\">Od\u017cywczy krem z mlekiem kozim, kolagenem i olejami ro\u015blinnymi, kt\u00f3ry nawil\u017ca such\u0105 sk\u00f3r\u0119, redukuje tr\u0105dzik i zwalcza oznaki starzenia. Idealny dla wra\u017cliwej, matowej lub podra\u017cnionej sk\u00f3ry.<\/h3>\n","protected":false},"featured_media":43424,"comment_status":"open","ping_status":"closed","template":"","meta":[],"product_brand":[],"product_cat":[1192],"product_tag":[1548,1470],"class_list":{"0":"post-43423","1":"product","2":"type-product","3":"status-publish","4":"has-post-thumbnail","6":"product_cat-pielegnacja-urody","7":"product_tag-krem","8":"product_tag-olejek","9":"pa_l-xl-150ml","10":"pa_l-xl-300ml","12":"first","13":"instock","14":"shipping-taxable","15":"purchasable","16":"product-type-variable"},"_links":{"self":[{"href":"https:\/\/bazaar.express\/pl\/wp-json\/wp\/v2\/product\/43423","targetHints":{"allow":["GET"]}}],"collection":[{"href":"https:\/\/bazaar.express\/pl\/wp-json\/wp\/v2\/product"}],"about":[{"href":"https:\/\/bazaar.express\/pl\/wp-json\/wp\/v2\/types\/product"}],"replies":[{"embeddable":true,"href":"https:\/\/bazaar.express\/pl\/wp-json\/wp\/v2\/comments?post=43423"}],"wp:featuredmedia":[{"embeddable":true,"href":"https:\/\/bazaar.express\/pl\/wp-json\/wp\/v2\/media\/43424"}],"wp:attachment":[{"href":"https:\/\/bazaar.express\/pl\/wp-json\/wp\/v2\/media?parent=43423"}],"wp:term":[{"taxonomy":"product_brand","embeddable":true,"href":"https:\/\/bazaar.express\/pl\/wp-json\/wp\/v2\/product_brand?post=43423"},{"taxonomy":"product_cat","embeddable":true,"href":"https:\/\/bazaar.express\/pl\/wp-json\/wp\/v2\/product_cat?post=43423"},{"taxonomy":"product_tag","embeddable":true,"href":"https:\/\/bazaar.express\/pl\/wp-json\/wp\/v2\/product_tag?post=43423"}],"curies":[{"name":"wp","href":"https:\/\/api.w.org\/{rel}","templated":true}]}}