{"id":43427,"date":"2024-12-29T00:07:10","date_gmt":"2024-12-29T00:07:10","guid":{"rendered":"https:\/\/bazaar.express\/product\/cream-argan\/"},"modified":"2026-02-08T21:23:48","modified_gmt":"2026-02-08T21:23:48","slug":"cream-argan","status":"publish","type":"product","link":"https:\/\/bazaar.express\/pl\/produkt\/cream-argan\/","title":{"rendered":"Krem z olejem arganowym i mas\u0142em shea"},"content":{"rendered":"<h2>Krem Orgakera Cream Argan \u2013 G\u0142\u0119bokie nawil\u017cenie i dzia\u0142anie przeciwstarzeniowe dla promiennej, m\u0142odej sk\u00f3ry<\/h2>\n<h3>Uwalniaj moc oleju arganowego i mas\u0142a shea dla \u015bwie\u017cej cery<\/h3>\n<p>Twoja sk\u00f3ra zas\u0142uguje na najlepsze od\u017cywienie, jakie oferuje natura. Z <strong>kremem Orgakera Cream Argan<\/strong>, wzbogaconym o <em>czysty olej arganowy<\/em> i <em>luksusowe mas\u0142o shea<\/em>, zapewniasz sk\u00f3rze bogat\u0105, intensywn\u0105 kuracj\u0119, kt\u00f3ra nawil\u017ca, regeneruje i odm\u0142adza. Ten krem wnika g\u0142\u0119boko w sk\u00f3r\u0119, stymuluj\u0105c produkcj\u0119 kolagenu i elastyny, aby zmniejszy\u0107 zmarszczki, poprawi\u0107 elastyczno\u015b\u0107 i stworzy\u0107 promienny, m\u0142ody wygl\u0105d.<\/p>\n<p>Je\u015bli walczysz z sucho\u015bci\u0105, drobnymi liniami czy matowo\u015bci\u0105 \u2013 <strong>krem Orgakera Cream Argan<\/strong> to Tw\u00f3j codzienny krem nawil\u017caj\u0105cy, kt\u00f3ry zapewnia widocznie mi\u0119ksz\u0105, j\u0119drniejsz\u0105 i g\u0142adsza sk\u00f3r\u0119.<\/p>\n<h3>Dlaczego wybra\u0107 krem Orgakera Cream Argan?<\/h3>\n<h4><strong>Wzmacnia i odbudowuje struktur\u0119 sk\u00f3ry<\/strong><\/h4>\n<p>Ten krem rewitalizuje sk\u00f3r\u0119 na poziomie kom\u00f3rkowym, poprawiaj\u0105c j\u0119drno\u015b\u0107 i elastyczno\u015b\u0107 poprzez pomoc w regeneracji uszkodzonych kom\u00f3rek sk\u00f3ry.<\/p>\n<h4><strong>Stymuluje kolagen i elastyn\u0119<\/strong><\/h4>\n<p>Sformu\u0142owany, aby aktywowa\u0107 produkcj\u0119 kolagenu i elastyny, pomaga zmniejszy\u0107 widoczno\u015b\u0107 zmarszczek, obwis\u0142o\u015bci i drobnych linii \u2013 ujawniaj\u0105c j\u0119drniejsz\u0105, m\u0142odsz\u0105 sk\u00f3r\u0119.<\/p>\n<h4><strong>D\u0142ugotrwa\u0142e g\u0142\u0119bokie nawil\u017cenie<\/strong><\/h4>\n<p>Dzi\u0119ki bogatym kwasom t\u0142uszczowym w oleju arganowym i ma\u015ble shea ten krem blokuje wilgo\u0107 na godziny, utrzymuj\u0105c sk\u00f3r\u0119 mi\u0119kk\u0105 i nawil\u017con\u0105 przez ca\u0142y dzie\u0144.<\/p>\n<h4><strong>Walczy ze zmarszczkami i oznakami starzenia<\/strong><\/h4>\n<p>Zauwa\u017c r\u00f3\u017cnic\u0119 w teksturze i wygl\u0105dzie sk\u00f3ry. Ten krem celuje w przedwczesne oznaki starzenia i promuje g\u0142adsze, bardziej pulchne wyko\u0144czenie.<\/p>\n<h4><strong>G\u0142adzi tekstur\u0119 sk\u00f3ry<\/strong><\/h4>\n<p>Przy regularnym stosowaniu sk\u00f3ra staje si\u0119 aksamitna i dopracowana. O\u017cywia matow\u0105, zm\u0119czon\u0105 sk\u00f3r\u0119 i przywraca jej naturalny blask.<\/p>\n<h4><strong>Idealny dla delikatnych obszar\u00f3w<\/strong><\/h4>\n<p>Delikatny, ale skuteczny \u2013 ten krem zdzia\u0142a cuda na wra\u017cliwych miejscach, takich jak usta, okolice oczu czy nawet suche kostki, pomagaj\u0105c przywr\u00f3ci\u0107 mi\u0119kko\u015b\u0107 i elastyczno\u015b\u0107.<\/p>\n<h4><strong>Celuje w pryszcze, opuchlizn\u0119 i worki pod oczami<\/strong><\/h4>\n<p>Jego w\u0142a\u015bciwo\u015bci przeciwzapalne pomagaj\u0105 \u0142agodzi\u0107 wypryski, zmniejsza\u0107 opuchlizn\u0119 i minimalizowa\u0107 cienie pod oczami.<\/p>\n<h3>Jak stosowa\u0107 krem Orgakera Cream Argan<\/h3>\n<p>Na\u0142\u00f3\u017c krem Orgakera Cream Argan na czyst\u0105 sk\u00f3r\u0119 <strong>2\u20133 razy dziennie<\/strong>.<br \/>\nSkup si\u0119 na twarzy, szyi, ustach, okolicach oczu i innych suchych lub podatnych na starzenie obszarach.<br \/>\nDelikatnie masuj, a\u017c do pe\u0142nego wch\u0142oni\u0119cia. Stosuj regularnie dla najlepszych rezultat\u00f3w.<\/p>\n<h3>Ostatnie my\u015bli<\/h3>\n<p>Twoja sk\u00f3ra opowiada Twoj\u0105 histori\u0119 \u2013 uczy\u0144 j\u0105 promienn\u0105. Z pot\u0119\u017cn\u0105 moc\u0105 <strong>kremu Orgakera Cream Argan<\/strong> nie tylko nawil\u017casz; transformujesz sk\u00f3r\u0119 od wewn\u0105trz. Jego luksusowa mieszanka naturalnych sk\u0142adnik\u00f3w zapewnia g\u0142\u0119bokie nawil\u017cenie, g\u0142adk\u0105 tekstur\u0119 i widoczn\u0105 m\u0142odo\u015b\u0107, z ka\u017cdym na\u0142o\u017ceniem.<\/p>\n<p><strong>W\u0142\u0105cz krem Orgakera Cream Argan do swojego rytua\u0142u pi\u0119kna ju\u017c dzi\u015b i odkryj swoje najpi\u0119kniejsze, nawil\u017cone ja.<\/strong><br \/>\nWitaj w <strong>Hurghada Shop<\/strong> \u2013 gdzie premium piel\u0119gnacja sk\u00f3ry spotyka si\u0119 z najlepszymi darami natury.<\/p>\n<p>&nbsp;<\/p>\n<p style=\"text-align: center;\">Dzi\u0119kujemy za zakupy w <em data-start=\"415\" data-end=\"431\"><a href=\"https:\/\/bazaar.express\/pl\/\">Bazaar Express<\/a><\/em> \u2013 cieszymy si\u0119, \u017ce jeste\u015b z nami!<\/p>\n<p style=\"text-align: center;\">Twoja podr\u00f3\u017c do lepszej samo opieki zaczyna si\u0119 tutaj \u2013 z <a href=\"https:\/\/bazaar.express\/product-category\/beauty-care\/\">Beauty &#038; Care<\/a>, na kt\u00f3rym mo\u017cesz polega\u0107.<\/p>\n","protected":false},"excerpt":{"rendered":"<h3 data-start=\"474\" data-end=\"640\">Luksusowy krem wzbogacony o olej arganowy i mas\u0142o shea, kt\u00f3ry g\u0142\u0119boko nawil\u017ca, redukuje zmarszczki i poprawia elastyczno\u015b\u0107 sk\u00f3ry. Idealny dla suchych, starzej\u0105cych si\u0119 i delikatnych obszar\u00f3w.<\/h3>\n","protected":false},"featured_media":43428,"comment_status":"open","ping_status":"closed","template":"","meta":[],"product_brand":[],"product_cat":[1192],"product_tag":[1548,1473,1470],"class_list":{"0":"post-43427","1":"product","2":"type-product","3":"status-publish","4":"has-post-thumbnail","6":"product_cat-pielegnacja-urody","7":"product_tag-krem","8":"product_tag-masaz","9":"product_tag-olejek","10":"pa_l-xl-150ml","11":"pa_l-xl-300ml","13":"first","14":"instock","15":"shipping-taxable","16":"purchasable","17":"product-type-variable"},"_links":{"self":[{"href":"https:\/\/bazaar.express\/pl\/wp-json\/wp\/v2\/product\/43427","targetHints":{"allow":["GET"]}}],"collection":[{"href":"https:\/\/bazaar.express\/pl\/wp-json\/wp\/v2\/product"}],"about":[{"href":"https:\/\/bazaar.express\/pl\/wp-json\/wp\/v2\/types\/product"}],"replies":[{"embeddable":true,"href":"https:\/\/bazaar.express\/pl\/wp-json\/wp\/v2\/comments?post=43427"}],"wp:featuredmedia":[{"embeddable":true,"href":"https:\/\/bazaar.express\/pl\/wp-json\/wp\/v2\/media\/43428"}],"wp:attachment":[{"href":"https:\/\/bazaar.express\/pl\/wp-json\/wp\/v2\/media?parent=43427"}],"wp:term":[{"taxonomy":"product_brand","embeddable":true,"href":"https:\/\/bazaar.express\/pl\/wp-json\/wp\/v2\/product_brand?post=43427"},{"taxonomy":"product_cat","embeddable":true,"href":"https:\/\/bazaar.express\/pl\/wp-json\/wp\/v2\/product_cat?post=43427"},{"taxonomy":"product_tag","embeddable":true,"href":"https:\/\/bazaar.express\/pl\/wp-json\/wp\/v2\/product_tag?post=43427"}],"curies":[{"name":"wp","href":"https:\/\/api.w.org\/{rel}","templated":true}]}}