{"id":43446,"date":"2025-01-03T15:39:50","date_gmt":"2025-01-03T15:39:50","guid":{"rendered":"https:\/\/bazaar.express\/product\/camel-milk-4\/"},"modified":"2026-02-08T21:23:52","modified_gmt":"2026-02-08T21:23:52","slug":"camel-milk-4","status":"publish","type":"product","link":"https:\/\/bazaar.express\/pl\/produkt\/camel-milk-4\/","title":{"rendered":"Lotion z mleka wielb\u0142\u0105dziego z czarnym kminkiem i wanili\u0105"},"content":{"rendered":"<h2 data-start=\"345\" data-end=\"431\">Lotion z mleka wielb\u0142\u0105dziego z czarnym kminkiem i wanili\u0105 \u2013 Poczuj naturalny luksus na sk\u00f3rze<\/h2>\n<h3 data-start=\"433\" data-end=\"501\">Odwied\u017a, nawil\u017c i promieniej dzi\u0119ki najlepszym sk\u0142adnikom natury<\/h3>\n<p data-start=\"503\" data-end=\"882\">Przedstawiamy <strong data-start=\"515\" data-end=\"562\">Lotion z mleka wielb\u0142\u0105dziego z czarnym kminkiem i wanili\u0105<\/strong> \u2014 wyj\u0105tkowy luksusowy produkt do piel\u0119gnacji sk\u00f3ry, zaprojektowany do nawil\u017cania, uspokajania i przywracania naturalnego blasku sk\u00f3ry. Wzbogacony o pot\u0119\u017cne sk\u0142adniki od\u017cywcze mleka wielb\u0142\u0105dziego, lecznicze w\u0142a\u015bciwo\u015bci oleju z czarnego kminku i relaksuj\u0105cy aromat wanilii, ten lotion staje si\u0119 Twoim nowym codziennym rytua\u0142em dla od\u017cywionej, wyr\u00f3wnanej i promieniej\u0105cej sk\u00f3ry.<\/p>\n<p data-start=\"884\" data-end=\"1064\">Niezale\u017cnie od tego, czy walczysz z sucho\u015bci\u0105, matowo\u015bci\u0105, uszkodzeniami s\u0142onecznymi czy podra\u017cnieniami, ta wszechstronna formu\u0142a dzia\u0142a g\u0142\u0119boko, nawil\u017caj\u0105c, rozja\u015bniaj\u0105c i chroni\u0105c \u2014 idealna dla wszystkich typ\u00f3w sk\u00f3ry.<\/p>\n<h3 data-start=\"1071\" data-end=\"1132\">Dlaczego wybra\u0107 lotion z mleka wielb\u0142\u0105dziego z czarnym kminkiem i wanili\u0105?<\/h3>\n<p data-start=\"1134\" data-end=\"1338\">Ta bogata, kremowa formu\u0142a to co\u015b wi\u0119cej ni\u017c zwyk\u0142y nawil\u017cacz \u2014 to kompleksowe rozwi\u0105zanie do piel\u0119gnacji sk\u00f3ry, pe\u0142ne <strong data-start=\"1240\" data-end=\"1272\">naturalnych substancji aktywnych i witamin<\/strong>, kt\u00f3re zapewniaj\u0105 natychmiastowy komfort i d\u0142ugoterminow\u0105 transformacj\u0119.<\/p>\n<p data-start=\"1340\" data-end=\"1505\">Od uspokajania sk\u00f3ry poparzonej s\u0142o\u0144cem po wyg\u0142adzanie ciemnych plam i drobnych zmarszczek, ka\u017cdy sk\u0142adnik jest starannie dobrany, aby poprawi\u0107 zdrowie i wygl\u0105d sk\u00f3ry \u2014 w spos\u00f3b naturalny.<\/p>\n<h3 data-start=\"1512\" data-end=\"1554\">G\u0142\u00f3wne korzy\u015bci lotionu z mleka wielb\u0142\u0105dziego<\/h3>\n<h4 data-start=\"1556\" data-end=\"1602\">G\u0142\u0119bokie nawil\u017cenie i zmi\u0119kczanie sk\u00f3ry<\/h4>\n<p data-start=\"1603\" data-end=\"1801\">Mleko wielb\u0142\u0105dzie zawiera naturaln\u0105 lanolin\u0119 i niezb\u0119dne kwasy t\u0142uszczowe, kt\u00f3re pomagaj\u0105 <strong data-start=\"1675\" data-end=\"1696\">utrzyma\u0107 nawil\u017cenie<\/strong> i przywr\u00f3ci\u0107 barier\u0119 sk\u00f3rn\u0105, pozostawiaj\u0105c sk\u00f3r\u0119 mi\u0119kk\u0105, g\u0142adk\u0105 i g\u0142\u0119boko od\u017cywion\u0105 przez ca\u0142y dzie\u0144.<\/p>\n<h4 data-start=\"1803\" data-end=\"1834\">Piling i rozja\u015bnianie<\/h4>\n<p data-start=\"1835\" data-end=\"2065\"><strong data-start=\"1839\" data-end=\"1869\">Kwas alfa-hydroksylowy (AHA)<\/strong> w mleku wielb\u0142\u0105dzie delikatnie usuwa martwe kom\u00f3rki sk\u00f3ry, poprawiaj\u0105c odnow\u0119 kom\u00f3rkow\u0105 i ujawniaj\u0105c ja\u015bniejsz\u0105, czystsza sk\u00f3r\u0119. To pomaga zmniejszy\u0107 pigmentacj\u0119, blizny potr\u0105dzikowe i nier\u00f3wny koloryt sk\u00f3ry przy regularnym stosowaniu.<\/p>\n<h4 data-start=\"2067\" data-end=\"2112\">Uspokaja stany zapalne i leczy uszkodzenia<\/h4>\n<p data-start=\"2113\" data-end=\"2268\">Olej z czarnego kminku, ekstrakt z rumianku i aloes dostarczaj\u0105 <strong data-start=\"2170\" data-end=\"2208\">naturalnych korzy\u015bci przeciwzapalnych<\/strong>, idealnych do uspokajania sk\u00f3ry poparzonej s\u0142o\u0144cem, wra\u017cliwej lub podra\u017cnionej.<\/p>\n<h4 data-start=\"2270\" data-end=\"2307\">Ochrona bogata w antyoksydanty<\/h4>\n<p data-start=\"2308\" data-end=\"2487\">Wzbogacony o <strong data-start=\"2320\" data-end=\"2341\">witaminy A, E, B5<\/strong> i <strong data-start=\"2347\" data-end=\"2364\">olej z otr\u0119b\u00f3w ry\u017cowych<\/strong>, ten lotion pomaga chroni\u0107 sk\u00f3r\u0119 przed stresem \u015brodowiskowym i przedwczesnym starzeniem, jednocze\u015bnie promuj\u0105c elastyczno\u015b\u0107 i j\u0119drno\u015b\u0107.<\/p>\n<h4 data-start=\"2489\" data-end=\"2531\">Relaks z nut\u0105 wanilii i zapach<\/h4>\n<p data-start=\"2532\" data-end=\"2691\">Wanilia nie tylko nadaje lekki, relaksuj\u0105cy zapach, ale tak\u017ce koi i od\u017cywia sk\u00f3r\u0119 \u2014 zmieniaj\u0105c Twoj\u0105 rutyn\u0119 piel\u0119gnacyjn\u0105 w relaksuj\u0105cy moment jak w spa.<\/p>\n<h3 data-start=\"2698\" data-end=\"2735\">Mocne naturalne sk\u0142adniki<\/h3>\n<ul data-start=\"2737\" data-end=\"3414\">\n<li data-start=\"2737\" data-end=\"2831\">\n<p data-start=\"2739\" data-end=\"2831\"><strong data-start=\"2739\" data-end=\"2753\">Mleko wielb\u0142\u0105dzie<\/strong> \u2013 Bogate w AHA, minera\u0142y i bia\u0142ka do pilingu, nawil\u017cania i rozja\u015bniania.<\/p>\n<\/li>\n<li data-start=\"2832\" data-end=\"2928\">\n<p data-start=\"2834\" data-end=\"2928\"><strong data-start=\"2834\" data-end=\"2852\">Olej z czarnego kminku<\/strong> \u2013 Znany z w\u0142a\u015bciwo\u015bci leczniczych, przeciwzapalnych i antybakteryjnych.<\/p>\n<\/li>\n<li data-start=\"2929\" data-end=\"2999\">\n<p data-start=\"2931\" data-end=\"2999\"><strong data-start=\"2931\" data-end=\"2950\">Ekstrakt z wanilii<\/strong> \u2013 Koi sk\u00f3r\u0119 z mi\u0119kkim, luksusowym aromatem.<\/p>\n<\/li>\n<li data-start=\"3000\" data-end=\"3085\">\n<p data-start=\"3002\" data-end=\"3085\"><strong data-start=\"3002\" data-end=\"3019\">Olej z otr\u0119b\u00f3w ry\u017cowych<\/strong> \u2013 Wzbogacony o antyoksydanty i witamin\u0119 E dla poprawy elastyczno\u015bci.<\/p>\n<\/li>\n<li data-start=\"3086\" data-end=\"3171\">\n<p data-start=\"3088\" data-end=\"3171\"><strong data-start=\"3088\" data-end=\"3119\">Olej jojoba i olej z zarodk\u00f3w pszenicy<\/strong> \u2013 G\u0142\u0119boko nawil\u017caj\u0105 i wzmacniaj\u0105 barier\u0119 sk\u00f3rn\u0105.<\/p>\n<\/li>\n<li data-start=\"3172\" data-end=\"3253\">\n<p data-start=\"3174\" data-end=\"3253\"><strong data-start=\"3174\" data-end=\"3200\">Rumianek i witamina B5<\/strong> \u2013 Koj\u0105, lecz\u0105 i zmniejszaj\u0105 zaczerwienienia i podra\u017cnienia.<\/p>\n<\/li>\n<li data-start=\"3254\" data-end=\"3334\">\n<p data-start=\"3256\" data-end=\"3334\"><strong data-start=\"3256\" data-end=\"3277\">Ekstrakt z aloesu<\/strong> \u2013 Ch\u0142odzi i nawil\u017ca wra\u017cliw\u0105 lub uszkodzon\u0105 s\u0142o\u0144cem sk\u00f3r\u0119.<\/p>\n<\/li>\n<li data-start=\"3335\" data-end=\"3414\">\n<p data-start=\"3337\" data-end=\"3414\"><strong data-start=\"3337\" data-end=\"3366\">Ekstrakt z kawioru i kolagen<\/strong> \u2013 Przywracaj\u0105 elastyczno\u015b\u0107 i zmniejszaj\u0105 oznaki starzenia.<\/p>\n<\/li>\n<\/ul>\n<h3 data-start=\"3421\" data-end=\"3440\">Jak stosowa\u0107<\/h3>\n<ol data-start=\"3442\" data-end=\"3661\">\n<li data-start=\"3442\" data-end=\"3524\">\n<p data-start=\"3445\" data-end=\"3524\">Na\u0142\u00f3\u017c niewielk\u0105 ilo\u015b\u0107 na suche, wra\u017cliwe lub wystawione na s\u0142o\u0144ce obszary 2\u20133 razy dziennie.<\/p>\n<\/li>\n<li data-start=\"3525\" data-end=\"3586\">\n<p data-start=\"3528\" data-end=\"3586\">Delikatnie masuj okr\u0119\u017cnymi ruchami, a\u017c do pe\u0142nego wch\u0142oni\u0119cia.<\/p>\n<\/li>\n<li data-start=\"3587\" data-end=\"3661\">\n<p data-start=\"3590\" data-end=\"3661\">Stosuj codziennie dla najlepszych rezultat\u00f3w, zw\u0142aszcza po prysznicu lub ekspozycji na s\u0142o\u0144ce.<\/p>\n<\/li>\n<\/ol>\n<h3 data-start=\"3668\" data-end=\"3685\">\u26a0\ufe0f Ostrze\u017cenia<\/h3>\n<ul data-start=\"3687\" data-end=\"3797\">\n<li data-start=\"3687\" data-end=\"3713\">\n<p data-start=\"3689\" data-end=\"3713\">Tylko do u\u017cytku zewn\u0119trznego.<\/p>\n<\/li>\n<li data-start=\"3714\" data-end=\"3742\">\n<p data-start=\"3716\" data-end=\"3742\">Unikaj kontaktu z oczami.<\/p>\n<\/li>\n<li data-start=\"3743\" data-end=\"3797\">\n<p data-start=\"3745\" data-end=\"3797\">Przechowuj w ch\u0142odnym, suchym miejscu, poza zasi\u0119giem dzieci.<\/p>\n<\/li>\n<\/ul>\n<h2 data-start=\"3804\" data-end=\"3831\">Dlaczego ten lotion powinien by\u0107 w Twojej rutynie piel\u0119gnacyjnej<\/h2>\n<p data-start=\"4354\" data-end=\"4645\"><strong data-start=\"4354\" data-end=\"4401\">Lotion z mleka wielb\u0142\u0105dziego z czarnym kminkiem i wanili\u0105<\/strong> to co\u015b wi\u0119cej ni\u017c nawil\u017cenie \u2014 to pe\u0142ne do\u015bwiadczenie piel\u0119gnacyjne. Bez wzgl\u0119du na to, czy chcesz <strong data-start=\"4485\" data-end=\"4504\">rozja\u015bni\u0107 ciemne plamy<\/strong>, <strong data-start=\"4506\" data-end=\"4525\">uleczy\u0107 podra\u017cnienia<\/strong>, czy po prostu <strong data-start=\"4535\" data-end=\"4581\">rozpie\u015bci\u0107 si\u0119 luksusowym rytua\u0142em nawil\u017cania<\/strong>, ten lotion zapewnia widoczne rezultaty i mi\u0119kkie, jedwabiste wyko\u0144czenie.<\/p>\n<p data-start=\"4647\" data-end=\"4871\">Nadaje si\u0119 do wszystkich typ\u00f3w sk\u00f3ry, w tym wra\u017cliwej, i jest idealny do codziennego u\u017cytku. Po\u0142\u0105czenie mleka wielb\u0142\u0105dziego, oleju z czarnego kminku i wanilii dostarcza sk\u00f3rze wszystkiego, czego potrzebuje, aby pozosta\u0107 nawil\u017con\u0105, zdrow\u0105 i promieniej\u0105c\u0105.<\/p>\n<h2 data-start=\"4878\" data-end=\"4929\">Piel\u0119gnuj sk\u00f3r\u0119 naturalnie \u2014 zacznij ju\u017c dzi\u015b!<\/h2>\n<p data-start=\"4931\" data-end=\"5172\">Po\u017cegnaj such\u0105, matow\u0105 i nier\u00f3wn\u0105 sk\u00f3r\u0119. Pozw\u00f3l, by <strong data-start=\"4979\" data-end=\"5026\">Lotion z mleka wielb\u0142\u0105dziego z czarnym kminkiem i wanili\u0105<\/strong> przywr\u00f3ci\u0142 blask z ka\u017cdym u\u017cyciem. Dodaj ten luksusowy lotion do swojej rutyny i ciesz si\u0119 g\u0142adsz\u0105, mi\u0119ksz\u0105 i bardziej promienn\u0105 cer\u0105 \u2014 naturalnie.<\/p>\n<p data-start=\"5174\" data-end=\"5247\">\ud83d\uded2 <strong data-start=\"5177\" data-end=\"5247\">Zam\u00f3w teraz i poczuj r\u00f3\u017cnic\u0119 ju\u017c przy pierwszej aplikacji!<\/strong><\/p>\n<p style=\"text-align: center;\">Dzi\u0119kujemy za zakupy w <em data-start=\"415\" data-end=\"431\"><a href=\"https:\/\/bazaar.express\/pl\/\">Bazaar Express<\/a><\/em> \u2013 cieszymy si\u0119, \u017ce jeste\u015b z nami!<\/p>\n<p style=\"text-align: center;\">Twoja podr\u00f3\u017c do lepszej piel\u0119gnacji siebie zaczyna si\u0119 tutaj \u2014 z <a href=\"https:\/\/bazaar.express\/product-category\/beauty-care\/\">Beauty &#038; Care<\/a>, na kt\u00f3rym mo\u017cesz polega\u0107.<\/p>\n","protected":false},"excerpt":{"rendered":"<h3>Odkryj luksusowe po\u0142\u0105czenie mleka wielb\u0142\u0105dziego, oleju z czarnego kminku i wanilii w tym g\u0142\u0119boko nawil\u017caj\u0105cym lotionie. Idealny do kojenia suchej, podra\u017cnionej lub wystawionej na s\u0142o\u0144ce sk\u00f3ry, pozostawia sk\u00f3r\u0119 mi\u0119kk\u0105, promienn\u0105 i od\u015bwie\u017con\u0105. Nadaje si\u0119 do wszystkich typ\u00f3w sk\u00f3ry.<\/h3>\n","protected":false},"featured_media":43447,"comment_status":"open","ping_status":"closed","template":"","meta":[],"product_brand":[],"product_cat":[1192,1199],"product_tag":[1470,1466,1467],"class_list":{"0":"post-43446","1":"product","2":"type-product","3":"status-publish","4":"has-post-thumbnail","6":"product_cat-pielegnacja-urody","7":"product_cat-najlepsze-z-egiptu","8":"product_tag-olejek","9":"product_tag-pielegnacja-skory","10":"product_tag-pielegnacja-urody","11":"pa_l-xl-250ml","13":"first","14":"instock","15":"shipping-taxable","16":"purchasable","17":"product-type-simple"},"_links":{"self":[{"href":"https:\/\/bazaar.express\/pl\/wp-json\/wp\/v2\/product\/43446","targetHints":{"allow":["GET"]}}],"collection":[{"href":"https:\/\/bazaar.express\/pl\/wp-json\/wp\/v2\/product"}],"about":[{"href":"https:\/\/bazaar.express\/pl\/wp-json\/wp\/v2\/types\/product"}],"replies":[{"embeddable":true,"href":"https:\/\/bazaar.express\/pl\/wp-json\/wp\/v2\/comments?post=43446"}],"wp:featuredmedia":[{"embeddable":true,"href":"https:\/\/bazaar.express\/pl\/wp-json\/wp\/v2\/media\/43447"}],"wp:attachment":[{"href":"https:\/\/bazaar.express\/pl\/wp-json\/wp\/v2\/media?parent=43446"}],"wp:term":[{"taxonomy":"product_brand","embeddable":true,"href":"https:\/\/bazaar.express\/pl\/wp-json\/wp\/v2\/product_brand?post=43446"},{"taxonomy":"product_cat","embeddable":true,"href":"https:\/\/bazaar.express\/pl\/wp-json\/wp\/v2\/product_cat?post=43446"},{"taxonomy":"product_tag","embeddable":true,"href":"https:\/\/bazaar.express\/pl\/wp-json\/wp\/v2\/product_tag?post=43446"}],"curies":[{"name":"wp","href":"https:\/\/api.w.org\/{rel}","templated":true}]}}