{"id":43508,"date":"2025-01-09T15:31:03","date_gmt":"2025-01-09T15:31:03","guid":{"rendered":"https:\/\/bazaar.express\/product\/flax-seed-oil-2\/"},"modified":"2026-02-08T21:23:58","modified_gmt":"2026-02-08T21:23:58","slug":"flax-seed-oil-2","status":"publish","type":"product","link":"https:\/\/bazaar.express\/pl\/produkt\/flax-seed-oil-2\/","title":{"rendered":"Olej z siemienia lnianego organiczny"},"content":{"rendered":"<h2 data-start=\"323\" data-end=\"422\">Olej z siemienia lnianego NAKAA organiczny \u2013 tajemnica natury dla witalnego zdrowia, promiennej sk\u00f3ry i mocnych w\u0142os\u00f3w<\/h2>\n<p data-start=\"424\" data-end=\"866\">Odkryj ostateczne wsparcie dla dobrego samopoczucia dzi\u0119ki <strong data-start=\"466\" data-end=\"497\">organicznemu olejowi z siemienia lnianego NAKAA<\/strong>, premium olejowi t\u0142oczonemu na zimno z wysokiej jako\u015bci organicznego siemienia lnianego. Bogaty w <strong data-start=\"577\" data-end=\"612\">kwasy t\u0142uszczowe omega-3 i omega-6<\/strong>, witaminy A, B, E i F, ten olej jest codziennym sojusznikiem dla lepszego zdrowia serca, g\u0142adkiej sk\u00f3ry, mocniejszych w\u0142os\u00f3w i poprawionego trawienia. Czy stosujesz go jako suplement, czy nak\u0142adasz zewn\u0119trznie, ten wszechstronny olej naturalnie wspiera Twoj\u0105 urod\u0119 i zdrowie.<\/p>\n<h3 data-start=\"873\" data-end=\"926\"> Korzy\u015bci zdrowotne oleju z siemienia lnianego NAKAA organicznego<\/h3>\n<h4 data-start=\"928\" data-end=\"966\">\u2705 Bogaty w niezb\u0119dne kwasy t\u0142uszczowe<\/h4>\n<p data-start=\"967\" data-end=\"1233\">Nasz olej dostarcza pot\u0119\u017cn\u0105 dawk\u0119 <strong data-start=\"1003\" data-end=\"1037\">kwasu alfa-linolenowego (omega-3)<\/strong> i <strong data-start=\"1042\" data-end=\"1069\">kwasu linolowego (omega-6)<\/strong>, niezb\u0119dnych t\u0142uszcz\u00f3w, kt\u00f3rych organizm nie mo\u017ce sam wytworzy\u0107. Te sk\u0142adniki od\u017cywcze poprawiaj\u0105 zdrowie serca, funkcjonowanie m\u00f3zgu i pomagaj\u0105 regulowa\u0107 stan zapalny w ca\u0142ym organizmie.<\/p>\n<h4 data-start=\"1235\" data-end=\"1264\">\u2705 Lepszy ni\u017c olej rybi<\/h4>\n<p data-start=\"1265\" data-end=\"1458\">Organiczny olej z siemienia lnianego NAKAA zawiera <strong data-start=\"1302\" data-end=\"1343\">dwukrotnie wi\u0119cej nienasyconych kwas\u00f3w t\u0142uszczowych<\/strong> ni\u017c olej rybi. To idealna alternatywa ro\u015blinna dla wegetarian, wegan i os\u00f3b szukaj\u0105cych czystego od\u017cywiania.<\/p>\n<h4 data-start=\"1460\" data-end=\"1491\">\u2705 Wsparcie uk\u0142adu kr\u0105\u017cenia<\/h4>\n<p data-start=\"1492\" data-end=\"1671\">Badania pokazuj\u0105, \u017ce olej z siemienia lnianego mo\u017ce <strong data-start=\"1524\" data-end=\"1566\">zmniejszy\u0107 ryzyko udaru o nawet 40%<\/strong>. Pomaga tak\u017ce obni\u017ca\u0107 z\u0142y cholesterol (LDL), regulowa\u0107 ci\u015bnienie krwi i wspiera\u0107 og\u00f3lne zdrowie serca.<\/p>\n<h4 data-start=\"1673\" data-end=\"1709\">\u2705 Promienna sk\u00f3ra i zdrowe w\u0142osy<\/h4>\n<p data-start=\"1710\" data-end=\"1918\">Ten olej jest bogaty w <strong data-start=\"1730\" data-end=\"1743\">witamin\u0119 E<\/strong>, pot\u0119\u017cny antyoksydant, kt\u00f3ry zwalcza oznaki starzenia, przywraca nawil\u017cenie sk\u00f3ry i wspiera wzrost w\u0142os\u00f3w. Wzmacnia tak\u017ce paznokcie i nadaje naturalnie promienny wygl\u0105d.<\/p>\n<h4 data-start=\"1920\" data-end=\"1948\">\u2705 Wspomaga utrat\u0119 wagi<\/h4>\n<p data-start=\"1949\" data-end=\"2124\">Poprzez zwi\u0119kszanie metabolizmu t\u0142uszcz\u00f3w i rozk\u0142adanie zmagazynowanego t\u0142uszczu, olej z siemienia lnianego wspiera zdrow\u0105 kontrol\u0119 wagi. <strong data-start=\"2052\" data-end=\"2065\">Witamina F<\/strong> i <strong data-start=\"2070\" data-end=\"2083\">witamina E<\/strong> wsp\u00f3\u0142pracuj\u0105, aby bezpiecznie spala\u0107 nadmiar t\u0142uszczu.<\/p>\n<h4 data-start=\"2126\" data-end=\"2158\">\u2705 Pe\u0142en wa\u017cnych sk\u0142adnik\u00f3w od\u017cywczych<\/h4>\n<p data-start=\"2159\" data-end=\"2289\">Wype\u0142niony <strong data-start=\"2171\" data-end=\"2195\">witaminami A, B i F<\/strong>, wspomaga r\u00f3wnomierny koloryt sk\u00f3ry, zdrowe funkcjonowanie nerw\u00f3w, mocne paznokcie i m\u0142od\u0105 sk\u00f3r\u0119.<\/p>\n<h4 data-start=\"2291\" data-end=\"2318\">\u2705 Wspiera trawienie<\/h4>\n<p data-start=\"2319\" data-end=\"2496\">Organiczny olej z siemienia lnianego NAKAA dzia\u0142a jako <strong data-start=\"2358\" data-end=\"2386\">\u0142agodny, naturalny \u015brodek przeczyszczaj\u0105cy<\/strong>. Poprawia zdrowie jelit, \u0142agodzi zaparcia i koi stany zapalne trawienne, takie jak zapalenie \u017co\u0142\u0105dka i wrzody.<\/p>\n<h4 data-start=\"2498\" data-end=\"2532\">\u2705 Chroni w\u0105trob\u0119 i trzustk\u0119<\/h4>\n<p data-start=\"2533\" data-end=\"2683\">Pomaga utrzymywa\u0107 zdrowie w\u0105troby, walcz\u0105c z st\u0142uszczeniem w\u0105troby, zapaleniem w\u0105troby i marsko\u015bci\u0105. Wspiera tak\u017ce regulacj\u0119 poziomu cukru we krwi, pomagaj\u0105c osobom z cukrzyc\u0105.<\/p>\n<h4 data-start=\"2685\" data-end=\"2718\">\u2705 Silne dzia\u0142anie przeciwzapalne<\/h4>\n<p data-start=\"2719\" data-end=\"2894\">W\u0142a\u015bciwo\u015bci przeciwzapalne czyni\u0105 go idealnym dla <strong data-start=\"2770\" data-end=\"2795\">b\u00f3l\u00f3w staw\u00f3w, artretyzmu<\/strong> a nawet <strong data-start=\"2806\" data-end=\"2830\">gojenia pooperacyjnego<\/strong>. Przyspiesza tak\u017ce gojenie ran i \u0142agodzi schorzenia sk\u00f3ry.<\/p>\n<h3 data-start=\"2901\" data-end=\"2946\"> Jak stosowa\u0107 olej z siemienia lnianego NAKAA organiczny<\/h3>\n<ul data-start=\"2948\" data-end=\"3459\">\n<li data-start=\"2948\" data-end=\"3069\">\n<p data-start=\"2950\" data-end=\"3069\"><strong data-start=\"2950\" data-end=\"2973\">Dla og\u00f3lnego zdrowia:<\/strong> Przyjmuj 1 \u0142y\u017ceczk\u0119 2\u20133 razy dziennie, 20 minut przed posi\u0142kami, przez 3\u20134 tygodnie. Powtarzaj co 3 miesi\u0105ce.<\/p>\n<\/li>\n<li data-start=\"3070\" data-end=\"3165\">\n<p data-start=\"3072\" data-end=\"3165\"><strong data-start=\"3072\" data-end=\"3090\">Dla trawienia:<\/strong> Przyjmuj 1\u20132 \u0142y\u017cki przed snem, aby z\u0142agodzi\u0107 zaparcia lub dodawaj do jedzenia codziennie.<\/p>\n<\/li>\n<li data-start=\"3166\" data-end=\"3259\">\n<p data-start=\"3168\" data-end=\"3259\"><strong data-start=\"3168\" data-end=\"3188\">Dla sk\u00f3ry i w\u0142os\u00f3w:<\/strong> Nak\u0142adaj zewn\u0119trznie na twarz, cia\u0142o lub sk\u00f3r\u0119 g\u0142owy, aby g\u0142\u0119boko od\u017cywia\u0107 i nawil\u017ca\u0107.<\/p>\n<\/li>\n<li data-start=\"3260\" data-end=\"3367\">\n<p data-start=\"3262\" data-end=\"3367\"><strong data-start=\"3262\" data-end=\"3290\">Dla w\u0105troby i cholesterolu:<\/strong> Przyjmuj 1 \u0142y\u017ceczk\u0119 z posi\u0142kami przez 2\u20133 tygodnie, aby obni\u017cy\u0107 LDL i wspiera\u0107 funkcjonowanie w\u0105troby.<\/p>\n<\/li>\n<li data-start=\"3368\" data-end=\"3459\">\n<p data-start=\"3370\" data-end=\"3459\"><strong data-start=\"3370\" data-end=\"3387\">Dla regeneracji:<\/strong> Stosuj po operacji, aby zmniejszy\u0107 stan zapalny i przyspieszy\u0107 naturalne gojenie.<\/p>\n<\/li>\n<\/ul>\n<h3 data-start=\"3466\" data-end=\"3512\"> Dlaczego wybra\u0107 organiczny olej z siemienia lnianego NAKAA?<\/h3>\n<h4 data-start=\"3514\" data-end=\"3543\"> T\u0142oczony na zimno i czysty<\/h4>\n<p data-start=\"3544\" data-end=\"3679\">Wyekstrahowany metod\u0105 <strong data-start=\"3564\" data-end=\"3585\">t\u0142oczenia na zimno<\/strong>, nasz olej zachowuje wszystkie naturalne sk\u0142adniki od\u017cywcze i czysto\u015b\u0107 \u2013 bez ciep\u0142a, bez dodatk\u00f3w, bez chemikali\u00f3w.<\/p>\n<h4 data-start=\"3681\" data-end=\"3708\"> Etyczny i organiczny<\/h4>\n<p data-start=\"3709\" data-end=\"3813\">Pozyskiwany z najlepszych niegenetycznie modyfikowanych, organicznych nasion lnu i produkowany zgodnie z surowymi standardami jako\u015bci w Egipcie.<\/p>\n<h4 data-start=\"3815\" data-end=\"3849\"> Wielofunkcyjny i skuteczny<\/h4>\n<p data-start=\"3850\" data-end=\"3981\">Niezale\u017cnie od tego, czy u\u017cywasz go dla zdrowia wewn\u0119trznego, czy zewn\u0119trznej urody, ten olej obejmuje wszystko: serce, w\u0105trob\u0119, sk\u00f3r\u0119, w\u0142osy, trawienie i wi\u0119cej.<\/p>\n<h3 data-start=\"3988\" data-end=\"4020\">\u2753 Cz\u0119sto zadawane pytania<\/h3>\n<p data-start=\"4022\" data-end=\"4128\"><strong data-start=\"4022\" data-end=\"4077\">P: Czy ten olej nadaje si\u0119 dla wegan i wegetarian?<\/strong><br data-start=\"4077\" data-end=\"4080\" \/>Absolutnie. Jest w 100% ro\u015blinny i wolny od ryb.<\/p>\n<p data-start=\"4130\" data-end=\"4281\"><strong data-start=\"4130\" data-end=\"4166\">P: Czy mog\u0119 gotowa\u0107 z olejem lnianym?<\/strong><br data-start=\"4166\" data-end=\"4169\" \/>Ze wzgl\u0119du na niski punkt dymienia, najlepiej nadaje si\u0119 do <strong data-start=\"4211\" data-end=\"4228\">u\u017cycia na zimno<\/strong> \u2013 dodawaj do sa\u0142atek, smoothie lub polewaj dania.<\/p>\n<p data-start=\"4283\" data-end=\"4433\"><strong data-start=\"4283\" data-end=\"4320\">P: Czy to pomo\u017ce mi schudn\u0105\u0107?<\/strong><br data-start=\"4320\" data-end=\"4323\" \/>Tak! Przy regularnym stosowaniu <strong data-start=\"4352\" data-end=\"4378\">wspiera rozk\u0142ad t\u0142uszczu<\/strong> i pomaga kontrolowa\u0107 apetyt jako cz\u0119\u015b\u0107 zr\u00f3wnowa\u017conej diety.<\/p>\n<p data-start=\"4435\" data-end=\"4549\"><strong data-start=\"4435\" data-end=\"4472\">P: Jak d\u0142ugo zanim zobacz\u0119 efekty?<\/strong><br data-start=\"4472\" data-end=\"4475\" \/>Wi\u0119kszo\u015b\u0107 u\u017cytkownik\u00f3w zg\u0142asza widoczne poprawy po <strong data-start=\"4517\" data-end=\"4530\">2\u20133 tygodniach<\/strong> konsekwentnego stosowania.<\/p>\n<h2 data-start=\"4986\" data-end=\"5005\"> Podsumowanie<\/h2>\n<p data-start=\"5007\" data-end=\"5235\"><strong data-start=\"5007\" data-end=\"5038\">Organiczny olej z siemienia lnianego NAKAA<\/strong> to wi\u0119cej ni\u017c suplement \u2013 to codzienny krok ku silniejszemu cia\u0142u, g\u0142adkiej sk\u00f3rze i trwa\u0142ej energii. Przyjmij najbogatszy w sk\u0142adniki od\u017cywcze olej natury i przejmij kontrol\u0119 nad swoim dobrym samopoczuciem od wewn\u0105trz.<\/p>\n<p data-start=\"5237\" data-end=\"5322\">\ud83d\udc49 <strong data-start=\"5240\" data-end=\"5322\">Zam\u00f3w teraz i rozpocznij transformacj\u0119 z NAKAA \u2013 Twoje cia\u0142o Ci podzi\u0119kuje!<\/strong><\/p>\n<p style=\"text-align: center;\">Dzi\u0119kujemy za zakupy w <em data-start=\"415\" data-end=\"431\"><a href=\"https:\/\/bazaar.express\/pl\/\">Bazaar Express<\/a><\/em> \u2013 cieszymy si\u0119, \u017ce jeste\u015b z nami!<\/p>\n<p style=\"text-align: center;\">Poczuj si\u0142\u0119 natury \u2014 czyste <a href=\"https:\/\/bazaar.express\/pl\/therapeutic-oils\/\">oleje terapeutyczne<\/a> dla codziennego dobrego samopoczucia.<\/p>\n","protected":false},"excerpt":{"rendered":"<h3 data-start=\"418\" data-end=\"697\">Odkryj si\u0142\u0119 natury z organicznym olejem z siemienia lnianego NAKAA \u2013 t\u0142oczonym na zimno dla maksymalnych sk\u0142adnik\u00f3w od\u017cywczych. Bogaty w omega-3, witaminy A, B, E i F, ten wszechstronny olej wspiera zdrowie serca, blask sk\u00f3ry, si\u0142\u0119 w\u0142os\u00f3w i dobre trawienie. Idealny do codziennego spo\u017cycia lub stosowania zewn\u0119trznego.<\/h3>\n","protected":false},"featured_media":43509,"comment_status":"open","ping_status":"closed","template":"","meta":[],"product_brand":[],"product_cat":[1193,1203,1192],"product_tag":[1465,1470,1466,1467],"class_list":{"0":"post-43508","1":"product","2":"type-product","3":"status-publish","4":"has-post-thumbnail","6":"product_cat-lecznicze-oleje","7":"product_cat-nakaa-naturalne-oleje","8":"product_cat-pielegnacja-urody","9":"product_tag-naturalny-olej","10":"product_tag-olejek","11":"product_tag-pielegnacja-skory","12":"product_tag-pielegnacja-urody","13":"pa_l-xl-135ml","14":"pa_l-xl-250ml","15":"pa_l-xl-60ml","17":"first","18":"instock","19":"shipping-taxable","20":"purchasable","21":"product-type-variable"},"_links":{"self":[{"href":"https:\/\/bazaar.express\/pl\/wp-json\/wp\/v2\/product\/43508","targetHints":{"allow":["GET"]}}],"collection":[{"href":"https:\/\/bazaar.express\/pl\/wp-json\/wp\/v2\/product"}],"about":[{"href":"https:\/\/bazaar.express\/pl\/wp-json\/wp\/v2\/types\/product"}],"replies":[{"embeddable":true,"href":"https:\/\/bazaar.express\/pl\/wp-json\/wp\/v2\/comments?post=43508"}],"wp:featuredmedia":[{"embeddable":true,"href":"https:\/\/bazaar.express\/pl\/wp-json\/wp\/v2\/media\/43509"}],"wp:attachment":[{"href":"https:\/\/bazaar.express\/pl\/wp-json\/wp\/v2\/media?parent=43508"}],"wp:term":[{"taxonomy":"product_brand","embeddable":true,"href":"https:\/\/bazaar.express\/pl\/wp-json\/wp\/v2\/product_brand?post=43508"},{"taxonomy":"product_cat","embeddable":true,"href":"https:\/\/bazaar.express\/pl\/wp-json\/wp\/v2\/product_cat?post=43508"},{"taxonomy":"product_tag","embeddable":true,"href":"https:\/\/bazaar.express\/pl\/wp-json\/wp\/v2\/product_tag?post=43508"}],"curies":[{"name":"wp","href":"https:\/\/api.w.org\/{rel}","templated":true}]}}