{"id":43513,"date":"2025-01-09T02:32:33","date_gmt":"2025-01-09T02:32:33","guid":{"rendered":"https:\/\/bazaar.express\/product\/castor-oil\/"},"modified":"2026-02-08T21:23:58","modified_gmt":"2026-02-08T21:23:58","slug":"castor-oil","status":"publish","type":"product","link":"https:\/\/bazaar.express\/pl\/produkt\/castor-oil\/","title":{"rendered":"Organiczny Olej Rycynowy"},"content":{"rendered":"<h2 data-start=\"284\" data-end=\"384\">NAKAA Organiczny Olej Rycynowy \u2013 Naturalna Tajemnica Silnych W\u0142os\u00f3w, Promiennej Sk\u00f3ry i Lepszej Kondycji<\/h2>\n<h3 data-start=\"386\" data-end=\"442\">Co czyni NAKAA Organiczny Olej Rycynowy niezb\u0119dnym?<\/h3>\n<p data-start=\"444\" data-end=\"931\">NAKAA Organiczny Olej Rycynowy to wysokiej jako\u015bci zimnot\u0142oczony olej pozyskiwany z nasion ro\u015bliny rycynowej (<em data-start=\"545\" data-end=\"563\">Ricinus communis<\/em>), ceniony od wiek\u00f3w za swoje pot\u0119\u017cne w\u0142a\u015bciwo\u015bci terapeutyczne i kosmetyczne. Znany jako eliksir pi\u0119kna od czas\u00f3w staro\u017cytnego Egiptu, ten w pe\u0142ni naturalny olej to wielozadaniowy \u015brodek na sk\u00f3r\u0119, w\u0142osy, paznokcie, a nawet trawienie. Bez wzgl\u0119du na to, czy chcesz zapu\u015bci\u0107 g\u0119ste, l\u015bni\u0105ce w\u0142osy, wyleczy\u0107 such\u0105 sk\u00f3r\u0119 czy poprawi\u0107 naturalny blask, ten olej ma co\u015b dla ka\u017cdego.<\/p>\n<h3 data-start=\"938\" data-end=\"991\">100% Zimnot\u0142oczony i Organiczny \u2013 Skoncentrowany i Czysty<\/h3>\n<p data-start=\"993\" data-end=\"1327\">Pozyskujemy tylko najlepsze organiczne nasiona rycyny i ekstrahujemy olej metod\u0105 zimnego t\u0142oczenia. Dzi\u0119ki temu zachowujemy wszystkie naturalne sk\u0142adniki od\u017cywcze oleju, w tym niezb\u0119dne kwasy t\u0142uszczowe, kwas rycynolowy, antyoksydanty i witaminy. Wolny od szkodliwych chemikali\u00f3w, NAKAA Organiczny Olej Rycynowy dostarcza skoncentrowane korzy\u015bci prosto z natury.<\/p>\n<h3 data-start=\"1334\" data-end=\"1368\">O\u017cyw W\u0142osy i Sk\u00f3r\u0119 G\u0142owy<\/h3>\n<p data-start=\"1370\" data-end=\"1664\">Olej rycynowy jest znany z wysokiej skuteczno\u015bci w promowaniu wzrostu w\u0142os\u00f3w i poprawie zdrowia sk\u00f3ry g\u0142owy. Od\u017cywia mieszki w\u0142osowe, wzmacnia cebulki i zwi\u0119ksza g\u0119sto\u015b\u0107. Je\u015bli zmagasz si\u0119 z przerzedzaniem w\u0142os\u00f3w, rozdwajaniem ko\u0144c\u00f3wek lub such\u0105 sk\u00f3r\u0105 g\u0142owy, ten olej przywraca po\u0142ysk, wilgo\u0107 i obj\u0119to\u015b\u0107 w\u0142osom.<\/p>\n<p data-start=\"1666\" data-end=\"1692\"><strong data-start=\"1666\" data-end=\"1692\">G\u0142\u00f3wne Korzy\u015bci dla W\u0142os\u00f3w:<\/strong><\/p>\n<ul data-start=\"1693\" data-end=\"1836\">\n<li data-start=\"1693\" data-end=\"1741\">\n<p data-start=\"1695\" data-end=\"1741\">Stymuluje wzrost w\u0142os\u00f3w i zmniejsza wypadanie<\/p>\n<\/li>\n<li data-start=\"1742\" data-end=\"1790\">\n<p data-start=\"1744\" data-end=\"1790\">Wzmacnia i nawil\u017ca uszkodzone lub suche w\u0142osy<\/p>\n<\/li>\n<li data-start=\"1791\" data-end=\"1836\">\n<p data-start=\"1793\" data-end=\"1836\">Naturalnie zag\u0119szcza brwi i rz\u0119sy<\/p>\n<\/li>\n<\/ul>\n<h3 data-start=\"1843\" data-end=\"1889\">Piel\u0119gnacja Sk\u00f3ry Zapewniaj\u0105ca G\u0142\u0119bokie Nawil\u017cenie<\/h3>\n<p data-start=\"1891\" data-end=\"2133\">Sucha, \u0142uszcz\u0105ca si\u0119 sk\u00f3ra? NAKAA Organiczny Olej Rycynowy g\u0142\u0119boko nawil\u017ca i odm\u0142adza matow\u0105 sk\u00f3r\u0119. Pomaga zmniejszy\u0107 widoczno\u015b\u0107 drobnych zmarszczek, leczy pop\u0119kane pi\u0119ty, zmi\u0119kcza zgrubia\u0142e miejsca jak \u0142okcie i kolana, a nawet \u0142agodzi podra\u017cnion\u0105 lub zapaln\u0105 sk\u00f3r\u0119.<\/p>\n<p data-start=\"2135\" data-end=\"2161\"><strong data-start=\"2135\" data-end=\"2161\">G\u0142\u00f3wne Korzy\u015bci dla Sk\u00f3ry:<\/strong><\/p>\n<ul data-start=\"2162\" data-end=\"2309\">\n<li data-start=\"2162\" data-end=\"2208\">\n<p data-start=\"2164\" data-end=\"2208\">Zmniejsza zmarszczki i przywraca elastyczno\u015b\u0107<\/p>\n<\/li>\n<li data-start=\"2209\" data-end=\"2255\">\n<p data-start=\"2211\" data-end=\"2255\">Leczy pop\u0119kania sk\u00f3ry i zmi\u0119kcza szorstkie obszary<\/p>\n<\/li>\n<li data-start=\"2256\" data-end=\"2309\">\n<p data-start=\"2258\" data-end=\"2309\">Bezpieczny dla ust, sk\u00f3rek i nawet sk\u00f3ry sk\u0142onnej do tr\u0105dziku<\/p>\n<\/li>\n<\/ul>\n<h3 data-start=\"2316\" data-end=\"2354\">Wspiera Wewn\u0119trzne Zdrowie<\/h3>\n<p data-start=\"2356\" data-end=\"2591\">NAKAA Organiczny Olej Rycynowy dzia\u0142a r\u00f3wnie\u017c jako \u0142agodny naturalny \u015brodek przeczyszczaj\u0105cy. Spo\u017cywany w ma\u0142ych, kontrolowanych ilo\u015bciach, pomaga \u0142agodzi\u0107 zaparcia i poprawia trawienie. To wiekowy \u015brodek poparty przez wsp\u00f3\u0142czesnych zwolennik\u00f3w naturalnego zdrowia.<\/p>\n<p data-start=\"2593\" data-end=\"2660\"><strong data-start=\"2593\" data-end=\"2602\">Uwaga:<\/strong> Zawsze skonsultuj si\u0119 z lekarzem przed spo\u017cyciem wewn\u0119trznym.<\/p>\n<h3 data-start=\"2667\" data-end=\"2710\">Jak Stosowa\u0107 NAKAA Organiczny Olej Rycynowy<\/h3>\n<ul data-start=\"2712\" data-end=\"3242\">\n<li data-start=\"2712\" data-end=\"2861\">\n<p data-start=\"2714\" data-end=\"2861\"><strong data-start=\"2714\" data-end=\"2734\">Na Wzrost W\u0142os\u00f3w:<\/strong> Wymieszaj olej rycynowy z odrobin\u0105 w\u00f3dki (2:1), wmasuj w sk\u00f3r\u0119 g\u0142owy i pozostaw na 30\u201360 minut przed umyciem. Stosuj 1\u20132 razy tygodniowo.<\/p>\n<\/li>\n<li data-start=\"2862\" data-end=\"2970\">\n<p data-start=\"2864\" data-end=\"2970\"><strong data-start=\"2864\" data-end=\"2893\">Na Rz\u0119sy i Brwi:<\/strong> U\u017cyj czystego p\u0119dzelka lub wacika, aby na\u0142o\u017cy\u0107 olej bezpo\u015brednio na korzenie rz\u0119s i brwi.<\/p>\n<\/li>\n<li data-start=\"2971\" data-end=\"3062\">\n<p data-start=\"2973\" data-end=\"3062\"><strong data-start=\"2973\" data-end=\"2998\">Na Such\u0105 Sk\u00f3r\u0119 i Pi\u0119ty:<\/strong> Wmasuj w sk\u00f3r\u0119 lub wymieszaj z olejem kokosowym dla lepszego nawil\u017cenia.<\/p>\n<\/li>\n<li data-start=\"3063\" data-end=\"3137\">\n<p data-start=\"3065\" data-end=\"3137\"><strong data-start=\"3065\" data-end=\"3078\">Na Usta:<\/strong> Wymieszaj z wazelin\u0105 (3:1), aby uzyska\u0107 naturalny balsam do ust.<\/p>\n<\/li>\n<li data-start=\"3138\" data-end=\"3242\">\n<p data-start=\"3140\" data-end=\"3242\"><strong data-start=\"3140\" data-end=\"3161\">Na Zaparcie:<\/strong> Wymieszaj 1 \u0142y\u017ceczk\u0119 oleju rycynowego ze \u015bwie\u017cym sokiem z cytryny dla smaku, spo\u017cyj jednorazowo w razie potrzeby.<\/p>\n<\/li>\n<\/ul>\n<h3 data-start=\"3249\" data-end=\"3297\"><strong data-start=\"3253\" data-end=\"3297\">Dlaczego Ludzie Uwielbiaj\u0105 NAKAA Organiczny Olej Rycynowy<\/strong><\/h3>\n<ul data-start=\"3299\" data-end=\"3492\">\n<li data-start=\"3299\" data-end=\"3332\">\n<p data-start=\"3301\" data-end=\"3332\">\u2705 100% Organiczny i Zimnot\u0142oczony<\/p>\n<\/li>\n<li data-start=\"3333\" data-end=\"3375\">\n<p data-start=\"3335\" data-end=\"3375\">\u2705 Wolny od dodatk\u00f3w, heksanu lub GMO<\/p>\n<\/li>\n<li data-start=\"3376\" data-end=\"3418\">\n<p data-start=\"3378\" data-end=\"3418\">\u2705 Odpowiedni dla wszystkich typ\u00f3w sk\u00f3ry i w\u0142os\u00f3w<\/p>\n<\/li>\n<li data-start=\"3419\" data-end=\"3458\">\n<p data-start=\"3421\" data-end=\"3458\">\u2705 Wielofunkcyjny dla pi\u0119kna i zdrowia<\/p>\n<\/li>\n<li data-start=\"3459\" data-end=\"3492\">\n<p data-start=\"3461\" data-end=\"3492\">\u2705 Bez Test\u00f3w na Zwierz\u0119tach i Przyjazny dla \u015arodowiska<\/p>\n<\/li>\n<\/ul>\n<h3 data-start=\"3812\" data-end=\"3860\">Podsumowanie \u2013 Pozw\u00f3l Naturze o Ciebie Zadba\u0107<\/h3>\n<p data-start=\"3862\" data-end=\"4137\">Od od\u017cywiania sk\u00f3ry g\u0142owy i sk\u00f3ry po wsparcie trawienia, <strong data-start=\"3930\" data-end=\"3958\">NAKAA Organiczny Olej Rycynowy<\/strong> to wszechstronny naturalny \u015brodek, za kt\u00f3ry twoje cia\u0142o ci podzi\u0119kuje. W\u0142\u0105cz go do swojej rutyny wellness ju\u017c dzi\u015b i przyjmij pi\u0119kno p\u0142yn\u0105ce z wn\u0119trza \u2013 naturalnie i bez wysi\u0142ku.<\/p>\n<p data-start=\"4139\" data-end=\"4234\"><strong data-start=\"4139\" data-end=\"4234\">Wypr\u00f3buj NAKAA Organiczny Olej Rycynowy ju\u017c dzi\u015b \u2013 dla zdrowszych w\u0142os\u00f3w, delikatniejszej sk\u00f3ry i trwa\u0142ego zdrowia.<\/strong><\/p>\n<p style=\"text-align: center;\">Dzi\u0119kujemy za zakupy w <em data-start=\"415\" data-end=\"431\"><a href=\"https:\/\/bazaar.express\/pl\/\">Bazaar Express<\/a><\/em> \u2013 cieszymy si\u0119, \u017ce jeste\u015b z nami!<\/p>\n<p style=\"text-align: center;\">Poczuj si\u0142\u0119 natury \u2014 czyste <a href=\"https:\/\/bazaar.express\/pl\/therapeutic-oils\/\">Oleje Terapeutyczne<\/a> na codzienne wellness.<\/p>\n","protected":false},"excerpt":{"rendered":"<h3 data-start=\"442\" data-end=\"640\">NAKAA Organiczny Olej Rycynowy to 100% zimnot\u0142oczony, wolny od chemikali\u00f3w olej, kt\u00f3ry od\u017cywia w\u0142osy, nawil\u017ca such\u0105 sk\u00f3r\u0119, wzmacnia rz\u0119sy i wspiera zdrowie. Idealny do naturalnych rutyn pi\u0119kna i zdrowia.<\/h3>\n<h3><\/h3>\n","protected":false},"featured_media":43514,"comment_status":"open","ping_status":"closed","template":"","meta":[],"product_brand":[],"product_cat":[1193,1203,1192],"product_tag":[1465,1470,1466,1467],"class_list":{"0":"post-43513","1":"product","2":"type-product","3":"status-publish","4":"has-post-thumbnail","6":"product_cat-lecznicze-oleje","7":"product_cat-nakaa-naturalne-oleje","8":"product_cat-pielegnacja-urody","9":"product_tag-naturalny-olej","10":"product_tag-olejek","11":"product_tag-pielegnacja-skory","12":"product_tag-pielegnacja-urody","13":"pa_l-xl-135ml","14":"pa_l-xl-250ml","15":"pa_l-xl-60ml","17":"first","18":"instock","19":"sale","20":"shipping-taxable","21":"purchasable","22":"product-type-variable"},"_links":{"self":[{"href":"https:\/\/bazaar.express\/pl\/wp-json\/wp\/v2\/product\/43513","targetHints":{"allow":["GET"]}}],"collection":[{"href":"https:\/\/bazaar.express\/pl\/wp-json\/wp\/v2\/product"}],"about":[{"href":"https:\/\/bazaar.express\/pl\/wp-json\/wp\/v2\/types\/product"}],"replies":[{"embeddable":true,"href":"https:\/\/bazaar.express\/pl\/wp-json\/wp\/v2\/comments?post=43513"}],"wp:featuredmedia":[{"embeddable":true,"href":"https:\/\/bazaar.express\/pl\/wp-json\/wp\/v2\/media\/43514"}],"wp:attachment":[{"href":"https:\/\/bazaar.express\/pl\/wp-json\/wp\/v2\/media?parent=43513"}],"wp:term":[{"taxonomy":"product_brand","embeddable":true,"href":"https:\/\/bazaar.express\/pl\/wp-json\/wp\/v2\/product_brand?post=43513"},{"taxonomy":"product_cat","embeddable":true,"href":"https:\/\/bazaar.express\/pl\/wp-json\/wp\/v2\/product_cat?post=43513"},{"taxonomy":"product_tag","embeddable":true,"href":"https:\/\/bazaar.express\/pl\/wp-json\/wp\/v2\/product_tag?post=43513"}],"curies":[{"name":"wp","href":"https:\/\/api.w.org\/{rel}","templated":true}]}}