{"id":43541,"date":"2025-01-07T16:01:23","date_gmt":"2025-01-07T16:01:23","guid":{"rendered":"https:\/\/bazaar.express\/product\/hair-oil-2\/"},"modified":"2026-02-09T22:48:44","modified_gmt":"2026-02-09T22:48:44","slug":"hair-oil-2","status":"publish","type":"product","link":"https:\/\/bazaar.express\/pl\/produkt\/hair-oil-2\/","title":{"rendered":"Naturalna mieszanka olej\u00f3w do w\u0142os\u00f3w"},"content":{"rendered":"<h2 data-start=\"325\" data-end=\"418\">NAKAA Hair Oil Blend \u2013 Ostateczna egipska terapia na mocne, l\u015bni\u0105ce i zdrowe w\u0142osy<\/h2>\n<h3 data-start=\"420\" data-end=\"491\"> Mocna formu\u0142a botaniczna do naturalnego odnawiania i od\u017cywiania w\u0142os\u00f3w<\/h3>\n<p data-start=\"493\" data-end=\"897\">Odkryj sekret promiennych, mocnych i zdrowych w\u0142os\u00f3w z <strong data-start=\"555\" data-end=\"579\">NAKAA Hair Oil Blend<\/strong>, premium egipsk\u0105 mieszank\u0105 wytworzon\u0105 z 100% olej\u00f3w t\u0142oczonych na zimno. Ta terapeutyczna formu\u0142a \u0142\u0105czy bogactwo <strong data-start=\"693\" data-end=\"707\">oleju migda\u0142owego<\/strong>, <strong data-start=\"709\" data-end=\"723\">oleju jojoba<\/strong>, <strong data-start=\"725\" data-end=\"739\">oleju rycynowego<\/strong> i <strong data-start=\"745\" data-end=\"760\">oleju z rukoli<\/strong>, oferuj\u0105c g\u0142\u0119bokie leczenie, kt\u00f3re wnika w sk\u00f3r\u0119 g\u0142owy, regeneruje uszkodzenia, wspomaga wzrost i eliminuje sucho\u015b\u0107 \u2013 naturalnie i skutecznie.<\/p>\n<p data-start=\"899\" data-end=\"1216\">Je\u015bli zmagasz si\u0119 z przerzedzaniem w\u0142os\u00f3w, kruchymi pasmami lub sw\u0119dz\u0105c\u0105 sk\u00f3r\u0105 g\u0142owy, ta mieszanka oleju zapewnia <strong data-start=\"1007\" data-end=\"1061\">naturalne rozwi\u0105zanie zakorzenione w egipskich rytua\u0142ach pi\u0119kna<\/strong>. Idealna zar\u00f3wno dla m\u0119\u017cczyzn, jak i kobiet, wolna od chemikali\u00f3w, bezpieczna dla wra\u017cliwej sk\u00f3ry g\u0142owy i pe\u0142na sk\u0142adnik\u00f3w od\u017cywczych, kt\u00f3re transformuj\u0105 w\u0142osy od cebulek po ko\u0144ce.<\/p>\n<h3 data-start=\"1223\" data-end=\"1266\"> G\u0142\u00f3wne korzy\u015bci NAKAA Hair Oil Blend<\/h3>\n<h4 data-start=\"1268\" data-end=\"1309\"> Zatrzymuje wypadanie w\u0142os\u00f3w i wspomaga wzrost<\/h4>\n<p data-start=\"1310\" data-end=\"1495\">Ten olejek wzmacnia mieszki w\u0142osowe, zmniejsza nadmierne wypadanie i stymuluje nowy wzrost. Jego formu\u0142a bogata w sk\u0142adniki od\u017cywcze dzia\u0142a na <strong data-start=\"1437\" data-end=\"1484\">pogrubienie w\u0142os\u00f3w i naturalny odrost<\/strong> z czasem.<\/p>\n<h4 data-start=\"1497\" data-end=\"1541\"> Regeneruje i wzmacnia uszkodzone w\u0142osy<\/h4>\n<p data-start=\"1542\" data-end=\"1699\">Suche, uszkodzone przez ciep\u0142o lub chemicznie traktowane w\u0142osy? Ten terapeutyczny olejek <strong data-start=\"1610\" data-end=\"1654\">przywraca elastyczno\u015b\u0107, zapobiega rozdwajaniu si\u0119 ko\u0144c\u00f3wek<\/strong> i wzmacnia pasma, aby zapobiec \u0142amaniu.<\/p>\n<h4 data-start=\"1701\" data-end=\"1748\"> G\u0142\u0119boko nawil\u017ca dla l\u015bni\u0105cego wyko\u0144czenia<\/h4>\n<p data-start=\"1749\" data-end=\"1888\">Po\u017cegnaj matowe, pusz\u0105ce si\u0119 w\u0142osy. Przy regularnym stosowaniu ta mieszanka zapewnia <strong data-start=\"1821\" data-end=\"1839\">g\u0142\u0119bokie nawil\u017cenie<\/strong>, daj\u0105c jedwabiste, l\u015bni\u0105ce i \u0142atwe do u\u0142o\u017cenia w\u0142osy.<\/p>\n<h4 data-start=\"1890\" data-end=\"1939\"> \u0141agodzi such\u0105 sk\u00f3r\u0119 g\u0142owy i eliminuje \u0142upie\u017c<\/h4>\n<p data-start=\"1940\" data-end=\"2097\">Dzi\u0119ki w\u0142a\u015bciwo\u015bciom przeciwzapalnym i przeciwbakteryjnym ten olejek <strong data-start=\"2002\" data-end=\"2040\">nawil\u017ca i r\u00f3wnowa\u017cy sk\u00f3r\u0119 g\u0142owy<\/strong>, przynosz\u0105c ulg\u0119 w postaci \u0142uszczenia, sw\u0119dzenia i podra\u017cnie\u0144.<\/p>\n<h3 data-start=\"2104\" data-end=\"2135\"> 100% naturalne sk\u0142adniki<\/h3>\n<ul data-start=\"2137\" data-end=\"2619\">\n<li data-start=\"2137\" data-end=\"2261\">\n<p data-start=\"2139\" data-end=\"2261\"><strong data-start=\"2139\" data-end=\"2153\">Olejek migda\u0142owy<\/strong> \u2013 Bogaty w witamin\u0119 E i kwasy t\u0142uszczowe, kt\u00f3re nawil\u017caj\u0105 i od\u017cywiaj\u0105 sk\u00f3r\u0119 g\u0142owy, jednocze\u015bnie wzmacniaj\u0105c w\u0142osy.<\/p>\n<\/li>\n<li data-start=\"2262\" data-end=\"2365\">\n<p data-start=\"2264\" data-end=\"2365\"><strong data-start=\"2264\" data-end=\"2278\">Olejek jojoba<\/strong> \u2013 Na\u015bladuje naturalne sebum sk\u00f3ry g\u0142owy, reguluj\u0105c produkcj\u0119 \u0142oju i utrzymuj\u0105c zdrowie sk\u00f3ry.<\/p>\n<\/li>\n<li data-start=\"2366\" data-end=\"2482\">\n<p data-start=\"2368\" data-end=\"2482\"><strong data-start=\"2368\" data-end=\"2382\">Olejek rycynowy<\/strong> \u2013 Sprawdzony \u015brodek na <strong data-start=\"2404\" data-end=\"2429\">stymulacj\u0119 wzrostu w\u0142os\u00f3w<\/strong>, walk\u0119 z przerzedzaniem i ochron\u0119 przed \u0142amaniem.<\/p>\n<\/li>\n<li data-start=\"2483\" data-end=\"2619\">\n<p data-start=\"2485\" data-end=\"2619\"><strong data-start=\"2485\" data-end=\"2508\">Olejek z rukoli (Eruca)<\/strong> \u2013 Mniej znany, lecz pot\u0119\u017cny egipski \u015brodek, kt\u00f3ry dostarcza <strong data-start=\"2569\" data-end=\"2585\">antyoksydanty<\/strong> i wzmacnia w\u0142osy u nasady.<\/p>\n<\/li>\n<\/ul>\n<h3 data-start=\"2626\" data-end=\"2665\"> Dlaczego wybra\u0107 NAKAA Hair Oil Blend?<\/h3>\n<ul data-start=\"2667\" data-end=\"3021\">\n<li data-start=\"2667\" data-end=\"2732\">\n<p data-start=\"2669\" data-end=\"2732\"><strong data-start=\"2671\" data-end=\"2688\">Wyprodukowany w Egipcie<\/strong> \u2013 Zakorzeniony w autentycznej egipskiej opiece zio\u0142owej.<\/p>\n<\/li>\n<li data-start=\"2733\" data-end=\"2800\">\n<p data-start=\"2735\" data-end=\"2800\"><strong data-start=\"2737\" data-end=\"2763\">T\u0142oczony na zimno i organiczny<\/strong> \u2013 Wolny od dodatk\u00f3w i chemikali\u00f3w.<\/p>\n<\/li>\n<li data-start=\"2801\" data-end=\"2868\">\n<p data-start=\"2803\" data-end=\"2868\"><strong data-start=\"2805\" data-end=\"2824\">Dla m\u0119\u017cczyzn i kobiet<\/strong> \u2013 Odpowiedni dla wszystkich typ\u00f3w i problem\u00f3w z w\u0142osami.<\/p>\n<\/li>\n<li data-start=\"2869\" data-end=\"2938\">\n<p data-start=\"2871\" data-end=\"2938\"><strong data-start=\"2873\" data-end=\"2892\">Zastosowanie terapeutyczne<\/strong> \u2013 Wi\u0119cej ni\u017c kosmetyczne \u2013 leczy i odnawia.<\/p>\n<\/li>\n<li data-start=\"2939\" data-end=\"3021\">\n<p data-start=\"2941\" data-end=\"3021\"><strong data-start=\"2943\" data-end=\"2963\">Wielo funkcyjny<\/strong> \u2013 Idealny na wypadanie w\u0142os\u00f3w, piel\u0119gnacj\u0119 sk\u00f3ry g\u0142owy i intensywne nawil\u017cenie.<\/p>\n<\/li>\n<\/ul>\n<h3 data-start=\"3028\" data-end=\"3045\"> Jak stosowa\u0107<\/h3>\n<p data-start=\"3047\" data-end=\"3272\">Na\u0142\u00f3\u017c kilka kropli bezpo\u015brednio na sk\u00f3r\u0119 g\u0142owy i w\u0142osy. Delikatnie masuj, aby poprawi\u0107 kr\u0105\u017cenie krwi i zapewni\u0107 wch\u0142anianie. Pozostaw na <strong data-start=\"3173\" data-end=\"3201\">kilka godzin lub na noc<\/strong>, nast\u0119pnie umyj \u0142agodnym szamponem. Stosuj 2\u20133 razy w tygodniu dla najlepszych rezultat\u00f3w.<\/p>\n<h3 data-start=\"3591\" data-end=\"3609\"> Podsumowanie<\/h3>\n<p data-start=\"3611\" data-end=\"3886\">Ulepsz swoj\u0105 piel\u0119gnacj\u0119 w\u0142os\u00f3w z <strong data-start=\"3644\" data-end=\"3668\">NAKAA Hair Oil Blend<\/strong> \u2013 terapeutyczna moc natury w butelce dla pi\u0119kna. Je\u015bli walczysz z wypadaniem w\u0142os\u00f3w, sucho\u015bci\u0105 lub po prostu szukasz bogatszego, pe\u0142niejszego do\u015bwiadczenia z w\u0142osami, ten olejek jest <strong data-start=\"3836\" data-end=\"3859\">twoim podstawowym rozwi\u0105zaniem<\/strong> dla d\u0142ugoterminowego zdrowia w\u0142os\u00f3w.<\/p>\n<p data-start=\"3888\" data-end=\"3954\">\ud83d\udc49 <strong data-start=\"3891\" data-end=\"3954\">Wypr\u00f3buj dzisiaj i podaruj swoim w\u0142osom opiek\u0119, na jak\u0105 zas\u0142uguj\u0105.<\/strong><\/p>\n<p style=\"text-align: center;\">Dzi\u0119kujemy za zakupy w <em data-start=\"415\" data-end=\"431\"><a href=\"https:\/\/bazaar.express\/pl\/\">Bazaar Express<\/a><\/em> \u2013 cieszymy si\u0119, \u017ce jeste\u015b z nami!<\/p>\n<p style=\"text-align: center;\">Poczuj moc natury \u2014 czyste <a href=\"https:\/\/bazaar.express\/pl\/therapeutic-oils\/\">oleje terapeutyczne<\/a> dla codziennego dobra.<\/p>\n","protected":false},"excerpt":{"rendered":"<h3 data-start=\"419\" data-end=\"657\">NAKAA Hair Oil Blend to 100% naturalna egipska formu\u0142a \u0142\u0105cz\u0105ca oleje migda\u0142owy, jojoba, rycynowy i z rukoli, wzmacniaj\u0105ca cebulki, redukuj\u0105ca wypadanie w\u0142os\u00f3w, od\u017cywiaj\u0105ca sk\u00f3r\u0119 g\u0142owy i pozostawiaj\u0105ca w\u0142osy mi\u0119kkie, l\u015bni\u0105ce i zdrowe. Odpowiednia dla m\u0119\u017cczyzn i kobiet.<\/h3>\n","protected":false},"featured_media":43542,"comment_status":"open","ping_status":"closed","template":"","meta":[],"product_brand":[],"product_cat":[1193,1199,1203,1192],"product_tag":[1465,1470,1466,1467],"class_list":{"0":"post-43541","1":"product","2":"type-product","3":"status-publish","4":"has-post-thumbnail","6":"product_cat-lecznicze-oleje","7":"product_cat-najlepsze-z-egiptu","8":"product_cat-nakaa-naturalne-oleje","9":"product_cat-pielegnacja-urody","10":"product_tag-naturalny-olej","11":"product_tag-olejek","12":"product_tag-pielegnacja-skory","13":"product_tag-pielegnacja-urody","14":"pa_l-xl-300ml","16":"first","17":"instock","18":"sale","19":"shipping-taxable","20":"purchasable","21":"product-type-simple"},"_links":{"self":[{"href":"https:\/\/bazaar.express\/pl\/wp-json\/wp\/v2\/product\/43541","targetHints":{"allow":["GET"]}}],"collection":[{"href":"https:\/\/bazaar.express\/pl\/wp-json\/wp\/v2\/product"}],"about":[{"href":"https:\/\/bazaar.express\/pl\/wp-json\/wp\/v2\/types\/product"}],"replies":[{"embeddable":true,"href":"https:\/\/bazaar.express\/pl\/wp-json\/wp\/v2\/comments?post=43541"}],"wp:featuredmedia":[{"embeddable":true,"href":"https:\/\/bazaar.express\/pl\/wp-json\/wp\/v2\/media\/43542"}],"wp:attachment":[{"href":"https:\/\/bazaar.express\/pl\/wp-json\/wp\/v2\/media?parent=43541"}],"wp:term":[{"taxonomy":"product_brand","embeddable":true,"href":"https:\/\/bazaar.express\/pl\/wp-json\/wp\/v2\/product_brand?post=43541"},{"taxonomy":"product_cat","embeddable":true,"href":"https:\/\/bazaar.express\/pl\/wp-json\/wp\/v2\/product_cat?post=43541"},{"taxonomy":"product_tag","embeddable":true,"href":"https:\/\/bazaar.express\/pl\/wp-json\/wp\/v2\/product_tag?post=43541"}],"curies":[{"name":"wp","href":"https:\/\/api.w.org\/{rel}","templated":true}]}}