{"id":43543,"date":"2025-01-06T18:01:23","date_gmt":"2025-01-06T18:01:23","guid":{"rendered":"https:\/\/bazaar.express\/product\/white-sandal-oil\/"},"modified":"2026-02-09T22:48:45","modified_gmt":"2026-02-09T22:48:45","slug":"white-sandal-oil","status":"publish","type":"product","link":"https:\/\/bazaar.express\/pl\/produkt\/white-sandal-oil\/","title":{"rendered":"Olej sanda\u0142owy bia\u0142y"},"content":{"rendered":"<h2 data-start=\"203\" data-end=\"285\"><strong data-start=\"206\" data-end=\"285\">Olej sanda\u0142owy bia\u0142y NAKAA \u2013 Staro\u017cytny egipski luksus dla sk\u00f3ry, w\u0142os\u00f3w i samopoczucia<\/strong><\/h2>\n<h3 data-start=\"287\" data-end=\"349\"><strong data-start=\"291\" data-end=\"349\">Odkryj naturaln\u0105 magi\u0119 oleju sanda\u0142owego bia\u0142ego NAKAA<\/strong><\/h3>\n<p data-start=\"351\" data-end=\"683\">Olej sanda\u0142owy bia\u0142y NAKAA to wysokiej jako\u015bci olejek eteryczny pozyskiwany z czystych drzew sanda\u0142owych bia\u0142ych, cenionych za w\u0142a\u015bciwo\u015bci lecznicze i aromatyczne. Stosowany od ponad 4000 lat w tradycjach ajurwedyjskich i staro\u017cytnego Egiptu, ten naturalny olejek oferuje kompleksowe rozwi\u0105zanie dla piel\u0119gnacji sk\u00f3ry, od\u017cywiania w\u0142os\u00f3w, \u0142agodzenia stresu i og\u00f3lnego zdrowia.<\/p>\n<p data-start=\"685\" data-end=\"967\">Dzi\u0119ki uspokajaj\u0105cemu aromatowi i w\u0142a\u015bciwo\u015bciom terapeutycznym olej sanda\u0142owy bia\u0142y NAKAA jest idealny dla os\u00f3b poszukuj\u0105cych wszechstronnego, naturalnego \u015brodka. Bez wzgl\u0119du na to, czy walczysz z tr\u0105dzikiem, przedwczesnym starzeniem, podra\u017cnieniem sk\u00f3ry g\u0142owy czy codziennym stresem, ten olejek to ponadczasowe rozwi\u0105zanie dla holistycznego pi\u0119kna i zdrowia.<\/p>\n<h3 data-start=\"974\" data-end=\"1020\"><strong data-start=\"978\" data-end=\"1020\">Korzy\u015bci dla sk\u00f3ry: oczyszczenie, gojenie i blask<\/strong><\/h3>\n<p data-start=\"1022\" data-end=\"1077\">Olej sanda\u0142owy bia\u0142y NAKAA g\u0142\u0119boko wnika w sk\u00f3r\u0119, aby:<\/p>\n<ul data-start=\"1079\" data-end=\"1530\">\n<li data-start=\"1079\" data-end=\"1171\">\n<p data-start=\"1081\" data-end=\"1171\"><strong data-start=\"1081\" data-end=\"1108\">Zmniejszy\u0107 tr\u0105dzik i przebarwienia<\/strong>: Dzia\u0142anie antybakteryjne \u0142agodzi wypryski i koi zaczerwienienia.<\/p>\n<\/li>\n<li data-start=\"1172\" data-end=\"1260\">\n<p data-start=\"1174\" data-end=\"1260\"><strong data-start=\"1174\" data-end=\"1201\">Rozja\u015bni\u0107 blizny i plamy<\/strong>: Regularne stosowanie wyr\u00f3wnuje koloryt sk\u00f3ry i wyg\u0142adza jej struktur\u0119.<\/p>\n<\/li>\n<li data-start=\"1261\" data-end=\"1348\">\n<p data-start=\"1263\" data-end=\"1348\"><strong data-start=\"1263\" data-end=\"1283\">Moc przeciwstarzeniowa<\/strong>: Pomaga zmniejszy\u0107 zmarszczki, drobne linie i rozst\u0119py w naturalny spos\u00f3b.<\/p>\n<\/li>\n<li data-start=\"1349\" data-end=\"1442\">\n<p data-start=\"1351\" data-end=\"1442\"><strong data-start=\"1351\" data-end=\"1383\">\u0141agodzi sw\u0119dzenie i podra\u017cnienia<\/strong>: Skuteczny przeciwko atopowemu zapaleniu sk\u00f3ry, wysypkom i reakcjom alergicznym.<\/p>\n<\/li>\n<li data-start=\"1443\" data-end=\"1530\">\n<p data-start=\"1445\" data-end=\"1530\"><strong data-start=\"1445\" data-end=\"1478\">Chroni\u0107 przed s\u0142o\u0144cem i zanieczyszczeniami<\/strong>: Bogaty w antyoksydanty, chroni sk\u00f3r\u0119 przed uszkodzeniami.<\/p>\n<\/li>\n<\/ul>\n<h3 data-start=\"1537\" data-end=\"1594\"><strong data-start=\"1541\" data-end=\"1594\">Korzy\u015bci dla w\u0142os\u00f3w i sk\u00f3ry g\u0142owy: wzmocnienie, od\u017cywienie i wzrost<\/strong><\/h3>\n<p data-start=\"1596\" data-end=\"1648\">Ten luksusowy olejek o\u017cywia r\u00f3wnie\u017c w\u0142osy i sk\u00f3r\u0119 g\u0142owy:<\/p>\n<ul data-start=\"1650\" data-end=\"1958\">\n<li data-start=\"1650\" data-end=\"1728\">\n<p data-start=\"1652\" data-end=\"1728\"><strong data-start=\"1652\" data-end=\"1678\">Stymulowa\u0107 wzrost w\u0142os\u00f3w<\/strong>: Zwi\u0119ksza kr\u0105\u017cenie, wzmacniaj\u0105c cebulki w\u0142osowe.<\/p>\n<\/li>\n<li data-start=\"1729\" data-end=\"1798\">\n<p data-start=\"1731\" data-end=\"1798\"><strong data-start=\"1731\" data-end=\"1762\">Leczy\u0107 \u0142upie\u017c i such\u0105 sk\u00f3r\u0119 g\u0142owy<\/strong>: Nawil\u017ca, jednocze\u015bnie \u0142agodz\u0105c podra\u017cnienia.<\/p>\n<\/li>\n<li data-start=\"1799\" data-end=\"1879\">\n<p data-start=\"1801\" data-end=\"1879\"><strong data-start=\"1801\" data-end=\"1819\">Przywraca blask<\/strong>: G\u0142\u0119boko kondycjonuje suche, \u0142amliwe pasma dla jedwabistego wyko\u0144czenia.<\/p>\n<\/li>\n<li data-start=\"1880\" data-end=\"1958\">\n<p data-start=\"1882\" data-end=\"1958\"><strong data-start=\"1882\" data-end=\"1907\">Walczy\u0107 z \u0142amaniem w\u0142os\u00f3w<\/strong>: Dodaje wilgoci i odporno\u015bci dla zdrowszych w\u0142os\u00f3w.<\/p>\n<\/li>\n<\/ul>\n<h3 data-start=\"1965\" data-end=\"2020\"><strong data-start=\"1969\" data-end=\"2020\">Kompleksowe samopoczucie: relaks, detoks i regeneracja<\/strong><\/h3>\n<p data-start=\"2022\" data-end=\"2076\">Olej sanda\u0142owy bia\u0142y NAKAA to nie tylko kosmetyk \u2013 on tak\u017ce:<\/p>\n<ul data-start=\"2078\" data-end=\"2423\">\n<li data-start=\"2078\" data-end=\"2171\">\n<p data-start=\"2080\" data-end=\"2171\"><strong data-start=\"2080\" data-end=\"2115\">Obni\u017ca ci\u015bnienie krwi naturalnie<\/strong>: Spo\u017cywany w minimalnych ilo\u015bciach z ciep\u0142\u0105 wod\u0105 lub mlekiem.<\/p>\n<\/li>\n<li data-start=\"2172\" data-end=\"2263\">\n<p data-start=\"2174\" data-end=\"2263\"><strong data-start=\"2174\" data-end=\"2201\">\u0141agodzi napi\u0119cie mi\u0119\u015bniowe<\/strong>: Masa\u017c \u0142agodzi skurcze, napi\u0119cia lub zm\u0119czenie po wysi\u0142ku.<\/p>\n<\/li>\n<li data-start=\"2264\" data-end=\"2332\">\n<p data-start=\"2266\" data-end=\"2332\"><strong data-start=\"2266\" data-end=\"2297\">Wspiera wewn\u0119trzne oczyszczanie<\/strong>: Delikatny detoks dla cia\u0142a i umys\u0142u.<\/p>\n<\/li>\n<li data-start=\"2333\" data-end=\"2423\">\n<p data-start=\"2335\" data-end=\"2423\"><strong data-start=\"2335\" data-end=\"2353\">Zmniejsza stres<\/strong>: Uspokajaj\u0105cy zapach relaksuje uk\u0142ad nerwowy i poprawia sen.<\/p>\n<\/li>\n<\/ul>\n<h3 data-start=\"2430\" data-end=\"2473\"><strong data-start=\"2434\" data-end=\"2473\">Jak stosowa\u0107 olej sanda\u0142owy bia\u0142y NAKAA<\/strong><\/h3>\n<h4 data-start=\"2475\" data-end=\"2489\">Dla sk\u00f3ry:<\/h4>\n<p data-start=\"2490\" data-end=\"2585\">Na\u0142\u00f3\u017c kilka kropel bezpo\u015brednio na problematyczne miejsca lub wymieszaj z kremem nawil\u017caj\u0105cym. Najlepiej stosowa\u0107 przed snem.<\/p>\n<h4 data-start=\"2587\" data-end=\"2601\">Dla w\u0142os\u00f3w:<\/h4>\n<p data-start=\"2602\" data-end=\"2738\">Dodaj kilka kropel do szamponu lub od\u017cywki. Na g\u0142\u0119boki zabieg masuj bezpo\u015brednio w sk\u00f3r\u0119 g\u0142owy i pozostaw na 1 godzin\u0119 przed umyciem.<\/p>\n<h4 data-start=\"2740\" data-end=\"2763\">Na ulg\u0119 mi\u0119\u015bniow\u0105:<\/h4>\n<p data-start=\"2764\" data-end=\"2819\">Delikatnie masuj obola\u0142e miejsca po aktywno\u015bci fizycznej.<\/p>\n<h4 data-start=\"2821\" data-end=\"2858\">Na relaksacj\u0119 i ci\u015bnienie krwi:<\/h4>\n<p data-start=\"2859\" data-end=\"2970\">Wymieszaj 2\u20133 krople w ciep\u0142ej wodzie lub mleku i spo\u017cywaj ostro\u017cnie. Zawsze skonsultuj si\u0119 z ekspertem zdrowotnym przy stosowaniu wewn\u0119trznym.<\/p>\n<h3 data-start=\"2977\" data-end=\"3041\"><strong data-start=\"2981\" data-end=\"3041\">Dlaczego wybra\u0107 olej sanda\u0142owy bia\u0142y NAKAA z BAZAAR EXPRESS?<\/strong><\/h3>\n<ul data-start=\"3043\" data-end=\"3480\">\n<li data-start=\"3043\" data-end=\"3141\">\n<p data-start=\"3045\" data-end=\"3141\"><strong data-start=\"3048\" data-end=\"3071\">100% czysty i naturalny<\/strong> \u2013 Wolny od syntetycznych dodatk\u00f3w czy wype\u0142niaczy. Zimnot\u0142oczony dla maksymalnej mocy.<\/p>\n<\/li>\n<li data-start=\"3142\" data-end=\"3223\">\n<p data-start=\"3144\" data-end=\"3223\"><strong data-start=\"3147\" data-end=\"3178\">Wszechstronny eliksir pi\u0119kna<\/strong> \u2013 Dzia\u0142a na sk\u00f3r\u0119, w\u0142osy i zdrowie wewn\u0119trzne.<\/p>\n<\/li>\n<li data-start=\"3224\" data-end=\"3307\">\n<p data-start=\"3226\" data-end=\"3307\"><strong data-start=\"3229\" data-end=\"3263\">Staro\u017cytny \u015brodek, nowoczesne efekty<\/strong> \u2013 Zaufany od wiek\u00f3w, potwierdzony naukowo.<\/p>\n<\/li>\n<li data-start=\"3308\" data-end=\"3393\">\n<p data-start=\"3310\" data-end=\"3393\"><strong data-start=\"3315\" data-end=\"3332\">Wytwarzany w Egipcie<\/strong> \u2013 Z dum\u0105 wykonany z wysokiej jako\u015bci bia\u0142ego sanda\u0142owego drewna w Egipcie.<\/p>\n<\/li>\n<li data-start=\"3394\" data-end=\"3480\">\n<p data-start=\"3396\" data-end=\"3480\"><strong data-start=\"3399\" data-end=\"3438\">Szybka absorpcja, nieklej\u0105ca si\u0119 formu\u0142a<\/strong> \u2013 G\u0142\u0119boko nawil\u017ca bez zapychania por\u00f3w.<\/p>\n<\/li>\n<\/ul>\n<h2 data-start=\"3788\" data-end=\"3863\"><strong data-start=\"3791\" data-end=\"3863\">Podsumowanie: Podnie\u015b sw\u00f3j rytua\u0142 pi\u0119kna z olejem sanda\u0142owym bia\u0142ym NAKAA<\/strong><\/h2>\n<p data-start=\"3865\" data-end=\"4165\">Je\u015bli szukasz pot\u0119\u017cnego, naturalnego sposobu na przywr\u00f3cenie blasku sk\u00f3ry, popraw\u0119 zdrowia w\u0142os\u00f3w i og\u00f3lnego samopoczucia, olej sanda\u0142owy bia\u0142y NAKAA to Twoje rozwi\u0105zanie. R\u0119cznie wyselekcjonowany i wytwarzany w Egipcie, ten staro\u017cytny skarb botaniczny \u0142\u0105czy pi\u0119kno i zdrowie w jednej ponadczasowej formule.<\/p>\n<p data-start=\"4167\" data-end=\"4257\"><strong data-start=\"4169\" data-end=\"4257\">Zam\u00f3w teraz w BAZAAR EXPRESS i przyjmij lecznicze dziedzictwo najlepszego oleju natury.<\/strong><\/p>\n<p style=\"text-align: center;\">Dzi\u0119kujemy za zakupy w <em data-start=\"415\" data-end=\"431\"><a href=\"https:\/\/bazaar.express\/pl\/\">Bazaar Express<\/a><\/em> \u2013 cieszymy si\u0119, \u017ce jeste\u015b z nami!<\/p>\n<p style=\"text-align: center;\">Poczuj moc natury \u2014 czyste <a href=\"https:\/\/bazaar.express\/pl\/therapeutic-oils\/\">oleje terapeutyczne<\/a> na codzienne samopoczucie.<\/p>\n","protected":false},"excerpt":{"rendered":"<h3 data-start=\"456\" data-end=\"797\">Olej sanda\u0142owy bia\u0142y NAKAA to 100% naturalny olejek eteryczny z wysokiej jako\u015bci bia\u0142ego sanda\u0142owego drewna. Znany z uspokajaj\u0105cego aromatu i wszechstronnych korzy\u015bci, od\u017cywia sk\u00f3r\u0119, wspomaga wzrost w\u0142os\u00f3w, \u0142agodzi stres i pomaga radzi\u0107 sobie z problemami sk\u00f3ry jak tr\u0105dzik i stany zapalne. R\u0119cznie robiony w Egipcie i zaufany w tradycji ajurwedyjskiej od ponad 4000 lat.<\/h3>\n","protected":false},"featured_media":43544,"comment_status":"open","ping_status":"closed","template":"","meta":[],"product_brand":[],"product_cat":[1193,1203,1192],"product_tag":[1465,1470,1466,1467],"class_list":{"0":"post-43543","1":"product","2":"type-product","3":"status-publish","4":"has-post-thumbnail","6":"product_cat-lecznicze-oleje","7":"product_cat-nakaa-naturalne-oleje","8":"product_cat-pielegnacja-urody","9":"product_tag-naturalny-olej","10":"product_tag-olejek","11":"product_tag-pielegnacja-skory","12":"product_tag-pielegnacja-urody","13":"pa_l-xl-300ml","15":"first","16":"instock","17":"sale","18":"shipping-taxable","19":"purchasable","20":"product-type-simple"},"_links":{"self":[{"href":"https:\/\/bazaar.express\/pl\/wp-json\/wp\/v2\/product\/43543","targetHints":{"allow":["GET"]}}],"collection":[{"href":"https:\/\/bazaar.express\/pl\/wp-json\/wp\/v2\/product"}],"about":[{"href":"https:\/\/bazaar.express\/pl\/wp-json\/wp\/v2\/types\/product"}],"replies":[{"embeddable":true,"href":"https:\/\/bazaar.express\/pl\/wp-json\/wp\/v2\/comments?post=43543"}],"wp:featuredmedia":[{"embeddable":true,"href":"https:\/\/bazaar.express\/pl\/wp-json\/wp\/v2\/media\/43544"}],"wp:attachment":[{"href":"https:\/\/bazaar.express\/pl\/wp-json\/wp\/v2\/media?parent=43543"}],"wp:term":[{"taxonomy":"product_brand","embeddable":true,"href":"https:\/\/bazaar.express\/pl\/wp-json\/wp\/v2\/product_brand?post=43543"},{"taxonomy":"product_cat","embeddable":true,"href":"https:\/\/bazaar.express\/pl\/wp-json\/wp\/v2\/product_cat?post=43543"},{"taxonomy":"product_tag","embeddable":true,"href":"https:\/\/bazaar.express\/pl\/wp-json\/wp\/v2\/product_tag?post=43543"}],"curies":[{"name":"wp","href":"https:\/\/api.w.org\/{rel}","templated":true}]}}