{"id":43564,"date":"2024-12-17T21:39:00","date_gmt":"2024-12-17T21:39:00","guid":{"rendered":"https:\/\/bazaar.express\/product\/eucalyptus-oil\/"},"modified":"2026-02-09T22:48:50","modified_gmt":"2026-02-09T22:48:50","slug":"eucalyptus-oil","status":"publish","type":"product","link":"https:\/\/bazaar.express\/pl\/produkt\/eucalyptus-oil\/","title":{"rendered":"Olej eukaliptusowy"},"content":{"rendered":"<h2 data-start=\"147\" data-end=\"218\">Olej eukaliptusowy Lotus \u2013 naturalna ulga w b\u00f3lu, oddychaniu i nie tylko<\/h2>\n<h3 data-start=\"220\" data-end=\"256\">\u00a0Co to jest olej eukaliptusowy Lotus?<\/h3>\n<p data-start=\"258\" data-end=\"686\">Olej eukaliptusowy Lotus to pot\u0119\u017cny olejek eteryczny pozyskiwany z li\u015bci drzew eukaliptusowych pochodz\u0105cych z tropikalnych las\u00f3w And\u00f3w w Ameryce Po\u0142udniowej. Szanowany od wiek\u00f3w w medycynie tradycyjnej, ten olejek terapeutyczny jest znany ze swojego g\u0142\u0119bokiego wp\u0142ywu na b\u00f3l mi\u0119\u015bni i staw\u00f3w, zdrowie uk\u0142adu oddechowego oraz kr\u0105\u017cenie. Dzi\u0119ki wysokiej koncentracji <strong data-start=\"597\" data-end=\"621\">eukaliptolu (cineolu)<\/strong>, zapewnia \u015bwie\u017cy, ostry aromat i fal\u0119 naturalnego uzdrawiania.<\/p>\n<h3 data-start=\"693\" data-end=\"749\">\u00a0Pot\u0119\u017cna naturalna ulga w b\u00f3lu staw\u00f3w i mi\u0119\u015bni<\/h3>\n<p data-start=\"751\" data-end=\"1108\">Ten olejek oferuje natychmiastow\u0105 i skuteczn\u0105 ulg\u0119 w b\u00f3lu staw\u00f3w, skurczach mi\u0119\u015bni, sztywno\u015bci i stanach zapalnych. Niezale\u017cnie od tego, czy zmagasz si\u0119 z artretyzmem, reumatyzmem czy b\u00f3lem po aktywno\u015bci fizycznej, aplikacja <strong data-start=\"955\" data-end=\"979\">olejku eukaliptusowego Lotus<\/strong> mo\u017ce z\u0142agodzi\u0107 dyskomfort i wspiera\u0107 szybsz\u0105 regeneracj\u0119. Naturalnie reguluje odpowiedzi nerwowe i zmniejsza napi\u0119cie w dotkni\u0119tych obszarach.<\/p>\n<h3 data-start=\"1115\" data-end=\"1152\">\u00a0Wspiera zdrowie uk\u0142adu oddechowego<\/h3>\n<p data-start=\"1154\" data-end=\"1431\">Borykasz si\u0119 z astm\u0105, zapaleniem oskrzeli lub zatkanym nosem? Ten olejek eukaliptusowy mo\u017cna wdycha\u0107 poprzez terapi\u0119 parow\u0105 lub wmasowa\u0107 w klatk\u0119 piersiow\u0105, aby otworzy\u0107 drogi oddechowe, z\u0142agodzi\u0107 stany zapalne i promowa\u0107 klarowniejsze oddychanie. To zaufany \u015brodek na przezi\u0119bienia i sezonowe problemy oddechowe.<\/p>\n<h3 data-start=\"1438\" data-end=\"1475\">\u00a0Poprawia kr\u0105\u017cenie i gojenie<\/h3>\n<p data-start=\"1477\" data-end=\"1710\">Bogaty w zwi\u0105zki lecznicze, takie jak <strong data-start=\"1510\" data-end=\"1570\">cinchonina, chinina, alkaloidy i kwas fulwowy cinchono<\/strong>, ten olejek stymuluje kr\u0105\u017cenie krwi. Poprawiony przep\u0142yw krwi przyspiesza gojenie, zwi\u0119ksza dostarczanie tlenu do tkanek i zmniejsza zm\u0119czenie.<\/p>\n<h3 data-start=\"1717\" data-end=\"1735\">\u00a0Kluczowe korzy\u015bci<\/h3>\n<ul data-start=\"1737\" data-end=\"2096\">\n<li data-start=\"1737\" data-end=\"1845\">\n<p data-start=\"1739\" data-end=\"1845\"><strong data-start=\"1739\" data-end=\"1770\">Ulga w b\u00f3lu staw\u00f3w i mi\u0119\u015bni:<\/strong> \u0141agodzi sztywno\u015b\u0107, stany zapalne i b\u00f3l z powodu artretyzmu lub urazu.<\/p>\n<\/li>\n<li data-start=\"1846\" data-end=\"1928\">\n<p data-start=\"1848\" data-end=\"1928\"><strong data-start=\"1848\" data-end=\"1871\">Ulga oddechowa:<\/strong> Pomaga z\u0142agodzi\u0107 przekrwienie, astm\u0119 i podra\u017cnienie oskrzeli.<\/p>\n<\/li>\n<li data-start=\"1929\" data-end=\"2004\">\n<p data-start=\"1931\" data-end=\"2004\"><strong data-start=\"1931\" data-end=\"1955\">Wzmacniacz kr\u0105\u017cenia:<\/strong> Poprawia przep\u0142yw krwi i przyspiesza czas regeneracji.<\/p>\n<\/li>\n<li data-start=\"2005\" data-end=\"2096\">\n<p data-start=\"2007\" data-end=\"2096\"><strong data-start=\"2007\" data-end=\"2028\">Wielofunkcyjny:<\/strong> Mo\u017ce by\u0107 u\u017cywany do piel\u0119gnacji jamy ustnej (rozcie\u0144czony), masa\u017cu sk\u00f3ry lub aromaterapii.<\/p>\n<\/li>\n<\/ul>\n<h3 data-start=\"2103\" data-end=\"2125\">\u00a0Kluczowe sk\u0142adniki<\/h3>\n<ul data-start=\"2127\" data-end=\"2419\">\n<li data-start=\"2127\" data-end=\"2203\">\n<p data-start=\"2129\" data-end=\"2203\"><strong data-start=\"2129\" data-end=\"2153\">Eukaliptol (Cineol)<\/strong> \u2013 Dla dzia\u0142ania przeciwzapalnego i udro\u017cniaj\u0105cego<\/p>\n<\/li>\n<li data-start=\"2204\" data-end=\"2283\">\n<p data-start=\"2206\" data-end=\"2283\"><strong data-start=\"2206\" data-end=\"2240\">Alkaloidy cinchoniny i chininy<\/strong> \u2013 Aby zmniejszy\u0107 b\u00f3l i poprawi\u0107 kr\u0105\u017cenie<\/p>\n<\/li>\n<li data-start=\"2284\" data-end=\"2357\">\n<p data-start=\"2286\" data-end=\"2357\"><strong data-start=\"2286\" data-end=\"2316\">Cinchonidyna i kwas fulwowy<\/strong> \u2013 Dla g\u0142\u0119bszego gojenia i efekt\u00f3w detoksykacyjnych<\/p>\n<\/li>\n<li data-start=\"2358\" data-end=\"2419\">\n<p data-start=\"2360\" data-end=\"2419\"><strong data-start=\"2360\" data-end=\"2377\">Kwas snotanik<\/strong> \u2013 Wp\u0142ywa na w\u0142a\u015bciwo\u015bci antybakteryjne<\/p>\n<\/li>\n<\/ul>\n<h3 data-start=\"2426\" data-end=\"2443\">\u00a0Jak stosowa\u0107<\/h3>\n<p data-start=\"2445\" data-end=\"2576\"><strong data-start=\"2445\" data-end=\"2473\">Na b\u00f3l staw\u00f3w i mi\u0119\u015bni:<\/strong><br data-start=\"2473\" data-end=\"2476\" \/>Na\u0142\u00f3\u017c kilka kropli na dotkni\u0119ty obszar i masuj okr\u0119\u017cnymi ruchami przez 4 minuty przed snem.<\/p>\n<p data-start=\"2578\" data-end=\"2703\"><strong data-start=\"2578\" data-end=\"2605\">Na problemy oddechowe:<\/strong><br data-start=\"2605\" data-end=\"2608\" \/>Wetrzyj w klatk\u0119 piersiow\u0105 i szyj\u0119 przed snem lub dodaj kilka kropli do gor\u0105cej wody i wdychaj par\u0119.<\/p>\n<p data-start=\"2705\" data-end=\"2814\"><strong data-start=\"2705\" data-end=\"2744\">Na ulg\u0119 w b\u00f3lu z\u0119b\u00f3w (p\u0142ukanka do ust):<\/strong><br data-start=\"2744\" data-end=\"2747\" \/>Wymieszaj 5\u20138 kropli z p\u0142ynem do p\u0142ukania ust i p\u0142ucz dwa razy dziennie. Nie po\u0142yka\u0107.<\/p>\n<h3 data-start=\"2821\" data-end=\"2839\">\u00a0\u015arodki ostro\u017cno\u015bci<\/h3>\n<ul data-start=\"2841\" data-end=\"3065\">\n<li data-start=\"2841\" data-end=\"2901\">\n<p data-start=\"2843\" data-end=\"2901\">Unikaj, je\u015bli masz <strong data-start=\"2861\" data-end=\"2884\">wysokie ci\u015bnienie krwi<\/strong> lub <strong data-start=\"2888\" data-end=\"2900\">cukrzyc\u0119<\/strong>.<\/p>\n<\/li>\n<li data-start=\"2902\" data-end=\"2958\">\n<p data-start=\"2904\" data-end=\"2958\">Nie zalecane w czasie <strong data-start=\"2927\" data-end=\"2957\">ci\u0105\u017cy lub karmienia piersi\u0105<\/strong>.<\/p>\n<\/li>\n<li data-start=\"2959\" data-end=\"3010\">\n<p data-start=\"2961\" data-end=\"3010\">Przeprowad\u017a <strong data-start=\"2971\" data-end=\"2985\">test p\u0142atkowy<\/strong> przed pe\u0142n\u0105 aplikacj\u0105.<\/p>\n<\/li>\n<\/ul>\n<h3 data-start=\"3382\" data-end=\"3404\">\u00a0Ko\u0144cowe my\u015bli<\/h3>\n<p data-start=\"3406\" data-end=\"3696\"><strong data-start=\"3406\" data-end=\"3430\">Olej eukaliptusowy Lotus<\/strong> to nie tylko produkt \u2013 to kompletne do\u015bwiadczenie wellness. Niezale\u017cnie od tego, czy szukasz naturalnej ulgi w b\u00f3lu, komfortu oddechowego czy energetyzuj\u0105cego aromatu, ten olejek oferuje bezpieczne i skuteczne korzy\u015bci zakorzenione w naturze. Dodaj go do swojej codziennej rutyny i poczuj r\u00f3\u017cnic\u0119.<\/p>\n<p style=\"text-align: center;\">Dzi\u0119kujemy za zakupy w <em data-start=\"415\" data-end=\"431\"><a href=\"https:\/\/bazaar.express\/pl\/\">Bazaar Express<\/a><\/em> \u2013 jeste\u015bmy zachwyceni, \u017ce jeste\u015b z nami!<\/p>\n<p style=\"text-align: center;\">Poczuj moc natury \u2014 czyste <a href=\"https:\/\/bazaar.express\/pl\/therapeutic-oils\/\">oleje terapeutyczne<\/a> na codzienne wellness.<\/p>\n","protected":false},"excerpt":{"rendered":"<h3 data-start=\"391\" data-end=\"706\">Olej eukaliptusowy Lotus to pot\u0119\u017cny olejek eteryczny znany ze swoich silnych w\u0142a\u015bciwo\u015bci przeciwb\u00f3lowych i oddechowych. Dzi\u0119ki wysokiej zawarto\u015bci eukaliptolu i leczniczych alkaloid\u00f3w \u0142agodzi b\u00f3l mi\u0119\u015bni, zmniejsza sztywno\u015b\u0107 staw\u00f3w, udra\u017cnia zatoki i poprawia kr\u0105\u017cenie \u2013 czyni\u0105c go naturalnym must-have w Twojej domowej rutynie wellness.<\/h3>\n","protected":false},"featured_media":43565,"comment_status":"open","ping_status":"closed","template":"","meta":[],"product_brand":[],"product_cat":[1193,1192],"product_tag":[1548,1465,1470],"class_list":{"0":"post-43564","1":"product","2":"type-product","3":"status-publish","4":"has-post-thumbnail","6":"product_cat-lecznicze-oleje","7":"product_cat-pielegnacja-urody","8":"product_tag-krem","9":"product_tag-naturalny-olej","10":"product_tag-olejek","11":"pa_l-xl-125ml","12":"pa_l-xl-250ml","13":"pa_l-xl-60ml","15":"first","16":"instock","17":"sale","18":"shipping-taxable","19":"purchasable","20":"product-type-variable"},"_links":{"self":[{"href":"https:\/\/bazaar.express\/pl\/wp-json\/wp\/v2\/product\/43564","targetHints":{"allow":["GET"]}}],"collection":[{"href":"https:\/\/bazaar.express\/pl\/wp-json\/wp\/v2\/product"}],"about":[{"href":"https:\/\/bazaar.express\/pl\/wp-json\/wp\/v2\/types\/product"}],"replies":[{"embeddable":true,"href":"https:\/\/bazaar.express\/pl\/wp-json\/wp\/v2\/comments?post=43564"}],"wp:featuredmedia":[{"embeddable":true,"href":"https:\/\/bazaar.express\/pl\/wp-json\/wp\/v2\/media\/43565"}],"wp:attachment":[{"href":"https:\/\/bazaar.express\/pl\/wp-json\/wp\/v2\/media?parent=43564"}],"wp:term":[{"taxonomy":"product_brand","embeddable":true,"href":"https:\/\/bazaar.express\/pl\/wp-json\/wp\/v2\/product_brand?post=43564"},{"taxonomy":"product_cat","embeddable":true,"href":"https:\/\/bazaar.express\/pl\/wp-json\/wp\/v2\/product_cat?post=43564"},{"taxonomy":"product_tag","embeddable":true,"href":"https:\/\/bazaar.express\/pl\/wp-json\/wp\/v2\/product_tag?post=43564"}],"curies":[{"name":"wp","href":"https:\/\/api.w.org\/{rel}","templated":true}]}}