{"id":43590,"date":"2024-12-17T11:43:02","date_gmt":"2024-12-17T11:43:02","guid":{"rendered":"https:\/\/bazaar.express\/product\/almond-oil-3\/"},"modified":"2024-12-17T11:43:02","modified_gmt":"2024-12-17T11:43:02","slug":"almond-oil-3","status":"publish","type":"product","link":"https:\/\/bazaar.express\/pl\/produkt\/almond-oil-3\/","title":{"rendered":"Olej migda\u0142owy"},"content":{"rendered":"<h2 data-start=\"204\" data-end=\"280\"><strong data-start=\"207\" data-end=\"280\">Olej migda\u0142owy Lotus: od\u017cyw i rewitalizuj sk\u00f3r\u0119 i w\u0142osy naturalnie<\/strong><\/h2>\n<p data-start=\"282\" data-end=\"622\">Odkryj lecznicz\u0105 moc natury z <strong data-start=\"326\" data-end=\"346\">olejem migda\u0142owym Lotus<\/strong> \u2013 bogatym, wielofunkcyjnym olejem, kt\u00f3ry g\u0142\u0119boko nawil\u017ca, \u0142agodzi podra\u017cnienia, wyr\u00f3wnuje koloryt sk\u00f3ry i wspiera zdrowe w\u0142osy. Idealny dla suchej, wra\u017cliwej sk\u00f3ry i \u0142amliwych w\u0142os\u00f3w, ten olej zapewnia d\u0142ugotrwa\u0142e nawil\u017cenie i niezb\u0119dne sk\u0142adniki od\u017cywcze, rewitalizuj\u0105c sk\u00f3r\u0119 i w\u0142osy od nasady po ko\u0144ce.<\/p>\n<h3 data-start=\"629\" data-end=\"679\"><strong data-start=\"633\" data-end=\"679\"> G\u0142\u0119bokie nawil\u017cenie dla suchej i wra\u017cliwej sk\u00f3ry<\/strong><\/h3>\n<p data-start=\"680\" data-end=\"958\">Olej migda\u0142owy Lotus zapewnia intensywne nawil\u017cenie, stanowi\u0105c idealne rozwi\u0105zanie na sucho\u015b\u0107, \u0142uszczenie si\u0119 lub podra\u017cnienia spowodowane egzem\u0105, \u0142uszczyc\u0105 czy czynnikami \u015brodowiskowymi. Lekka, niet\u0142usta formu\u0142a wnika g\u0142\u0119boko, zmi\u0119kczaj\u0105c i od\u017cywiaj\u0105c sk\u00f3r\u0119, jednocze\u015bnie zatrzymuj\u0105c wilgo\u0107.<\/p>\n<h3 data-start=\"965\" data-end=\"1013\"><strong data-start=\"969\" data-end=\"1013\"> Wyr\u00f3wnuje koloryt sk\u00f3ry i rozja\u015bnia ciemne obszary<\/strong><\/h3>\n<p data-start=\"1014\" data-end=\"1226\">Regularne stosowanie pomaga zmniejszy\u0107 widoczno\u015b\u0107 przebarwie\u0144 i ciemnych plam. Bez wzgl\u0119du na to, czy celem s\u0105 pachy, kolana, \u0142okcie czy blizny, olej migda\u0142owy wspiera bardziej r\u00f3wnomierny, promienny koloryt sk\u00f3ry przy konsekwentnym stosowaniu.<\/p>\n<h3 data-start=\"1233\" data-end=\"1281\"><strong data-start=\"1237\" data-end=\"1281\"> \u0141agodzi stany zapalne i podra\u017cnion\u0105 sk\u00f3r\u0119<\/strong><\/h3>\n<p data-start=\"1282\" data-end=\"1431\">Dzi\u0119ki w\u0142a\u015bciwo\u015bciom uspokajaj\u0105cym ten olej natychmiast koi zaczerwienione, sw\u0119dz\u0105ce lub wra\u017cliwe miejsca, stanowi\u0105c \u015bwietn\u0105 naturaln\u0105 alternatyw\u0119 dla delikatnej sk\u00f3ry.<\/p>\n<h3 data-start=\"1438\" data-end=\"1489\"><strong data-start=\"1442\" data-end=\"1489\"> Terapia w\u0142os\u00f3w na mocniejsze, b\u0142yszcz\u0105ce pasma<\/strong><\/h3>\n<p data-start=\"1490\" data-end=\"1711\">Olej migda\u0142owy Lotus od\u017cywia sk\u00f3r\u0119 g\u0142owy i wzmacnia struktur\u0119 w\u0142osa. Po\u0142\u0105cz go z olejem kaktusowym, tworz\u0105c pot\u0119\u017cn\u0105, w pe\u0142ni naturaln\u0105 maseczk\u0119 do w\u0142os\u00f3w, kt\u00f3ra stymuluje wzrost, zapobiega rozdwajaniu si\u0119 ko\u0144c\u00f3wek i przywraca blask matowym, zniszczonym w\u0142osom.<\/p>\n<h3 data-start=\"1718\" data-end=\"1761\"><strong data-start=\"1722\" data-end=\"1761\"> Sk\u0142adniki i moc od\u017cywcz\u0105<\/strong><\/h3>\n<ul data-start=\"1762\" data-end=\"2020\">\n<li data-start=\"1762\" data-end=\"1838\">\n<p data-start=\"1764\" data-end=\"1838\"><strong data-start=\"1764\" data-end=\"1785\">Bogaty w witamin\u0119 E<\/strong>: wspiera regeneracj\u0119 sk\u00f3ry i zapobiega stresowi oksydacyjnemu.<\/p>\n<\/li>\n<li data-start=\"1839\" data-end=\"1933\">\n<p data-start=\"1841\" data-end=\"1933\"><strong data-start=\"1841\" data-end=\"1881\">Kwas oleinowy + kwasy t\u0142uszczowe Omega 6 i 9<\/strong>: wzmacnia barier\u0119 sk\u00f3rn\u0105 i poprawia tekstur\u0119.<\/p>\n<\/li>\n<li data-start=\"1934\" data-end=\"2020\">\n<p data-start=\"1936\" data-end=\"2020\"><strong data-start=\"1936\" data-end=\"1961\">Glikozydy i minera\u0142y<\/strong>: wspomagaj\u0105 og\u00f3lne zdrowie sk\u00f3ry i pomagaj\u0105 redukowa\u0107 oznaki starzenia.<\/p>\n<\/li>\n<\/ul>\n<h3 data-start=\"2027\" data-end=\"2048\"><strong data-start=\"2031\" data-end=\"2048\"> Jak stosowa\u0107<\/strong><\/h3>\n<p data-start=\"2050\" data-end=\"2063\"><strong data-start=\"2050\" data-end=\"2063\">Na sk\u00f3r\u0119:<\/strong><\/p>\n<ul data-start=\"2064\" data-end=\"2180\">\n<li data-start=\"2064\" data-end=\"2098\">\n<p data-start=\"2066\" data-end=\"2098\">Na\u0142\u00f3\u017c kilka kropel na czyst\u0105 sk\u00f3r\u0119.<\/p>\n<\/li>\n<li data-start=\"2099\" data-end=\"2144\">\n<p data-start=\"2101\" data-end=\"2144\">Wmasuj okr\u0119\u017cnymi ruchami, a\u017c si\u0119 wch\u0142onie.<\/p>\n<\/li>\n<li data-start=\"2145\" data-end=\"2180\">\n<p data-start=\"2147\" data-end=\"2180\">Stosuj dwa razy dziennie dla najlepszych rezultat\u00f3w.<\/p>\n<\/li>\n<\/ul>\n<p data-start=\"2182\" data-end=\"2195\"><strong data-start=\"2182\" data-end=\"2195\">Na w\u0142osy:<\/strong><\/p>\n<ul data-start=\"2196\" data-end=\"2339\">\n<li data-start=\"2196\" data-end=\"2247\">\n<p data-start=\"2198\" data-end=\"2247\">Po\u0142\u0105cz 1 \u0142y\u017ceczk\u0119 oleju migda\u0142owego z 1 \u0142y\u017ceczk\u0105 oleju kaktusowego.<\/p>\n<\/li>\n<li data-start=\"2248\" data-end=\"2287\">\n<p data-start=\"2250\" data-end=\"2287\">Wmasuj w sk\u00f3r\u0119 g\u0142owy przez 3 minuty.<\/p>\n<\/li>\n<li data-start=\"2288\" data-end=\"2339\">\n<p data-start=\"2290\" data-end=\"2339\">Pozostaw na 1 godzin\u0119, nast\u0119pnie sp\u0142ucz letni\u0105 wod\u0105.<\/p>\n<\/li>\n<\/ul>\n<h3 data-start=\"2658\" data-end=\"2724\"><strong data-start=\"2662\" data-end=\"2724\">Podsumowanie: Odkryj naturaln\u0105 moc oleju migda\u0142owego Lotus<\/strong><\/h3>\n<p data-start=\"2725\" data-end=\"2986\">Je\u015bli chcesz naprawi\u0107 such\u0105 sk\u00f3r\u0119, wyr\u00f3wna\u0107 koloryt czy wzmocni\u0107 w\u0142osy naturalnie, <strong data-start=\"2819\" data-end=\"2839\">olej migda\u0142owy Lotus<\/strong> oferuje delikatne, lecz skuteczne rozwi\u0105zanie. W\u0142\u0105cz go do codziennej piel\u0119gnacji i ciesz si\u0119 promienn\u0105 sk\u00f3r\u0105 oraz zdrowymi, od\u017cywionymi w\u0142osami \u2013 w naturalny spos\u00f3b.<\/p>\n<p style=\"text-align: center;\">Dzi\u0119kujemy za zakupy w <em data-start=\"415\" data-end=\"431\"><a href=\"https:\/\/bazaar.express\/pl\/\">Bazaar Express<\/a><\/em> \u2013 cieszymy si\u0119, \u017ce jeste\u015b z nami!<\/p>\n<p style=\"text-align: center;\">Poczuj moc natury \u2014 czyste <a href=\"https:\/\/bazaar.express\/pl\/therapeutic-oils\/\">oleje terapeutyczne<\/a> na codzienne dobre samopoczucie.<\/p>\n","protected":false},"excerpt":{"rendered":"<h3>Olej migda\u0142owy Lotus to naturalny nawil\u017cacz wzbogacony witamin\u0105 E i niezb\u0119dnymi kwasami t\u0142uszczowymi. G\u0142\u0119boko nawil\u017ca such\u0105 sk\u00f3r\u0119, wyr\u00f3wnuje koloryt, \u0142agodzi podra\u017cnienia i wspiera si\u0142\u0119 oraz blask w\u0142os\u00f3w.<\/h3>\n","protected":false},"featured_media":43591,"comment_status":"open","ping_status":"closed","template":"","meta":[],"product_brand":[],"product_cat":[1192],"product_tag":[1465,1470],"class_list":{"0":"post-43590","1":"product","2":"type-product","3":"status-publish","4":"has-post-thumbnail","6":"product_cat-pielegnacja-urody","7":"product_tag-naturalny-olej","8":"product_tag-olejek","9":"pa_l-xl-125ml","10":"pa_l-xl-250ml","11":"pa_l-xl-60ml","13":"first","14":"instock","15":"sale","16":"shipping-taxable","17":"purchasable","18":"product-type-variable"},"_links":{"self":[{"href":"https:\/\/bazaar.express\/pl\/wp-json\/wp\/v2\/product\/43590","targetHints":{"allow":["GET"]}}],"collection":[{"href":"https:\/\/bazaar.express\/pl\/wp-json\/wp\/v2\/product"}],"about":[{"href":"https:\/\/bazaar.express\/pl\/wp-json\/wp\/v2\/types\/product"}],"replies":[{"embeddable":true,"href":"https:\/\/bazaar.express\/pl\/wp-json\/wp\/v2\/comments?post=43590"}],"wp:featuredmedia":[{"embeddable":true,"href":"https:\/\/bazaar.express\/pl\/wp-json\/wp\/v2\/media\/43591"}],"wp:attachment":[{"href":"https:\/\/bazaar.express\/pl\/wp-json\/wp\/v2\/media?parent=43590"}],"wp:term":[{"taxonomy":"product_brand","embeddable":true,"href":"https:\/\/bazaar.express\/pl\/wp-json\/wp\/v2\/product_brand?post=43590"},{"taxonomy":"product_cat","embeddable":true,"href":"https:\/\/bazaar.express\/pl\/wp-json\/wp\/v2\/product_cat?post=43590"},{"taxonomy":"product_tag","embeddable":true,"href":"https:\/\/bazaar.express\/pl\/wp-json\/wp\/v2\/product_tag?post=43590"}],"curies":[{"name":"wp","href":"https:\/\/api.w.org\/{rel}","templated":true}]}}