{"id":43595,"date":"2024-12-17T11:10:32","date_gmt":"2024-12-17T11:10:32","guid":{"rendered":"https:\/\/bazaar.express\/product\/grape-seed-oil\/"},"modified":"2024-12-17T11:10:32","modified_gmt":"2024-12-17T11:10:32","slug":"grape-seed-oil","status":"publish","type":"product","link":"https:\/\/bazaar.express\/pl\/produkt\/grape-seed-oil\/","title":{"rendered":"Olej z pestek winogron"},"content":{"rendered":"<h2 data-start=\"231\" data-end=\"309\">Olej z pestek winogron Lotus: Od\u015bwie\u017c i wzmocnij w\u0142osy i sk\u00f3r\u0119 naturalnie<\/h2>\n<p data-start=\"311\" data-end=\"772\">Szukasz wielofunkcyjnego naturalnego oleju, kt\u00f3ry odmieni zar\u00f3wno twoje w\u0142osy, jak i sk\u00f3r\u0119? <strong data-start=\"391\" data-end=\"415\">Lotus Grape Seed Oil<\/strong> to idealne rozwi\u0105zanie. Pozyskiwany z bogatych w sk\u0142adniki od\u017cywcze pestek winogron, ten lekki, lecz silnie dzia\u0142aj\u0105cy olej jest nasycony antyoksydantami, witaminami i niezb\u0119dnymi kwasami t\u0142uszczowymi, kt\u00f3re nawil\u017caj\u0105, lecz\u0105 i regeneruj\u0105. Niezale\u017cnie od tego, czy chcesz okie\u0142zna\u0107 pusz\u0105ce si\u0119 w\u0142osy, od\u017cywi\u0107 such\u0105 sk\u00f3r\u0119 g\u0142owy czy przywr\u00f3ci\u0107 sk\u00f3rze m\u0142odzie\u0144czy blask, ten pot\u0119\u017cny eliksir przynosi efekty, kt\u00f3re poczujesz i zobaczysz.<\/p>\n<h3 data-start=\"779\" data-end=\"838\"> G\u0142\u00f3wne korzy\u015bci oleju z pestek winogron dla w\u0142os\u00f3w i sk\u00f3ry<\/h3>\n<h4 data-start=\"840\" data-end=\"898\">Przyspiesza wzrost w\u0142os\u00f3w i wzmacnia cebulki<\/h4>\n<p data-start=\"899\" data-end=\"1173\">Olej z pestek winogron Lotus wnika g\u0142\u0119boko w sk\u00f3r\u0119 g\u0142owy, stymuluj\u0105c mieszki w\u0142osowe i wspomagaj\u0105c szybszy wzrost w\u0142os\u00f3w. Redukuje \u0142amliwo\u015b\u0107, wzmacnia s\u0142abe pasma i przywraca w\u0142osom naturalny blask \u2013 stanowi doskona\u0142\u0105 naturaln\u0105 alternatyw\u0119 dla chemicznych od\u017cywek.<\/p>\n<h4 data-start=\"1175\" data-end=\"1231\">Poprawia elastyczno\u015b\u0107 sk\u00f3ry i redukuje przebarwienia<\/h4>\n<p data-start=\"1232\" data-end=\"1495\">Dzi\u0119ki wysokiej zawarto\u015bci kwasu linolowego ten olej uj\u0119drnia sk\u00f3r\u0119, zmniejsza hiperpigmentacj\u0119 i wspomaga regeneracj\u0119 sk\u00f3ry. Jest szczeg\u00f3lnie skuteczny w redukcji cieni pod oczami, blizn potr\u0105dzikowych i oznak starzenia, pozostawiaj\u0105c widocznie g\u0142adsze i ja\u015bniejsze cer\u0119.<\/p>\n<h4 data-start=\"1497\" data-end=\"1536\">Lekki i szybko wch\u0142anialny<\/h4>\n<p data-start=\"1537\" data-end=\"1717\">W przeciwie\u0144stwie do ci\u0119\u017cszych olej\u00f3w, olej z pestek winogron szybko wch\u0142ania si\u0119 w sk\u00f3r\u0119 i w\u0142osy bez zapychania por\u00f3w ani pozostawiania t\u0142ustej warstwy. To czyni go idealnym do codziennego nawil\u017cenia i nadania blasku.<\/p>\n<h3 data-start=\"1724\" data-end=\"1789\"> Co zawiera: Od\u017cywcza si\u0142a oleju z pestek winogron<\/h3>\n<p data-start=\"1791\" data-end=\"1872\">Olej z pestek winogron Lotus jest nasycony sk\u0142adnikami od\u017cywczymi korzystnymi dla sk\u00f3ry i wzmacniaj\u0105cymi w\u0142osy:<\/p>\n<ul data-start=\"1874\" data-end=\"2210\">\n<li data-start=\"1874\" data-end=\"1951\">\n<p data-start=\"1876\" data-end=\"1951\"><strong data-start=\"1876\" data-end=\"1894\">Kwas linolowy:<\/strong> Wspiera barier\u0119 ochronn\u0105 sk\u00f3ry i \u0142agodzi stany zapalne.<\/p>\n<\/li>\n<li data-start=\"1952\" data-end=\"2039\">\n<p data-start=\"1954\" data-end=\"2039\"><strong data-start=\"1954\" data-end=\"1972\">Witamina E i C:<\/strong> Antyoksydanty zwalczaj\u0105ce przedwczesne starzenie i uszkodzenia \u015brodowiskowe.<\/p>\n<\/li>\n<li data-start=\"2040\" data-end=\"2107\">\n<p data-start=\"2042\" data-end=\"2107\"><strong data-start=\"2042\" data-end=\"2064\">Omega-3 i Omega-6:<\/strong> Od\u017cywiaj\u0105 sk\u00f3r\u0119 i w\u0142osy od wewn\u0105trz.<\/p>\n<\/li>\n<li data-start=\"2108\" data-end=\"2210\">\n<p data-start=\"2110\" data-end=\"2210\"><strong data-start=\"2110\" data-end=\"2123\">Minera\u0142y:<\/strong> Zawiera magnez, \u017celazo, mied\u017a i fosfor, wspomagaj\u0105ce kr\u0105\u017cenie i napraw\u0119 kom\u00f3rek.<\/p>\n<\/li>\n<\/ul>\n<h3 data-start=\"2217\" data-end=\"2259\">Jak stosowa\u0107 olej z pestek winogron Lotus<\/h3>\n<h4 data-start=\"2261\" data-end=\"2287\">Dla promiennej sk\u00f3ry:<\/h4>\n<p data-start=\"2288\" data-end=\"2439\">Na\u0142\u00f3\u017c kilka kropel na czyst\u0105 sk\u00f3r\u0119, skupiaj\u0105c si\u0119 na przebarwieniach, suchych miejscach i okolicach oczu. Delikatnie masuj do wch\u0142oni\u0119cia. Dla efektu z\u0142uszczaj\u0105cego i blasku, wymieszaj:<\/p>\n<ul data-start=\"2440\" data-end=\"2536\">\n<li data-start=\"2440\" data-end=\"2478\">\n<p data-start=\"2442\" data-end=\"2478\">3 \u0142y\u017cki oleju z pestek winogron Lotus<\/p>\n<\/li>\n<li data-start=\"2479\" data-end=\"2506\">\n<p data-start=\"2481\" data-end=\"2506\">1 \u0142y\u017cka oleju migda\u0142owego<\/p>\n<\/li>\n<li data-start=\"2507\" data-end=\"2536\">\n<p data-start=\"2509\" data-end=\"2536\">3 \u0142y\u017cki br\u0105zowego cukru<\/p>\n<\/li>\n<\/ul>\n<p data-start=\"2538\" data-end=\"2599\">Masuj sk\u00f3r\u0119 przez 15 minut, nast\u0119pnie sp\u0142ucz ciep\u0142\u0105 wod\u0105.<\/p>\n<h4 data-start=\"2601\" data-end=\"2631\">Dla od\u017cywienia w\u0142os\u00f3w:<\/h4>\n<p data-start=\"2632\" data-end=\"2811\">Po umyciu szamponem na\u0142\u00f3\u017c ciep\u0142y olej z pestek winogron na sk\u00f3r\u0119 g\u0142owy i ko\u0144ce w\u0142os\u00f3w. Pozostaw na 5\u201310 minut, nast\u0119pnie sp\u0142ucz. W przypadku \u0142upie\u017cu lekko podgrzej olej przed wmasowaniem w sk\u00f3r\u0119 g\u0142owy.<\/p>\n<h3 data-start=\"3132\" data-end=\"3152\"> Podsumowanie<\/h3>\n<p data-start=\"3154\" data-end=\"3531\">Dzi\u0119ki bogatemu profilowi od\u017cywczemu i koj\u0105cemu dzia\u0142aniu <strong data-start=\"3205\" data-end=\"3229\">Lotus Grape Seed Oil<\/strong> to niezb\u0119dny element twojej rutyny piel\u0119gnacyjnej. Bez wzgl\u0119du na to, czy zmagasz si\u0119 z matow\u0105 sk\u00f3r\u0105, \u0142upie\u017cem czy wolnym wzrostem w\u0142os\u00f3w, ten olej oferuje czyste, naturalne i skuteczne rozwi\u0105zanie.<br data-start=\"3397\" data-end=\"3400\" \/><strong data-start=\"3400\" data-end=\"3531\">Dodaj olej z pestek winogron Lotus do swojego zestawu do piel\u0119gnacji i ciesz si\u0119 delikatn\u0105 si\u0142\u0105 natury dla promiennej sk\u00f3ry i zdrowych w\u0142os\u00f3w \u2013 dzie\u0144 po dniu.<\/strong><\/p>\n<p style=\"text-align: center;\">Dzi\u0119kujemy za zakupy w <em data-start=\"415\" data-end=\"431\"><a href=\"https:\/\/bazaar.express\/pl\/\">Bazaar Express<\/a><\/em> \u2013 cieszymy si\u0119, \u017ce jeste\u015b z nami!<\/p>\n<p style=\"text-align: center;\">Poczuj si\u0142\u0119 natury \u2014 czyste <a href=\"https:\/\/bazaar.express\/pl\/therapeutic-oils\/\">oleje terapeutyczne<\/a> dla codziennego dobra.<\/p>\n","protected":false},"excerpt":{"rendered":"<h3 data-start=\"408\" data-end=\"696\">Olej z pestek winogron Lotus to lekki, szybko wch\u0142aniaj\u0105cy si\u0119 olej bogaty w witamin\u0119 E, kwasy omega i antyoksydanty. Idealny do przywracania blasku w\u0142osom, rozja\u015bniania przebarwie\u0144, redukcji stan\u00f3w zapalnych i g\u0142\u0119bokiego nawil\u017cania sk\u00f3ry bez t\u0142usto\u015bci. Nadaje si\u0119 do wszystkich typ\u00f3w sk\u00f3ry i w\u0142os\u00f3w.<\/h3>\n<p>&nbsp;<\/p>\n","protected":false},"featured_media":43596,"comment_status":"open","ping_status":"closed","template":"","meta":[],"product_brand":[],"product_cat":[1192],"product_tag":[1465,1470],"class_list":{"0":"post-43595","1":"product","2":"type-product","3":"status-publish","4":"has-post-thumbnail","6":"product_cat-pielegnacja-urody","7":"product_tag-naturalny-olej","8":"product_tag-olejek","9":"pa_l-xl-125ml","10":"pa_l-xl-250ml","11":"pa_l-xl-60ml","13":"first","14":"instock","15":"sale","16":"shipping-taxable","17":"purchasable","18":"product-type-variable"},"_links":{"self":[{"href":"https:\/\/bazaar.express\/pl\/wp-json\/wp\/v2\/product\/43595","targetHints":{"allow":["GET"]}}],"collection":[{"href":"https:\/\/bazaar.express\/pl\/wp-json\/wp\/v2\/product"}],"about":[{"href":"https:\/\/bazaar.express\/pl\/wp-json\/wp\/v2\/types\/product"}],"replies":[{"embeddable":true,"href":"https:\/\/bazaar.express\/pl\/wp-json\/wp\/v2\/comments?post=43595"}],"wp:featuredmedia":[{"embeddable":true,"href":"https:\/\/bazaar.express\/pl\/wp-json\/wp\/v2\/media\/43596"}],"wp:attachment":[{"href":"https:\/\/bazaar.express\/pl\/wp-json\/wp\/v2\/media?parent=43595"}],"wp:term":[{"taxonomy":"product_brand","embeddable":true,"href":"https:\/\/bazaar.express\/pl\/wp-json\/wp\/v2\/product_brand?post=43595"},{"taxonomy":"product_cat","embeddable":true,"href":"https:\/\/bazaar.express\/pl\/wp-json\/wp\/v2\/product_cat?post=43595"},{"taxonomy":"product_tag","embeddable":true,"href":"https:\/\/bazaar.express\/pl\/wp-json\/wp\/v2\/product_tag?post=43595"}],"curies":[{"name":"wp","href":"https:\/\/api.w.org\/{rel}","templated":true}]}}