{"id":43606,"date":"2024-12-24T01:12:32","date_gmt":"2024-12-24T01:12:32","guid":{"rendered":"https:\/\/bazaar.express\/product\/arm-bands\/"},"modified":"2024-12-24T01:12:32","modified_gmt":"2024-12-24T01:12:32","slug":"arm-bands","status":"publish","type":"product","link":"https:\/\/bazaar.express\/pl\/produkt\/arm-bands\/","title":{"rendered":"Nadmuchiwane opaski na ramiona \u2013 dla dzieci"},"content":{"rendered":"<h2 data-start=\"0\" data-end=\"67\">Nadmuchiwane opaski Jilong \u2013 zabawa i bezpiecze\u0144stwo w wodzie dla dzieci<\/h2>\n<h3 data-start=\"69\" data-end=\"115\">Uczy\u0144 wodne przygody magiczne i bezpieczne<\/h3>\n<p data-start=\"116\" data-end=\"591\">Zmieniaj ka\u017cdy seans p\u0142ywania w radosn\u0105, bezpieczn\u0105 i kolorow\u0105 przygod\u0119 dzi\u0119ki <strong data-start=\"185\" data-end=\"216\">nadmuchiwanym opaskom Jilong<\/strong>. Zaprojektowane specjalnie dla dzieci w wieku <strong data-start=\"252\" data-end=\"268\">3\u20136 lat<\/strong>, te urocze opaski wyr\u00f3\u017cniaj\u0105 si\u0119 uroczymi wzorami <strong data-start=\"314\" data-end=\"326\">flaminga<\/strong> i <strong data-start=\"331\" data-end=\"342\">jednoro\u017cca<\/strong>, kt\u00f3re przyci\u0105gaj\u0105 wzrok i pobudzaj\u0105 do zabawy. Czy to pierwszy raz w basenie, czy s\u0142oneczny dzie\u0144 na pla\u017cy, te ko\u0142a ratunkowe zapewniaj\u0105 niezawodne podparcie i buduj\u0105 pewno\u015b\u0107 siebie w wodzie \u2013 wszystko w zabawny i stylowy spos\u00f3b.<\/p>\n<h3 data-start=\"593\" data-end=\"629\">\u017bywe wzory, kt\u00f3re dzieci pokochaj\u0105<\/h3>\n<p data-start=\"630\" data-end=\"863\">Dzieci uwielbiaj\u0105 kapry\u015bne wzory flaminga i jednoro\u017cca, kt\u00f3re zamieniaj\u0105 czas w wodzie w chwile jak z bajki. Te jasne, przyjazne projekty nie tylko ciesz\u0105 oko \u2013 zwi\u0119kszaj\u0105 te\u017c widoczno\u015b\u0107 w wodzie, daj\u0105c rodzicom spok\u00f3j ducha.<\/p>\n<h3 data-start=\"865\" data-end=\"907\">Dopasowane przyleganie z \u0142atwym i bezpiecznym nadmuchiwaniem<\/h3>\n<p data-start=\"908\" data-end=\"1212\">Ka\u017cda opaska ma <strong data-start=\"931\" data-end=\"950\">podw\u00f3jne zawory powietrza<\/strong> do szybkiego i r\u00f3wnomiernego nadmuchania oraz dobrego przylegania. Opaski dostosowuj\u0105 si\u0119 do ramion dziecka, zapewniaj\u0105c <strong data-start=\"1039\" data-end=\"1071\">optymalny komfort i wyporno\u015b\u0107<\/strong>, co pozwala na bezpieczne pluskanie i wios\u0142owanie. S\u0105 <strong data-start=\"1123\" data-end=\"1151\">\u0142atwe do spakowania i nadmuchania<\/strong>, idealne na wakacje lub spontaniczne dni nad basenem.<\/p>\n<h3 data-start=\"1214\" data-end=\"1251\">Stworzone z my\u015bl\u0105 o bezpiecze\u0144stwie i trwa\u0142o\u015bci<\/h3>\n<p data-start=\"1252\" data-end=\"1577\">Wykonane z <strong data-start=\"1262\" data-end=\"1287\">grubego, nadmuchiwanego PVC<\/strong>, opaski s\u0105 mi\u0119kkie dla sk\u00f3ry i wytrzyma\u0142e na aktywn\u0105 zabaw\u0119. Przeznaczone dla dzieci o wadze <strong data-start=\"1382\" data-end=\"1406\">18\u201330 kg (40\u201365 lbs)<\/strong>, zapewniaj\u0105 niezawodne podparcie, podczas gdy dziecko nabiera pewno\u015bci w p\u0142ywaniu. System <strong data-start=\"1488\" data-end=\"1509\">podw\u00f3jnych zawor\u00f3w<\/strong> zwi\u0119ksza bezpiecze\u0144stwo, minimalizuj\u0105c ryzyko utraty powietrza podczas u\u017cytkowania.<\/p>\n<h3 data-start=\"1579\" data-end=\"1621\">Zaprojektowane dla pewno\u015bci siebie w wodzie<\/h3>\n<p data-start=\"1622\" data-end=\"1907\">Niezale\u017cnie od tego, czy dziecko dopiero uczy si\u0119 p\u0142ywa\u0107, czy ju\u017c p\u0142ywanie z lekkim wsparciem, te opaski pomagaj\u0105 budowa\u0107 <strong data-start=\"1734\" data-end=\"1762\">si\u0142\u0119 i zaufanie<\/strong> w wodzie. Lekka, zr\u00f3wnowa\u017cona konstrukcja umo\u017cliwia naturalny ruch i redukuje strach dzi\u0119ki podparciu bez ograniczania ruch\u00f3w.<\/p>\n<h3 data-start=\"1914\" data-end=\"1963\">G\u0142\u00f3wne cechy nadmuchiwanych opasek Jilong<\/h3>\n<ul data-start=\"1964\" data-end=\"2311\">\n<li data-start=\"1964\" data-end=\"2024\">\n<p data-start=\"1966\" data-end=\"2024\"><strong data-start=\"1966\" data-end=\"1985\">Opcje wzornictwa:<\/strong> Uroczy flaming lub magiczny jednoro\u017cec<\/p>\n<\/li>\n<li data-start=\"2025\" data-end=\"2072\">\n<p data-start=\"2027\" data-end=\"2072\"><strong data-start=\"2027\" data-end=\"2036\">Rozmiar:<\/strong> 23 x 15 cm \u2013 idealny na ma\u0142e ramiona<\/p>\n<\/li>\n<li data-start=\"2073\" data-end=\"2101\">\n<p data-start=\"2075\" data-end=\"2101\"><strong data-start=\"2075\" data-end=\"2089\">Zakres wiekowy:<\/strong> 3\u20136 lat<\/p>\n<\/li>\n<li data-start=\"2102\" data-end=\"2146\">\n<p data-start=\"2104\" data-end=\"2146\"><strong data-start=\"2104\" data-end=\"2123\">No\u015bno\u015b\u0107:<\/strong> 18\u201330 kg \/ 40\u201365 lbs<\/p>\n<\/li>\n<li data-start=\"2147\" data-end=\"2187\">\n<p data-start=\"2149\" data-end=\"2187\"><strong data-start=\"2149\" data-end=\"2162\">Materia\u0142:<\/strong> Trwa\u0142e nadmuchiwane PVC<\/p>\n<\/li>\n<li data-start=\"2188\" data-end=\"2238\">\n<p data-start=\"2190\" data-end=\"2238\"><strong data-start=\"2190\" data-end=\"2210\">Podw\u00f3jne zawory powietrza:<\/strong> \u0141atwe i bezpieczne nadmuchiwanie<\/p>\n<\/li>\n<li data-start=\"2239\" data-end=\"2311\">\n<p data-start=\"2241\" data-end=\"2311\"><strong data-start=\"2241\" data-end=\"2255\">Opakowanie:<\/strong> Kolorowe pude\u0142ko kartonowe \u2013 \u015bwietne na prezent lub przechowywanie<\/p>\n<\/li>\n<\/ul>\n<h3 data-start=\"2318\" data-end=\"2352\">Dlaczego rodzice i dzieci je kochaj\u0105<\/h3>\n<ul data-start=\"2353\" data-end=\"2755\">\n<li data-start=\"2353\" data-end=\"2413\">\n<p data-start=\"2355\" data-end=\"2413\"><strong data-start=\"2357\" data-end=\"2380\">Jasne, zabawne wzory<\/strong> \u2013 czyni\u0105 p\u0142ywanie bardziej ekscytuj\u0105cym<\/p>\n<\/li>\n<li data-start=\"2414\" data-end=\"2479\">\n<p data-start=\"2416\" data-end=\"2479\"><strong data-start=\"2418\" data-end=\"2430\">Bezpieczne przyleganie<\/strong> \u2013 podw\u00f3jne zawory dla r\u00f3wnomiernego powietrza i pewnego noszenia<\/p>\n<\/li>\n<li data-start=\"2480\" data-end=\"2551\">\n<p data-start=\"2482\" data-end=\"2551\"><strong data-start=\"2484\" data-end=\"2499\">Szybki monta\u017c<\/strong> \u2013 \u0142atwe nadmuchanie w 2 krokach dla wygody w podr\u00f3\u017cy<\/p>\n<\/li>\n<li data-start=\"2552\" data-end=\"2617\">\n<p data-start=\"2554\" data-end=\"2617\"><strong data-start=\"2556\" data-end=\"2582\">Wygodne i elastyczne<\/strong> \u2013 lekkie i delikatne dla sk\u00f3ry<\/p>\n<\/li>\n<li data-start=\"2618\" data-end=\"2683\">\n<p data-start=\"2620\" data-end=\"2683\"><strong data-start=\"2622\" data-end=\"2643\">Trwa\u0142e do wielokrotnego u\u017cytku<\/strong> \u2013 solidne PVC wytrzymuje wielokrotn\u0105 zabaw\u0119<\/p>\n<\/li>\n<li data-start=\"2684\" data-end=\"2755\">\n<p data-start=\"2686\" data-end=\"2755\"><strong data-start=\"2688\" data-end=\"2709\">Buduje pewno\u015b\u0107 siebie<\/strong> \u2013 pomaga dzieciom unosi\u0107 si\u0119 podczas nauki p\u0142ywania<\/p>\n<\/li>\n<\/ul>\n<h3 data-start=\"3071\" data-end=\"3108\">Bezpieczne, stylowe i gotowe do pluskania<\/h3>\n<p data-start=\"3109\" data-end=\"3424\">Planujesz dzie\u0144 na pla\u017cy, weekend nad jeziorem czy zabaw\u0119 przy basenie? <strong data-start=\"3190\" data-end=\"3221\">Nadmuchiwane opaski Jilong<\/strong> to idealny spos\u00f3b na po\u0142\u0105czenie <strong data-start=\"3251\" data-end=\"3277\">bezpiecze\u0144stwa i wyobra\u017ani<\/strong>. Pozw\u00f3l dziecku unosi\u0107 si\u0119, bawi\u0107 i zyskiwa\u0107 pewno\u015b\u0107 w wodzie \u2013 podczas gdy Ty odpoczywasz, wiedz\u0105c, \u017ce s\u0105 chronione wysokiej jako\u015bci sprz\u0119tem zatwierdzonym przez rodzic\u00f3w.<\/p>\n<p data-start=\"3426\" data-end=\"3505\" data-is-last-node=\"\" data-is-only-node=\"\"><strong data-start=\"3426\" data-end=\"3505\" data-is-last-node=\"\">Zam\u00f3w teraz i uczy\u0144 czas p\u0142ywania dziecka bezpiecznym, jasnym i pe\u0142nym u\u015bmiech\u00f3w!<\/strong><\/p>\n<p style=\"text-align: center;\">Dzi\u0119kujemy za zakupy w <em data-start=\"415\" data-end=\"431\"><a href=\"https:\/\/bazaar.express\/pl\/\">Bazaar Express<\/a><\/em> \u2013 cieszymy si\u0119, \u017ce jeste\u015b z nami!<\/p>\n<p style=\"text-align: center;\">Od r\u0119cznik\u00f3w po torby, nasze <a href=\"https:\/\/bazaar.express\/pl\/beach-essentials\/\">Akcesoria pla\u017cowe<\/a> maj\u0105 Ci\u0119 w zasi\u0119gu.<\/p>\n","protected":false},"excerpt":{"rendered":"<h3 data-start=\"397\" data-end=\"582\">Nadmuchiwane opaski Jilong dla dzieci w wieku 3\u20136 lat oferuj\u0105 bezpieczne i zabawne podparcie w wodzie z \u017cywymi wzorami jednoro\u017cca i flaminga. Z trwa\u0142ego PVC, podw\u00f3jnymi zaworami i pewnym, wygodnym dopasowaniem.<\/h3>\n","protected":false},"featured_media":34433,"comment_status":"open","ping_status":"closed","template":"","meta":[],"product_brand":[],"product_cat":[1194],"product_tag":[1479,1634],"class_list":{"0":"post-43606","1":"product","2":"type-product","3":"status-publish","4":"has-post-thumbnail","6":"product_cat-niezbedniki-plazowe","7":"product_tag-morze","8":"product_tag-plaza","10":"first","11":"instock","12":"shipping-taxable","13":"purchasable","14":"product-type-simple"},"_links":{"self":[{"href":"https:\/\/bazaar.express\/pl\/wp-json\/wp\/v2\/product\/43606","targetHints":{"allow":["GET"]}}],"collection":[{"href":"https:\/\/bazaar.express\/pl\/wp-json\/wp\/v2\/product"}],"about":[{"href":"https:\/\/bazaar.express\/pl\/wp-json\/wp\/v2\/types\/product"}],"replies":[{"embeddable":true,"href":"https:\/\/bazaar.express\/pl\/wp-json\/wp\/v2\/comments?post=43606"}],"wp:featuredmedia":[{"embeddable":true,"href":"https:\/\/bazaar.express\/pl\/wp-json\/wp\/v2\/media\/34433"}],"wp:attachment":[{"href":"https:\/\/bazaar.express\/pl\/wp-json\/wp\/v2\/media?parent=43606"}],"wp:term":[{"taxonomy":"product_brand","embeddable":true,"href":"https:\/\/bazaar.express\/pl\/wp-json\/wp\/v2\/product_brand?post=43606"},{"taxonomy":"product_cat","embeddable":true,"href":"https:\/\/bazaar.express\/pl\/wp-json\/wp\/v2\/product_cat?post=43606"},{"taxonomy":"product_tag","embeddable":true,"href":"https:\/\/bazaar.express\/pl\/wp-json\/wp\/v2\/product_tag?post=43606"}],"curies":[{"name":"wp","href":"https:\/\/api.w.org\/{rel}","templated":true}]}}