{"id":43614,"date":"2024-12-23T23:32:31","date_gmt":"2024-12-23T23:32:31","guid":{"rendered":"https:\/\/bazaar.express\/product\/swim-ring\/"},"modified":"2024-12-23T23:32:31","modified_gmt":"2024-12-23T23:32:31","slug":"swim-ring","status":"publish","type":"product","link":"https:\/\/bazaar.express\/pl\/produkt\/swim-ring\/","title":{"rendered":"Nadmuchiwany ko\u0142o ratunkowe do p\u0142ywania"},"content":{"rendered":"<h2 data-start=\"0\" data-end=\"94\">Ko\u0142o do p\u0142ywania Bestway \u201eFloral Fantasy\u201d \u2013 idealny towarzysz lata do relaksu i zabawy<\/h2>\n<h3 data-start=\"96\" data-end=\"142\">Dodaj stylowy akcent do swoich dni nad wod\u0105<\/h3>\n<p data-start=\"143\" data-end=\"594\">Ciesz si\u0119 s\u0142o\u0144cem i odp\u0142y\u0144 od trosk z <strong data-start=\"201\" data-end=\"239\">ko\u0142em do p\u0142ywania Bestway \u201eFloral Fantasy\u201d<\/strong> \u2013 doskona\u0142ym po\u0142\u0105czeniem <strong data-start=\"261\" data-end=\"309\">wygody, trwa\u0142o\u015bci i przyci\u0105gaj\u0105cego wzrok wzoru<\/strong>. Czy relaksujesz si\u0119 w basenie, dryfujesz na spokojnym jeziorze, czy sp\u0119dzasz weso\u0142y dzie\u0144 na pla\u017cy, to \u017cywe i niezawodne ko\u0142o do p\u0142ywania jest niezb\u0119dnym dodatkiem na lato. Zaprojektowane dla wszystkich grup wiekowych, wyr\u00f3\u017cnia si\u0119 po\u0142\u0105czeniem zabawy i funkcjonalno\u015bci w najbardziej kolorowy spos\u00f3b.<\/p>\n<h3 data-start=\"596\" data-end=\"644\">Zaprojektowane z my\u015bl\u0105 o komforcie, zbudowane z trwa\u0142o\u015bci<\/h3>\n<p data-start=\"645\" data-end=\"915\">Z <strong data-start=\"653\" data-end=\"691\">nadmuchanymi wymiarami 99 x 99 x 31,5 cm<\/strong> i wykonane z <strong data-start=\"706\" data-end=\"730\">trwa\u0142ego materia\u0142u PVC<\/strong>, to du\u017ce ko\u0142o do p\u0142ywania zapewnia bezpieczne i komfortowe unoszenie si\u0119. Jego <strong data-start=\"812\" data-end=\"840\">lekka konstrukcja (680 g)<\/strong> u\u0142atwia przenoszenie, nadmuchiwanie i pakowanie na wszystkie wodne przygody.<\/p>\n<h3 data-start=\"917\" data-end=\"955\">\u017bywy wielokolorowy wz\u00f3r kwiatowy<\/h3>\n<p data-start=\"956\" data-end=\"1203\">Wyr\u00f3\u017cnij si\u0119 na wodzie dzi\u0119ki <strong data-start=\"1017\" data-end=\"1050\">odwa\u017cnemu, tropikalnemu wzorowi kwiatowemu<\/strong> ko\u0142a \u201eFloral Fantasy\u201d. \u017bywy wielokolorowy design wnosi \u015bwie\u017c\u0105, figlarn\u0105 energi\u0119 na ka\u017cd\u0105 imprez\u0119 przy basenie lub dzie\u0144 na pla\u017cy, czyni\u0105c go idealnym dodatkiem zar\u00f3wno dla dzieci, jak i doros\u0142ych.<\/p>\n<h3 data-start=\"1205\" data-end=\"1249\">Bezpiecze\u0144stwo i stabilno\u015b\u0107 dla spokoju ducha<\/h3>\n<p data-start=\"1250\" data-end=\"1469\">Wyposa\u017cone w <strong data-start=\"1264\" data-end=\"1291\">solidne wbudowane uchwyty<\/strong>, ko\u0142o do p\u0142ywania zapewnia doskona\u0142e podparcie i stabilno\u015b\u0107 podczas unoszenia si\u0119. Te uchwyty z \u0142atwym chwytem gwarantuj\u0105 bezpieczn\u0105 jazd\u0119 po wodzie i oferuj\u0105 bezproblemow\u0105 kontrol\u0119 oraz manewrowo\u015b\u0107.<\/p>\n<p data-start=\"1471\" data-end=\"1665\">Zawory <strong data-start=\"1475\" data-end=\"1492\">bezpiecze\u0144stwa<\/strong> s\u0105 zaprojektowane tak, aby utrzymywa\u0107 powietrze szczelnie na d\u0142u\u017cszy czas, a dzi\u0119ki do\u0142\u0105czonej <strong data-start=\"1572\" data-end=\"1597\">\u0142acie naprawczej<\/strong> szybko i \u0142atwo poradzisz sobie z drobnymi uszkodzeniami lub przetarciami.<\/p>\n<h3 data-start=\"1667\" data-end=\"1710\">Idealny dla wszystkich grup wiekowych i miejsc wodnych<\/h3>\n<p data-start=\"1711\" data-end=\"1995\">Niezale\u017cnie od tego, czy wprowadzasz dziecko w zabaw\u0119 w wodzie, czy po prostu chcesz si\u0119 zrelaksowa\u0107 w s\u0142o\u0144cu, ko\u0142o do p\u0142ywania \u201eFloral Fantasy\u201d jest <strong data-start=\"1836\" data-end=\"1882\">dopasowane i zaprojektowane do uniwersalnej przyjemno\u015bci<\/strong>. Wspiera pewno\u015b\u0107 siebie i bezpiecze\u0144stwo m\u0142odszych p\u0142ywak\u00f3w oraz oferuje swobodne, beztroskie unoszenie si\u0119 dla nastolatk\u00f3w i doros\u0142ych.<\/p>\n<h3 data-start=\"2002\" data-end=\"2062\">G\u0142\u00f3wne cechy ko\u0142a do p\u0142ywania Bestway \u201eFloral Fantasy\u201d<\/h3>\n<ul data-start=\"2063\" data-end=\"2438\">\n<li data-start=\"2063\" data-end=\"2109\">\n<p data-start=\"2065\" data-end=\"2109\"><strong data-start=\"2065\" data-end=\"2089\">Wymiary nadmuchane:<\/strong> 99 x 99 x 31,5 cm<\/p>\n<\/li>\n<li data-start=\"2110\" data-end=\"2157\">\n<p data-start=\"2112\" data-end=\"2157\"><strong data-start=\"2112\" data-end=\"2123\">Waga:<\/strong> 680 g \u2013 lekkie i przeno\u015bne<\/p>\n<\/li>\n<li data-start=\"2158\" data-end=\"2205\">\n<p data-start=\"2160\" data-end=\"2205\"><strong data-start=\"2160\" data-end=\"2170\">Kolor:<\/strong> \u017bywy wielokolorowy wz\u00f3r kwiatowy<\/p>\n<\/li>\n<li data-start=\"2206\" data-end=\"2248\">\n<p data-start=\"2208\" data-end=\"2248\"><strong data-start=\"2208\" data-end=\"2221\">Materia\u0142:<\/strong> Trwa\u0142a konstrukcja PVC<\/p>\n<\/li>\n<li data-start=\"2249\" data-end=\"2303\">\n<p data-start=\"2251\" data-end=\"2303\"><strong data-start=\"2251\" data-end=\"2263\">Uchwyty:<\/strong> Wbudowane solidne uchwyty dla stabilno\u015bci<\/p>\n<\/li>\n<li data-start=\"2304\" data-end=\"2326\">\n<p data-start=\"2306\" data-end=\"2326\"><strong data-start=\"2306\" data-end=\"2316\">Marka:<\/strong> Bestway<\/p>\n<\/li>\n<li data-start=\"2327\" data-end=\"2382\">\n<p data-start=\"2329\" data-end=\"2382\"><strong data-start=\"2329\" data-end=\"2355\">Do\u0142\u0105czona \u0142ata naprawcza:<\/strong> Do \u0142atwych napraw w podr\u00f3\u017cy<\/p>\n<\/li>\n<li data-start=\"2383\" data-end=\"2438\">\n<p data-start=\"2385\" data-end=\"2438\"><strong data-start=\"2385\" data-end=\"2394\">Rozmiar:<\/strong> Du\u017cy \u2013 odpowiedni dla dzieci i doros\u0142ych<\/p>\n<\/li>\n<\/ul>\n<h3 data-start=\"2445\" data-end=\"2469\">Dlaczego pokochasz to ko\u0142o<\/h3>\n<ul data-start=\"2470\" data-end=\"2881\">\n<li data-start=\"2470\" data-end=\"2550\">\n<p data-start=\"2472\" data-end=\"2550\"><strong data-start=\"2474\" data-end=\"2498\">Wytrzyma\u0142e i d\u0142ugotrwa\u0142e<\/strong> \u2013 Wykonane z wysokiej jako\u015bci PVC do wielokrotnego u\u017cytku<\/p>\n<\/li>\n<li data-start=\"2551\" data-end=\"2638\">\n<p data-start=\"2553\" data-end=\"2638\"><strong data-start=\"2555\" data-end=\"2575\">Komfortowa jazda<\/strong> \u2013 G\u0142adka powierzchnia z ergonomicznymi uchwytami dla relaksowego unoszenia si\u0119<\/p>\n<\/li>\n<li data-start=\"2639\" data-end=\"2726\">\n<p data-start=\"2641\" data-end=\"2726\"><strong data-start=\"2643\" data-end=\"2661\">Stylowy wygl\u0105d<\/strong> \u2013 Tropikalne grafiki kwiatowe wyr\u00f3\u017cniaj\u0105ce si\u0119 w ka\u017cdym otoczeniu wodnym<\/p>\n<\/li>\n<li data-start=\"2727\" data-end=\"2811\">\n<p data-start=\"2729\" data-end=\"2811\"><strong data-start=\"2731\" data-end=\"2751\">Dla wszystkich grup wiekowych<\/strong> \u2013 Bezpieczne, zabawne i \u0142atwe w u\u017cyciu dla dzieci i doros\u0142ych<\/p>\n<\/li>\n<li data-start=\"2812\" data-end=\"2881\">\n<p data-start=\"2814\" data-end=\"2881\"><strong data-start=\"2816\" data-end=\"2831\">Szybki monta\u017c<\/strong> \u2013 Nadmuchuje si\u0119 w kilka minut i sk\u0142ada do transportu<\/p>\n<\/li>\n<\/ul>\n<h3 data-start=\"3197\" data-end=\"3263\">Ciesz si\u0119 latem z ko\u0142em do p\u0142ywania \u201eFloral Fantasy\u201d<\/h3>\n<p data-start=\"3264\" data-end=\"3553\">Niezale\u017cnie od tego, czy spokojnie unoszisz si\u0119 w basenie, czy bawisz w falach, <strong data-start=\"3343\" data-end=\"3381\">ko\u0142o do p\u0142ywania Bestway \u201eFloral Fantasy\u201d<\/strong> zapewnia relaks i \u017cywy styl. To nie tylko ko\u0142o do p\u0142ywania \u2013 to letni niezb\u0119dnik zaprojektowany, by przynie\u015b\u0107 komfort, bezpiecze\u0144stwo i odrobin\u0119 tropikalnego uroku ka\u017cdego dnia nad wod\u0105.<\/p>\n<p data-start=\"3555\" data-end=\"3624\" data-is-last-node=\"\" data-is-only-node=\"\"><strong data-start=\"3555\" data-end=\"3624\" data-is-last-node=\"\">Zam\u00f3w teraz i uczy\u0144 ka\u017cdy plusk stylowym, bezpiecznym i niezapomnianym!<\/strong><\/p>\n<p style=\"text-align: center;\">Dzi\u0119kujemy za zakupy w <em data-start=\"415\" data-end=\"431\"><a href=\"https:\/\/bazaar.express\/pl\/\">Bazaar Express<\/a><\/em> \u2013 cieszymy si\u0119, \u017ce jeste\u015b z nami!<\/p>\n<p style=\"text-align: center;\">Od r\u0119cznik\u00f3w po torby, nasze <a href=\"https:\/\/bazaar.express\/pl\/beach-essentials\/\">Akcesoria pla\u017cowe<\/a> maj\u0105 ci\u0119 obj\u0119te opiek\u0105.<\/p>\n","protected":false},"excerpt":{"rendered":"<h3>Ko\u0142o do p\u0142ywania Bestway \u201eFloral Fantasy\u201d oferuje zabawn\u0105, bezpieczn\u0105 i kolorow\u0105 metod\u0119 unoszenia si\u0119. Wykonane z trwa\u0142ego PVC, z uchwytami \u0142atwymi do chwycenia i tropikalnym wzorem kwiatowym, idealne dla dzieci i doros\u0142ych.<\/h3>\n","protected":false},"featured_media":34441,"comment_status":"open","ping_status":"closed","template":"","meta":[],"product_brand":[],"product_cat":[1194],"product_tag":[1479,1634],"class_list":{"0":"post-43614","1":"product","2":"type-product","3":"status-publish","4":"has-post-thumbnail","6":"product_cat-niezbedniki-plazowe","7":"product_tag-morze","8":"product_tag-plaza","10":"first","11":"instock","12":"shipping-taxable","13":"purchasable","14":"product-type-simple"},"_links":{"self":[{"href":"https:\/\/bazaar.express\/pl\/wp-json\/wp\/v2\/product\/43614","targetHints":{"allow":["GET"]}}],"collection":[{"href":"https:\/\/bazaar.express\/pl\/wp-json\/wp\/v2\/product"}],"about":[{"href":"https:\/\/bazaar.express\/pl\/wp-json\/wp\/v2\/types\/product"}],"replies":[{"embeddable":true,"href":"https:\/\/bazaar.express\/pl\/wp-json\/wp\/v2\/comments?post=43614"}],"wp:featuredmedia":[{"embeddable":true,"href":"https:\/\/bazaar.express\/pl\/wp-json\/wp\/v2\/media\/34441"}],"wp:attachment":[{"href":"https:\/\/bazaar.express\/pl\/wp-json\/wp\/v2\/media?parent=43614"}],"wp:term":[{"taxonomy":"product_brand","embeddable":true,"href":"https:\/\/bazaar.express\/pl\/wp-json\/wp\/v2\/product_brand?post=43614"},{"taxonomy":"product_cat","embeddable":true,"href":"https:\/\/bazaar.express\/pl\/wp-json\/wp\/v2\/product_cat?post=43614"},{"taxonomy":"product_tag","embeddable":true,"href":"https:\/\/bazaar.express\/pl\/wp-json\/wp\/v2\/product_tag?post=43614"}],"curies":[{"name":"wp","href":"https:\/\/api.w.org\/{rel}","templated":true}]}}