{"id":43659,"date":"2024-12-23T17:15:50","date_gmt":"2024-12-23T17:15:50","guid":{"rendered":"https:\/\/bazaar.express\/product\/diving-wetsuit\/"},"modified":"2026-02-09T23:00:50","modified_gmt":"2026-02-09T23:00:50","slug":"diving-wetsuit","status":"publish","type":"product","link":"https:\/\/bazaar.express\/pl\/produkt\/diving-wetsuit\/","title":{"rendered":"Stroik do nurkowania \u2013 Maksymalny komfort"},"content":{"rendered":"<h2 data-start=\"0\" data-end=\"55\">Nurkowaniu z komfortem \u2013 wygodna pianka 3 mm<\/h2>\n<h3 data-start=\"57\" data-end=\"131\">Rozpocznij podwodn\u0105 przygod\u0119 z doskona\u0142ym komfortem i ochron\u0105<\/h3>\n<p data-start=\"132\" data-end=\"579\">Przygotuj si\u0119 do eksploracji g\u0142\u0119bin z elegancj\u0105 i komfortem dzi\u0119ki naszej <strong data-start=\"194\" data-end=\"216\">piance 3 mm do nurkowania<\/strong> \u2013 idealnemu wyborowi dla nurk\u00f3w, snorkeler\u00f3w, surfer\u00f3w i mi\u0142o\u015bnik\u00f3w sport\u00f3w wodnych. Wykonana z wysokiej jako\u015bci materia\u0142\u00f3w i zaprojektowana pod k\u0105tem wydajno\u015bci, ta pe\u0142na pianka zapewnia <strong data-start=\"388\" data-end=\"446\">swobod\u0119 ruch\u00f3w, ochron\u0119 przed s\u0142o\u0144cem i szybkoschn\u0105cy komfort<\/strong> w eleganckim opakowaniu. Bez wzgl\u0119du na to, czy wios\u0142ujesz po falach, czy zanurzasz si\u0119 w rafowych wodach, ta pianka Ci\u0119 wspiera \u2013 dos\u0142ownie.<\/p>\n<h3 data-start=\"586\" data-end=\"627\">Dlaczego pokochasz nasz\u0105 piank\u0119 3 mm<\/h3>\n<h4 data-start=\"629\" data-end=\"678\">Mieszanka spandexu 3 mm dla elastyczno\u015bci i wytrzyma\u0142o\u015bci<\/h4>\n<p data-start=\"679\" data-end=\"918\">Wykonana z wysokiej wydajno\u015bci <strong data-start=\"711\" data-end=\"732\">mieszanki spandexu 3 mm<\/strong>, ta pianka oferuje wyj\u0105tkow\u0105 elastyczno\u015b\u0107, wytrzymuj\u0105c zu\u017cycie. Podczas p\u0142ywania, nurkowania czy surfowania poruszasz si\u0119 naturalnie i komfortowo bez ogranicze\u0144.<\/p>\n<h4 data-start=\"920\" data-end=\"960\">Pe\u0142na ochrona UV dla ca\u0142ego cia\u0142a (UPF 50+)<\/h4>\n<p data-start=\"961\" data-end=\"1179\">Ciesz si\u0119 beztroskim czasem na s\u0142o\u0144cu dzi\u0119ki wbudowanej <strong data-start=\"1000\" data-end=\"1026\">ochronie UPF 50+ przed s\u0142o\u0144cem<\/strong>. D\u0142ugi r\u0119kaw chroni sk\u00f3r\u0119 przed szkodliwymi promieniami UV, zmniejszaj\u0105c ryzyko oparze\u0144 s\u0142onecznych, jednocze\u015bnie zapewniaj\u0105c ch\u0142\u00f3d i os\u0142on\u0119.<\/p>\n<h4 data-start=\"1181\" data-end=\"1224\">Szybkoschn\u0105cy materia\u0142 dla trwa\u0142ego komfortu<\/h4>\n<p data-start=\"1225\" data-end=\"1425\">Po\u017cegnaj mokre i przyklejaj\u0105ce si\u0119 pianki. Nasza pianka ma <strong data-start=\"1284\" data-end=\"1308\">szybkoschn\u0105c\u0105 wn\u0119trze<\/strong>, kt\u00f3re zapewnia komfort mi\u0119dzy k\u0105pielami, minimalizuj\u0105c podra\u017cnienia i pozwalaj\u0105c skupi\u0107 si\u0119 na nast\u0119pnej fali lub nurkowaniu.<\/p>\n<h4 data-start=\"1427\" data-end=\"1460\">G\u0142adkie, p\u0142askie szwy flatlock<\/h4>\n<p data-start=\"1461\" data-end=\"1641\">Koniec z otarciami i sw\u0119dz\u0105cymi szwami \u2013 dzi\u0119ki <strong data-start=\"1502\" data-end=\"1524\">szwom flatlock<\/strong> pianka przylega p\u0142asko do sk\u00f3ry, daj\u0105c g\u0142adkie uczucie drugiej sk\u00f3ry, zachowuj\u0105c trwa\u0142o\u015b\u0107 przy wielokrotnym u\u017cytkowaniu.<\/p>\n<h4 data-start=\"1643\" data-end=\"1672\">\u0141atwy zamek z ty\u0142u<\/h4>\n<p data-start=\"1673\" data-end=\"1847\">Zaprojektowana z <strong data-start=\"1689\" data-end=\"1709\">d\u0142ugim zamkiem z ty\u0142u<\/strong>, ta pianka \u0142atwo si\u0119 zak\u0142ada i zdejmuje \u2013 nawet mokra. Jest mocna, bezpieczna i wytrzyma\u0142a podczas d\u0142ugich sesji pod wod\u0105.<\/p>\n<h4 data-start=\"1849\" data-end=\"1886\">Do ka\u017cdej przygody wodnej<\/h4>\n<p data-start=\"1887\" data-end=\"2122\">Niezale\u017cnie od tego, czy nurkujesz g\u0142\u0119boko, suniesz po falach czy eksplorujesz rafy, ta pianka jest <strong data-start=\"1970\" data-end=\"2002\">dopasowana do morskiej akcji<\/strong>. Od pocz\u0105tkuj\u0105cych po ekspert\u00f3w \u2013 idealna dla ka\u017cdego, kto chce pozosta\u0107 komfortowy, chroniony i pewny siebie w wodzie.<\/p>\n<h3 data-start=\"2129\" data-end=\"2153\">Najwa\u017cniejsze cechy produktu<\/h3>\n<ul data-start=\"2154\" data-end=\"2520\">\n<li data-start=\"2154\" data-end=\"2198\">\n<p data-start=\"2156\" data-end=\"2198\"><strong data-start=\"2156\" data-end=\"2169\">Materia\u0142:<\/strong> elastyczna mieszanka spandexu 3 mm<\/p>\n<\/li>\n<li data-start=\"2199\" data-end=\"2244\">\n<p data-start=\"2201\" data-end=\"2244\"><strong data-start=\"2201\" data-end=\"2216\">Ochrona:<\/strong> UPF 50+ przed promieniami UV<\/p>\n<\/li>\n<li data-start=\"2245\" data-end=\"2296\">\n<p data-start=\"2247\" data-end=\"2296\"><strong data-start=\"2247\" data-end=\"2258\">Kr\u00f3j:<\/strong> pe\u0142ne pokrycie cia\u0142a z zamkiem z ty\u0142u<\/p>\n<\/li>\n<li data-start=\"2297\" data-end=\"2356\">\n<p data-start=\"2299\" data-end=\"2356\"><strong data-start=\"2299\" data-end=\"2311\">Komfort:<\/strong> g\u0142adkie szwy flatlock i szybkoschn\u0105cy materia\u0142<\/p>\n<\/li>\n<li data-start=\"2357\" data-end=\"2445\">\n<p data-start=\"2359\" data-end=\"2445\"><strong data-start=\"2359\" data-end=\"2375\">Wydajno\u015b\u0107:<\/strong> idealna do nurkowania, snorkelingu, p\u0142ywania, surfowania i paddleboardingu<\/p>\n<\/li>\n<li data-start=\"2446\" data-end=\"2520\">\n<p data-start=\"2448\" data-end=\"2520\"><strong data-start=\"2448\" data-end=\"2456\">Dopasowanie:<\/strong> zaprojektowane dla \u015bcis\u0142ego, elastycznego uczucia bez ograniczania ruch\u00f3w<\/p>\n<\/li>\n<\/ul>\n<h3 data-start=\"2836\" data-end=\"2873\">Dlaczego powinna by\u0107 w Twoim ekwipunku<\/h3>\n<p data-start=\"2874\" data-end=\"3197\">Pianka <strong data-start=\"2878\" data-end=\"2900\">3 mm<\/strong> to nie zwyk\u0142a pianka \u2013 to Tw\u00f3j partner w ka\u017cdej wodnej misji. Zaprojektowana dla ruch\u00f3w, ochrony i ca\u0142odniowego komfortu, pomaga <strong data-start=\"3035\" data-end=\"3082\">przekracza\u0107 granice, \u0142apa\u0107 fale lub nurkowa\u0107 g\u0142\u0119biej<\/strong> z pewno\u015bci\u0105 siebie. Bez wzgl\u0119du na to, czy jeste\u015b pocz\u0105tkuj\u0105cy czy do\u015bwiadczony odkrywca, to sprz\u0119t, po kt\u00f3ry b\u0119dziesz si\u0119ga\u0107 raz po raz.<\/p>\n<p data-start=\"3199\" data-end=\"3342\"><strong data-start=\"3199\" data-end=\"3238\">Pytania dotycz\u0105ce rozmiaru lub cech?<\/strong> Nasz zesp\u00f3\u0142 wsparcia pomo\u017ce Ci wybra\u0107 w\u0142a\u015bciwy rozmiar, aby\u015b zawsze by\u0142 gotowy na nast\u0119pn\u0105 przygod\u0119.<\/p>\n<h5 data-start=\"3344\" data-end=\"3469\">Zanurz si\u0119 w morzu z \u0142atwo\u015bci\u0105 \u2013 we\u017a swoj\u0105 piank\u0119 3 mm ju\u017c dzi\u015b i podnie\u015b swoje do\u015bwiadczenie pod wod\u0105 na wy\u017cszy poziom!<\/h5>\n<p style=\"text-align: center;\">Dzi\u0119kujemy za zakupy w <em data-start=\"415\" data-end=\"431\"><a href=\"https:\/\/bazaar.express\/pl\/\">Bazaar Express<\/a><\/em> \u2013 cieszymy si\u0119, \u017ce jeste\u015b z nami!<\/p>\n<p style=\"text-align: center;\">Od r\u0119cznik\u00f3w po torby, nasze <a href=\"https:\/\/bazaar.express\/pl\/beach-essentials\/\">akcesoria pla\u017cowe<\/a> maj\u0105 Ci\u0119 obj\u0119te opiek\u0105.<\/p>\n","protected":false},"excerpt":{"rendered":"<h3 data-start=\"388\" data-end=\"590\">Nurkowaniu z pewno\u015bci\u0105 w tej piance 3 mm z elastycznej mieszanki spandexu. Zapewnia ochron\u0119 UPF 50+ przed s\u0142o\u0144cem, szwy flatlock dla komfortu i szybkoschn\u0105ce, \u015bcis\u0142e dopasowanie do wszystkich wodnych przyg\u00f3d.<\/h3>\n","protected":false},"featured_media":43660,"comment_status":"open","ping_status":"closed","template":"","meta":[],"product_brand":[],"product_cat":[1194],"product_tag":[1479,1634],"class_list":{"0":"post-43659","1":"product","2":"type-product","3":"status-publish","4":"has-post-thumbnail","6":"product_cat-niezbedniki-plazowe","7":"product_tag-morze","8":"product_tag-plaza","10":"first","11":"instock","12":"shipping-taxable","13":"purchasable","14":"product-type-simple"},"_links":{"self":[{"href":"https:\/\/bazaar.express\/pl\/wp-json\/wp\/v2\/product\/43659","targetHints":{"allow":["GET"]}}],"collection":[{"href":"https:\/\/bazaar.express\/pl\/wp-json\/wp\/v2\/product"}],"about":[{"href":"https:\/\/bazaar.express\/pl\/wp-json\/wp\/v2\/types\/product"}],"replies":[{"embeddable":true,"href":"https:\/\/bazaar.express\/pl\/wp-json\/wp\/v2\/comments?post=43659"}],"wp:featuredmedia":[{"embeddable":true,"href":"https:\/\/bazaar.express\/pl\/wp-json\/wp\/v2\/media\/43660"}],"wp:attachment":[{"href":"https:\/\/bazaar.express\/pl\/wp-json\/wp\/v2\/media?parent=43659"}],"wp:term":[{"taxonomy":"product_brand","embeddable":true,"href":"https:\/\/bazaar.express\/pl\/wp-json\/wp\/v2\/product_brand?post=43659"},{"taxonomy":"product_cat","embeddable":true,"href":"https:\/\/bazaar.express\/pl\/wp-json\/wp\/v2\/product_cat?post=43659"},{"taxonomy":"product_tag","embeddable":true,"href":"https:\/\/bazaar.express\/pl\/wp-json\/wp\/v2\/product_tag?post=43659"}],"curies":[{"name":"wp","href":"https:\/\/api.w.org\/{rel}","templated":true}]}}