{"id":43665,"date":"2024-12-23T15:43:38","date_gmt":"2024-12-23T15:43:38","guid":{"rendered":"https:\/\/bazaar.express\/product\/fins-2\/"},"modified":"2026-02-09T23:00:52","modified_gmt":"2026-02-09T23:00:52","slug":"fins-2","status":"publish","type":"product","link":"https:\/\/bazaar.express\/pl\/produkt\/fins-2\/","title":{"rendered":"P\u0142etwy &#8211; Do nurkowania profesjonalnego"},"content":{"rendered":"<h2 data-start=\"354\" data-end=\"422\">Mocne p\u0142etwy nurkowe \u2013 inspirowane natur\u0105, stworzone dla wydajno\u015bci<\/h2>\n<h3 data-start=\"424\" data-end=\"497\">Nurkuj inteligentniej dzi\u0119ki innowacyjnym p\u0142etwom zaprojektowanym z my\u015bl\u0105 o komforcie i sile<\/h3>\n<p data-start=\"499\" data-end=\"817\">Przenie\u015b swoje podwodne przygody na wy\u017cszy poziom dzi\u0119ki p\u0142etwom nurkowym nowej generacji, kt\u00f3re zapewniaj\u0105 niezr\u00f3wnan\u0105 kontrol\u0119, komfort i moc. Bez wzgl\u0119du na to, czy eksplorujesz rafy koralowe, czy przedzierasz si\u0119 przez pr\u0105dy oceaniczne, te p\u0142etwy \u0142\u0105cz\u0105 hydrodynamiczny projekt z ergonomicznym komfortem, pomagaj\u0105c nurkowa\u0107 d\u0142u\u017cej, porusza\u0107 si\u0119 szybciej i zachowa\u0107 stabilno\u015b\u0107.<\/p>\n<h3 data-start=\"824\" data-end=\"866\"> G\u0142\u00f3wne cechy tych zaawansowanych p\u0142etw<\/h3>\n<h4 data-start=\"868\" data-end=\"922\"> Projekt \u0142opatki czterokana\u0142owej dla maksymalnego ci\u0105gu<\/h4>\n<p data-start=\"923\" data-end=\"1122\">To <strong data-start=\"935\" data-end=\"960\">pierwsze p\u0142etwy tego typu<\/strong> wyposa\u017cone w nowoczesny czterokana\u0142owy projekt. Ka\u017cdy ruch nog\u0105 nap\u0119dza ci\u0119 wi\u0119ksz\u0105 si\u0142\u0105, jednocze\u015bnie zmniejszaj\u0105c straty energii, co daje wi\u0119ksz\u0105 efektywno\u015b\u0107 przy mniejszym wysi\u0142ku.<\/p>\n<h4 data-start=\"1124\" data-end=\"1160\"> Przep\u0142yw \u0142opatki inspirowany natur\u0105<\/h4>\n<p data-start=\"1161\" data-end=\"1385\">Zaprojektowane na wz\u00f3r naturalnego ruchu ogona manat\u00f3w, \u0142opatka wygina si\u0119 do wewn\u0105trz i opada w d\u00f3\u0142 \u2013 na\u015bladuj\u0105c idealny ci\u0105g i po\u015blizg obserwowany u morskich stworze\u0144. Efekt? P\u0142ynny, mocny ruch w ka\u017cdym \u015brodowisku wodnym.<\/p>\n<h4 data-start=\"1387\" data-end=\"1431\"> Technologia kana\u0142\u00f3w zwi\u0119kszaj\u0105ca ci\u0105g<\/h4>\n<p data-start=\"1432\" data-end=\"1624\">Kana\u0142y ci\u0105gu zwi\u0119kszaj\u0105 nap\u0119d, podczas gdy stabilizatory po bokach zmniejszaj\u0105 obci\u0105\u017cenie kostek. Te inteligentne rozwi\u0105zania pozwalaj\u0105 p\u0142yn\u0105\u0107 z pewno\u015bci\u0105 \u2013 idealne do nurkowa\u0144 g\u0142\u0119bokich i p\u0142ytkich.<\/p>\n<h4 data-start=\"1626\" data-end=\"1666\"> Wygodny kszta\u0142t kieszeni na stop\u0119<\/h4>\n<p data-start=\"1667\" data-end=\"1873\">Ergonomiczna kiesze\u0144 na stop\u0119 idealnie przylega, przekazuj\u0105c energi\u0119 n\u00f3g bezpo\u015brednio do \u0142opatki, umo\u017cliwiaj\u0105c mocny ruch przy zmniejszonym zm\u0119czeniu. Pozostajesz wygodny i bezpieczny niezale\u017cnie od czasu sp\u0119dzonego w wodzie.<\/p>\n<h3 data-start=\"1880\" data-end=\"1903\"> Opcje rozmiar\u00f3w<\/h3>\n<ul data-start=\"1904\" data-end=\"1984\">\n<li data-start=\"1904\" data-end=\"1931\">\n<p data-start=\"1906\" data-end=\"1931\"><strong data-start=\"1906\" data-end=\"1914\">S\/M:<\/strong> EU Sizes 36\u201340<\/p>\n<\/li>\n<li data-start=\"1932\" data-end=\"1957\">\n<p data-start=\"1934\" data-end=\"1957\"><strong data-start=\"1934\" data-end=\"1940\">L:<\/strong> EU Sizes 42\u201344<\/p>\n<\/li>\n<li data-start=\"1958\" data-end=\"1984\">\n<p data-start=\"1960\" data-end=\"1984\"><strong data-start=\"1960\" data-end=\"1967\">XL:<\/strong> EU Sizes 46\u201348<\/p>\n<\/li>\n<\/ul>\n<h2 data-start=\"1991\" data-end=\"2020\">Dlaczego te p\u0142etwy si\u0119 wyr\u00f3\u017cniaj\u0105<\/h2>\n<ul data-start=\"2022\" data-end=\"2277\">\n<li data-start=\"2022\" data-end=\"2076\">\n<p data-start=\"2024\" data-end=\"2076\"><strong data-start=\"2026\" data-end=\"2055\">Zaawansowana technologia \u0142opatki<\/strong> dla mocniejszych ruch\u00f3w<\/p>\n<\/li>\n<li data-start=\"2077\" data-end=\"2124\">\n<p data-start=\"2079\" data-end=\"2124\"><strong data-start=\"2081\" data-end=\"2104\">Stabilny ruch<\/strong> zmniejszaj\u0105cy zm\u0119czenie<\/p>\n<\/li>\n<li data-start=\"2125\" data-end=\"2180\">\n<p data-start=\"2127\" data-end=\"2180\"><strong data-start=\"2129\" data-end=\"2159\">Inspiracja natur\u0105<\/strong> dla p\u0142ynniejszych nurkowa\u0144<\/p>\n<\/li>\n<li data-start=\"2181\" data-end=\"2225\">\n<p data-start=\"2183\" data-end=\"2225\"><strong data-start=\"2185\" data-end=\"2205\">Uniwersalne rozmiary<\/strong> dla idealnego dopasowania<\/p>\n<\/li>\n<li data-start=\"2226\" data-end=\"2277\">\n<p data-start=\"2228\" data-end=\"2277\"><strong data-start=\"2230\" data-end=\"2277\">Stworzone do nurkowania rekreacyjnego i profesjonalnego<\/strong><\/p>\n<\/li>\n<\/ul>\n<h2 data-start=\"2590\" data-end=\"2616\">Podnie\u015b poziom swojego nurkowania ju\u017c dzi\u015b<\/h2>\n<p data-start=\"2618\" data-end=\"2859\">Eksploruj wi\u0119cej. P\u0142y\u0144 dalej. Te p\u0142etwy daj\u0105 si\u0142\u0119, komfort i elastyczno\u015b\u0107, by w pe\u0142ni wykorzysta\u0107 ka\u017cd\u0105 podwodn\u0105 przygod\u0119. Bez wzgl\u0119du na to, czy jeste\u015b pocz\u0105tkuj\u0105cy, czy profesjonalny nurkowie, ten sprz\u0119t jest stworzony, by porusza\u0107 si\u0119 z tob\u0105 \u2013 mocno i bez wysi\u0142ku.<\/p>\n<p data-start=\"2861\" data-end=\"2913\"><strong data-start=\"2861\" data-end=\"2913\">Zam\u00f3w swoje i prze\u017cyj najlepsze nurkowanie.<\/strong><\/p>\n<p style=\"text-align: center;\">Dzi\u0119kujemy za zakupy w <em data-start=\"415\" data-end=\"431\"><a href=\"https:\/\/bazaar.express\/pl\/\">Bazaar Express<\/a><\/em> \u2013 cieszymy si\u0119, \u017ce jeste\u015b z nami!<\/p>\n<p style=\"text-align: center;\">Od r\u0119cznik\u00f3w po torby, nasze <a href=\"https:\/\/bazaar.express\/pl\/beach-essentials\/\">Beach Essentials<\/a> maj\u0105 ci\u0119 pokrytego.<\/p>\n","protected":false},"excerpt":{"rendered":"<h3 data-start=\"511\" data-end=\"722\">Do\u015bwiadcz p\u0142ynnego, mocnego ruchu podwodnego dzi\u0119ki naszym profesjonalnym p\u0142etwom nurkowym z czterokana\u0142ow\u0105 \u0142opatk\u0105 i projektem inspirowanym natur\u0105. Stworzone dla komfortu, kontroli i powa\u017cnej wydajno\u015bci w ka\u017cdym \u015brodowisku wodnym.<\/h3>\n","protected":false},"featured_media":43666,"comment_status":"open","ping_status":"closed","template":"","meta":[],"product_brand":[],"product_cat":[1194],"product_tag":[1479,1634],"class_list":{"0":"post-43665","1":"product","2":"type-product","3":"status-publish","4":"has-post-thumbnail","6":"product_cat-niezbedniki-plazowe","7":"product_tag-morze","8":"product_tag-plaza","9":"pa_l-xl-1643","10":"pa_l-xl-1644","11":"pa_l-xl-1645","12":"pa_l-xl-1646","13":"pa_l-xl-1647","14":"pa_l-xl-1648","15":"pa_l-xl-1649","17":"first","18":"instock","19":"sale","20":"shipping-taxable","21":"purchasable","22":"product-type-variable"},"_links":{"self":[{"href":"https:\/\/bazaar.express\/pl\/wp-json\/wp\/v2\/product\/43665","targetHints":{"allow":["GET"]}}],"collection":[{"href":"https:\/\/bazaar.express\/pl\/wp-json\/wp\/v2\/product"}],"about":[{"href":"https:\/\/bazaar.express\/pl\/wp-json\/wp\/v2\/types\/product"}],"replies":[{"embeddable":true,"href":"https:\/\/bazaar.express\/pl\/wp-json\/wp\/v2\/comments?post=43665"}],"wp:featuredmedia":[{"embeddable":true,"href":"https:\/\/bazaar.express\/pl\/wp-json\/wp\/v2\/media\/43666"}],"wp:attachment":[{"href":"https:\/\/bazaar.express\/pl\/wp-json\/wp\/v2\/media?parent=43665"}],"wp:term":[{"taxonomy":"product_brand","embeddable":true,"href":"https:\/\/bazaar.express\/pl\/wp-json\/wp\/v2\/product_brand?post=43665"},{"taxonomy":"product_cat","embeddable":true,"href":"https:\/\/bazaar.express\/pl\/wp-json\/wp\/v2\/product_cat?post=43665"},{"taxonomy":"product_tag","embeddable":true,"href":"https:\/\/bazaar.express\/pl\/wp-json\/wp\/v2\/product_tag?post=43665"}],"curies":[{"name":"wp","href":"https:\/\/api.w.org\/{rel}","templated":true}]}}