{"id":43688,"date":"2024-12-18T15:02:34","date_gmt":"2024-12-18T15:02:34","guid":{"rendered":"https:\/\/bazaar.express\/product\/zel-do-masazu\/"},"modified":"2024-12-18T15:02:34","modified_gmt":"2024-12-18T15:02:34","slug":"zel-do-masazu","status":"publish","type":"product","link":"https:\/\/bazaar.express\/pl\/produkt\/zel-do-masazu\/","title":{"rendered":"\u017bel do masa\u017cu"},"content":{"rendered":"<h2 data-start=\"281\" data-end=\"349\">Karismooth \u017bel do masa\u017cu \u2013 Naturalna ulga w b\u00f3lu mi\u0119\u015bni i staw\u00f3w<\/h2>\n<h3 data-start=\"351\" data-end=\"404\">\u0141agodz\u0105cy b\u00f3l naturalnie \u2013 Karismooth \u017bel do masa\u017cu<\/h3>\n<p data-start=\"406\" data-end=\"833\">Szukasz naturalnego rozwi\u0105zania na b\u00f3l staw\u00f3w, skurcze mi\u0119\u015bni lub sztywno\u015b\u0107 chrz\u0105stek? <strong data-start=\"499\" data-end=\"525\">Karismooth \u017bel do masa\u017cu<\/strong> zosta\u0142 opracowany z pot\u0119\u017cnej kombinacji ekstrakt\u00f3w zio\u0142owych, takich jak colocynth, eukaliptus, olejek go\u017adzikowy i mentol, aby zapewni\u0107 <strong data-start=\"661\" data-end=\"687\">szybk\u0105 i skuteczn\u0105 ulg\u0119<\/strong>. Bez wzgl\u0119du na to, czy zmagasz si\u0119 z przewlek\u0142\u0105 artretyzmem czy zm\u0119czeniem mi\u0119\u015bni po \u0107wiczeniach, ten <strong data-start=\"770\" data-end=\"785\">\u017cel do masa\u017cu<\/strong> b\u0119dzie codziennym towarzyszem bezbolesnych ruch\u00f3w.<\/p>\n<h3 data-start=\"835\" data-end=\"884\">Mocna formu\u0142a zio\u0142owa na dolegliwo\u015bci<\/h3>\n<p data-start=\"886\" data-end=\"1271\">Ten zaawansowany \u017cel do masa\u017cu wykorzystuje lecznicze w\u0142a\u015bciwo\u015bci ekstraktu z colocynthu \u2013 staro\u017cytnej ro\u015bliny pustynnej znanej z dzia\u0142ania przeciwzapalnego. W po\u0142\u0105czeniu ze sk\u0142adnikami takimi jak <strong data-start=\"1066\" data-end=\"1097\">olejek go\u017adzikowy, kamfora, mentol<\/strong> i <strong data-start=\"1103\" data-end=\"1126\">ekstrakt z granatu<\/strong>, powstaje szybko wch\u0142aniaj\u0105cy si\u0119, nieklej\u0105cy si\u0119 \u017cel, kt\u00f3ry wnika g\u0142\u0119boko w sk\u00f3r\u0119, zmniejszaj\u0105c obrz\u0119k, poprawiaj\u0105c elastyczno\u015b\u0107 i przywracaj\u0105c komfort.<\/p>\n<p data-start=\"1273\" data-end=\"1451\">Niezale\u017cnie od tego, czy masz do czynienia z <strong data-start=\"1301\" data-end=\"1313\">kulawizn\u0105<\/strong>, <strong data-start=\"1315\" data-end=\"1329\">reumatyzmem<\/strong> czy <strong data-start=\"1334\" data-end=\"1351\">naci\u0105gni\u0119ciem mi\u0119\u015bni<\/strong>, celowana formu\u0142a Karismooth wspomaga szybsze gojenie i rozlu\u017anienie sztywnych lub przem\u0119czonych obszar\u00f3w.<\/p>\n<h3 data-start=\"1453\" data-end=\"1495\">G\u0142\u00f3wne korzy\u015bci \u017celu do masa\u017cu Karismooth<\/h3>\n<ul data-start=\"1497\" data-end=\"1836\">\n<li data-start=\"1497\" data-end=\"1562\">\n<p data-start=\"1499\" data-end=\"1562\"> \u0141agodzi sztywno\u015b\u0107 staw\u00f3w, skurcze mi\u0119\u015bni i b\u00f3l chrz\u0105stek<\/p>\n<\/li>\n<li data-start=\"1563\" data-end=\"1625\">\n<p data-start=\"1565\" data-end=\"1625\"> Naturalnie koi artretyzm, b\u00f3l plec\u00f3w i stany zapalne<\/p>\n<\/li>\n<li data-start=\"1626\" data-end=\"1674\">\n<p data-start=\"1628\" data-end=\"1674\"> Stymuluje kr\u0105\u017cenie krwi i zmniejsza obrz\u0119k<\/p>\n<\/li>\n<li data-start=\"1675\" data-end=\"1724\">\n<p data-start=\"1677\" data-end=\"1724\"> Szybko wch\u0142aniaj\u0105cy si\u0119 \u017cel z efektem ch\u0142odz\u0105cym<\/p>\n<\/li>\n<li data-start=\"1725\" data-end=\"1779\">\n<p data-start=\"1727\" data-end=\"1779\"> Idealny na b\u00f3l po treningu i przewlek\u0142y b\u00f3l<\/p>\n<\/li>\n<li data-start=\"1780\" data-end=\"1836\">\n<p data-start=\"1782\" data-end=\"1836\"> Bezpieczny do codziennego u\u017cytku, odpowiedni dla wszystkich typ\u00f3w sk\u00f3ry<\/p>\n<\/li>\n<\/ul>\n<h3 data-start=\"1838\" data-end=\"1871\">Naturalne sk\u0142adniki, kt\u00f3re dzia\u0142aj\u0105<\/h3>\n<ul data-start=\"1873\" data-end=\"2397\">\n<li data-start=\"1873\" data-end=\"1939\">\n<p data-start=\"1875\" data-end=\"1939\"><strong data-start=\"1875\" data-end=\"1896\">Ekstrakt z colocynthu<\/strong> \u2013 Zmniejsza zapalenie i \u0142agodzi b\u00f3l<\/p>\n<\/li>\n<li data-start=\"1940\" data-end=\"2013\">\n<p data-start=\"1942\" data-end=\"2013\"><strong data-start=\"1942\" data-end=\"1965\">Ekstrakt z granatu<\/strong> \u2013 Dzia\u0142a na skurcze mi\u0119\u015bni i wspiera regeneracj\u0119<\/p>\n<\/li>\n<li data-start=\"2014\" data-end=\"2079\">\n<p data-start=\"2016\" data-end=\"2079\"><strong data-start=\"2016\" data-end=\"2029\">Olejek go\u017adzikowy<\/strong> \u2013 Poprawia kr\u0105\u017cenie i rozgrzewa bol\u0105ce mi\u0119\u015bnie<\/p>\n<\/li>\n<li data-start=\"2080\" data-end=\"2131\">\n<p data-start=\"2082\" data-end=\"2131\"><strong data-start=\"2082\" data-end=\"2099\">\u017bel aloesowy<\/strong> \u2013 \u0141agodzi i nawil\u017ca sk\u00f3r\u0119<\/p>\n<\/li>\n<li data-start=\"2132\" data-end=\"2197\">\n<p data-start=\"2134\" data-end=\"2197\"><strong data-start=\"2134\" data-end=\"2149\">Olejek kamforowy<\/strong> \u2013 Stymuluje kr\u0105\u017cenie krwi i zmniejsza sztywno\u015b\u0107<\/p>\n<\/li>\n<li data-start=\"2198\" data-end=\"2252\">\n<p data-start=\"2200\" data-end=\"2252\"><strong data-start=\"2200\" data-end=\"2211\">Mentol<\/strong> \u2013 Zapewnia od\u015bwie\u017caj\u0105cy efekt ch\u0142odz\u0105cy<\/p>\n<\/li>\n<li data-start=\"2253\" data-end=\"2326\">\n<p data-start=\"2255\" data-end=\"2326\"><strong data-start=\"2255\" data-end=\"2268\">Witamina C<\/strong> \u2013 Wspiera regeneracj\u0119 tkanek i zmniejsza stres oksydacyjny<\/p>\n<\/li>\n<li data-start=\"2327\" data-end=\"2397\">\n<p data-start=\"2329\" data-end=\"2397\"><strong data-start=\"2329\" data-end=\"2347\">Olejek eukaliptusowy<\/strong> \u2013 Dzia\u0142anie przeciwb\u00f3lowe na stawy i mi\u0119\u015bnie<\/p>\n<\/li>\n<\/ul>\n<h3 data-start=\"2399\" data-end=\"2413\">Spos\u00f3b u\u017cycia<\/h3>\n<ol data-start=\"2415\" data-end=\"2749\">\n<li data-start=\"2415\" data-end=\"2465\">\n<p data-start=\"2418\" data-end=\"2465\">Na\u0142\u00f3\u017c obfit\u0105 ilo\u015b\u0107 na dotkni\u0119ty obszar.<\/p>\n<\/li>\n<li data-start=\"2466\" data-end=\"2517\">\n<p data-start=\"2469\" data-end=\"2517\">Wmasuj okr\u0119\u017cnymi ruchami przez 10\u201315 minut.<\/p>\n<\/li>\n<li data-start=\"2518\" data-end=\"2578\">\n<p data-start=\"2521\" data-end=\"2578\">Stosuj dwa razy dziennie (rano i wieczorem) dla najlepszych rezultat\u00f3w.<\/p>\n<\/li>\n<li data-start=\"2579\" data-end=\"2641\">\n<p data-start=\"2582\" data-end=\"2641\">Po na\u0142o\u017ceniu utrzymuj obszar w cieple, aby poprawi\u0107 wch\u0142anianie.<\/p>\n<\/li>\n<li data-start=\"2642\" data-end=\"2749\">\n<p data-start=\"2645\" data-end=\"2749\">Na b\u00f3l g\u0142owy na\u0142\u00f3\u017c ma\u0142\u0105 ilo\u015b\u0107 na czo\u0142o i delikatnie wmasuj przez 5 minut. Unikaj kontaktu z oczami.<\/p>\n<\/li>\n<\/ol>\n<h3 data-start=\"2751\" data-end=\"2775\">Bezpiecze\u0144stwo i \u015brodki ostro\u017cno\u015bci<\/h3>\n<ul data-start=\"2777\" data-end=\"3030\">\n<li data-start=\"2777\" data-end=\"2802\">\n<p data-start=\"2779\" data-end=\"2802\">Tylko do u\u017cytku zewn\u0119trznego<\/p>\n<\/li>\n<li data-start=\"2803\" data-end=\"2863\">\n<p data-start=\"2805\" data-end=\"2863\">Skonsultuj si\u0119 z lekarzem przed u\u017cyciem w ci\u0105\u017cy lub podczas karmienia piersi\u0105<\/p>\n<\/li>\n<li data-start=\"2864\" data-end=\"2906\">\n<p data-start=\"2866\" data-end=\"2906\">Nie stosuj na uszkodzonej lub podra\u017cnionej sk\u00f3rze<\/p>\n<\/li>\n<li data-start=\"2907\" data-end=\"2955\">\n<p data-start=\"2909\" data-end=\"2955\">Unikaj kontaktu z oczami i b\u0142onami \u015bluzowymi<\/p>\n<\/li>\n<li data-start=\"2956\" data-end=\"2996\">\n<p data-start=\"2958\" data-end=\"2996\">Przesta\u0144 u\u017cywa\u0107 w przypadku podra\u017cnienia<\/p>\n<\/li>\n<li data-start=\"2997\" data-end=\"3030\">\n<p data-start=\"2999\" data-end=\"3030\">Przechowuj poza zasi\u0119giem dzieci<\/p>\n<\/li>\n<\/ul>\n<p data-start=\"3346\" data-end=\"3567\"><strong data-start=\"3346\" data-end=\"3382\">Wypr\u00f3buj dzi\u015b Karismooth \u017bel do masa\u017cu<\/strong> i poczuj koj\u0105c\u0105 ulg\u0119 najlepszych zi\u00f3\u0142 przeciwb\u00f3lowych natury. Bez wzgl\u0119du na to, czy potrzebujesz wsparcia w regeneracji czy codziennej ulgi w b\u00f3lu, to \u017cel do masa\u017cu, za kt\u00f3ry twoje cia\u0142o b\u0119dzie wdzi\u0119czne.<\/p>\n<p style=\"text-align: center;\">Dzi\u0119kujemy za zakupy w <em data-start=\"415\" data-end=\"431\"><a href=\"https:\/\/bazaar.express\/pl\/\">Bazaar Express<\/a><\/em> \u2013 cieszymy si\u0119, \u017ce jeste\u015b z nami!<\/p>\n<p style=\"text-align: center;\">Twoja podr\u00f3\u017c do lepszej samo opieki zaczyna si\u0119 tutaj \u2014 z <a href=\"https:\/\/bazaar.express\/product-category\/beauty-care\/\">Piel\u0119gnacj\u0105 i Urod\u0105<\/a>, kt\u00f3rej mo\u017cesz zaufa\u0107.<\/p>\n","protected":false},"excerpt":{"rendered":"<h3 data-start=\"403\" data-end=\"723\">Karismooth \u017bel do masa\u017cu to szybko wch\u0142aniaj\u0105ca si\u0119, nieklej\u0105ca si\u0119 formu\u0142a \u0142agodz\u0105ca b\u00f3l staw\u00f3w, skurcze mi\u0119\u015bni i stany zapalne. Wzbogacony o colocynth, olejek go\u017adzikowy i mentol, zapewnia naturaln\u0105, skuteczn\u0105 ulg\u0119 w b\u00f3lu i wspiera szybsz\u0105 regeneracj\u0119 \u2014 idealny dla sportowc\u00f3w i os\u00f3b z przewlek\u0142ymi dolegliwo\u015bciami mi\u0119\u015bniowymi lub stawowymi.<\/h3>\n","protected":false},"featured_media":43689,"comment_status":"open","ping_status":"closed","template":"","meta":[],"product_brand":[],"product_cat":[1192],"product_tag":[1548,1473],"class_list":{"0":"post-43688","1":"product","2":"type-product","3":"status-publish","4":"has-post-thumbnail","6":"product_cat-pielegnacja-urody","7":"product_tag-krem","8":"product_tag-masaz","9":"pa_l-xl-150gm","11":"first","12":"instock","13":"shipping-taxable","14":"purchasable","15":"product-type-simple"},"_links":{"self":[{"href":"https:\/\/bazaar.express\/pl\/wp-json\/wp\/v2\/product\/43688","targetHints":{"allow":["GET"]}}],"collection":[{"href":"https:\/\/bazaar.express\/pl\/wp-json\/wp\/v2\/product"}],"about":[{"href":"https:\/\/bazaar.express\/pl\/wp-json\/wp\/v2\/types\/product"}],"replies":[{"embeddable":true,"href":"https:\/\/bazaar.express\/pl\/wp-json\/wp\/v2\/comments?post=43688"}],"wp:featuredmedia":[{"embeddable":true,"href":"https:\/\/bazaar.express\/pl\/wp-json\/wp\/v2\/media\/43689"}],"wp:attachment":[{"href":"https:\/\/bazaar.express\/pl\/wp-json\/wp\/v2\/media?parent=43688"}],"wp:term":[{"taxonomy":"product_brand","embeddable":true,"href":"https:\/\/bazaar.express\/pl\/wp-json\/wp\/v2\/product_brand?post=43688"},{"taxonomy":"product_cat","embeddable":true,"href":"https:\/\/bazaar.express\/pl\/wp-json\/wp\/v2\/product_cat?post=43688"},{"taxonomy":"product_tag","embeddable":true,"href":"https:\/\/bazaar.express\/pl\/wp-json\/wp\/v2\/product_tag?post=43688"}],"curies":[{"name":"wp","href":"https:\/\/api.w.org\/{rel}","templated":true}]}}