{"id":43704,"date":"2024-12-26T15:06:43","date_gmt":"2024-12-26T15:06:43","guid":{"rendered":"https:\/\/bazaar.express\/product\/ostrich-fat\/"},"modified":"2026-03-01T20:40:49","modified_gmt":"2026-03-01T20:40:49","slug":"ostrich-fat","status":"publish","type":"product","link":"https:\/\/bazaar.express\/pl\/produkt\/ostrich-fat\/","title":{"rendered":"Krem przeciw zmarszczkom z t\u0142uszczu strusiego"},"content":{"rendered":"<h2><strong>T\u0142uszcz strusiego \u2013 naturalne rozwi\u0105zanie dla sk\u00f3ry bez zmarszczek i m\u0142odzie\u0144czej<\/strong><\/h2>\n<h3><strong>Pozegnaj si\u0119 z drobnymi liniami dzi\u0119ki od\u017cywczej mocy kremu przeciw zmarszczkom z t\u0142uszczu strusiego<\/strong><\/h3>\n<p>Odkryj g\u0142\u0119boko regeneruj\u0105ce i odm\u0142adzaj\u0105ce korzy\u015bci z <strong>kremu przeciw zmarszczkom z t\u0142uszczu strusiego<\/strong> \u2013 Twojej ca\u0142kowicie naturalnej tajemnicy na g\u0142adsza, bardziej j\u0119drn\u0105 i promienn\u0105 sk\u00f3r\u0119. Wzbogacony o <strong>czysty t\u0142uszcz strusiego<\/strong>, oleje eteryczne i pot\u0119\u017cne witaminy, ten bogaty i luksusowy krem z <strong>t\u0142uszczu strusiego<\/strong> jest zaprojektowany, aby zwalcza\u0107 <strong>zmarszczki twarzy i szyi<\/strong>, zwi\u0119ksza\u0107 produkcj\u0119 kolagenu i odm\u0142adza\u0107 zm\u0119czon\u0105 sk\u00f3r\u0119.<\/p>\n<p>Wolny od agresywnych substancji chemicznych i pe\u0142en sk\u0142adnik\u00f3w od\u017cywczych, ten krem doskonale wpisuje si\u0119 w Twoj\u0105 codzienn\u0105 rutyn\u0119 piel\u0119gnacyjn\u0105, pomagaj\u0105c osi\u0105gn\u0105\u0107 widoczne ulepszenia w ci\u0105gu dni. Niezale\u017cnie od tego, czy masz 30 lat czy wi\u0119cej, jest Twoim idealnym sprzymierze\u0144cem dla naturalnej, m\u0142odzie\u0144czej sk\u00f3ry.<\/p>\n<h3><strong> Co sprawia, \u017ce krem z t\u0142uszczu strusiego jest tak skuteczny?<\/strong><\/h3>\n<h4><strong>Wyg\u0142adza drobne linie i zmarszczki<\/strong><\/h4>\n<p>Poprzez zwi\u0119kszanie <strong>produkcji kolagenu<\/strong>, ten krem zmniejsza widoczno\u015b\u0107 drobnych linii i napina sk\u00f3r\u0119 \u2013 szczeg\u00f3lnie w miejscach podatnych na zmarszczki, takich jak <strong>czo\u0142o, oczy i szyja<\/strong>.<\/p>\n<h4><strong>G\u0142\u0119bokie nawil\u017cenie i naprawa sk\u00f3ry<\/strong><\/h4>\n<p><strong>T\u0142uszcz strusiego<\/strong> jest bogaty w <strong>kwas t\u0142uszczowy omega-3, 6, 9<\/strong> i <strong>kwas linolowy<\/strong>, kt\u00f3re g\u0142\u0119boko nawil\u017caj\u0105 sk\u00f3r\u0119, wzmacniaj\u0105 jej barier\u0119 i zapobiegaj\u0105 sucho\u015bci i \u0142uszczeniu.<\/p>\n<h4><strong>Przywraca naturalny blask<\/strong><\/h4>\n<p>Dzi\u0119ki pot\u0119\u017cnej mieszance <strong>oleju mi\u0119towego, eukaliptusowego i sezamowego<\/strong>, krem od\u015bwie\u017ca matow\u0105 sk\u00f3r\u0119 i przywraca naturalny, zdrowy po\u0142ysk.<\/p>\n<h4><strong>Chroni przed uszkodzeniami UV<\/strong><\/h4>\n<p>Krem pomaga r\u00f3wnie\u017c <strong>chroni\u0107 sk\u00f3r\u0119<\/strong> przed starzeniem zwi\u0105zanym z UV i stresem \u015brodowiskowym \u2013 co czyni go idealnym do codziennego u\u017cytku w ci\u0105gu dnia.<\/p>\n<h4><strong>Widoczne rezultaty w tygodniach<\/strong><\/h4>\n<ul>\n<li><strong>W 7 dni:<\/strong> Sk\u00f3ra wydaje si\u0119 g\u0142adsza i bardziej promienna, z mniej zaczerwienienia i szorstko\u015bci.<\/li>\n<li><strong>W 4 tygodnie:<\/strong> Zmarszczki s\u0105 wyra\u017anie zmniejszone, sk\u00f3ra wydaje si\u0119 bardziej j\u0119drna, a kontury twarzy wygl\u0105daj\u0105 na bardziej uniesione.<\/li>\n<\/ul>\n<h3><strong> Kluczowe sk\u0142adniki<\/strong><\/h3>\n<ul>\n<li><strong>T\u0142uszcz strusiego:<\/strong> Bogaty w kwasy t\u0142uszczowe zwi\u0119kszaj\u0105ce produkcj\u0119 kolagenu dla g\u0142\u0119bokiej odnowy sk\u00f3ry<\/li>\n<li><strong>Witamina A i witamina E:<\/strong> Antyoksydanty wspieraj\u0105ce regeneracj\u0119 sk\u00f3ry i m\u0142odzie\u0144cz\u0105 tekstur\u0119<\/li>\n<li><strong>Oleje mi\u0119towy i eukaliptusowy:<\/strong> Odm\u0142adzaj\u0105 i uspokajaj\u0105 zm\u0119czon\u0105 sk\u00f3r\u0119<\/li>\n<li><strong>Oleje go\u017adzikowy, selerowy i tymiankowy:<\/strong> Naturalne ro\u015bliny, kt\u00f3re chroni\u0105 i od\u017cywiaj\u0105 sk\u00f3r\u0119<\/li>\n<\/ul>\n<h3><strong> Jak stosowa\u0107<\/strong><\/h3>\n<ol>\n<li>Na czystej, suchej sk\u00f3rze na\u0142\u00f3\u017c niewielk\u0105 ilo\u015b\u0107 <strong>kremu przeciw zmarszczkom z t\u0142uszczu strusiego<\/strong> na <strong>twarz i szyj\u0119<\/strong>.<\/li>\n<li>U\u017cyj <strong>delikatnych, okr\u0119\u017cnych ruch\u00f3w<\/strong> palcami, aby wmasowa\u0107 krem a\u017c do ca\u0142kowitego wch\u0142oni\u0119cia.<\/li>\n<li>Dla najlepszych rezultat\u00f3w u\u017cywaj <strong>dwa razy dziennie<\/strong> \u2013 raz rano i ponownie przed snem.<\/li>\n<\/ol>\n<h3><strong> Ostrze\u017cenia<\/strong><\/h3>\n<ul>\n<li>Tylko do <strong>u\u017cytku zewn\u0119trznego<\/strong><\/li>\n<li>Unikaj bezpo\u015bredniego kontaktu z <strong>oczami<\/strong><\/li>\n<li>Przechowuj w <strong>ch\u0142odnym, suchym miejscu<\/strong>, z dala od dzieci<\/li>\n<\/ul>\n<h3><strong> Ko\u0144cowe my\u015bli<\/strong><\/h3>\n<p><strong>Krem przeciw zmarszczkom z t\u0142uszczu strusiego<\/strong> to nie tylko nawil\u017cacz \u2013 to naturalna pot\u0119ga, kt\u00f3ra zwalcza <strong>g\u0142\u00f3wne przyczyny starzenia si\u0119 sk\u00f3ry<\/strong>, przywracaj\u0105c j\u0119drno\u015b\u0107, nawil\u017cenie i blask Twojej sk\u00f3ry. Jest delikatny, skuteczny i idealny do codziennego u\u017cytku dla ka\u017cdego, kto chce przywr\u00f3ci\u0107 m\u0142odzie\u0144cz\u0105 witalno\u015b\u0107 swojej twarzy i szyi.<\/p>\n<p><strong>Wypr\u00f3buj go ju\u017c dzi\u015b z Bazaar Express i do\u015bwiadcz widocznych rezultat\u00f3w, kt\u00f3re m\u00f3wi\u0105 same za siebie. G\u0142adka sk\u00f3ra jest na wyci\u0105gni\u0119cie r\u0119ki.<\/strong><\/p>\n<p>&nbsp;<\/p>\n<p style=\"text-align: center;\">Dzi\u0119kujemy za zakupy w <em data-start=\"415\" data-end=\"431\"><a href=\"https:\/\/bazaar.express\/pl\/\">Bazaar Express<\/a><\/em> \u2013 jeste\u015bmy zachwyceni, \u017ce jeste\u015b z nami!<\/p>\n<p style=\"text-align: center;\">Twoja podr\u00f3\u017c do lepszej opieki nad sob\u0105 zaczyna si\u0119 tutaj \u2013 z <a href=\"https:\/\/bazaar.express\/product-category\/beauty-care\/\">Piel\u0119gnacj\u0105 i Urod\u0105<\/a>, kt\u00f3rej mo\u017cesz zaufa\u0107.<\/p>\n","protected":false},"excerpt":{"rendered":"<h3 data-start=\"522\" data-end=\"713\">Krem redukuj\u0105cy zmarszczki zasilany bogatym w omega t\u0142uszczem strusiego, olejami eterycznymi i witaminami. Zwalcza linie twarzy i szyi, g\u0142\u0119boko nawil\u017ca i przywraca naturalny blask sk\u00f3ry bez agresywnych substancji chemicznych.<\/h3>\n","protected":false},"featured_media":43705,"comment_status":"open","ping_status":"closed","template":"","meta":[],"product_brand":[],"product_cat":[1192],"product_tag":[1548,1465,1470],"class_list":{"0":"post-43704","1":"product","2":"type-product","3":"status-publish","4":"has-post-thumbnail","6":"product_cat-pielegnacja-urody","7":"product_tag-krem","8":"product_tag-naturalny-olej","9":"product_tag-olejek","10":"pa_l-xl-120gm","12":"first","13":"instock","14":"shipping-taxable","15":"purchasable","16":"product-type-simple"},"_links":{"self":[{"href":"https:\/\/bazaar.express\/pl\/wp-json\/wp\/v2\/product\/43704","targetHints":{"allow":["GET"]}}],"collection":[{"href":"https:\/\/bazaar.express\/pl\/wp-json\/wp\/v2\/product"}],"about":[{"href":"https:\/\/bazaar.express\/pl\/wp-json\/wp\/v2\/types\/product"}],"replies":[{"embeddable":true,"href":"https:\/\/bazaar.express\/pl\/wp-json\/wp\/v2\/comments?post=43704"}],"wp:featuredmedia":[{"embeddable":true,"href":"https:\/\/bazaar.express\/pl\/wp-json\/wp\/v2\/media\/43705"}],"wp:attachment":[{"href":"https:\/\/bazaar.express\/pl\/wp-json\/wp\/v2\/media?parent=43704"}],"wp:term":[{"taxonomy":"product_brand","embeddable":true,"href":"https:\/\/bazaar.express\/pl\/wp-json\/wp\/v2\/product_brand?post=43704"},{"taxonomy":"product_cat","embeddable":true,"href":"https:\/\/bazaar.express\/pl\/wp-json\/wp\/v2\/product_cat?post=43704"},{"taxonomy":"product_tag","embeddable":true,"href":"https:\/\/bazaar.express\/pl\/wp-json\/wp\/v2\/product_tag?post=43704"}],"curies":[{"name":"wp","href":"https:\/\/api.w.org\/{rel}","templated":true}]}}