{"id":43728,"date":"2025-01-08T00:52:18","date_gmt":"2025-01-08T00:52:18","guid":{"rendered":"https:\/\/bazaar.express\/product\/black-seed-oil\/"},"modified":"2026-03-01T22:01:27","modified_gmt":"2026-03-01T22:01:27","slug":"black-seed-oil","status":"publish","type":"product","link":"https:\/\/bazaar.express\/pl\/produkt\/black-seed-oil\/","title":{"rendered":"Organiczne Olej Czarne Nasiona (Nigella Sativa)"},"content":{"rendered":"<h2 data-start=\"321\" data-end=\"386\">NAKAA Organiczny Olej z Czarnego Nasiona (Nigella Sativa) \u2013 Egipski Eliksir \u017bycia<\/h2>\n<h3 data-start=\"388\" data-end=\"442\">Co czyni egipski olej z czarnego nasiona tak wyj\u0105tkowym?<\/h3>\n<p data-start=\"444\" data-end=\"802\">Przez tysi\u0105ce lat <strong data-start=\"468\" data-end=\"495\">egipski olej z czarnego nasiona<\/strong> <strong>(Nigella Sativa)<\/strong> by\u0142 czczony jako naturalny cud. Znaleziony w grobowcu faraona Tutanchamona i wychwalany w staro\u017cytnych pismach, ten olej znany jest jako \u201eNasiono B\u0142ogos\u0142awie\u0144stwa\u201d. NAKAA oferuje 100% <strong data-start=\"697\" data-end=\"752\">czysty, organiczny, zimnot\u0142oczony egipski olej z czarnego nasiona<\/strong>, wyprodukowany z dba\u0142o\u015bci\u0105 o zachowanie pe\u0142nej mocy.<\/p>\n<p data-start=\"804\" data-end=\"948\">Od wsparcia odporno\u015bci po piel\u0119gnacj\u0119 sk\u00f3ry, ten staro\u017cytny olej potwierdzony przez wsp\u00f3\u0142czesn\u0105 nauk\u0119 oferuje holistyczne korzy\u015bci zdrowotne i kosmetyczne w ka\u017cdej kropli.<\/p>\n<h3 data-start=\"955\" data-end=\"1010\"><strong data-start=\"959\" data-end=\"1010\"> G\u0142\u00f3wne korzy\u015bci NAKAA Organicznego Oleju z Czarnego Nasiona<\/strong><\/h3>\n<h4 data-start=\"1012\" data-end=\"1045\"><strong data-start=\"1017\" data-end=\"1045\"> Wzmacniacz odporno\u015bci<\/strong><\/h4>\n<p data-start=\"1046\" data-end=\"1222\">Bogaty w tymochinon, olej z czarnego nasiona stymuluje kom\u00f3rki odporno\u015bciowe, pomagaj\u0105c organizmowi zwalcza\u0107 infekcje, wirusy i nawet choroby zapalne, takie jak artretyzm i astma.<\/p>\n<h4 data-start=\"1224\" data-end=\"1256\"><strong data-start=\"1229\" data-end=\"1256\"> Zdrowie sk\u00f3ry i uroda<\/strong><\/h4>\n<p data-start=\"1257\" data-end=\"1446\">Naturalnie bakteriob\u00f3jczy i przeciwzapalny, leczy tr\u0105dzik, egzem\u0119 i \u0142uszczyc\u0119. Stosowany regularnie <strong data-start=\"1367\" data-end=\"1387\">odm\u0142adza sk\u00f3r\u0119<\/strong>, redukuje przebarwienia i nadaje zdrowy, m\u0142ody blask.<\/p>\n<h4 data-start=\"1448\" data-end=\"1483\"><strong data-start=\"1453\" data-end=\"1483\"> M\u00f3zg i dobre samopoczucie psychiczne<\/strong><\/h4>\n<p data-start=\"1484\" data-end=\"1609\">Olej z czarnego nasiona mo\u017ce poprawia\u0107 pami\u0119\u0107, redukowa\u0107 stres i zwi\u0119ksza\u0107 koncentracj\u0119 dzi\u0119ki neuroprotekcyjnym zwi\u0105zkom i antyoksydantom.<\/p>\n<h4 data-start=\"1611\" data-end=\"1653\"><strong data-start=\"1616\" data-end=\"1653\"> Cukier we krwi i r\u00f3wnowaga hormonalna<\/strong><\/h4>\n<p data-start=\"1654\" data-end=\"1800\">Pomaga regulowa\u0107 poziom cukru we krwi, wspieraj\u0105c diabetyk\u00f3w. Korzystny r\u00f3wnie\u017c w stabilizacji waha\u0144 hormonalnych u kobiet i m\u0119\u017cczyzn.<\/p>\n<h4 data-start=\"1802\" data-end=\"1841\"><strong data-start=\"1807\" data-end=\"1841\"> Serce i wsparcie cholesterolu<\/strong><\/h4>\n<p data-start=\"1842\" data-end=\"1977\">Niezb\u0119dne kwasy t\u0142uszczowe w oleju NAKAA z czarnego nasiona <strong data-start=\"1900\" data-end=\"1932\">obni\u017caj\u0105 z\u0142y cholesterol (LDL)<\/strong> i naturalnie wspieraj\u0105 zdrowie serca.<\/p>\n<h4 data-start=\"1979\" data-end=\"2016\"><strong data-start=\"1984\" data-end=\"2016\"> Si\u0142a i wzrost w\u0142os\u00f3w<\/strong><\/h4>\n<p data-start=\"2017\" data-end=\"2138\">Wzmacnia cebulki w\u0142osowe, zmniejsza wypadanie w\u0142os\u00f3w i leczy \u0142upie\u017c. Wmasuj w sk\u00f3r\u0119 g\u0142owy lub dodaj do szamponu dla pe\u0142nych korzy\u015bci.<\/p>\n<h4 data-start=\"2140\" data-end=\"2176\"><strong data-start=\"2145\" data-end=\"2176\"> Detoks i ulga trawienna<\/strong><\/h4>\n<p data-start=\"2177\" data-end=\"2308\">Wspiera zdrowie w\u0105troby, poprawia trawienie i zmniejsza wzd\u0119cia oraz dolegliwo\u015bci \u017co\u0142\u0105dkowe. Idealny do detoksykacji organizmu od wewn\u0105trz.<\/p>\n<h3 data-start=\"2315\" data-end=\"2354\"><strong data-start=\"2319\" data-end=\"2354\">Jak stosowa\u0107 olej NAKAA z czarnego nasiona<\/strong><\/h3>\n<ul data-start=\"2356\" data-end=\"2638\">\n<li data-start=\"2356\" data-end=\"2449\">\n<p data-start=\"2358\" data-end=\"2449\"><strong data-start=\"2358\" data-end=\"2373\">Wewn\u0119trznie:<\/strong> Przyjmuj 1 \u0142y\u017ceczk\u0119 dziennie na czczo lub mieszaj z miodem lub ciep\u0142\u0105 wod\u0105.<\/p>\n<\/li>\n<li data-start=\"2450\" data-end=\"2565\">\n<p data-start=\"2452\" data-end=\"2565\"><strong data-start=\"2452\" data-end=\"2466\">Na sk\u00f3r\u0119:<\/strong> Nak\u0142adaj bezpo\u015brednio na sk\u00f3r\u0119 lub sk\u00f3r\u0119 g\u0142owy. Idealny do maseczek na twarz, olej\u00f3w do w\u0142os\u00f3w lub mieszania z olejkami eterycznymi.<\/p>\n<\/li>\n<li data-start=\"2566\" data-end=\"2638\">\n<p data-start=\"2568\" data-end=\"2638\"><strong data-start=\"2568\" data-end=\"2585\">Kulinarnie:<\/strong> Dodawaj do sa\u0142atek lub smoothie dla dawki antyoksydant\u00f3w.<\/p>\n<\/li>\n<\/ul>\n<h3 data-start=\"2645\" data-end=\"2697\"><strong data-start=\"2649\" data-end=\"2697\">Dlaczego wybra\u0107 NAKAA? \u2013 Premium egipska marka<\/strong><\/h3>\n<ul data-start=\"2699\" data-end=\"2979\">\n<li data-start=\"2699\" data-end=\"2772\">\n<p data-start=\"2701\" data-end=\"2772\"><strong data-start=\"2703\" data-end=\"2728\">Zimnot\u0142oczony w Egipcie<\/strong> \u2013 Zachowuje 100% warto\u015bci od\u017cywczych<\/p>\n<\/li>\n<li data-start=\"2773\" data-end=\"2838\">\n<p data-start=\"2775\" data-end=\"2838\"><strong data-start=\"2777\" data-end=\"2798\">Certyfikowany organiczny<\/strong> \u2013 Bez chemii, bez dodatk\u00f3w, bez obr\u00f3bki cieplnej<\/p>\n<\/li>\n<li data-start=\"2839\" data-end=\"2909\">\n<p data-start=\"2841\" data-end=\"2909\"><strong data-start=\"2843\" data-end=\"2862\">Zaufana jako\u015b\u0107<\/strong> \u2013 Od egipskiego producenta z bogat\u0105 tradycj\u0105<\/p>\n<\/li>\n<li data-start=\"2910\" data-end=\"2979\">\n<p data-start=\"2912\" data-end=\"2979\"><strong data-start=\"2914\" data-end=\"2940\">Ekologiczne opakowanie<\/strong> \u2013 Czyste, ochronne i zr\u00f3wnowa\u017cone<\/p>\n<\/li>\n<\/ul>\n<h3 data-start=\"3252\" data-end=\"3306\"><strong data-start=\"3256\" data-end=\"3306\">Pot\u0119\u017cne staro\u017cytne remedium dla wsp\u00f3\u0142czesnego \u015bwiata<\/strong><\/h3>\n<p data-start=\"3308\" data-end=\"3634\">Je\u015bli chcesz wzmocni\u0107 odporno\u015b\u0107, wyleczy\u0107 sk\u00f3r\u0119 lub po prostu poprawi\u0107 samopoczucie, <strong data-start=\"3413\" data-end=\"3445\">NAKAA Organiczny Olej z Czarnego Nasiona<\/strong> b\u0119dzie naturalnym wsparciem.<\/p>\n<p data-start=\"3308\" data-end=\"3634\">Z tradycj\u0105 zakorzenion\u0105 w egipskich zwyczajach i potwierdzon\u0105 nowoczesnymi badaniami, ten produkt dostarcza <strong data-start=\"3574\" data-end=\"3608\">najsilniejszy leczniczy olej natury<\/strong> \u2013 prosto z Nilu.<\/p>\n<h2 data-start=\"3641\" data-end=\"3704\"> Zam\u00f3w teraz i poczuj moc naj\u015bwi\u0119tszego egipskiego oleju.<\/h2>\n<p data-start=\"3705\" data-end=\"3766\"><strong data-start=\"3705\" data-end=\"3766\">NAKAA Organiczny Olej z Czarnego Nasiona \u2013 Leczenie. Uroda. Si\u0142a.<\/strong><\/p>\n<p style=\"text-align: center;\">Dzi\u0119kujemy za zakupy w <em data-start=\"415\" data-end=\"431\"><a href=\"https:\/\/bazaar.express\/pl\/\">Bazaar Express<\/a><\/em> \u2013 cieszymy si\u0119, \u017ce jeste\u015b z nami!<\/p>\n<p style=\"text-align: center;\">Poczuj moc natury \u2014 czyste <a href=\"https:\/\/bazaar.express\/pl\/therapeutic-oils\/\">oleje terapeutyczne<\/a> na codzienne dobre samopoczucie.<\/p>\n","protected":false},"excerpt":{"rendered":"<h3 data-start=\"400\" data-end=\"624\">NAKAA Organiczny Olej z Czarnego Nasiona to 100% czysty, zimnot\u0142oczony produkt z Egiptu. Znany od wiek\u00f3w jako naturalne remedium lecznicze, wspiera odporno\u015b\u0107, zdrowie sk\u00f3ry, trawienie i wzrost w\u0142os\u00f3w. Idealny do u\u017cytku wewn\u0119trznego i zewn\u0119trznego.<\/h3>\n","protected":false},"featured_media":43729,"comment_status":"open","ping_status":"closed","template":"","meta":[],"product_brand":[],"product_cat":[1193,1201,1199,1203,1192],"product_tag":[1465,1470,1466,1467],"class_list":{"0":"post-43728","1":"product","2":"type-product","3":"status-publish","4":"has-post-thumbnail","6":"product_cat-lecznicze-oleje","7":"product_cat-gorace-okazje","8":"product_cat-najlepsze-z-egiptu","9":"product_cat-nakaa-naturalne-oleje","10":"product_cat-pielegnacja-urody","11":"product_tag-naturalny-olej","12":"product_tag-olejek","13":"product_tag-pielegnacja-skory","14":"product_tag-pielegnacja-urody","15":"pa_l-xl-1000ml","16":"pa_l-xl-500ml","18":"first","19":"instock","20":"sale","21":"shipping-taxable","22":"purchasable","23":"product-type-variable"},"_links":{"self":[{"href":"https:\/\/bazaar.express\/pl\/wp-json\/wp\/v2\/product\/43728","targetHints":{"allow":["GET"]}}],"collection":[{"href":"https:\/\/bazaar.express\/pl\/wp-json\/wp\/v2\/product"}],"about":[{"href":"https:\/\/bazaar.express\/pl\/wp-json\/wp\/v2\/types\/product"}],"replies":[{"embeddable":true,"href":"https:\/\/bazaar.express\/pl\/wp-json\/wp\/v2\/comments?post=43728"}],"wp:featuredmedia":[{"embeddable":true,"href":"https:\/\/bazaar.express\/pl\/wp-json\/wp\/v2\/media\/43729"}],"wp:attachment":[{"href":"https:\/\/bazaar.express\/pl\/wp-json\/wp\/v2\/media?parent=43728"}],"wp:term":[{"taxonomy":"product_brand","embeddable":true,"href":"https:\/\/bazaar.express\/pl\/wp-json\/wp\/v2\/product_brand?post=43728"},{"taxonomy":"product_cat","embeddable":true,"href":"https:\/\/bazaar.express\/pl\/wp-json\/wp\/v2\/product_cat?post=43728"},{"taxonomy":"product_tag","embeddable":true,"href":"https:\/\/bazaar.express\/pl\/wp-json\/wp\/v2\/product_tag?post=43728"}],"curies":[{"name":"wp","href":"https:\/\/api.w.org\/{rel}","templated":true}]}}