{"id":43773,"date":"2025-01-10T15:35:13","date_gmt":"2025-01-10T15:35:13","guid":{"rendered":"https:\/\/bazaar.express\/product\/freckles-oil\/"},"modified":"2026-02-15T09:21:11","modified_gmt":"2026-02-15T09:21:11","slug":"freckles-oil","status":"publish","type":"product","link":"https:\/\/bazaar.express\/pl\/produkt\/freckles-oil\/","title":{"rendered":"Organiczny olejek na piegi"},"content":{"rendered":"<h2 data-start=\"216\" data-end=\"295\">NAKAA Organiczny olejek na piegi \u2013 naturalnie redukuj piegi i uzyskaj g\u0142adk\u0105 sk\u00f3r\u0119<\/h2>\n<p data-start=\"297\" data-end=\"732\">Odkryj pot\u0119\u017cne naturalne rozwi\u0105zanie na piegi i przebarwienia sk\u00f3ry z <strong data-start=\"377\" data-end=\"407\">NAKAA Organic Freckles Oil<\/strong>. Ta starannie opracowana formu\u0142a \u0142\u0105czy najskuteczniejsze oleje naturalne, pomagaj\u0105c redukowa\u0107 ciemne plamy, wyr\u00f3wnywa\u0107 koloryt sk\u00f3ry i g\u0142\u0119boko od\u017cywia\u0107 cer\u0119. Bez wzgl\u0119du na to, czy zmagasz si\u0119 z plamami s\u0142onecznymi, piegami czy pigmentacj\u0105, ten 100% organiczny preparat pomo\u017ce Ci odzyska\u0107 naturalny blask \u2013 bezpiecznie i skutecznie.<\/p>\n<h3 data-start=\"734\" data-end=\"799\"> Co zawiera? Silne sk\u0142adniki naturalne dla czystszego sk\u00f3ry<\/h3>\n<p data-start=\"801\" data-end=\"960\">Ka\u017cda kropla NAKAA Organic Freckles Oil jest bogata w antyoksydanty, niezb\u0119dne kwasy t\u0142uszczowe i witaminy wspieraj\u0105ce zdrowsz\u0105, g\u0142adsza i bardziej promienn\u0105 sk\u00f3r\u0119:<\/p>\n<ul data-start=\"962\" data-end=\"1937\">\n<li data-start=\"962\" data-end=\"1118\">\n<p data-start=\"964\" data-end=\"1118\"><strong data-start=\"964\" data-end=\"984\">Olejek ze s\u0142odkich migda\u0142\u00f3w<\/strong> \u2013 Bogaty w witaminy A i E, rozja\u015bnia sk\u00f3r\u0119, pomaga redukowa\u0107 piegi i przebarwienia, jednocze\u015bnie zmi\u0119kczaj\u0105c i \u0142agodz\u0105c wra\u017cliw\u0105 sk\u00f3r\u0119.<\/p>\n<\/li>\n<li data-start=\"1119\" data-end=\"1283\">\n<p data-start=\"1121\" data-end=\"1283\"><strong data-start=\"1121\" data-end=\"1134\">Olejek arganowy<\/strong> \u2013 Z\u0142oty eliksir pe\u0142en witaminy E i kwas\u00f3w t\u0142uszczowych, kt\u00f3ry zmniejsza widoczno\u015b\u0107 pieg, g\u0142\u0119boko nawil\u017ca i chroni sk\u00f3r\u0119 przed uszkodzeniami s\u0142onecznymi.<\/p>\n<\/li>\n<li data-start=\"1284\" data-end=\"1390\">\n<p data-start=\"1286\" data-end=\"1390\"><strong data-start=\"1286\" data-end=\"1300\">Olejek rycynowy<\/strong> \u2013 Znany z g\u0142\u0119bokiego wch\u0142aniania, pomaga blakn\u0105\u0107 ciemne plamy i wyr\u00f3wnywa\u0107 koloryt sk\u00f3ry.<\/p>\n<\/li>\n<li data-start=\"1391\" data-end=\"1495\">\n<p data-start=\"1393\" data-end=\"1495\"><strong data-start=\"1393\" data-end=\"1406\">Olejek oliwkowy<\/strong> \u2013 Walczy z wolnymi rodnikami dzi\u0119ki silnym antyoksydantom i wspomaga promienn\u0105, wyr\u00f3wnan\u0105 sk\u00f3r\u0119.<\/p>\n<\/li>\n<li data-start=\"1496\" data-end=\"1612\">\n<p data-start=\"1498\" data-end=\"1612\"><strong data-start=\"1498\" data-end=\"1512\">Olejek jojoba<\/strong> \u2013 Reguluje produkcj\u0119 sebum, poprawia tekstur\u0119 sk\u00f3ry i minimalizuje przebarwienia oraz suche miejsca.<\/p>\n<\/li>\n<li data-start=\"1613\" data-end=\"1721\">\n<p data-start=\"1615\" data-end=\"1721\"><strong data-start=\"1615\" data-end=\"1633\">Olej z czarnuszki<\/strong> \u2013 Pomaga regulowa\u0107 produkcj\u0119 melaniny, stopniowo redukuj\u0105c hiperpigmentacj\u0119 i ciemne plamy.<\/p>\n<\/li>\n<li data-start=\"1722\" data-end=\"1822\">\n<p data-start=\"1724\" data-end=\"1822\"><strong data-start=\"1724\" data-end=\"1738\">Olejek z \u0142ubinu<\/strong> \u2013 Rozja\u015bnia sk\u00f3r\u0119 i delikatnie detoksykuje, pozostawiaj\u0105c cer\u0119 \u015bwie\u017c\u0105 i pe\u0142n\u0105 blasku.<\/p>\n<\/li>\n<li data-start=\"1823\" data-end=\"1937\">\n<p data-start=\"1825\" data-end=\"1937\"><strong data-start=\"1825\" data-end=\"1838\">Witamina E<\/strong> \u2013 Antyoksydant regeneruj\u0105cy sk\u00f3r\u0119, kt\u00f3ry zmniejsza ciemne plamy i poprawia elastyczno\u015b\u0107 oraz klarowno\u015b\u0107 sk\u00f3ry.<\/p>\n<\/li>\n<\/ul>\n<h3 data-start=\"1939\" data-end=\"1973\"> Jak stosowa\u0107 dla najlepszych rezultat\u00f3w<\/h3>\n<p data-start=\"1975\" data-end=\"2183\">Na\u0142\u00f3\u017c kilka kropel na czyst\u0105 sk\u00f3r\u0119 wieczorem, omijaj\u0105c okolice oczu. Delikatnie masuj do pe\u0142nego wch\u0142oni\u0119cia. Zostaw na noc i sp\u0142ucz rano. Stosuj regularnie, aby uzyska\u0107 ja\u015bniejsz\u0105, bardziej zr\u00f3wnowa\u017con\u0105 cer\u0119.<\/p>\n<h3 data-start=\"2185\" data-end=\"2208\"> Dlaczego wybra\u0107 NAKAA?<\/h3>\n<ul data-start=\"2210\" data-end=\"2548\">\n<li data-start=\"2210\" data-end=\"2287\">\n<p data-start=\"2212\" data-end=\"2287\"><strong data-start=\"2212\" data-end=\"2238\">100% organiczny i naturalny<\/strong> \u2013 Bez syntetycznych sk\u0142adnik\u00f3w, paraben\u00f3w ani toksyn.<\/p>\n<\/li>\n<li data-start=\"2288\" data-end=\"2377\">\n<p data-start=\"2290\" data-end=\"2377\"><strong data-start=\"2290\" data-end=\"2321\">Nadaje si\u0119 do wszystkich typ\u00f3w sk\u00f3ry<\/strong> \u2013 Delikatny, ale skuteczny dla sk\u00f3ry wra\u017cliwej, suchej lub t\u0142ustej.<\/p>\n<\/li>\n<li data-start=\"2378\" data-end=\"2467\">\n<p data-start=\"2380\" data-end=\"2467\"><strong data-start=\"2380\" data-end=\"2420\">Na piegi i hiperpigmentacj\u0119<\/strong> \u2013 Naturalnie redukuje przebarwienia i plamy s\u0142oneczne.<\/p>\n<\/li>\n<li data-start=\"2468\" data-end=\"2548\">\n<p data-start=\"2470\" data-end=\"2548\"><strong data-start=\"2470\" data-end=\"2499\">Nawil\u017caj\u0105cy i \u0142agodz\u0105cy sk\u00f3r\u0119<\/strong> \u2013 Przywraca wilgo\u0107 i wspomaga promienny blask.<\/p>\n<\/li>\n<\/ul>\n<h3 data-start=\"2995\" data-end=\"3033\"> Odkryj sw\u00f3j blask \u2013 naturalnie<\/h3>\n<p data-start=\"3035\" data-end=\"3265\">NAKAA Organic Freckles Oil to wi\u0119cej ni\u017c piel\u0119gnacja sk\u00f3ry \u2013 to troska o siebie nap\u0119dzana najlepszymi darami natury. Bez wzgl\u0119du na to, czy chcesz zredukowa\u0107 piegi, ukoi\u0107 podra\u017cnienia czy wzmocni\u0107 blask, ta formu\u0142a zapewni sk\u00f3rze opiek\u0119, na jak\u0105 zas\u0142uguje.<\/p>\n<p data-start=\"3267\" data-end=\"3353\"><strong data-start=\"3267\" data-end=\"3280\">Zam\u00f3w teraz<\/strong> i rozpocznij podr\u00f3\u017c ku pi\u0119knie wyr\u00f3wnanej, promiennej sk\u00f3rze z NAKAA.<\/p>\n<p style=\"text-align: center;\">Dzi\u0119kujemy za zakupy w <em data-start=\"415\" data-end=\"431\"><a href=\"https:\/\/bazaar.express\/pl\/\">Bazaar Express<\/a><\/em> \u2013 cieszymy si\u0119, \u017ce jeste\u015b z nami!<\/p>\n<p style=\"text-align: center;\">Poczuj si\u0142\u0119 natury \u2014 czyste <a href=\"https:\/\/bazaar.express\/pl\/therapeutic-oils\/\">oleje terapeutyczne<\/a> na codzienne dobre samopoczucie.<\/p>\n","protected":false},"excerpt":{"rendered":"<h3 data-start=\"393\" data-end=\"670\">NAKAA Organiczny olejek na piegi to 100% naturalna mieszanka silnych olejk\u00f3w, w tym ze s\u0142odkich migda\u0142\u00f3w, arganowego, rycynowego, oliwkowego i witaminy E. Zaprojektowany do redukcji pieg, ciemnych plam i przebarwie\u0144 sk\u00f3ry, ta lekka formu\u0142a g\u0142\u0119boko od\u017cywia i wyr\u00f3wnuje koloryt sk\u00f3ry \u2013 naturalnie i bezpiecznie.<\/h3>\n","protected":false},"featured_media":43774,"comment_status":"open","ping_status":"closed","template":"","meta":[],"product_brand":[],"product_cat":[1193,1203,1192],"product_tag":[1465,1470,1466,1467,1472],"class_list":{"0":"post-43773","1":"product","2":"type-product","3":"status-publish","4":"has-post-thumbnail","6":"product_cat-lecznicze-oleje","7":"product_cat-nakaa-naturalne-oleje","8":"product_cat-pielegnacja-urody","9":"product_tag-naturalny-olej","10":"product_tag-olejek","11":"product_tag-pielegnacja-skory","12":"product_tag-pielegnacja-urody","13":"product_tag-zdrowotna","14":"pa_l-xl-135ml","15":"pa_l-xl-60ml","17":"first","18":"instock","19":"sale","20":"shipping-taxable","21":"purchasable","22":"product-type-variable"},"_links":{"self":[{"href":"https:\/\/bazaar.express\/pl\/wp-json\/wp\/v2\/product\/43773","targetHints":{"allow":["GET"]}}],"collection":[{"href":"https:\/\/bazaar.express\/pl\/wp-json\/wp\/v2\/product"}],"about":[{"href":"https:\/\/bazaar.express\/pl\/wp-json\/wp\/v2\/types\/product"}],"replies":[{"embeddable":true,"href":"https:\/\/bazaar.express\/pl\/wp-json\/wp\/v2\/comments?post=43773"}],"wp:featuredmedia":[{"embeddable":true,"href":"https:\/\/bazaar.express\/pl\/wp-json\/wp\/v2\/media\/43774"}],"wp:attachment":[{"href":"https:\/\/bazaar.express\/pl\/wp-json\/wp\/v2\/media?parent=43773"}],"wp:term":[{"taxonomy":"product_brand","embeddable":true,"href":"https:\/\/bazaar.express\/pl\/wp-json\/wp\/v2\/product_brand?post=43773"},{"taxonomy":"product_cat","embeddable":true,"href":"https:\/\/bazaar.express\/pl\/wp-json\/wp\/v2\/product_cat?post=43773"},{"taxonomy":"product_tag","embeddable":true,"href":"https:\/\/bazaar.express\/pl\/wp-json\/wp\/v2\/product_tag?post=43773"}],"curies":[{"name":"wp","href":"https:\/\/api.w.org\/{rel}","templated":true}]}}