{"id":39016,"date":"2025-01-24T21:56:08","date_gmt":"2025-01-24T21:56:08","guid":{"rendered":"https:\/\/bazaar.express\/despre-noi\/"},"modified":"2025-12-29T13:44:47","modified_gmt":"2025-12-29T13:44:47","slug":"despre-noi","status":"publish","type":"page","link":"https:\/\/bazaar.express\/ro\/despre-noi\/","title":{"rendered":"Despre noi"},"content":{"rendered":"\n<div id=\"wd-42f375a5\" class=\"wp-block-wd-row\">\n<div id=\"wd-ab37dd53\" class=\"wp-block-wd-column\">\n<div id=\"wd-0d2d2dc8\" class=\"wp-block-wd-container wd-dir-col\">\n<h2 id=\"wd-162f0ce2\" class=\"wp-block-wd-title title\"><strong>Despre Bazaar Express<\/strong><\/h2>\n\n\n\n<p id=\"wd-f1441eff\" class=\"wp-block-wd-paragraph\">Bine a\u021bi venit la <strong>Bazaar Express <\/strong>\u2013 destina\u021bia dumneavoastr\u0103 de \u00eencredere pentru cump\u0103r\u0103turi online. Oferim o gam\u0103 variat\u0103 de produse de \u00eenalt\u0103 calitate, completat\u0103 de servicii excelente, concepute pentru a face experien\u021ba dumneavoastr\u0103 de cump\u0103rare u\u0219oar\u0103 \u0219i pl\u0103cut\u0103. La Bazaar Express, ne angaj\u0103m s\u0103 oferim excelen\u021b\u0103 \u00een calitate, fiabilitate \u0219i satisfac\u021bia clien\u021bilor, la fiecare pas.<\/p>\n<\/div>\n\n\n\n<div id=\"wd-2e8e2c97\" class=\"wp-block-wd-container wd-dir-col\">\n<h2 id=\"wd-17f5a82f\" class=\"wp-block-wd-title title\"><strong><strong>Cine suntem<\/strong><\/strong>?<\/h2>\n\n\n\n<p id=\"wd-1651b599\" class=\"wp-block-wd-paragraph\"><strong>Bazaar Express<\/strong> este sus\u021binut de o echip\u0103 dedicat\u0103 de profesioni\u0219ti \u00een comer\u021b electronic, angaja\u021bi s\u0103 livreze cele mai bune produse direct la u\u0219a dumneavoastr\u0103. Ne str\u0103duim s\u0103 oferim o experien\u021b\u0103 de cump\u0103r\u0103turi fluent\u0103, rapid\u0103 \u0219i sigur\u0103, asigur\u00e2nd satisfac\u021bia dumneavoastr\u0103 la fiecare pas.<\/p>\n\n\n\n<p id=\"wd-dc23ad9e\" class=\"wp-block-wd-paragraph\"><strong>Viziunea noastr\u0103<\/strong><br\/>S\u0103 oferim produse de cea mai \u00eenalt\u0103 calitate \u0219i servicii excep\u021bionale, urm\u0103rind constant s\u0103 dep\u0103\u0219im a\u0219tept\u0103rile clien\u021bilor no\u0219tri \u0219i s\u0103 stabilim noi standarde \u00een cump\u0103r\u0103turile online.<\/p>\n<\/div>\n\n\n\n<div id=\"wd-a950211d\" class=\"wp-block-wd-container wd-dir-col\">\n<h2 id=\"wd-dcfd94af\" class=\"wp-block-wd-title title\"><strong>Despre proprietar<\/strong><\/h2>\n\n\n\n<ul id=\"wd-b6c26136\" class=\"wp-block-wd-list wd-list wd-type-unordered wd-style-default\">\n<li id=\"wd-d438b813\" class=\"wp-block-wd-list-item\"><div class=\"wd-icon\"><\/div><span class=\"wd-list-content\"><strong>Num\u0103r de \u00eenregistrare comercial\u0103:<\/strong> 54810<\/span><\/li>\n\n\n\n<li id=\"wd-2039b2bc\" class=\"wp-block-wd-list-item\"><div class=\"wd-icon\"><\/div><span class=\"wd-list-content\"><strong>Num\u0103r de identificare na\u021bional\u0103 (entitate):<\/strong> 577628364<\/span><\/li>\n\n\n\n<li id=\"wd-ca3205c8\" class=\"wp-block-wd-list-item\"><div class=\"wd-icon\"><\/div><span class=\"wd-list-content\"><strong>Cod de identificare fiscal\u0103:<\/strong> 4688446260494145<\/span><\/li>\n<\/ul>\n<\/div>\n\n\n\n<div id=\"wd-3831fc1b\" class=\"wp-block-wd-container wd-dir-col\">\n<h2 id=\"wd-f164e140\" class=\"wp-block-wd-title title\"><strong><strong>Loca\u021bia companiei<\/strong><\/strong><\/h2>\n\n\n\n<p id=\"wd-0ca5aa82\" class=\"wp-block-wd-paragraph\">Egipt \u2013 Guvernoratul Marea Ro\u0219ie, Hurghada, Strada Sheraton<\/p>\n<\/div>\n\n\n\n<div id=\"wd-4322fe97\" class=\"wp-block-wd-container wd-dir-col\">\n<p id=\"wd-24855ad5\" class=\"wp-block-wd-paragraph\">La <strong>Bazaar Express<\/strong>, credem c\u0103 un serviciu excep\u021bional \u00eenseamn\u0103 mai mult dec\u00e2t simpla oferire de produse de \u00eenalt\u0103 calitate. Misiunea noastr\u0103 este s\u0103 asigur\u0103m o experien\u021b\u0103 de cump\u0103r\u0103turi fluent\u0103, de la momentul \u00een care explora\u021bi magazinul nostru p\u00e2n\u0103 la livrarea comenzii. Ne angaj\u0103m s\u0103 oferim suport de \u00eencredere \u0219i s\u0103 ne asigur\u0103m c\u0103 fiecare achizi\u021bie \u00eendepline\u0219te, ba chiar dep\u0103\u0219e\u0219te, a\u0219tept\u0103rile dumneavoastr\u0103.  <\/p>\n<\/div>\n\n\n\n<div id=\"wd-68365372\" class=\"wp-block-wd-container wd-dir-col\">\n<h2 id=\"wd-2a8510f9\" class=\"wp-block-wd-title title\"><strong><strong><strong>Viziunea noastr\u0103<\/strong><\/strong><\/strong><\/h2>\n\n\n\n<p id=\"wd-a636f4b4\" class=\"wp-block-wd-paragraph\">S\u0103 facem produsele de \u00eenalt\u0103 calitate accesibile la nivel mondial prin livrare interna\u021bional\u0103 fiabil\u0103, asigur\u00e2nd clien\u021bilor de pretutindeni o experien\u021b\u0103 de cump\u0103r\u0103turi fluent\u0103 \u0219i satisf\u0103c\u0103toare. Ne angaj\u0103m s\u0103 ne \u00eembun\u0103t\u0103\u021bim continuu serviciile \u0219i s\u0103 stabilim noi standarde \u00een comer\u021bul electronic global. <\/p>\n<\/div>\n\n\n\n<div id=\"wd-b67ffb5a\" class=\"wp-block-wd-container wd-dir-col\">\n<h2 id=\"wd-b2deac09\" class=\"wp-block-wd-title title\"><strong><strong>De ce s\u0103 ne alege\u021bi?<\/strong><\/strong><\/h2>\n\n\n\n<ul id=\"wd-11c5a4c4\" class=\"wp-block-wd-list wd-list wd-type-unordered wd-style-default\">\n<li id=\"wd-e8f12dc1\" class=\"wp-block-wd-list-item\"><div class=\"wd-icon\"><\/div><span class=\"wd-list-content\"><strong>Livrare rapid\u0103 \u0219i fiabil\u0103 la nivel mondial<\/strong><br\/>Prime\u0219te comenzile rapid \u0219i \u00een siguran\u021b\u0103, oriunde te-ai afla.<\/span><\/li>\n\n\n\n<li id=\"wd-2de9b646\" class=\"wp-block-wd-list-item\"><div class=\"wd-icon\"><\/div><span class=\"wd-list-content\"><strong><strong>Op\u021biuni de plat\u0103 flexibile<\/strong><br\/><br\/>Alege ceea ce \u021bi se potrive\u0219te cel mai bine, inclusiv Plata la livrare \u0219i pl\u0103\u021bi online sigure.<\/strong><\/span><\/li>\n\n\n\n<li id=\"wd-3066d531\" class=\"wp-block-wd-list-item\"><div class=\"wd-icon\"><\/div><span class=\"wd-list-content\"><strong>Gam\u0103 larg\u0103 de produse de calitate<\/strong><br\/>Descoper\u0103 o selec\u021bie atent aleas\u0103 de produse, conceput\u0103 pentru a satisface nevoile \u0219i preferin\u021bele tale zilnice.<\/span><\/li>\n\n\n\n<li id=\"wd-6eb37cec\" class=\"wp-block-wd-list-item\"><div class=\"wd-icon\"><\/div><span class=\"wd-list-content\"><strong>Asisten\u021b\u0103 clien\u021bi excelent\u0103<\/strong><br\/>Echipa noastr\u0103 dedicat\u0103 este \u00eentotdeauna preg\u0103tit\u0103 s\u0103 te ajute \u00eenainte, \u00een timpul \u0219i dup\u0103 achizi\u021bia ta.<\/span><\/li>\n<\/ul>\n<\/div>\n\n\n\n<div id=\"wd-0d3a5f62\" class=\"wp-block-wd-container wd-dir-col\">\n<h2 id=\"wd-096de468\" class=\"wp-block-wd-title title\"><strong>V\u0103 mul\u021bumim c\u0103 a\u021bi ales Bazaar Express.<\/strong><br\/>Suntem \u00eenc\u00e2nta\u021bi s\u0103 v\u0103 avem al\u0103turi de noi \u0219i a\u0219tept\u0103m cu ner\u0103bdare s\u0103 v\u0103 oferim o experien\u021b\u0103 de cump\u0103r\u0103turi excep\u021bional\u0103 de fiecare dat\u0103 c\u00e2nd ne vizita\u021bi.<\/h2>\n<\/div>\n<\/div>\n\n\n\n<div id=\"wd-7f92c65a\" class=\"wp-block-wd-column wd-sticky-on-lg wd-align-s-start\">\n<h2 id=\"wd-01a6efe1\" class=\"wp-block-wd-title title\">Ave\u021bi nevoie de ajutor?<\/h2>\n\n\n\n<ul id=\"wd-d5991ee1\" class=\"wp-block-wd-list wd-list wd-type-image wd-style-default\">\n<li id=\"wd-e1629606\" class=\"wp-block-wd-list-item\"><div class=\"wd-icon\"><img loading=\"lazy\" decoding=\"async\" width=\"450\" height=\"450\" src=\"https:\/\/bazaar.express\/wp-content\/uploads\/2025\/07\/free-whatsapp-logo-3d-illustration-download-in-png-blend-fbx-gltf-file-formats-social-media-pack-logos-illustrations-4642760@0.webp\" alt=\"\" class=\"wp-image-34820\" title=\"\" srcset=\"https:\/\/bazaar.express\/wp-content\/uploads\/2025\/07\/free-whatsapp-logo-3d-illustration-download-in-png-blend-fbx-gltf-file-formats-social-media-pack-logos-illustrations-4642760@0.webp 450w, https:\/\/bazaar.express\/wp-content\/uploads\/2025\/07\/free-whatsapp-logo-3d-illustration-download-in-png-blend-fbx-gltf-file-formats-social-media-pack-logos-illustrations-4642760@0-300x300.webp 300w, https:\/\/bazaar.express\/wp-content\/uploads\/2025\/07\/free-whatsapp-logo-3d-illustration-download-in-png-blend-fbx-gltf-file-formats-social-media-pack-logos-illustrations-4642760@0-150x150.webp 150w, https:\/\/bazaar.express\/wp-content\/uploads\/2025\/07\/free-whatsapp-logo-3d-illustration-download-in-png-blend-fbx-gltf-file-formats-social-media-pack-logos-illustrations-4642760@0-430x430.webp 430w\" sizes=\"auto, (max-width: 450px) 100vw, 450px\" \/><\/div><span class=\"wd-list-content\"><a href=\"https:\/\/wa.me\/201503555598\" data-type=\"link\" data-id=\"https:\/\/wa.me\/201503555598\" target=\"_blank\" rel=\"noreferrer noopener nofollow sponsored\">(+20) 1503555598<\/a><\/span><\/li>\n\n\n\n<li id=\"wd-771a7274\" class=\"wp-block-wd-list-item\"><div class=\"wd-icon\"><img loading=\"lazy\" decoding=\"async\" width=\"1500\" height=\"1500\" src=\"https:\/\/bazaar.express\/wp-content\/uploads\/2025\/07\/Messenger.jpg\" alt=\"\" class=\"wp-image-34852\" title=\"\" srcset=\"https:\/\/bazaar.express\/wp-content\/uploads\/2025\/07\/Messenger.jpg 1500w, https:\/\/bazaar.express\/wp-content\/uploads\/2025\/07\/Messenger-300x300.jpg 300w, https:\/\/bazaar.express\/wp-content\/uploads\/2025\/07\/Messenger-800x800.jpg 800w, https:\/\/bazaar.express\/wp-content\/uploads\/2025\/07\/Messenger-150x150.jpg 150w, https:\/\/bazaar.express\/wp-content\/uploads\/2025\/07\/Messenger-768x768.jpg 768w, https:\/\/bazaar.express\/wp-content\/uploads\/2025\/07\/Messenger-430x430.jpg 430w, https:\/\/bazaar.express\/wp-content\/uploads\/2025\/07\/Messenger-700x700.jpg 700w\" sizes=\"auto, (max-width: 1500px) 100vw, 1500px\" \/><\/div><span class=\"wd-list-content\"><a href=\"https:\/\/m.me\/BazaarExpressOnlineApp\" target=\"_blank\" data-type=\"link\" data-id=\"https:\/\/m.me\/BazaarExpressOnlineApp\" rel=\"noreferrer noopener nofollow\">Messenger<\/a><\/span><\/li>\n\n\n\n<li id=\"wd-4e13e4ae\" class=\"wp-block-wd-list-item\"><div class=\"wd-icon\"><img loading=\"lazy\" decoding=\"async\" width=\"735\" height=\"667\" src=\"https:\/\/bazaar.express\/wp-content\/uploads\/2025\/07\/d7ddf0e936c39db320e15869d30eda95.jpg\" alt=\"\" class=\"wp-image-34823\" title=\"\" srcset=\"https:\/\/bazaar.express\/wp-content\/uploads\/2025\/07\/d7ddf0e936c39db320e15869d30eda95.jpg 735w, https:\/\/bazaar.express\/wp-content\/uploads\/2025\/07\/d7ddf0e936c39db320e15869d30eda95-331x300.jpg 331w, https:\/\/bazaar.express\/wp-content\/uploads\/2025\/07\/d7ddf0e936c39db320e15869d30eda95-430x390.jpg 430w, https:\/\/bazaar.express\/wp-content\/uploads\/2025\/07\/d7ddf0e936c39db320e15869d30eda95-700x635.jpg 700w, https:\/\/bazaar.express\/wp-content\/uploads\/2025\/07\/d7ddf0e936c39db320e15869d30eda95-150x136.jpg 150w\" sizes=\"auto, (max-width: 735px) 100vw, 735px\" \/><\/div><span class=\"wd-list-content\"><a href=\"bazaarexpressapp@gmail.com\" data-type=\"link\" data-id=\"bazaarexpressapp@gmail.com\" target=\"_blank\" rel=\"noreferrer noopener nofollow\">Email: <\/a><a href=\"bazaarexpressapp@gmail.com\" data-type=\"link\" data-id=\"bazaarexpressapp@gmail.com\" target=\"_blank\" rel=\"noreferrer noopener nofollow sponsored\">bazaarexpressapp@gmail.com<\/a><\/span><\/li>\n<\/ul>\n\n\n\t\t\t<div\n\t\t\t\t\t\tid=\"wd-d2c63a01\"\n\t\t\t\t\t\tclass=\" wd-social-icons wd-style-colored wd-size-default social-follow wd-shape-circle  wd-d2c63a01\">\n\t\t\t\t\n\n<span id=\"wd-617d8ed6\" class=\"wp-block-wd-paragraph wd-label\">Aboneaz\u0103-te<\/span>\n\n\n\t\t\t\t\n\t\t\t\t\t\t\t\t\t<a rel=\"noopener noreferrer nofollow\" href=\"https:\/\/www.facebook.com\/share\/19C6P9wb9Y\/\" target=\"_blank\" class=\" wd-social-icon social-facebook\" aria-label=\"Facebook social link\">\n\t\t\t\t\t\t<span class=\"wd-icon\"><\/span>\n\t\t\t\t\t\t\t\t\t\t\t<\/a>\n\t\t\t\t\n\t\t\t\t\n\t\t\t\t\n\t\t\t\t\n\t\t\t\t\t\t\t\t\t<a rel=\"noopener noreferrer nofollow\" href=\"https:\/\/www.instagram.com\/bazaarexpressapp\/?igsh=YzljYTk1ODg3Zg#\" target=\"_blank\" class=\" wd-social-icon social-instagram\" aria-label=\"Instagram social link\">\n\t\t\t\t\t\t<span class=\"wd-icon\"><\/span>\n\t\t\t\t\t\t\t\t\t\t\t<\/a>\n\t\t\t\t\n\t\t\t\t\n\t\t\t\t\n\t\t\t\t\n\t\t\t\t\n\t\t\t\t\n\t\t\t\t\n\t\t\t\t\n\t\t\t\t\n\t\t\t\t\n\t\t\t\t\n\t\t\t\t\n\t\t\t\t\n\t\t\t\t\n\t\t\t\t\n\t\t\t\t\n\t\t\t\t\n\t\t\t\t\n\t\t\t\t\n\t\t\t\t\n\t\t\t\t\n\t\t\t\t\n\t\t\t<\/div>\n\n\t\t<\/div>\n<\/div>\n","protected":false},"excerpt":{"rendered":"","protected":false},"author":174,"featured_media":0,"parent":0,"menu_order":0,"comment_status":"closed","ping_status":"closed","template":"","meta":{"footnotes":""},"class_list":["post-39016","page","type-page","status-publish","hentry"],"_links":{"self":[{"href":"https:\/\/bazaar.express\/ro\/wp-json\/wp\/v2\/pages\/39016","targetHints":{"allow":["GET"]}}],"collection":[{"href":"https:\/\/bazaar.express\/ro\/wp-json\/wp\/v2\/pages"}],"about":[{"href":"https:\/\/bazaar.express\/ro\/wp-json\/wp\/v2\/types\/page"}],"author":[{"embeddable":true,"href":"https:\/\/bazaar.express\/ro\/wp-json\/wp\/v2\/users\/174"}],"replies":[{"embeddable":true,"href":"https:\/\/bazaar.express\/ro\/wp-json\/wp\/v2\/comments?post=39016"}],"version-history":[{"count":4,"href":"https:\/\/bazaar.express\/ro\/wp-json\/wp\/v2\/pages\/39016\/revisions"}],"predecessor-version":[{"id":39193,"href":"https:\/\/bazaar.express\/ro\/wp-json\/wp\/v2\/pages\/39016\/revisions\/39193"}],"wp:attachment":[{"href":"https:\/\/bazaar.express\/ro\/wp-json\/wp\/v2\/media?parent=39016"}],"curies":[{"name":"wp","href":"https:\/\/api.w.org\/{rel}","templated":true}]}}