{"id":39197,"date":"2025-07-09T23:13:21","date_gmt":"2025-07-09T23:13:21","guid":{"rendered":"https:\/\/bazaar.express\/delivery-policy\/"},"modified":"2025-12-30T07:56:37","modified_gmt":"2025-12-30T07:56:37","slug":"delivery-policy","status":"publish","type":"page","link":"https:\/\/bazaar.express\/ro\/delivery-policy\/","title":{"rendered":"Politica de livrare"},"content":{"rendered":"\n<div id=\"wd-2224c909\" class=\"wp-block-wd-section\">\n<div id=\"wd-9e66acd2\" class=\"wp-block-wd-row wd-custom-width\">\n<div id=\"wd-028f0595\" class=\"wp-block-wd-column wd-align-is-sm-flex-start wd-parallax-on-scroll wd_scroll_x_80 wd_scroll_y_-1 wd_scroll_z_0 wd_scroll_smoothness_30\">\n<div id=\"wd-3e48b85d\" class=\"wp-block-wd-container wd-dir-col wd-custom-width wd-align-s-center\">\n <p id=\"wd-9fab6704\" class=\"wp-block-wd-paragraph wd-align wd-hide-sm\">DE \u00ceNCREDERE<\/p>\n \n\n\n\n <p id=\"wd-c27c0a1a\" class=\"wp-block-wd-paragraph wd-align-s-start\">Livrare rapid\u0103 \u0219i fiabil\u0103 din Egipt la u\u0219a ta<\/p>\n \n\n\n\n<h2 id=\"wd-e68f6a6e\" class=\"wp-block-wd-title title wd-align-s-start\">Rapid\u0103 <span class=\"wd-highlight\">Livrare interna\u021bional\u0103<\/span> &#8211; direct la u\u0219a ta<\/h2>\n\n\n\n <p id=\"wd-31a61dfc\" class=\"wp-block-wd-paragraph\"><strong>\ud83d\ude9a Livr\u0103m direct din Egipt la u\u0219a ta prin curieri globali de \u00eencredere<\/strong><br\/><br\/><strong>\ud83d\udce6 DHL \u0219i FedEx<\/strong> \u2013 <strong>fiabili, rapidi \u0219i siguri.<\/strong><br\/><br\/><strong>\ud83d\uddd3\ufe0f Procesare comenzi:<\/strong> duminic\u0103 p\u00e2n\u0103 joi<br\/>F\u0103r\u0103 livr\u0103ri vinerea \u0219i s\u00e2mb\u0103ta <em>(birourile curierilor \u00eenchise)<\/em><br\/>Toate pachetele sunt <strong>ambalate profesional pentru protec\u021bie maxim\u0103.<\/strong><\/p>\n \n<\/div>\n<\/div>\n\n\n\n<div id=\"wd-e6639068\" class=\"wp-block-wd-column wd-align-is-sm-center wd-align\">\n<div id=\"wd-f2f31493\" class=\"wp-block-wd-image wd-block-image\"><img loading=\"lazy\" decoding=\"async\" width=\"430\" height=\"645\" class=\"wp-image-34921\" src=\"https:\/\/bazaar.express\/wp-content\/uploads\/2025\/08\/Real-Smiles-from-Real-Customers-430x645.webp\" alt=\"\" title=\"\" srcset=\"https:\/\/bazaar.express\/wp-content\/uploads\/2025\/08\/Real-Smiles-from-Real-Customers-430x645.webp 430w, https:\/\/bazaar.express\/wp-content\/uploads\/2025\/08\/Real-Smiles-from-Real-Customers-200x300.webp 200w, https:\/\/bazaar.express\/wp-content\/uploads\/2025\/08\/Real-Smiles-from-Real-Customers-533x800.webp 533w, https:\/\/bazaar.express\/wp-content\/uploads\/2025\/08\/Real-Smiles-from-Real-Customers-768x1152.webp 768w, https:\/\/bazaar.express\/wp-content\/uploads\/2025\/08\/Real-Smiles-from-Real-Customers-700x1050.webp 700w, https:\/\/bazaar.express\/wp-content\/uploads\/2025\/08\/Real-Smiles-from-Real-Customers-150x225.webp 150w, https:\/\/bazaar.express\/wp-content\/uploads\/2025\/08\/Real-Smiles-from-Real-Customers.webp 1024w\" sizes=\"auto, (max-width: 430px) 100vw, 430px\" \/><\/div>\n<\/div>\n<\/div>\n\n\n\n<div id=\"wd-10bcde3c\" class=\"wp-block-wd-row wd-custom-width\">\n<div id=\"wd-84672fc3\" class=\"wp-block-wd-column wd-align-is-sm-center wd-align\">\n<div id=\"wd-003e240f\" class=\"wp-block-wd-image wd-block-image\"><img loading=\"lazy\" decoding=\"async\" width=\"430\" height=\"645\" class=\"wp-image-34937\" src=\"https:\/\/bazaar.express\/wp-content\/uploads\/2025\/08\/Delivery-Time-430x645.webp\" alt=\"\" title=\"\" srcset=\"https:\/\/bazaar.express\/wp-content\/uploads\/2025\/08\/Delivery-Time-430x645.webp 430w, https:\/\/bazaar.express\/wp-content\/uploads\/2025\/08\/Delivery-Time-200x300.webp 200w, https:\/\/bazaar.express\/wp-content\/uploads\/2025\/08\/Delivery-Time-533x800.webp 533w, https:\/\/bazaar.express\/wp-content\/uploads\/2025\/08\/Delivery-Time-768x1152.webp 768w, https:\/\/bazaar.express\/wp-content\/uploads\/2025\/08\/Delivery-Time-700x1050.webp 700w, https:\/\/bazaar.express\/wp-content\/uploads\/2025\/08\/Delivery-Time-150x225.webp 150w, https:\/\/bazaar.express\/wp-content\/uploads\/2025\/08\/Delivery-Time.webp 1024w\" sizes=\"auto, (max-width: 430px) 100vw, 430px\" \/><\/div>\n<\/div>\n\n\n\n<div id=\"wd-d628cde6\" class=\"wp-block-wd-column wd-align-is-sm-flex-start wd-parallax-on-scroll wd_scroll_x_80 wd_scroll_y_-1 wd_scroll_z_0 wd_scroll_smoothness_30\">\n<div id=\"wd-e41e9d73\" class=\"wp-block-wd-container wd-dir-col wd-custom-width wd-align-s-center\">\n <p id=\"wd-1de11508\" class=\"wp-block-wd-paragraph wd-align wd-hide-sm\">LIVRAT<\/p>\n \n\n\n\n <p id=\"wd-a470ef36\" class=\"wp-block-wd-paragraph wd-align-s-start\">Urm\u0103re\u0219te comanda \u2013 R\u0103m\u00e2i la curent<\/p>\n \n\n\n\n<h2 id=\"wd-ba0f3522\" class=\"wp-block-wd-title title wd-align-s-start\">Timp estimat de livrare<\/h2>\n\n\n\n <p id=\"wd-0d454d10\" class=\"wp-block-wd-paragraph\"><br\/><strong>\ud83d\udd50 5-10 zile lucr\u0103toare<\/strong>. \u00cen func\u021bie de \u021bar\u0103.<br\/><br\/><strong>\ud83d\udccd Zone \u00eendep\u0103rtate<\/strong> pot necesita c\u00e2teva zile suplimentare.<br\/><br\/><strong>\ud83d\udd0e Ve\u021bi primi un num\u0103r de urm\u0103rire<\/strong> pentru a urm\u0103ri pachetul \u00een timp real<\/p>\n \n<\/div>\n<\/div>\n<\/div>\n<\/div>\n\n<div id=\"wd-be3bdbeb\" class=\"wp-block-wd-section\">\n<div id=\"wd-03578b9d\" class=\"wp-block-wd-row\">\n<div id=\"wd-3533f18b\" class=\"wp-block-wd-column\">\n <p id=\"wd-21c00905\" class=\"wp-block-wd-paragraph wd-align\">Economise\u0219ti mai mult cu c\u00e2t cumperi mai mult<\/p>\n \n\n\n\n<div id=\"wd-bd98f0b3\" class=\"wp-block-wd-divider wd-style-line wd-added-title\"><div class=\"wd-divider-inner\">\n<h2 id=\"wd-b277538e\" class=\"wp-block-wd-title title wd-align\">Tarife de livrare \u00een func\u021bie de totalul comenzii<\/h2>\n<\/div><\/div>\n<\/div>\n<\/div>\n\n\n\n<div id=\"wd-a80ddc21\" class=\"wp-block-wd-row\">\n<div id=\"wd-6f131add\" class=\"wp-block-wd-column\">\n<div id=\"wd-7ed4c122\" class=\"wp-block-wd-menu-price wd-menu-price\">\n<div id=\"wd-baf155a3\" class=\"wp-block-wd-container wd-dir-row wd-menu-price-content\">\n<h2 id=\"wd-a7001cd3\" class=\"wp-block-wd-title title wd-entities-title\">Total comand\u0103: <\/h2>\n\n\n\n <p id=\"wd-98844f38\" class=\"wp-block-wd-paragraph amount\">$0 &#8211; $49.99<\/p>\n \n\n\n\n <p id=\"wd-b28faf78\" class=\"wp-block-wd-paragraph wd-menu-price-desc wd-custom-width\"><em>Tax\u0103 de livrare<\/em>: <mark style=\"background-color:#ff6900\" class=\"has-inline-color has-white-color\">$20<\/mark><\/p>\n \n<\/div>\n<\/div>\n<\/div>\n\n\n\n<div id=\"wd-507932cd\" class=\"wp-block-wd-column\">\n<div id=\"wd-f183d9ac\" class=\"wp-block-wd-menu-price wd-menu-price\">\n<div id=\"wd-710b3d95\" class=\"wp-block-wd-container wd-dir-row wd-menu-price-content\">\n<h2 id=\"wd-52218457\" class=\"wp-block-wd-title title wd-entities-title\">Total comand\u0103: <\/h2>\n\n\n\n <p id=\"wd-9ed90456\" class=\"wp-block-wd-paragraph amount\">$50 &#8211; $74.99<\/p>\n \n\n\n\n <p id=\"wd-49be6a5b\" class=\"wp-block-wd-paragraph wd-menu-price-desc wd-custom-width\"><em>Tax\u0103 de livrare<\/em>: <mark style=\"background-color:#ff6900\" class=\"has-inline-color has-white-color\">$10<\/mark><\/p>\n \n<\/div>\n<\/div>\n<\/div>\n<\/div>\n\n\n\n<div id=\"wd-5add4e98\" class=\"wp-block-wd-row\">\n<div id=\"wd-a7a7af30\" class=\"wp-block-wd-column\">\n<div id=\"wd-b9958a5e\" class=\"wp-block-wd-menu-price wd-menu-price\">\n<div id=\"wd-c0d405dd\" class=\"wp-block-wd-container wd-dir-row wd-menu-price-content\">\n<h2 id=\"wd-87a29467\" class=\"wp-block-wd-title title wd-entities-title\">Total comand\u0103: <\/h2>\n\n\n\n <p id=\"wd-157349c1\" class=\"wp-block-wd-paragraph amount\">$75 &#8211; $119.99<\/p>\n \n\n\n\n <p id=\"wd-dc0b5067\" class=\"wp-block-wd-paragraph wd-menu-price-desc wd-custom-width\"><em>Tax\u0103 de livrare<\/em>: <mark style=\"background-color:#ff6900\" class=\"has-inline-color has-white-color\">$5<\/mark> doar<\/p>\n \n<\/div>\n<\/div>\n<\/div>\n\n\n\n<div id=\"wd-991e1e12\" class=\"wp-block-wd-column\">\n<div id=\"wd-ab884162\" class=\"wp-block-wd-menu-price wd-menu-price\">\n<div id=\"wd-da6e4ce8\" class=\"wp-block-wd-container wd-dir-row wd-menu-price-content\">\n<h2 id=\"wd-dfe1884c\" class=\"wp-block-wd-title title wd-entities-title\">Total comand\u0103: <\/h2>\n\n\n\n <p id=\"wd-aa6c8993\" class=\"wp-block-wd-paragraph amount\">$120 \u0219i mai mult<\/p>\n \n\n\n\n <p id=\"wd-8ae44bd8\" class=\"wp-block-wd-paragraph wd-menu-price-desc wd-custom-width\"><em>Tax\u0103 de livrare<\/em>: <mark style=\"background-color:#ff6900\" class=\"has-inline-color has-white-color\">GRATUIT<\/mark> Livrare \u00een \u00eentreaga lume<\/p>\n \n<\/div>\n<\/div>\n<\/div>\n<\/div>\n<\/div>\n\n<div id=\"wd-4ca789da\" class=\"wp-block-wd-section\">\n<div id=\"wd-dd23b235\" class=\"wp-block-wd-row wd-custom-width\">\n<div id=\"wd-a107a73e\" class=\"wp-block-wd-column wd-align-is-sm-flex-start wd-parallax-on-scroll wd_scroll_x_80 wd_scroll_y_-1 wd_scroll_z_0 wd_scroll_smoothness_30\">\n<div id=\"wd-e1737118\" class=\"wp-block-wd-container wd-dir-col wd-custom-width wd-align-s-center\">\n <p id=\"wd-4da06010\" class=\"wp-block-wd-paragraph wd-align wd-hide-sm\">GRATUIT<\/p>\n \n\n\n\n <p id=\"wd-4609f74c\" class=\"wp-block-wd-paragraph wd-align-s-start\">Economise\u0219ti mai mult cu livrarea gratuit\u0103!<\/p>\n \n\n\n\n<h2 id=\"wd-431550ea\" class=\"wp-block-wd-title title wd-align-s-start\">Plaseaz\u0103 o comand\u0103 <span class=\"wd-highlight\">\u00een valoare de $120 sau mai mult<\/span> \u0219i bucur\u0103-te de:<\/h2>\n\n\n\n<ul class=\"wp-block-list has-medium-font-size\">\n<li>Livrare gratuit\u0103 \u00een \u00eentreaga lume<\/li>\n\n\n\n<li>Ambalaj premium<\/li>\n\n\n\n<li>Suport clien\u021bi rapid<\/li>\n<\/ul>\n\n\n\n <p id=\"wd-9a8b7ab1\" class=\"wp-block-wd-paragraph color-scheme-light\">Sfat: Combin\u0103 produsele \u00eentr-o singur\u0103 comand\u0103 pentru a evita taxele suplimentare de livrare \u0219i pentru a ob\u021bine mai mult\u0103 valoare!<\/p>\n \n<\/div>\n<\/div>\n\n\n\n<div id=\"wd-0abe29c7\" class=\"wp-block-wd-column wd-align-is-sm-center wd-align\">\n<div id=\"wd-a8c58773\" class=\"wp-block-wd-image wd-block-image\"><img loading=\"lazy\" decoding=\"async\" width=\"1024\" height=\"1536\" class=\"wp-image-34981\" src=\"https:\/\/bazaar.express\/wp-content\/uploads\/2025\/08\/bazaar-free-shipping.webp\" alt=\"\" title=\"\" srcset=\"https:\/\/bazaar.express\/wp-content\/uploads\/2025\/08\/bazaar-free-shipping.webp 1024w, https:\/\/bazaar.express\/wp-content\/uploads\/2025\/08\/bazaar-free-shipping-200x300.webp 200w, https:\/\/bazaar.express\/wp-content\/uploads\/2025\/08\/bazaar-free-shipping-533x800.webp 533w, https:\/\/bazaar.express\/wp-content\/uploads\/2025\/08\/bazaar-free-shipping-768x1152.webp 768w, https:\/\/bazaar.express\/wp-content\/uploads\/2025\/08\/bazaar-free-shipping-430x645.webp 430w, https:\/\/bazaar.express\/wp-content\/uploads\/2025\/08\/bazaar-free-shipping-700x1050.webp 700w, https:\/\/bazaar.express\/wp-content\/uploads\/2025\/08\/bazaar-free-shipping-150x225.webp 150w\" sizes=\"auto, (max-width: 1024px) 100vw, 1024px\" \/><\/div>\n<\/div>\n<\/div>\n\n\n\n<div id=\"wd-66d0f73e\" class=\"wp-block-wd-row wd-custom-width\">\n<div id=\"wd-19d69b29\" class=\"wp-block-wd-column wd-align-is-sm-center wd-align\">\n<div id=\"wd-7fed1f98\" class=\"wp-block-wd-image wd-block-image wd-parallax-on-scroll wd_scroll_x_0 wd_scroll_y_-80 wd_scroll_z_0 wd_scroll_smoothness_30\"><img loading=\"lazy\" decoding=\"async\" width=\"1024\" height=\"1536\" class=\"wp-image-34990\" src=\"https:\/\/bazaar.express\/wp-content\/uploads\/2025\/08\/Return-Replacement-Policy.webp\" alt=\"\" title=\"\" srcset=\"https:\/\/bazaar.express\/wp-content\/uploads\/2025\/08\/Return-Replacement-Policy.webp 1024w, https:\/\/bazaar.express\/wp-content\/uploads\/2025\/08\/Return-Replacement-Policy-200x300.webp 200w, https:\/\/bazaar.express\/wp-content\/uploads\/2025\/08\/Return-Replacement-Policy-533x800.webp 533w, https:\/\/bazaar.express\/wp-content\/uploads\/2025\/08\/Return-Replacement-Policy-768x1152.webp 768w, https:\/\/bazaar.express\/wp-content\/uploads\/2025\/08\/Return-Replacement-Policy-430x645.webp 430w, https:\/\/bazaar.express\/wp-content\/uploads\/2025\/08\/Return-Replacement-Policy-700x1050.webp 700w, https:\/\/bazaar.express\/wp-content\/uploads\/2025\/08\/Return-Replacement-Policy-150x225.webp 150w\" sizes=\"auto, (max-width: 1024px) 100vw, 1024px\" \/><\/div>\n<\/div>\n\n\n\n<div id=\"wd-ef463543\" class=\"wp-block-wd-column wd-align-is-sm-flex-start wd-parallax-on-scroll wd_scroll_x_80 wd_scroll_y_-1 wd_scroll_z_0 wd_scroll_smoothness_30\">\n<div id=\"wd-b2492b61\" class=\"wp-block-wd-container wd-dir-col wd-custom-width wd-align-s-center\">\n <p id=\"wd-99d8a97f\" class=\"wp-block-wd-paragraph wd-align wd-hide-sm\">F\u0103r\u0103 complica\u021bii<\/p>\n \n\n\n\n <p id=\"wd-ad8646f1\" class=\"wp-block-wd-paragraph wd-align-s-start\">Return\u0103ri \u0219i \u00eenlocuiri f\u0103r\u0103 complica\u021bii pentru articole deteriorate sau incorecte<\/p>\n \n\n\n\n<h2 id=\"wd-4283ad34\" class=\"wp-block-wd-title title wd-align-s-start\">Politica de retur \u0219i \u00eenlocuire<\/h2>\n\n\n\n <p id=\"wd-c71febf7\" class=\"wp-block-wd-paragraph\">Dac\u0103 prime\u0219ti un produs deteriorat, articol gre\u0219it sau este o eroare din partea noastr\u0103, \u00ee\u021bi vom retrimite articolul corect gratuit &#8211; f\u0103r\u0103 costuri suplimentare.<br\/>Contacteaz\u0103-ne \u00een 48 de ore de la primirea comenzii cu poze clare.<\/p>\n \n<\/div>\n<\/div>\n<\/div>\n<\/div>\n\n<div id=\"wd-c9e378c5\" class=\"wp-block-wd-section\">\n<div id=\"wd-dbe0b404\" class=\"wp-block-wd-row\">\n<div id=\"wd-7c8b8068\" class=\"wp-block-wd-column wd-align\">\n<p id=\"wd-c2610ea5\" class=\"wp-block-wd-title title\">Contacteaz\u0103-ne oric\u00e2nd<\/p>\n\n\n\n<h2 id=\"wd-c5cb5939\" class=\"wp-block-wd-title title\">Ai o \u00eentrebare? Ai nevoie de ajutor cu o comand\u0103? Vrei s\u0103 solici\u021bi un articol personalizat?<\/h2>\n\n\n\n<div id=\"wd-d6995e1f\" class=\"wp-block-wd-row\">\n<div id=\"wd-13a53c51\" class=\"wp-block-wd-column\">\n<div id=\"wd-91fe3b16\" class=\"wp-block-wd-infobox wd-hover-parent wd-icon-top\">\n <div id=\"wd-6ddfe9da\" class=\"wp-block-wd-icon\"><img decoding=\"async\" class=\"wp-image-34966\" src=\"https:\/\/bazaar.express\/wp-content\/uploads\/2025\/08\/w-repair-infobox-element.svg\" alt=\"\" title=\"\"><\/div>\n \n\n\n\n<div id=\"wd-98d9c0fb\" class=\"wp-block-wd-container wd-dir-col\">\n<h2 id=\"wd-39426773\" class=\"wp-block-wd-title title\">WhatsApp \/ Viber:<\/h2>\n\n\n\n <p id=\"wd-2cbda732\" class=\"wp-block-wd-paragraph\">+20 150 355 5598<\/p>\n \n<\/div>\n<\/div>\n<\/div>\n\n\n\n<div id=\"wd-1cdf31dc\" class=\"wp-block-wd-column\">\n<div id=\"wd-9d1493b6\" class=\"wp-block-wd-infobox wd-hover-parent wd-icon-top\">\n <div id=\"wd-b8e6c497\" class=\"wp-block-wd-icon\"><img decoding=\"async\" class=\"wp-image-34966\" src=\"https:\/\/bazaar.express\/wp-content\/uploads\/2025\/08\/w-repair-infobox-element.svg\" alt=\"\" title=\"\"><\/div>\n \n\n\n\n<div id=\"wd-aadff8ea\" class=\"wp-block-wd-container wd-dir-col\">\n<h2 id=\"wd-b85ce3db\" class=\"wp-block-wd-title title\"><a href=\"Email:\">Email:<\/a><\/h2>\n\n\n\n <p id=\"wd-8ce7aef7\" class=\"wp-block-wd-paragraph\">bazaarexpressapp@gmail.com<\/p>\n \n<\/div>\n<\/div>\n<\/div>\n<\/div>\n<\/div>\n<\/div>\n<\/div>\n","protected":false},"excerpt":{"rendered":"","protected":false},"author":174,"featured_media":0,"parent":0,"menu_order":0,"comment_status":"closed","ping_status":"closed","template":"","meta":{"footnotes":""},"class_list":["post-39197","page","type-page","status-publish","hentry"],"_links":{"self":[{"href":"https:\/\/bazaar.express\/ro\/wp-json\/wp\/v2\/pages\/39197","targetHints":{"allow":["GET"]}}],"collection":[{"href":"https:\/\/bazaar.express\/ro\/wp-json\/wp\/v2\/pages"}],"about":[{"href":"https:\/\/bazaar.express\/ro\/wp-json\/wp\/v2\/types\/page"}],"author":[{"embeddable":true,"href":"https:\/\/bazaar.express\/ro\/wp-json\/wp\/v2\/users\/174"}],"replies":[{"embeddable":true,"href":"https:\/\/bazaar.express\/ro\/wp-json\/wp\/v2\/comments?post=39197"}],"version-history":[{"count":4,"href":"https:\/\/bazaar.express\/ro\/wp-json\/wp\/v2\/pages\/39197\/revisions"}],"predecessor-version":[{"id":39207,"href":"https:\/\/bazaar.express\/ro\/wp-json\/wp\/v2\/pages\/39197\/revisions\/39207"}],"wp:attachment":[{"href":"https:\/\/bazaar.express\/ro\/wp-json\/wp\/v2\/media?parent=39197"}],"curies":[{"name":"wp","href":"https:\/\/api.w.org\/{rel}","templated":true}]}}