{"id":38836,"date":"2025-08-19T15:39:17","date_gmt":"2025-08-19T15:39:17","guid":{"rendered":"https:\/\/bazaar.express\/product\/crema-cu-acid-hialuronic\/"},"modified":"2025-08-19T15:39:17","modified_gmt":"2025-08-19T15:39:17","slug":"crema-cu-acid-hialuronic","status":"publish","type":"product","link":"https:\/\/bazaar.express\/ro\/produs\/crema-cu-acid-hialuronic\/","title":{"rendered":"Crem\u0103 cu acid hialuronic"},"content":{"rendered":"<h2 data-start=\"235\" data-end=\"300\">Crem\u0103 cu acid hialuronic \u2013 Hidratare profund\u0103 \u0219i \u00eengrijire anti-\u00eemb\u0103tr\u00e2nire<\/h2>\n<h3 data-start=\"302\" data-end=\"338\">Ce este crema cu acid hialuronic?<\/h3>\n<p data-start=\"339\" data-end=\"783\"><strong data-start=\"339\" data-end=\"364\">Crem\u0103 cu acid hialuronic<\/strong> de la R&#038;B Cleopatra este o solu\u021bie luxoas\u0103 egiptean\u0103 de \u00eengrijire a pielii, conceput\u0103 s\u0103 combat\u0103 usc\u0103ciunea, ridurile \u0219i primele semne de \u00eemb\u0103tr\u00e2nire. Acidul hialuronic este cunoscut drept \u201emagnet pentru umiditate\u201d, deoarece poate re\u021bine de p\u00e2n\u0103 la 1.000 de ori greutatea sa \u00een ap\u0103, men\u021bin\u00e2nd pielea hidratat\u0103, plin\u0103 de volum \u0219i neted\u0103. Combinat\u0103 cu colagen, vitamine \u0219i uleiuri naturale, aceast\u0103 crem\u0103 hr\u0103ne\u0219te intens pielea, restaur\u00e2ndu-i str\u0103lucirea tinereasc\u0103.<\/p>\n<h3 data-start=\"790\" data-end=\"833\">Beneficiile cheie ale cremei cu acid hialuronic<\/h3>\n<ul data-start=\"834\" data-end=\"1445\">\n<li data-start=\"834\" data-end=\"942\">\n<p data-start=\"836\" data-end=\"942\"><strong data-start=\"836\" data-end=\"869\">Reduce ridurile \u0219i liniile fine<\/strong> \u2013 Ajut\u0103 la diminuarea semnelor vizibile ale \u00eemb\u0103tr\u00e2nirii \u0219i le \u00eent\u00e2rzie reapari\u021bia.<\/p>\n<\/li>\n<li data-start=\"943\" data-end=\"1024\">\n<p data-start=\"945\" data-end=\"1024\"><strong data-start=\"945\" data-end=\"967\">Hidrateaz\u0103 intens<\/strong> \u2013 Retine umiditatea pentru o piele moale, plin\u0103 \u0219i str\u0103lucitoare.<\/p>\n<\/li>\n<li data-start=\"1025\" data-end=\"1108\">\n<p data-start=\"1027\" data-end=\"1108\"><strong data-start=\"1027\" data-end=\"1053\">\u00celuminaz\u0103 cearc\u0103nele<\/strong> \u2013 Reduce umfl\u0103turile \u0219i umbrele \u00eenchise de sub ochi.<\/p>\n<\/li>\n<li data-start=\"1109\" data-end=\"1206\">\n<p data-start=\"1111\" data-end=\"1206\"><strong data-start=\"1111\" data-end=\"1131\">Rejuveneaz\u0103 pielea<\/strong> \u2013 Revigoreaz\u0103 pielea obosit\u0103 \u0219i tern\u0103, oferindu-i un aspect mai fresh \u0219i mai t\u00e2n\u0103r.<\/p>\n<\/li>\n<li data-start=\"1207\" data-end=\"1286\">\n<p data-start=\"1209\" data-end=\"1286\"><strong data-start=\"1209\" data-end=\"1229\">Tonific\u0103 \u0219i \u00eent\u0103re\u0219te<\/strong> \u2013 Cre\u0219te elasticitatea pentru o piele mai ferm\u0103 \u0219i mai neted\u0103.<\/p>\n<\/li>\n<li data-start=\"1287\" data-end=\"1357\">\n<p data-start=\"1289\" data-end=\"1357\"><strong data-start=\"1289\" data-end=\"1309\">Estompeaz\u0103 petele pigmentare<\/strong> \u2013 Minimizeaz\u0103 hiperpigmentarea \u0219i uniformizeaz\u0103 tonul pielii.<\/p>\n<\/li>\n<li data-start=\"1358\" data-end=\"1445\">\n<p data-start=\"1360\" data-end=\"1445\"><strong data-start=\"1360\" data-end=\"1396\">\u00cembun\u0103t\u0103\u021be\u0219te elasticitatea \u0219i netezimea<\/strong> \u2013 Sporind suple\u021bea \u0219i s\u0103n\u0103tatea general\u0103 a pielii.<\/p>\n<\/li>\n<\/ul>\n<h3 data-start=\"1452\" data-end=\"1499\">Ingredientele principale din crema cu acid hialuronic<\/h3>\n<ul data-start=\"1500\" data-end=\"2065\">\n<li data-start=\"1500\" data-end=\"1581\">\n<p data-start=\"1502\" data-end=\"1581\"><strong data-start=\"1502\" data-end=\"1521\">Acid hialuronic<\/strong> \u2013 Hidratare profund\u0103, efect de volumizare, esen\u021b\u0103 anti-\u00eemb\u0103tr\u00e2nire.<\/p>\n<\/li>\n<li data-start=\"1582\" data-end=\"1639\">\n<p data-start=\"1584\" data-end=\"1639\"><strong data-start=\"1584\" data-end=\"1596\">Colagen<\/strong> \u2013 Restaureaz\u0103 fermitatea \u0219i reduce c\u0103derea pielii.<\/p>\n<\/li>\n<li data-start=\"1640\" data-end=\"1720\">\n<p data-start=\"1642\" data-end=\"1720\"><strong data-start=\"1642\" data-end=\"1676\">Vitamina E (Tocoferil acetat)<\/strong> \u2013 Protec\u021bie antioxidant\u0103 \u0219i nutrien\u021bi.<\/p>\n<\/li>\n<li data-start=\"1721\" data-end=\"1806\">\n<p data-start=\"1723\" data-end=\"1806\"><strong data-start=\"1723\" data-end=\"1756\">Vitamina A (Retinyl palmitat)<\/strong> \u2013 Sus\u021bine re\u00eennoirea pielii \u0219i reduce liniile fine.<\/p>\n<\/li>\n<li data-start=\"1807\" data-end=\"1888\">\n<p data-start=\"1809\" data-end=\"1888\"><strong data-start=\"1809\" data-end=\"1838\">Vitamina C (Acid ascorbic)<\/strong> \u2013 \u00celuminaz\u0103 \u0219i stimuleaz\u0103 produc\u021bia de colagen.<\/p>\n<\/li>\n<li data-start=\"1889\" data-end=\"1972\">\n<p data-start=\"1891\" data-end=\"1972\"><strong data-start=\"1891\" data-end=\"1924\">Ulei de migdale dulci hidrogenat<\/strong> \u2013 Emolient natural care \u00eenmoaie \u0219i neteze\u0219te.<\/p>\n<\/li>\n<li data-start=\"1973\" data-end=\"2065\">\n<p data-start=\"1975\" data-end=\"2065\"><strong data-start=\"1975\" data-end=\"2010\">Glicerin\u0103 \u0219i umidificatoare naturale<\/strong> \u2013 Previn usc\u0103ciunea \u0219i \u00eembun\u0103t\u0103\u021besc func\u021bia barierei pielii.<\/p>\n<\/li>\n<\/ul>\n<h3 data-start=\"2072\" data-end=\"2102\">Lista complet\u0103 de ingrediente<\/h3>\n<p data-start=\"2103\" data-end=\"2415\">Collagen, Hyaluronic acid, Hydrogenated sweet almond oil, Dimethicone, Ascorbic acid, Stearic acid, Isopropyl Palmitate, Glycerin, Xanthan Gum, Triethanolamine, Methylparaben, Disodium EDTA, Cetyl Alcohol, Glyceryl Stearate, Phenoxyethanol, Tocopheryl Acetate (Vitamin E), Retinyl Palmitate (Vitamin A), Water.<\/p>\n<h3 data-start=\"2422\" data-end=\"2460\">Cum se utilizeaz\u0103 crema cu acid hialuronic<\/h3>\n<ol data-start=\"2461\" data-end=\"2733\">\n<li data-start=\"2461\" data-end=\"2523\">\n<p data-start=\"2464\" data-end=\"2523\">Sp\u0103la\u021bi-v\u0103 fa\u021ba cu ap\u0103 c\u0103ldu\u021b\u0103 \u0219i un cleanser bl\u00e2nd.<\/p>\n<\/li>\n<li data-start=\"2524\" data-end=\"2555\">\n<p data-start=\"2527\" data-end=\"2555\">Usca\u021bi prin tamponare cu un prosop moale.<\/p>\n<\/li>\n<li data-start=\"2556\" data-end=\"2608\">\n<p data-start=\"2559\" data-end=\"2608\">Aplica\u021bi o cantitate mic\u0103 de crem\u0103 pe piele.<\/p>\n<\/li>\n<li data-start=\"2609\" data-end=\"2670\">\n<p data-start=\"2612\" data-end=\"2670\">Masa\u021bi u\u0219or prin mi\u0219c\u0103ri circulare p\u00e2n\u0103 la absorb\u021bie complet\u0103.<\/p>\n<\/li>\n<li data-start=\"2671\" data-end=\"2733\">\n<p data-start=\"2674\" data-end=\"2733\">Utiliza\u021bi de dou\u0103 ori zilnic \u2013 diminea\u021ba \u0219i seara \u2013 pentru rezultate optime.<\/p>\n<\/li>\n<\/ol>\n<h3 data-start=\"2740\" data-end=\"2767\">Depozitare \u0219i precau\u021bii<\/h3>\n<ul data-start=\"2768\" data-end=\"2917\">\n<li data-start=\"2768\" data-end=\"2819\">\n<p data-start=\"2770\" data-end=\"2819\">P\u0103stra\u021bi la temperatura camerei (nu dep\u0103\u0219i\u021bi 30\u00b0C).<\/p>\n<\/li>\n<li data-start=\"2820\" data-end=\"2846\">\n<p data-start=\"2822\" data-end=\"2846\">Numai pentru uz extern.<\/p>\n<\/li>\n<li data-start=\"2847\" data-end=\"2882\">\n<p data-start=\"2849\" data-end=\"2882\">Evita\u021bi contactul direct cu ochii.<\/p>\n<\/li>\n<li data-start=\"2883\" data-end=\"2917\">\n<p data-start=\"2885\" data-end=\"2917\">\u021aine\u021bi departe de atingerea copiilor.<\/p>\n<\/li>\n<\/ul>\n<h3 data-start=\"2924\" data-end=\"2945\">Detalii produs<\/h3>\n<ul data-start=\"2946\" data-end=\"3080\">\n<li data-start=\"2946\" data-end=\"3009\">\n<p data-start=\"2948\" data-end=\"3009\"><strong data-start=\"2948\" data-end=\"2965\">Tip produs:<\/strong> Cosmetic \u2013 Crem\u0103 anti-riduri \u0219i hidratare<\/p>\n<\/li>\n<li data-start=\"3010\" data-end=\"3029\">\n<p data-start=\"3012\" data-end=\"3029\"><strong data-start=\"3012\" data-end=\"3021\">Dimensiune:<\/strong> 250ml<\/p>\n<\/li>\n<li data-start=\"3030\" data-end=\"3058\">\n<p data-start=\"3032\" data-end=\"3058\"><strong data-start=\"3032\" data-end=\"3042\">Brand:<\/strong> R&#038;B Cleopatra<\/p>\n<\/li>\n<li data-start=\"3059\" data-end=\"3080\">\n<p data-start=\"3061\" data-end=\"3080\"><strong data-start=\"3061\" data-end=\"3078\">Fabricat \u00een Egipt<\/strong><\/p>\n<\/li>\n<\/ul>\n<p>&nbsp;<\/p>\n<p data-start=\"3107\" data-end=\"3466\">Elibera\u021bi puterea <strong data-start=\"3128\" data-end=\"3153\">cremei cu acid hialuronic<\/strong> \u0219i oferi\u021bi pielii dvs. impulsul suprem de hidratare pe care \u00eel merit\u0103. Cu colagen, vitamine \u0219i uleiuri naturale, aceast\u0103 crem\u0103 nu doar hidrateaz\u0103 \u2013 transform\u0103 pielea, f\u0103c\u00e2nd-o t\u00e2n\u0103r\u0103, radiant\u0103 \u0219i ferm\u0103. Include\u021bi-o \u00een ritualul zilnic de frumuse\u021be \u0219i descoperi\u021bi o piele mai neted\u0103, mai s\u0103n\u0103toas\u0103 \u0219i etern frumoas\u0103.<\/p>\n<p style=\"text-align: center;\">Mul\u021bumim c\u0103 a\u021bi cump\u0103rat de la <a href=\"https:\/\/bazaar.express\/ro\/\">Bazaar Express<\/a> \u2013 suntem \u00eenc\u00e2nta\u021bi s\u0103 v\u0103 avem al\u0103turi!<\/p>\n<p style=\"text-align: center;\">C\u0103l\u0103toria dvs. spre o auto\u00eengrijire mai bun\u0103 \u00eencepe aici \u2013 cu <a href=\"https:\/\/bazaar.express\/product-category\/beauty-care\/\">Beauty &#038; Care<\/a> de \u00eencredere.<\/p>\n","protected":false},"excerpt":{"rendered":"<h3 data-start=\"3751\" data-end=\"3934\">Crem\u0103 R&#038;B Cleopatra cu acid hialuronic ofer\u0103 hidratare intens\u0103, reduce ridurile \u0219i \u00eembun\u0103t\u0103\u021be\u0219te elasticitatea cu colagen, vitamine \u0219i uleiuri naturale.<\/h3>\n<h3 data-start=\"3936\" data-end=\"3958\"><\/h3>\n","protected":false},"featured_media":38831,"comment_status":"open","ping_status":"closed","template":"","meta":[],"product_brand":[],"product_cat":[1145,1151,1153,1146],"product_tag":[1210,1211,1208],"class_list":{"0":"post-38836","1":"product","2":"type-product","3":"status-publish","4":"has-post-thumbnail","6":"product_cat-ingrijire-frumusete","7":"product_cat-cele-mai-bune-din-egipt","8":"product_cat-oferte-speciale","9":"product_cat-uleiuri-terapeutice","10":"product_tag-ingrijire-a-pielii","11":"product_tag-ingrijire-de-frumusete","12":"product_tag-ulei","14":"first","15":"instock","16":"sale","17":"shipping-taxable","18":"purchasable","19":"product-type-simple"},"_links":{"self":[{"href":"https:\/\/bazaar.express\/ro\/wp-json\/wp\/v2\/product\/38836","targetHints":{"allow":["GET"]}}],"collection":[{"href":"https:\/\/bazaar.express\/ro\/wp-json\/wp\/v2\/product"}],"about":[{"href":"https:\/\/bazaar.express\/ro\/wp-json\/wp\/v2\/types\/product"}],"replies":[{"embeddable":true,"href":"https:\/\/bazaar.express\/ro\/wp-json\/wp\/v2\/comments?post=38836"}],"wp:featuredmedia":[{"embeddable":true,"href":"https:\/\/bazaar.express\/ro\/wp-json\/wp\/v2\/media\/38831"}],"wp:attachment":[{"href":"https:\/\/bazaar.express\/ro\/wp-json\/wp\/v2\/media?parent=38836"}],"wp:term":[{"taxonomy":"product_brand","embeddable":true,"href":"https:\/\/bazaar.express\/ro\/wp-json\/wp\/v2\/product_brand?post=38836"},{"taxonomy":"product_cat","embeddable":true,"href":"https:\/\/bazaar.express\/ro\/wp-json\/wp\/v2\/product_cat?post=38836"},{"taxonomy":"product_tag","embeddable":true,"href":"https:\/\/bazaar.express\/ro\/wp-json\/wp\/v2\/product_tag?post=38836"}],"curies":[{"name":"wp","href":"https:\/\/api.w.org\/{rel}","templated":true}]}}