{"id":38854,"date":"2025-08-25T12:59:55","date_gmt":"2025-08-25T12:59:55","guid":{"rendered":"https:\/\/bazaar.express\/product\/crema-cu-colagen-5\/"},"modified":"2025-08-25T12:59:55","modified_gmt":"2025-08-25T12:59:55","slug":"crema-cu-colagen-5","status":"publish","type":"product","link":"https:\/\/bazaar.express\/ro\/produs\/crema-cu-colagen-5\/","title":{"rendered":"Crem\u0103 cu colagen \u2013 Cea mai bun\u0103 anti-\u00eemb\u0103tr\u00e2nire cu vitamine C \u0219i E"},"content":{"rendered":"<h2 data-start=\"266\" data-end=\"362\">Map Queen Crem\u0103 cu colagen \u2013 Cea mai bun\u0103 solu\u021bie anti-\u00eemb\u0103tr\u00e2nire \u0219i anti-riduri cu vitamine C \u0219i E<\/h2>\n<p data-start=\"364\" data-end=\"837\">C\u00e2nd vine vorba s\u0103 ob\u021bine\u021bi o piele t\u00e2n\u0103r\u0103, str\u0103lucitoare \u0219i f\u0103r\u0103 riduri, <strong data-start=\"433\" data-end=\"451\">crema cu colagen<\/strong> este una dintre cele mai puternice solu\u021bii de \u00eengrijire a pielii disponibile ast\u0103zi. Colagenul este proteina responsabil\u0103 pentru elasticitatea \u0219i fermitatea pielii, dar pe m\u0103sur\u0103 ce \u00eenaint\u0103m \u00een v\u00e2rst\u0103, produc\u021bia sa natural\u0103 scade. Acest lucru duce la apari\u021bia ridurilor, l\u0103sarea pielii \u0219i pierderea str\u0103lucirii. <strong data-start=\"691\" data-end=\"719\">Map Queen Crem\u0103 cu colagen<\/strong> este formulat\u0103 cu aten\u021bie pentru a restabili ceea ce ia timpul, oferind pielii \u0219ansa s\u0103 arate \u0219i s\u0103 se simt\u0103 din nou t\u00e2n\u0103r\u0103.<\/p>\n<h3 data-start=\"844\" data-end=\"894\">Ce face special\u0103 crema Map Queen cu colagen?<\/h3>\n<p data-start=\"896\" data-end=\"1251\">Spre deosebire de hidratantele obi\u0219nuite, aceast\u0103 crem\u0103 este \u00eembog\u0103\u021bit\u0103 cu <strong data-start=\"953\" data-end=\"1051\">colagen, acid hialuronic, extract de Camellia sinensis (ceai verde), cafein\u0103 \u0219i vitamine C \u0219i E<\/strong>. Aceste ingrediente active sunt combinate folosind o formul\u0103 avansat\u0103 cu <strong data-start=\"1109\" data-end=\"1130\">efect 3D<\/strong> care p\u0103trunde ad\u00e2nc \u00een piele, restabilind elasticitatea, reduc\u00e2nd ridurile \u0219i protej\u00e2nd \u00eempotriva daunelor externe.<\/p>\n<h3 data-start=\"1258\" data-end=\"1294\">Beneficiile cheie ale cremei cu colagen<\/h3>\n<h4 data-start=\"1296\" data-end=\"1320\">Reducerea ridurilor<\/h4>\n<ul data-start=\"1321\" data-end=\"1489\">\n<li data-start=\"1321\" data-end=\"1381\">\n<p data-start=\"1323\" data-end=\"1381\">\u021ainte\u0219te liniile fine din jurul ochilor, gurii \u0219i frun\u021bii.<\/p>\n<\/li>\n<li data-start=\"1382\" data-end=\"1442\">\n<p data-start=\"1384\" data-end=\"1442\">Neteze\u0219te laba g\u00e2\u0219tei, liniile de z\u00e2mbet \u0219i ridurile buzelor.<\/p>\n<\/li>\n<li data-start=\"1443\" data-end=\"1489\">\n<p data-start=\"1445\" data-end=\"1489\">Red\u0103 un aspect natural t\u00e2n\u0103r \u0219i fresh.<\/p>\n<\/li>\n<\/ul>\n<h4 data-start=\"1491\" data-end=\"1525\">Hidratare profund\u0103 \u0219i elasticitate<\/h4>\n<ul data-start=\"1526\" data-end=\"1675\">\n<li data-start=\"1526\" data-end=\"1612\">\n<p data-start=\"1528\" data-end=\"1612\"><strong data-start=\"1528\" data-end=\"1547\">Acidul hialuronic<\/strong> re\u021bine umiditatea, prevenind usc\u0103ciunea cauzat\u0103 de soare sau \u00eemb\u0103tr\u00e2nire.<\/p>\n<\/li>\n<li data-start=\"1613\" data-end=\"1675\">\n<p data-start=\"1615\" data-end=\"1675\">\u00cembun\u0103t\u0103\u021be\u0219te elasticitatea pielii pentru un aspect mai ferm \u0219i mai plin.<\/p>\n<\/li>\n<\/ul>\n<h4 data-start=\"1677\" data-end=\"1706\">Protec\u021bie antioxidant\u0103<\/h4>\n<ul data-start=\"1707\" data-end=\"1868\">\n<li data-start=\"1707\" data-end=\"1783\">\n<p data-start=\"1709\" data-end=\"1783\"><strong data-start=\"1709\" data-end=\"1722\">Vitamina C<\/strong> lumineaz\u0103 tenul \u0219i stimuleaz\u0103 sinteza natural\u0103 de colagen.<\/p>\n<\/li>\n<li data-start=\"1784\" data-end=\"1868\">\n<p data-start=\"1786\" data-end=\"1868\"><strong data-start=\"1786\" data-end=\"1799\">Vitamina E<\/strong> protejeaz\u0103 de radicalii liberi, daunele solare \u0219i stresul ambiental.<\/p>\n<\/li>\n<\/ul>\n<h4 data-start=\"1870\" data-end=\"1899\">Extracte naturale din plante<\/h4>\n<ul data-start=\"1900\" data-end=\"2074\">\n<li data-start=\"1900\" data-end=\"1982\">\n<p data-start=\"1902\" data-end=\"1982\"><strong data-start=\"1902\" data-end=\"1936\">Extract de frunze de Camellia sinensis<\/strong> hidrateaz\u0103 profund \u0219i \u00eencetine\u0219te \u00eemb\u0103tr\u00e2nirea pielii.<\/p>\n<\/li>\n<li data-start=\"1983\" data-end=\"2074\">\n<p data-start=\"1985\" data-end=\"2074\"><strong data-start=\"1985\" data-end=\"1997\">Cafeina<\/strong> stimuleaz\u0103 circula\u021bia s\u00e2ngelui, combate puffiness-ul \u0219i reduce daunele provocate de UV.<\/p>\n<\/li>\n<\/ul>\n<h4 data-start=\"2076\" data-end=\"2115\">Albire \u0219i control al pigment\u0103rii<\/h4>\n<ul data-start=\"2116\" data-end=\"2215\">\n<li data-start=\"2116\" data-end=\"2161\">\n<p data-start=\"2118\" data-end=\"2161\">Reduce petele \u00eentunecate \u0219i hiperpigmentarea.<\/p>\n<\/li>\n<li data-start=\"2162\" data-end=\"2215\">\n<p data-start=\"2164\" data-end=\"2215\">Echilibreaz\u0103 tonul pielii pentru o str\u0103lucire natural\u0103 radiant\u0103.<\/p>\n<\/li>\n<\/ul>\n<h3 data-start=\"2222\" data-end=\"2263\">Cum se folose\u0219te crema Map Queen cu colagen<\/h3>\n<ol data-start=\"2265\" data-end=\"2490\">\n<li data-start=\"2265\" data-end=\"2299\">\n<p data-start=\"2268\" data-end=\"2299\">Cur\u0103\u021ba\u021bi bine pielea.<\/p>\n<\/li>\n<li data-start=\"2300\" data-end=\"2352\">\n<p data-start=\"2303\" data-end=\"2352\">Aplica\u021bi diminea\u021ba \u0219i seara pe fa\u021b\u0103 \u0219i g\u00e2t.<\/p>\n<\/li>\n<li data-start=\"2353\" data-end=\"2416\">\n<p data-start=\"2356\" data-end=\"2416\">Masa\u021bi u\u0219or prin mi\u0219c\u0103ri circulare p\u00e2n\u0103 la absorb\u021bie complet\u0103.<\/p>\n<\/li>\n<li data-start=\"2417\" data-end=\"2490\">\n<p data-start=\"2420\" data-end=\"2490\">Folosi\u021bi zilnic pentru rezultate vizibile \u00een netezime, fermitate \u0219i str\u0103lucire.<\/p>\n<\/li>\n<\/ol>\n<h3 data-start=\"2497\" data-end=\"2539\">De ce s\u0103 alege\u021bi crema Map Queen cu colagen?<\/h3>\n<ul data-start=\"2541\" data-end=\"2828\">\n<li data-start=\"2541\" data-end=\"2603\">\n<p data-start=\"2543\" data-end=\"2603\">Inspirat\u0103 din <strong data-start=\"2555\" data-end=\"2600\">ritualurile de frumuse\u021be egiptene ale reginelor antice<\/strong>.<\/p>\n<\/li>\n<li data-start=\"2604\" data-end=\"2667\">\n<p data-start=\"2606\" data-end=\"2667\">Combin\u0103 \u0219tiin\u021ba modern\u0103 cu ingrediente naturale puternice.<\/p>\n<\/li>\n<li data-start=\"2668\" data-end=\"2760\">\n<p data-start=\"2670\" data-end=\"2760\">Mai mult dec\u00e2t un simplu hidratant \u2013 este un <strong data-start=\"2709\" data-end=\"2757\">tratamente complet anti-\u00eemb\u0103tr\u00e2nire \u0219i de albire<\/strong>.<\/p>\n<\/li>\n<li data-start=\"2761\" data-end=\"2828\">\n<p data-start=\"2763\" data-end=\"2828\">Ambalaj luxos care reflect\u0103 frumuse\u021bea \u0219i elegan\u021ba atemporale.<\/p>\n<\/li>\n<\/ul>\n<p data-start=\"2830\" data-end=\"2873\"><strong data-start=\"2833\" data-end=\"2850\">Fabricat \u00een Egipt<\/strong><br data-start=\"2850\" data-end=\"2853\" \/><strong data-start=\"2856\" data-end=\"2871\">Dimensiune: 50 ml<\/strong><\/p>\n<h2 data-start=\"2880\" data-end=\"2899\"><\/h2>\n<p data-start=\"2901\" data-end=\"3203\">\u00cemb\u0103tr\u00e2nirea este un proces natural, dar cu \u00eengrijirea potrivit\u0103, pute\u021bi men\u021bine pielea t\u00e2n\u0103r\u0103, radiant\u0103 \u0219i ferm\u0103. <strong data-start=\"3011\" data-end=\"3039\">Map Queen Crem\u0103 cu colagen<\/strong> cu <strong data-start=\"3045\" data-end=\"3063\">vitamine C \u0219i E<\/strong> este solu\u021bia dumneavoastr\u0103 definitiv\u0103 pentru combaterea ridurilor, \u00eembun\u0103t\u0103\u021birea elasticit\u0103\u021bii, luminarea tenului \u0219i protejarea pielii de factorii de mediu.<\/p>\n<h5 data-start=\"3205\" data-end=\"3322\">\u00a0Integra\u021bi-o \u00een rutina zilnic\u0103 \u0219i bucura\u021bi-v\u0103 de o frumuse\u021be atemporal\u0103 \u2013 radiant\u0103, neted\u0103 \u0219i \u00eencrez\u0103toare, ca o regin\u0103.<\/h5>\n<p>&nbsp;<\/p>\n<p style=\"text-align: center;\">Mul\u021bumim c\u0103 a\u021bi cump\u0103rat de la <a href=\"https:\/\/bazaar.express\/ro\/\">Bazaar Express<\/a> \u2013 suntem \u00eenc\u00e2nta\u021bi s\u0103 v\u0103 avem al\u0103turi!<\/p>\n<p style=\"text-align: center;\">C\u0103l\u0103toria dumneavoastr\u0103 spre o auto\u00eengrijire mai bun\u0103 \u00eencepe aici \u2013 cu <a href=\"https:\/\/bazaar.express\/product-category\/beauty-care\/\">Beauty &#038; Care<\/a> de \u00eencredere.<\/p>\n","protected":false},"excerpt":{"rendered":"<h3 data-start=\"372\" data-end=\"565\">O crem\u0103 cu colagen premium, \u00eembog\u0103\u021bit\u0103 cu vitamine C \u0219i E. Conceput\u0103 s\u0103 combat\u0103 ridurile, s\u0103 sporeasc\u0103 elasticitatea \u0219i s\u0103 hidrateze profund pentru o piele radiant\u0103 \u0219i t\u00e2n\u0103r\u0103. Dimensiune: 50ml.<\/h3>\n","protected":false},"featured_media":38855,"comment_status":"open","ping_status":"closed","template":"","meta":[],"product_brand":[],"product_cat":[1151,1145],"product_tag":[1210,1211,1208,1209],"class_list":{"0":"post-38854","1":"product","2":"type-product","3":"status-publish","4":"has-post-thumbnail","6":"product_cat-cele-mai-bune-din-egipt","7":"product_cat-ingrijire-frumusete","8":"product_tag-ingrijire-a-pielii","9":"product_tag-ingrijire-de-frumusete","10":"product_tag-ulei","11":"product_tag-ulei-natural","13":"first","14":"instock","15":"shipping-taxable","16":"purchasable","17":"product-type-simple"},"_links":{"self":[{"href":"https:\/\/bazaar.express\/ro\/wp-json\/wp\/v2\/product\/38854","targetHints":{"allow":["GET"]}}],"collection":[{"href":"https:\/\/bazaar.express\/ro\/wp-json\/wp\/v2\/product"}],"about":[{"href":"https:\/\/bazaar.express\/ro\/wp-json\/wp\/v2\/types\/product"}],"replies":[{"embeddable":true,"href":"https:\/\/bazaar.express\/ro\/wp-json\/wp\/v2\/comments?post=38854"}],"wp:featuredmedia":[{"embeddable":true,"href":"https:\/\/bazaar.express\/ro\/wp-json\/wp\/v2\/media\/38855"}],"wp:attachment":[{"href":"https:\/\/bazaar.express\/ro\/wp-json\/wp\/v2\/media?parent=38854"}],"wp:term":[{"taxonomy":"product_brand","embeddable":true,"href":"https:\/\/bazaar.express\/ro\/wp-json\/wp\/v2\/product_brand?post=38854"},{"taxonomy":"product_cat","embeddable":true,"href":"https:\/\/bazaar.express\/ro\/wp-json\/wp\/v2\/product_cat?post=38854"},{"taxonomy":"product_tag","embeddable":true,"href":"https:\/\/bazaar.express\/ro\/wp-json\/wp\/v2\/product_tag?post=38854"}],"curies":[{"name":"wp","href":"https:\/\/api.w.org\/{rel}","templated":true}]}}