{"id":38857,"date":"2025-08-11T11:46:15","date_gmt":"2025-08-11T11:46:15","guid":{"rendered":"https:\/\/bazaar.express\/product\/cream-with-ostrich-oil\/"},"modified":"2025-08-11T11:46:15","modified_gmt":"2025-08-11T11:46:15","slug":"cream-with-ostrich-oil","status":"publish","type":"product","link":"https:\/\/bazaar.express\/ro\/produs\/cream-with-ostrich-oil\/","title":{"rendered":"Crem\u0103 cu ulei de stru\u021b"},"content":{"rendered":"<h2 data-start=\"224\" data-end=\"294\"><strong data-start=\"227\" data-end=\"292\">Crem\u0103 cu ulei de stru\u021b \u2013 Solu\u021bie natural\u0103 pentru masaj \u0219i \u00eengrijire a pielii<\/strong><\/h2>\n<h3 data-start=\"296\" data-end=\"337\"><strong data-start=\"300\" data-end=\"335\">Ce este Crema cu ulei de stru\u021b?<\/strong><\/h3>\n<p data-start=\"338\" data-end=\"658\">Crem\u0103 cu ulei de stru\u021b de la <strong data-start=\"366\" data-end=\"386\">Hurghada Bedwins<\/strong> este o crem\u0103 premium pentru masaj \u0219i \u00eengrijire a pielii, conceput\u0103 pentru a ameliora umfl\u0103turile, a calma spasmele musculare \u0219i a hidrata profund pielea uscat\u0103. Preparat\u0103 cu un amestec unic de ulei de stru\u021b \u0219i extracte naturale de plante, aceast\u0103 crem\u0103 ofer\u0103 at\u00e2t beneficii terapeutice, c\u00e2t \u0219i hr\u0103nire luxoas\u0103 a pielii.<\/p>\n<p data-start=\"660\" data-end=\"966\">Uleiul de stru\u021b este recunoscut pentru absorb\u021bia sa excep\u021bional\u0103 \u0219i con\u021binutul ridicat de acizi gra\u0219i omega, care p\u0103trund ad\u00e2nc \u00een piele pentru a reduce inflama\u021bia, a restabili moliciunea \u0219i a promova vindecarea. Fie c\u0103 c\u0103uta\u021bi ameliorarea durerii, relaxare sau textur\u0103 \u00eembun\u0103t\u0103\u021bit\u0103 a pielii, aceast\u0103 crem\u0103 este companionul perfect.<\/p>\n<h3 data-start=\"973\" data-end=\"1006\"><strong data-start=\"977\" data-end=\"1004\">Ingrediente naturale cheie<\/strong><\/h3>\n<ul data-start=\"1008\" data-end=\"1454\">\n<li data-start=\"1008\" data-end=\"1094\">\n<p data-start=\"1010\" data-end=\"1094\"><strong data-start=\"1010\" data-end=\"1025\">Ulei de stru\u021b<\/strong> \u2013 Hidrateaz\u0103 profund, reduce inflama\u021bia \u0219i sus\u021bine repararea pielii.<\/p>\n<\/li>\n<li data-start=\"1095\" data-end=\"1195\">\n<p data-start=\"1097\" data-end=\"1195\"><strong data-start=\"1097\" data-end=\"1108\">Camfor<\/strong> \u2013 Stimuleaz\u0103 circula\u021bia s\u00e2ngelui, amelioreaz\u0103 rigiditatea \u0219i ajut\u0103 la reducerea tensiunii musculare.<\/p>\n<\/li>\n<li data-start=\"1196\" data-end=\"1281\">\n<p data-start=\"1198\" data-end=\"1281\"><strong data-start=\"1198\" data-end=\"1216\">Ulei de eucalipt<\/strong> \u2013 Revigoreaz\u0103 pielea, reduce umfl\u0103turile \u0219i promoveaz\u0103 recuperarea.<\/p>\n<\/li>\n<li data-start=\"1282\" data-end=\"1357\">\n<p data-start=\"1284\" data-end=\"1357\"><strong data-start=\"1284\" data-end=\"1295\">Mentol<\/strong> \u2013 Ofer\u0103 o senza\u021bie de r\u0103corire instantanee pentru a u\u0219ura disconfortul.<\/p>\n<\/li>\n<li data-start=\"1358\" data-end=\"1454\">\n<p data-start=\"1360\" data-end=\"1454\"><strong data-start=\"1360\" data-end=\"1371\">Cear\u0103 de albine<\/strong> \u2013 Blocheaz\u0103 umiditatea \u0219i formeaz\u0103 o barier\u0103 protectoare pentru a men\u021bine pielea moale \u0219i neted\u0103.<\/p>\n<\/li>\n<\/ul>\n<h3 data-start=\"1461\" data-end=\"1486\"><strong data-start=\"1465\" data-end=\"1484\">Detalii produs<\/strong><\/h3>\n<ul data-start=\"1487\" data-end=\"1768\">\n<li data-start=\"1487\" data-end=\"1518\">\n<p data-start=\"1489\" data-end=\"1518\"><strong data-start=\"1489\" data-end=\"1499\">Brand:<\/strong> Hurghada Bedwins<\/p>\n<\/li>\n<li data-start=\"1519\" data-end=\"1594\">\n<p data-start=\"1521\" data-end=\"1594\"><strong data-start=\"1521\" data-end=\"1532\">Greutate:<\/strong> 150g \u2013 Dimensiune ideal\u0103 pentru utilizare zilnic\u0103 acas\u0103 sau \u00een c\u0103l\u0103torii.<\/p>\n<\/li>\n<li data-start=\"1595\" data-end=\"1665\">\n<p data-start=\"1597\" data-end=\"1665\"><strong data-start=\"1597\" data-end=\"1608\">Origine:<\/strong> Fabricat cu m\u00e2ndrie \u00een Egipt cu expertiz\u0103 autentic\u0103 \u00een plante medicinale.<\/p>\n<\/li>\n<li data-start=\"1666\" data-end=\"1718\">\n<p data-start=\"1668\" data-end=\"1718\"><strong data-start=\"1668\" data-end=\"1681\">Categorie:<\/strong> Crem\u0103 natural\u0103 pentru masaj \u0219i \u00eengrijire a pielii.<\/p>\n<\/li>\n<li data-start=\"1719\" data-end=\"1768\">\n<p data-start=\"1721\" data-end=\"1768\"><strong data-start=\"1721\" data-end=\"1746\">Doar pentru uz extern<\/strong> \u2013 Produs cosmetic.<\/p>\n<\/li>\n<\/ul>\n<h3 data-start=\"1775\" data-end=\"1819\"><strong data-start=\"1779\" data-end=\"1817\">Beneficiile Cremei cu ulei de stru\u021b<\/strong><\/h3>\n<p data-start=\"1820\" data-end=\"1857\">Utilizarea regulat\u0103 a acestei creme poate ajuta la:<\/p>\n<ul data-start=\"1859\" data-end=\"2151\">\n<li data-start=\"1859\" data-end=\"1908\">\n<p data-start=\"1861\" data-end=\"1908\">Ameliorarea spasmelor musculare, crampelelor \u0219i rigidit\u0103\u021bii.<\/p>\n<\/li>\n<li data-start=\"1909\" data-end=\"1968\">\n<p data-start=\"1911\" data-end=\"1968\">Reducerea umfl\u0103turilor \u0219i inflama\u021biei \u00een articula\u021bii \u0219i mu\u0219chi.<\/p>\n<\/li>\n<li data-start=\"1969\" data-end=\"2032\">\n<p data-start=\"1971\" data-end=\"2032\">Hidratarea \u0219i \u00eenmuierea pielii uscate sau cr\u0103pate, inclusiv a c\u0103lc\u00e2ielor.<\/p>\n<\/li>\n<li data-start=\"2033\" data-end=\"2095\">\n<p data-start=\"2035\" data-end=\"2095\">Sus\u021binerea recuper\u0103rii mai rapide dup\u0103 activitate fizic\u0103 sau suprasolicitare.<\/p>\n<\/li>\n<li data-start=\"2096\" data-end=\"2151\">\n<p data-start=\"2098\" data-end=\"2151\">Oferirea unei relax\u0103ri calmante \u00een timpul terapiei de masaj.<\/p>\n<\/li>\n<\/ul>\n<h3 data-start=\"2158\" data-end=\"2178\"><strong data-start=\"2162\" data-end=\"2176\">Mod de utilizare<\/strong><\/h3>\n<ol data-start=\"2179\" data-end=\"2429\">\n<li data-start=\"2179\" data-end=\"2238\">\n<p data-start=\"2182\" data-end=\"2238\">Aplica\u021bi o cantitate potrivit\u0103 de crem\u0103 pe zona vizat\u0103.<\/p>\n<\/li>\n<li data-start=\"2239\" data-end=\"2302\">\n<p data-start=\"2242\" data-end=\"2302\">Masa\u021bi u\u0219or cu mi\u0219c\u0103ri circulare p\u00e2n\u0103 la absorb\u021bie complet\u0103.<\/p>\n<\/li>\n<li data-start=\"2303\" data-end=\"2429\">\n<p data-start=\"2306\" data-end=\"2429\">Utiliza\u021bi de 2\u20133 ori zilnic sau dup\u0103 nevoie.<br data-start=\"2339\" data-end=\"2342\" \/>\ud83d\udca1 <strong data-start=\"2345\" data-end=\"2353\">Sfat:<\/strong> Pentru absorb\u021bie mai profund\u0103, aplica\u021bi dup\u0103 un du\u0219 cald, c\u00e2nd porii sunt deschi\u0219i.<\/p>\n<\/li>\n<\/ol>\n<h3 data-start=\"2436\" data-end=\"2497\"><strong data-start=\"2440\" data-end=\"2495\">De ce s\u0103 alege\u021bi Crema cu ulei de stru\u021b Hurghada Bedwins?<\/strong><\/h3>\n<ul data-start=\"2498\" data-end=\"2675\">\n<li data-start=\"2498\" data-end=\"2535\">\n<p data-start=\"2500\" data-end=\"2535\">Produs egiptean de calitate premium.<\/p>\n<\/li>\n<li data-start=\"2536\" data-end=\"2585\">\n<p data-start=\"2538\" data-end=\"2585\">Preparat din ingrediente naturale, prietenoase cu pielea.<\/p>\n<\/li>\n<li data-start=\"2586\" data-end=\"2622\">\n<p data-start=\"2588\" data-end=\"2622\">Potrivit at\u00e2t pentru b\u0103rba\u021bi, c\u00e2t \u0219i pentru femei.<\/p>\n<\/li>\n<li data-start=\"2623\" data-end=\"2675\">\n<p data-start=\"2625\" data-end=\"2675\">Combin\u0103 ameliorarea durerii cu hr\u0103nirea profund\u0103 a pielii.<\/p>\n<\/li>\n<\/ul>\n<h3 data-start=\"2682\" data-end=\"2741\"><strong data-start=\"2686\" data-end=\"2739\">Descoperi\u021bi puterea naturii cu fiecare masaj<\/strong><\/h3>\n<p data-start=\"2742\" data-end=\"2955\">Oferi\u021bi corpului \u0219i pielii dumneavoastr\u0103 luxul \u0219i puterea vindec\u0103toare ale <strong data-start=\"2802\" data-end=\"2828\">Crem\u0103 cu ulei de stru\u021b<\/strong>. Cu fiecare aplicare, ve\u021bi sim\u021bi ameliorarea calmant\u0103, hidratarea de lung\u0103 durat\u0103 \u0219i atingerea revigorant\u0103 a \u00eengrijirii naturale egiptene.<\/p>\n<p data-start=\"2957\" data-end=\"3083\"><strong data-start=\"2959\" data-end=\"3024\">Comanda\u021bi ast\u0103zi Crema cu ulei de stru\u021b Hurghada Bedwins de 150g<\/strong> \u0219i oferi\u021bi pielii \u0219i mu\u0219chilor dumneavoastr\u0103 confortul pe care \u00eel merit\u0103!<\/p>\n<p style=\"text-align: center;\">Mul\u021bumim c\u0103 a\u021bi f\u0103cut cump\u0103r\u0103turi la <a href=\"https:\/\/bazaar.express\/ro\/\">Bazaar Express<\/a> \u2013 suntem \u00eenc\u00e2nta\u021bi s\u0103 v\u0103 avem al\u0103turi!<\/p>\n<p style=\"text-align: center;\">C\u0103l\u0103toria dumneavoastr\u0103 c\u0103tre o \u00eengrijire de sine mai bun\u0103 \u00eencepe aici \u2014 cu <a href=\"https:\/\/bazaar.express\/product-category\/beauty-care\/\">Beauty &#038; Care<\/a> de \u00eencredere.<\/p>\n","protected":false},"excerpt":{"rendered":"<h3 data-start=\"335\" data-end=\"532\">Descoperi\u021bi o ameliorare profund\u0103 cu Crem\u0103 de masaj cu ulei de stru\u021b. Perfect\u0103 pentru calmarea mu\u0219chilor durero\u0219i, ameliorarea durerii articulare \u0219i promovarea relax\u0103rii cu ingrediente naturale.<\/h3>\n","protected":false},"featured_media":38858,"comment_status":"open","ping_status":"closed","template":"","meta":[],"product_brand":[],"product_cat":[1151,1145],"product_tag":[1210,1211,1212],"class_list":{"0":"post-38857","1":"product","2":"type-product","3":"status-publish","4":"has-post-thumbnail","6":"product_cat-cele-mai-bune-din-egipt","7":"product_cat-ingrijire-frumusete","8":"product_tag-ingrijire-a-pielii","9":"product_tag-ingrijire-de-frumusete","10":"product_tag-lapte-de-camila","12":"first","13":"instock","14":"shipping-taxable","15":"purchasable","16":"product-type-simple"},"_links":{"self":[{"href":"https:\/\/bazaar.express\/ro\/wp-json\/wp\/v2\/product\/38857","targetHints":{"allow":["GET"]}}],"collection":[{"href":"https:\/\/bazaar.express\/ro\/wp-json\/wp\/v2\/product"}],"about":[{"href":"https:\/\/bazaar.express\/ro\/wp-json\/wp\/v2\/types\/product"}],"replies":[{"embeddable":true,"href":"https:\/\/bazaar.express\/ro\/wp-json\/wp\/v2\/comments?post=38857"}],"wp:featuredmedia":[{"embeddable":true,"href":"https:\/\/bazaar.express\/ro\/wp-json\/wp\/v2\/media\/38858"}],"wp:attachment":[{"href":"https:\/\/bazaar.express\/ro\/wp-json\/wp\/v2\/media?parent=38857"}],"wp:term":[{"taxonomy":"product_brand","embeddable":true,"href":"https:\/\/bazaar.express\/ro\/wp-json\/wp\/v2\/product_brand?post=38857"},{"taxonomy":"product_cat","embeddable":true,"href":"https:\/\/bazaar.express\/ro\/wp-json\/wp\/v2\/product_cat?post=38857"},{"taxonomy":"product_tag","embeddable":true,"href":"https:\/\/bazaar.express\/ro\/wp-json\/wp\/v2\/product_tag?post=38857"}],"curies":[{"name":"wp","href":"https:\/\/api.w.org\/{rel}","templated":true}]}}