{"id":38861,"date":"2025-08-10T00:24:38","date_gmt":"2025-08-10T00:24:38","guid":{"rendered":"https:\/\/bazaar.express\/product\/massage-cream-with-ostrich-oil\/"},"modified":"2025-08-10T00:24:38","modified_gmt":"2025-08-10T00:24:38","slug":"massage-cream-with-ostrich-oil","status":"publish","type":"product","link":"https:\/\/bazaar.express\/ro\/produs\/massage-cream-with-ostrich-oil\/","title":{"rendered":"Crem\u0103 de masaj cu ulei de stru\u021b"},"content":{"rendered":"<h2 data-start=\"216\" data-end=\"284\"><strong data-start=\"219\" data-end=\"282\">Crem\u0103 de masaj cu ulei de stru\u021b \u2013 Ameliorare profund\u0103 \u0219i \u00eengrijire natural\u0103<\/strong><\/h2>\n<h3 data-start=\"286\" data-end=\"335\"><strong data-start=\"290\" data-end=\"333\">Ce este crema de masaj cu ulei de stru\u021b?<\/strong><\/h3>\n<p data-start=\"336\" data-end=\"631\">Crem\u0103 de masaj cu ulei de stru\u021b este o formul\u0103 natural\u0103 premium conceput\u0103 pentru a oferi ameliorare profund\u0103 \u0219i calmant\u0103 pentru mu\u0219chi, articula\u021bii \u0219i piele. \u00cembog\u0103\u021bit\u0103 cu ulei pur de stru\u021b \u0219i un amestec de ingrediente naturale puternice, aceast\u0103 crem\u0103 reduce inflama\u021bia, calmeaz\u0103 disconfortul \u0219i restabile\u0219te vitalitatea pielii.<\/p>\n<p data-start=\"633\" data-end=\"971\">Cunoscut pentru absorb\u021bia sa excep\u021bional\u0103, uleiul de stru\u021b p\u0103trunde profund \u00een piele, permi\u021b\u00e2nd nutrien\u021bilor \u0219i acizilor gra\u0219i esen\u021biali s\u0103 ajung\u0103 \u00een zonele afectate pentru o ameliorare rapid\u0103 \u0219i \u021bintit\u0103. Fie c\u0103 dori\u021bi s\u0103 v\u0103 recupera\u021bi dup\u0103 antrenamente intense, s\u0103 calma\u021bi durerea cronic\u0103 sau s\u0103 v\u0103 bucura\u021bi de un masaj relaxant, aceast\u0103 crem\u0103 este solu\u021bia ideal\u0103.<\/p>\n<h3 data-start=\"978\" data-end=\"1011\"><strong data-start=\"982\" data-end=\"1009\">Ingrediente naturale cheie<\/strong><\/h3>\n<ul data-start=\"1013\" data-end=\"1515\">\n<li data-start=\"1013\" data-end=\"1125\">\n<p data-start=\"1015\" data-end=\"1125\"><strong data-start=\"1015\" data-end=\"1030\">Ulei de stru\u021b<\/strong> \u2013 Bogat \u00een acizi gra\u0219i omega, hidrateaz\u0103 profund, reduce inflama\u021bia \u0219i promoveaz\u0103 vindecarea.<\/p>\n<\/li>\n<li data-start=\"1126\" data-end=\"1224\">\n<p data-start=\"1128\" data-end=\"1224\"><strong data-start=\"1128\" data-end=\"1139\">C\u0103mfor<\/strong> \u2013 Stimuleaz\u0103 circula\u021bia s\u00e2ngelui, calmeaz\u0103 rigiditatea \u0219i ajut\u0103 la ameliorarea durerii musculare \u0219i articulare.<\/p>\n<\/li>\n<li data-start=\"1225\" data-end=\"1319\">\n<p data-start=\"1227\" data-end=\"1319\"><strong data-start=\"1227\" data-end=\"1245\">Ulei de eucalipt<\/strong> \u2013 Re\u00eemprosp\u0103teaz\u0103 sim\u021burile, reduce umfl\u0103turile \u0219i sus\u021bine recuperarea muscular\u0103.<\/p>\n<\/li>\n<li data-start=\"1320\" data-end=\"1402\">\n<p data-start=\"1322\" data-end=\"1402\"><strong data-start=\"1322\" data-end=\"1333\">Mentol<\/strong> \u2013 Ofer\u0103 un efect r\u0103coritor care calmeaz\u0103 durerea \u0219i tensiunea instantaneu.<\/p>\n<\/li>\n<li data-start=\"1403\" data-end=\"1515\">\n<p data-start=\"1405\" data-end=\"1515\"><strong data-start=\"1405\" data-end=\"1416\">Cear\u0103 de albine<\/strong> \u2013 Protejeaz\u0103 pielea prin re\u021binerea umidit\u0103\u021bii \u0219i amplific\u0103 beneficiile ingredientelor active.<\/p>\n<\/li>\n<\/ul>\n<h3 data-start=\"1522\" data-end=\"1547\"><strong data-start=\"1526\" data-end=\"1545\">Detalii produs<\/strong><\/h3>\n<ul data-start=\"1548\" data-end=\"1805\">\n<li data-start=\"1548\" data-end=\"1616\">\n<p data-start=\"1550\" data-end=\"1616\"><strong data-start=\"1550\" data-end=\"1560\">Brand:<\/strong> Halla Cleopatra \u2013 Brand egiptean celebru de \u00eengrijire natural\u0103.<\/p>\n<\/li>\n<li data-start=\"1617\" data-end=\"1676\">\n<p data-start=\"1619\" data-end=\"1676\"><strong data-start=\"1619\" data-end=\"1630\">Greutate:<\/strong> 150g \u2013 Dimensiune perfect\u0103 pentru acas\u0103 sau c\u0103l\u0103torii.<\/p>\n<\/li>\n<li data-start=\"1677\" data-end=\"1750\">\n<p data-start=\"1679\" data-end=\"1750\"><strong data-start=\"1679\" data-end=\"1690\">Origine:<\/strong> Fabricat cu m\u00e2ndrie \u00een Egipt folosind expertiz\u0103 tradi\u021bional\u0103 herbal\u0103.<\/p>\n<\/li>\n<li data-start=\"1751\" data-end=\"1805\">\n<p data-start=\"1753\" data-end=\"1805\"><strong data-start=\"1753\" data-end=\"1766\">Categorie:<\/strong> Crem\u0103 natural\u0103 de masaj \u0219i ameliorare a durerii.<\/p>\n<\/li>\n<\/ul>\n<h3 data-start=\"1812\" data-end=\"1864\"><strong data-start=\"1816\" data-end=\"1862\">Beneficiile cremei de masaj cu ulei de stru\u021b<\/strong><\/h3>\n<p data-start=\"1865\" data-end=\"1906\">Utilizarea regulat\u0103 a acestei creme v\u0103 poate ajuta s\u0103:<\/p>\n<ul data-start=\"1908\" data-end=\"2121\">\n<li data-start=\"1908\" data-end=\"1948\">\n<p data-start=\"1910\" data-end=\"1948\">Ameliora\u021bi disconfortul muscular \u0219i articular.<\/p>\n<\/li>\n<li data-start=\"1949\" data-end=\"1986\">\n<p data-start=\"1951\" data-end=\"1986\">Reduce\u021bi inflama\u021bia \u0219i umfl\u0103turile.<\/p>\n<\/li>\n<li data-start=\"1987\" data-end=\"2022\">\n<p data-start=\"1989\" data-end=\"2022\">Relaxa\u021bi mu\u0219chii rigizi \u0219i crampele.<\/p>\n<\/li>\n<li data-start=\"2023\" data-end=\"2065\">\n<p data-start=\"2025\" data-end=\"2065\">\u00cembun\u0103t\u0103\u021bi\u021bi hidratarea \u0219i netezimea pielii.<\/p>\n<\/li>\n<li data-start=\"2066\" data-end=\"2121\">\n<p data-start=\"2068\" data-end=\"2121\">Sus\u021bine\u021bi recuperarea mai rapid\u0103 dup\u0103 antrenamente sau leziuni.<\/p>\n<\/li>\n<\/ul>\n<p data-start=\"2123\" data-end=\"2229\">Textura u\u0219oar\u0103 se absoarbe rapid f\u0103r\u0103 a l\u0103sa reziduuri grase, fiind ideal\u0103 pentru utilizare zilnic\u0103.<\/p>\n<h3 data-start=\"2236\" data-end=\"2256\"><strong data-start=\"2240\" data-end=\"2254\">Mod de utilizare<\/strong><\/h3>\n<ol data-start=\"2257\" data-end=\"2497\">\n<li data-start=\"2257\" data-end=\"2306\">\n<p data-start=\"2260\" data-end=\"2306\">Aplica\u021bi o cantitate generoas\u0103 pe zona dorit\u0103.<\/p>\n<\/li>\n<li data-start=\"2307\" data-end=\"2368\">\n<p data-start=\"2310\" data-end=\"2368\">Masa\u021bi u\u0219or \u00een mi\u0219c\u0103ri circulare p\u00e2n\u0103 la absorb\u021bie complet\u0103.<\/p>\n<\/li>\n<li data-start=\"2369\" data-end=\"2497\">\n<p data-start=\"2372\" data-end=\"2497\">Utiliza\u021bi de 2\u20133 ori zilnic sau dup\u0103 nevoie pentru cele mai bune rezultate.<br data-start=\"2422\" data-end=\"2425\" \/>\ud83d\udca1 <strong data-start=\"2428\" data-end=\"2436\">Sfat:<\/strong> Pentru penetrare mai profund\u0103, aplica\u021bi dup\u0103 o baie sau du\u0219 cald.<\/p>\n<\/li>\n<\/ol>\n<h3 data-start=\"2504\" data-end=\"2556\"><strong data-start=\"2508\" data-end=\"2554\">De ce s\u0103 alege\u021bi crema de masaj cu ulei de stru\u021b?<\/strong><\/h3>\n<ul data-start=\"2557\" data-end=\"2769\">\n<li data-start=\"2557\" data-end=\"2615\">\n<p data-start=\"2559\" data-end=\"2615\">Fabricat\u0103 cu ulei premium de stru\u021b \u0219i ingrediente naturale.<\/p>\n<\/li>\n<li data-start=\"2616\" data-end=\"2668\">\n<p data-start=\"2618\" data-end=\"2668\">Produs egiptean autentic de la un brand de \u00eencredere.<\/p>\n<\/li>\n<li data-start=\"2669\" data-end=\"2705\">\n<p data-start=\"2671\" data-end=\"2705\">Potrivit at\u00e2t pentru b\u0103rba\u021bi, c\u00e2t \u0219i pentru femei.<\/p>\n<\/li>\n<li data-start=\"2706\" data-end=\"2769\">\n<p data-start=\"2708\" data-end=\"2769\">100% f\u0103r\u0103 substan\u021be chimice nocive \u0219i parfumuri artificiale.<\/p>\n<\/li>\n<\/ul>\n<h3 data-start=\"2776\" data-end=\"2826\"><strong data-start=\"2780\" data-end=\"2824\">Sim\u021bi\u021bi diferen\u021ba de la prima atingere<\/strong><\/h3>\n<p data-start=\"2827\" data-end=\"3059\">Corpul dumneavoastr\u0103 merit\u0103 cea mai bun\u0103 \u00eengrijire \u2013 iar aceast\u0103 <strong data-start=\"2876\" data-end=\"2910\">Crem\u0103 de masaj cu ulei de stru\u021b<\/strong> ofer\u0103 exact asta. Cu fiecare masaj, ve\u021bi sim\u021bi puterea combinat\u0103 a celor mai bune ingrediente naturale lucr\u00e2nd pentru a relaxa, calma \u0219i rejuvena.<\/p>\n<p data-start=\"3061\" data-end=\"3224\"><span data-start=\"3063\" data-end=\"3082\">\u00a0<\/span><strong data-start=\"3063\" data-end=\"3082\">Comanda\u021bi acum<\/strong> \u0219i experimenta\u021bi confortul, ameliorarea \u0219i luxul \u00eengrijirii naturale egiptene autentice. Nu a\u0219tepta\u021bi \u2013 oferi\u021bi corpului dumneavoastr\u0103 atingerea vindec\u0103toare de care are nevoie!<\/p>\n<p style=\"text-align: center;\">Mul\u021bumim c\u0103 a\u021bi cump\u0103rat de la <a href=\"https:\/\/bazaar.express\/ro\/\">Bazaar Express<\/a> \u2013 suntem \u00eenc\u00e2nta\u021bi s\u0103 v\u0103 avem!<\/p>\n<p style=\"text-align: center;\">C\u0103l\u0103toria dumneavoastr\u0103 c\u0103tre o auto\u00eengrijire mai bun\u0103 \u00eencepe aici \u2013 cu <a href=\"https:\/\/bazaar.express\/product-category\/beauty-care\/\">Frumuse\u021be &#038; \u00cengrijire<\/a> de \u00eencredere.<\/p>\n","protected":false},"excerpt":{"rendered":"<h3>O crem\u0103 de masaj egiptean\u0103 natural\u0103 \u00eembog\u0103\u021bit\u0103 cu ulei de stru\u021b, c\u0103mfor, eucalipt, mentol \u0219i cear\u0103 de albine. Amelioreaz\u0103 durerea, reduce inflama\u021bia \u0219i hidrateaz\u0103 pielea.<\/h3>\n","protected":false},"featured_media":38862,"comment_status":"open","ping_status":"closed","template":"","meta":[],"product_brand":[],"product_cat":[1145,1146],"product_tag":[1210,1211,1212,1220],"class_list":{"0":"post-38861","1":"product","2":"type-product","3":"status-publish","4":"has-post-thumbnail","6":"product_cat-ingrijire-frumusete","7":"product_cat-uleiuri-terapeutice","8":"product_tag-ingrijire-a-pielii","9":"product_tag-ingrijire-de-frumusete","10":"product_tag-lapte-de-camila","11":"product_tag-masaj","13":"first","14":"instock","15":"shipping-taxable","16":"purchasable","17":"product-type-simple"},"_links":{"self":[{"href":"https:\/\/bazaar.express\/ro\/wp-json\/wp\/v2\/product\/38861","targetHints":{"allow":["GET"]}}],"collection":[{"href":"https:\/\/bazaar.express\/ro\/wp-json\/wp\/v2\/product"}],"about":[{"href":"https:\/\/bazaar.express\/ro\/wp-json\/wp\/v2\/types\/product"}],"replies":[{"embeddable":true,"href":"https:\/\/bazaar.express\/ro\/wp-json\/wp\/v2\/comments?post=38861"}],"wp:featuredmedia":[{"embeddable":true,"href":"https:\/\/bazaar.express\/ro\/wp-json\/wp\/v2\/media\/38862"}],"wp:attachment":[{"href":"https:\/\/bazaar.express\/ro\/wp-json\/wp\/v2\/media?parent=38861"}],"wp:term":[{"taxonomy":"product_brand","embeddable":true,"href":"https:\/\/bazaar.express\/ro\/wp-json\/wp\/v2\/product_brand?post=38861"},{"taxonomy":"product_cat","embeddable":true,"href":"https:\/\/bazaar.express\/ro\/wp-json\/wp\/v2\/product_cat?post=38861"},{"taxonomy":"product_tag","embeddable":true,"href":"https:\/\/bazaar.express\/ro\/wp-json\/wp\/v2\/product_tag?post=38861"}],"curies":[{"name":"wp","href":"https:\/\/api.w.org\/{rel}","templated":true}]}}