{"id":38863,"date":"2025-08-09T14:12:44","date_gmt":"2025-08-09T14:12:44","guid":{"rendered":"https:\/\/bazaar.express\/product\/egyptian-colocynth\/"},"modified":"2025-08-09T14:12:44","modified_gmt":"2025-08-09T14:12:44","slug":"egyptian-colocynth","status":"publish","type":"product","link":"https:\/\/bazaar.express\/ro\/produs\/egyptian-colocynth\/","title":{"rendered":"Colocint egiptean"},"content":{"rendered":"<h2 data-start=\"244\" data-end=\"310\">Colocint egiptean \u2013 Unguent natural de masaj pentru ameliorarea durerii<\/h2>\n<h3 data-start=\"312\" data-end=\"345\">Ce este colocintul egiptean?<\/h3>\n<p data-start=\"346\" data-end=\"759\">Colocintul egiptean este un remediu herbal legendar apreciat de secole \u00een Egipt \u0219i Orientul Mijlociu pentru propriet\u0103\u021bile sale vindec\u0103toare \u0219i analgezice remarcabile. Ob\u021binut din fructul de colocint \u2014 o plant\u0103 puternic\u0103 de de\u0219ert cunoscut\u0103 pentru poten\u021ba sa medicinal\u0103 \u2014 acest unguent este amestecat cu uleiuri naturale \u0219i extracte herbale pentru a crea o formul\u0103 calmant\u0103 pentru mu\u0219chi, articula\u021bii \u0219i relaxare general\u0103 a corpului.<\/p>\n<p data-start=\"761\" data-end=\"992\">Folosit \u00een medicina tradi\u021bional\u0103 egiptean\u0103 de genera\u021bii, este acum adoptat la nivel mondial ca o <strong data-start=\"850\" data-end=\"878\">solu\u021bie natural\u0103 de masaj<\/strong> pentru cei care caut\u0103 alinare de la rigiditate, dureri \u0219i disconfort zilnic, f\u0103r\u0103 a apela la substan\u021be chimice sintetice.<\/p>\n<h3 data-start=\"999\" data-end=\"1050\">Ingrediente 100% naturale pentru rezultate de durat\u0103<\/h3>\n<p data-start=\"1051\" data-end=\"1192\">Acest unguent de \u00eenalt\u0103 calitate este realizat cu ingrediente herbale atent selectate pentru a oferi alinare de lung\u0103 durat\u0103 \u0219i o senza\u021bie revigorant\u0103:<\/p>\n<ul data-start=\"1194\" data-end=\"1624\">\n<li data-start=\"1194\" data-end=\"1336\">\n<p data-start=\"1196\" data-end=\"1336\"><strong data-start=\"1196\" data-end=\"1223\">Extract de fruct de colocint<\/strong> \u2013 Renumit pentru efectele sale antiinflamatoare \u0219i analgezice puternice, ajut\u00e2nd la calmarea mu\u0219chilor durero\u0219i \u0219i articula\u021biilor rigide.<\/p>\n<\/li>\n<li data-start=\"1337\" data-end=\"1448\">\n<p data-start=\"1339\" data-end=\"1448\"><strong data-start=\"1339\" data-end=\"1350\">Camfor<\/strong> \u2013 Stimuleaz\u0103 circula\u021bia s\u00e2ngelui, produc\u00e2nd un efect de \u00eenc\u0103lzire bl\u00e2nd care calmeaz\u0103 tensiunea \u0219i rigiditatea.<\/p>\n<\/li>\n<li data-start=\"1449\" data-end=\"1541\">\n<p data-start=\"1451\" data-end=\"1541\"><strong data-start=\"1451\" data-end=\"1469\">Ulei de eucalipt<\/strong> \u2013 Reduce umfl\u0103turile, re\u00eemprosp\u0103teaz\u0103 pielea \u0219i sprijin\u0103 recuperarea muscular\u0103.<\/p>\n<\/li>\n<li data-start=\"1542\" data-end=\"1624\">\n<p data-start=\"1544\" data-end=\"1624\"><strong data-start=\"1544\" data-end=\"1555\">Mentol<\/strong> \u2013 Ofer\u0103 un efect de r\u0103cire instantaneu care calmeaz\u0103 durerea \u0219i disconfortul.<\/p>\n<\/li>\n<\/ul>\n<p data-start=\"1626\" data-end=\"1768\">Fiecare ingredient este ales pentru capacitatea sa de a ac\u021biona \u00een armonie, oferindu-v\u0103 o alternativ\u0103 sigur\u0103, eficient\u0103 \u0219i natural\u0103 la balsamurile pe baz\u0103 de chimicale.<\/p>\n<h3 data-start=\"1775\" data-end=\"1796\">Detalii produs<\/h3>\n<ul data-start=\"1797\" data-end=\"2024\">\n<li data-start=\"1797\" data-end=\"1859\">\n<p data-start=\"1799\" data-end=\"1859\"><strong data-start=\"1799\" data-end=\"1810\">Greutate:<\/strong> 150g \u2013 Dimensiune convenabil\u0103 pentru utilizare acas\u0103 sau \u00een c\u0103l\u0103torii.<\/p>\n<\/li>\n<li data-start=\"1860\" data-end=\"1958\">\n<p data-start=\"1862\" data-end=\"1958\"><strong data-start=\"1862\" data-end=\"1873\">Origine:<\/strong> Fabricat cu m\u00e2ndrie \u00een Egipt, combin\u00e2nd \u00een\u021belepciunea herbal\u0103 antic\u0103 cu standarde moderne de \u00eengrijire.<\/p>\n<\/li>\n<li data-start=\"1959\" data-end=\"2024\">\n<p data-start=\"1961\" data-end=\"2024\"><strong data-start=\"1961\" data-end=\"1974\">Categorie:<\/strong> Cosmetice naturale \u2013 Ameliorarea durerii &#038; \u00cengrijire masaj.<\/p>\n<\/li>\n<\/ul>\n<h3 data-start=\"2031\" data-end=\"2076\">Beneficiile unguentului de colocint egiptean<\/h3>\n<p data-start=\"2077\" data-end=\"2138\">Cu utilizare regulat\u0103, unguentul de colocint egiptean v\u0103 poate ajuta s\u0103:<\/p>\n<ul data-start=\"2140\" data-end=\"2408\">\n<li data-start=\"2140\" data-end=\"2186\">\n<p data-start=\"2142\" data-end=\"2186\">Ameliora\u021bi durerea articular\u0103, a cartilajului \u0219i muscular\u0103.<\/p>\n<\/li>\n<li data-start=\"2187\" data-end=\"2236\">\n<p data-start=\"2189\" data-end=\"2236\">Calma\u021bi disconfortul lombar, al g\u00e2tului \u0219i genunchiului.<\/p>\n<\/li>\n<li data-start=\"2237\" data-end=\"2309\">\n<p data-start=\"2239\" data-end=\"2309\">Reduce\u021bi inflama\u021bia cauzat\u0103 de entorse, accident\u0103ri sportive \u0219i efort zilnic.<\/p>\n<\/li>\n<li data-start=\"2310\" data-end=\"2357\">\n<p data-start=\"2312\" data-end=\"2357\">Relaxa\u021bi spasmele musculare, crampele \u0219i rigiditatea.<\/p>\n<\/li>\n<li data-start=\"2358\" data-end=\"2408\">\n<p data-start=\"2360\" data-end=\"2408\">Calma\u021bi durerile de cap \u0219i disconfortul legat de tensiune.<\/p>\n<\/li>\n<\/ul>\n<p data-start=\"2410\" data-end=\"2544\">Textura u\u0219oar\u0103 se absoarbe rapid \u00een piele f\u0103r\u0103 a l\u0103sa reziduuri grase, permi\u021b\u00e2ndu-v\u0103 s\u0103 beneficia\u021bi de o alinare rapid\u0103 \u0219i \u021bintit\u0103.<\/p>\n<h3 data-start=\"2551\" data-end=\"2595\">Cum se utilizeaz\u0103 unguentul de colocint egiptean<\/h3>\n<ol data-start=\"2596\" data-end=\"2849\">\n<li data-start=\"2596\" data-end=\"2652\">\n<p data-start=\"2599\" data-end=\"2652\">Aplica\u021bi o cantitate mic\u0103 direct pe zona afectat\u0103.<\/p>\n<\/li>\n<li data-start=\"2653\" data-end=\"2714\">\n<p data-start=\"2656\" data-end=\"2714\">Masa\u021bi u\u0219or \u00een mi\u0219c\u0103ri circulare p\u00e2n\u0103 la absorb\u021bie complet\u0103.<\/p>\n<\/li>\n<li data-start=\"2715\" data-end=\"2849\">\n<p data-start=\"2718\" data-end=\"2849\">Utiliza\u021bi de 2\u20133 ori pe zi, sau ori de c\u00e2te ori este necesar.<br data-start=\"2758\" data-end=\"2761\" \/>\ud83d\udca1 <strong data-start=\"2764\" data-end=\"2772\">Sfat:<\/strong> Pentru absorb\u021bie mai profund\u0103, aplica\u021bi dup\u0103 un du\u0219 cald, c\u00e2nd porii sunt deschi\u0219i.<\/p>\n<\/li>\n<\/ol>\n<h3 data-start=\"2856\" data-end=\"2892\">De ce s\u0103 alege\u021bi colocintul egiptean?<\/h3>\n<ul data-start=\"2893\" data-end=\"3090\">\n<li data-start=\"2893\" data-end=\"2936\">\n<p data-start=\"2895\" data-end=\"2936\">Formul\u0103 herbal\u0103 autentic\u0103 fabricat\u0103 \u00een Egipt.<\/p>\n<\/li>\n<li data-start=\"2937\" data-end=\"3009\">\n<p data-start=\"2939\" data-end=\"3009\">100% natural \u2013 f\u0103r\u0103 chimicale nocive \u0219i parfumuri sintetice.<\/p>\n<\/li>\n<li data-start=\"3010\" data-end=\"3046\">\n<p data-start=\"3012\" data-end=\"3046\">Potrivit at\u00e2t pentru b\u0103rba\u021bi, c\u00e2t \u0219i pentru femei.<\/p>\n<\/li>\n<li data-start=\"3047\" data-end=\"3090\">\n<p data-start=\"3049\" data-end=\"3090\">Utilizare extern\u0103 doar \u2013 bl\u00e2nd cu pielea.<\/p>\n<\/li>\n<\/ul>\n<h3 data-start=\"3097\" data-end=\"3156\">Descoperi\u021bi secretul antic egiptean pentru ameliorarea durerii<\/h3>\n<p data-start=\"3157\" data-end=\"3396\">Oferi\u021bi corpului dumneavoastr\u0103 \u00eengrijirea meritat\u0103 cu acest <strong data-start=\"3203\" data-end=\"3234\">remediu egiptean testat de timp<\/strong>. Fie c\u0103 sunte\u021bi sportiv, ave\u021bi disconfort cronic sau c\u0103uta\u021bi pur \u0219i simplu un balsam de masaj relaxant, colocintul egiptean ofer\u0103 solu\u021bia natural\u0103 perfect\u0103.<\/p>\n<p data-start=\"3398\" data-end=\"3489\">\u2705 <strong data-start=\"3400\" data-end=\"3429\">Ad\u0103uga\u021bi-l \u00een co\u0219 ast\u0103zi<\/strong> \u0219i sim\u021bi\u021bi diferen\u021ba calmant\u0103 de la prima utilizare!<\/p>\n<p style=\"text-align: center;\">Mul\u021bumim c\u0103 face\u021bi cump\u0103r\u0103turi la <a href=\"https:\/\/bazaar.express\/ro\/\">Bazaar Express<\/a> \u2013 suntem \u00eenc\u00e2nta\u021bi s\u0103 v\u0103 avem al\u0103turi!<\/p>\n<p style=\"text-align: center;\">C\u0103l\u0103toria dumneavoastr\u0103 spre o auto\u00eengrijire mai bun\u0103 \u00eencepe aici \u2013 cu <a href=\"https:\/\/bazaar.express\/product-category\/beauty-care\/\">Beauty &#038; Care<\/a> de \u00eencredere.<\/p>\n","protected":false},"excerpt":{"rendered":"<h3 data-start=\"376\" data-end=\"596\">Unguentul de colocint egiptean este o crem\u0103 de masaj 100% natural\u0103 pe baz\u0103 de plante care ajut\u0103 la ameliorarea durerii musculare, articulare \u0219i de spate. \u00cembog\u0103\u021bit\u0103 cu extract de colocint, camfor, eucalipt \u0219i mentol pentru confort calmant \u0219i relaxare.<\/h3>\n","protected":false},"featured_media":38864,"comment_status":"open","ping_status":"closed","template":"","meta":[],"product_brand":[],"product_cat":[1151,1145,1146],"product_tag":[1210,1211,1220],"class_list":{"0":"post-38863","1":"product","2":"type-product","3":"status-publish","4":"has-post-thumbnail","6":"product_cat-cele-mai-bune-din-egipt","7":"product_cat-ingrijire-frumusete","8":"product_cat-uleiuri-terapeutice","9":"product_tag-ingrijire-a-pielii","10":"product_tag-ingrijire-de-frumusete","11":"product_tag-masaj","13":"first","14":"instock","15":"shipping-taxable","16":"purchasable","17":"product-type-simple"},"_links":{"self":[{"href":"https:\/\/bazaar.express\/ro\/wp-json\/wp\/v2\/product\/38863","targetHints":{"allow":["GET"]}}],"collection":[{"href":"https:\/\/bazaar.express\/ro\/wp-json\/wp\/v2\/product"}],"about":[{"href":"https:\/\/bazaar.express\/ro\/wp-json\/wp\/v2\/types\/product"}],"replies":[{"embeddable":true,"href":"https:\/\/bazaar.express\/ro\/wp-json\/wp\/v2\/comments?post=38863"}],"wp:featuredmedia":[{"embeddable":true,"href":"https:\/\/bazaar.express\/ro\/wp-json\/wp\/v2\/media\/38864"}],"wp:attachment":[{"href":"https:\/\/bazaar.express\/ro\/wp-json\/wp\/v2\/media?parent=38863"}],"wp:term":[{"taxonomy":"product_brand","embeddable":true,"href":"https:\/\/bazaar.express\/ro\/wp-json\/wp\/v2\/product_brand?post=38863"},{"taxonomy":"product_cat","embeddable":true,"href":"https:\/\/bazaar.express\/ro\/wp-json\/wp\/v2\/product_cat?post=38863"},{"taxonomy":"product_tag","embeddable":true,"href":"https:\/\/bazaar.express\/ro\/wp-json\/wp\/v2\/product_tag?post=38863"}],"curies":[{"name":"wp","href":"https:\/\/api.w.org\/{rel}","templated":true}]}}