{"id":38867,"date":"2025-08-04T14:27:05","date_gmt":"2025-08-04T14:27:05","guid":{"rendered":"https:\/\/bazaar.express\/product\/calamine-lotion\/"},"modified":"2025-08-04T14:27:05","modified_gmt":"2025-08-04T14:27:05","slug":"calamine-lotion","status":"publish","type":"product","link":"https:\/\/bazaar.express\/ro\/produs\/calamine-lotion\/","title":{"rendered":"Lo\u021biune cu calamin\u0103"},"content":{"rendered":"<h2 data-start=\"181\" data-end=\"236\"><strong data-start=\"184\" data-end=\"234\">Lo\u021biune cu calamin\u0103 \u2013 Calmare &#038; Hidratare piele<\/strong><\/h2>\n<p data-start=\"237\" data-end=\"275\"><strong data-start=\"237\" data-end=\"275\">De la TNERH | 1000 ml | Fabricat \u00een Egipt<\/strong><\/p>\n<p data-start=\"277\" data-end=\"548\">Descoperi\u021bi puterea calmant\u0103 a <em data-start=\"310\" data-end=\"327\">Lo\u021biunii cu calamin\u0103<\/em>, o formul\u0103 roz, prietenoas\u0103 cu pielea, conceput\u0103 s\u0103 calmeze irita\u021biile, s\u0103 reduc\u0103 ro\u0219ea\u021ba \u0219i s\u0103 \u00eenl\u0103ture rapid m\u00e2nc\u0103rimile. Fie c\u0103 este vorba de \u00een\u021bep\u0103turi de insecte, erup\u021bii termice sau reac\u021bii alergice ale pielii \u2014 aceast\u0103 lo\u021biune multifunc\u021bional\u0103 este prima linie de ap\u0103rare.<\/p>\n<p data-start=\"550\" data-end=\"662\">Perfect\u0103 pentru utilizare zilnic\u0103 de c\u0103tre adul\u021bi \u0219i copii, Lo\u021biunea cu calamin\u0103 este indispensabil\u0103 \u00een orice trus\u0103 de \u00eengrijire a pielii.<\/p>\n<h3 data-start=\"669\" data-end=\"689\"><strong data-start=\"673\" data-end=\"689\">Beneficii cheie<\/strong><\/h3>\n<ul data-start=\"690\" data-end=\"929\">\n<li data-start=\"690\" data-end=\"729\">\n<p data-start=\"692\" data-end=\"729\"> Calmeaz\u0103 m\u00e2nc\u0103rimile \u0219i inflama\u021biile<\/p>\n<\/li>\n<li data-start=\"730\" data-end=\"778\">\n<p data-start=\"732\" data-end=\"778\"> Creeaz\u0103 o barier\u0103 protectoare pe piele<\/p>\n<\/li>\n<li data-start=\"779\" data-end=\"813\">\n<p data-start=\"781\" data-end=\"813\"> R\u0103core\u0219te erup\u021biile termice \u0219i arsurile solare<\/p>\n<\/li>\n<li data-start=\"814\" data-end=\"860\">\n<p data-start=\"816\" data-end=\"860\"> Blocheaz\u0103 umezeala cu glicerin\u0103 natural\u0103<\/p>\n<\/li>\n<li data-start=\"861\" data-end=\"929\">\n<p data-start=\"863\" data-end=\"929\"> Fabricat\u0103 \u00een Egipt cu ingrediente premium de grad farmaceutic<\/p>\n<\/li>\n<\/ul>\n<h3 data-start=\"936\" data-end=\"972\"><strong data-start=\"940\" data-end=\"972\">Ingrediente naturale puternice<\/strong><\/h3>\n<p data-start=\"973\" data-end=\"1366\"><strong data-start=\"973\" data-end=\"987\">Oxid de zinc<\/strong> \u2013 ac\u021bioneaz\u0103 ca astringent, absorbind excesul de fluide \u0219i reduc\u00e2nd inflama\u021bia.<br data-start=\"1063\" data-end=\"1066\" \/><strong data-start=\"1066\" data-end=\"1082\">Oxid de fier<\/strong> \u2013 ofer\u0103 calmare \u0219i confer\u0103 lo\u021biunii nuan\u021ba roz caracteristic\u0103.<br data-start=\"1153\" data-end=\"1156\" \/><strong data-start=\"1156\" data-end=\"1174\">Argil\u0103 bentonitic\u0103<\/strong> \u2013 agent natural detoxifiant care absoarbe toxinele \u0219i calmeaz\u0103 pielea.<br data-start=\"1246\" data-end=\"1249\" \/><strong data-start=\"1249\" data-end=\"1261\">Glicerin\u0103<\/strong> \u2013 hidrateaz\u0103 profund \u0219i previne usc\u0103ciunea pielii.<br data-start=\"1309\" data-end=\"1312\" \/><strong data-start=\"1312\" data-end=\"1330\">Ap\u0103 purificat\u0103<\/strong> \u2013 asigur\u0103 aplicare lin\u0103 \u0219i u\u0219oar\u0103.<\/p>\n<p data-start=\"973\" data-end=\"1366\">\ud83d\udd04 <strong data-start=\"1373\" data-end=\"1398\">Agita\u021bi bine \u00eenainte de utilizare<\/strong> pentru a amesteca uniform sedimentele naturale.<\/p>\n<h3 data-start=\"1438\" data-end=\"1482\"><strong data-start=\"1442\" data-end=\"1482\">C\u00e2nd s\u0103 utiliza\u021bi Lo\u021biunea cu calamin\u0103?<\/strong><\/h3>\n<p data-start=\"1483\" data-end=\"1531\">Utiliza\u021bi aceast\u0103 lo\u021biune pentru ameliorare rapid\u0103 \u0219i eficient\u0103 de la:<\/p>\n<ul data-start=\"1533\" data-end=\"1838\">\n<li data-start=\"1533\" data-end=\"1580\">\n<p data-start=\"1535\" data-end=\"1580\"> \u00cen\u021bep\u0103turi de insecte (\u021b\u00e2n\u021bari, furnici, plo\u0219ni\u021be de pat)<\/p>\n<\/li>\n<li data-start=\"1581\" data-end=\"1610\">\n<p data-start=\"1583\" data-end=\"1610\"> Erup\u021bie de la ieder\u0103 sau stejar otr\u0103vitor<\/p>\n<\/li>\n<li data-start=\"1611\" data-end=\"1644\">\n<p data-start=\"1613\" data-end=\"1644\"> Erup\u021bie termic\u0103 \u0219i miliari<\/p>\n<\/li>\n<li data-start=\"1645\" data-end=\"1684\">\n<p data-start=\"1647\" data-end=\"1684\"> Reac\u021bii alergice cutanate sau urticarie<\/p>\n<\/li>\n<li data-start=\"1685\" data-end=\"1734\">\n<p data-start=\"1687\" data-end=\"1734\"> V\u0103rsat de v\u00e2nt sau zona zoster\u0103 (pentru calmarea m\u00e2nc\u0103rimilor)<\/p>\n<\/li>\n<li data-start=\"1735\" data-end=\"1784\">\n<p data-start=\"1737\" data-end=\"1784\"> Tratament local pentru acnee (usuc\u0103 punctele albe)<\/p>\n<\/li>\n<li data-start=\"1785\" data-end=\"1816\">\n<p data-start=\"1787\" data-end=\"1816\"> R\u0103ni minore \u00eenchise ale pielii<\/p>\n<\/li>\n<li data-start=\"1817\" data-end=\"1838\">\n<p data-start=\"1819\" data-end=\"1838\"> M\u00e2nc\u0103rime de \u00eenot\u0103tor<\/p>\n<\/li>\n<\/ul>\n<blockquote data-start=\"1840\" data-end=\"1924\">\n<p data-start=\"1842\" data-end=\"1924\">\u26a0\ufe0f <strong data-start=\"1845\" data-end=\"1893\">Nu este destinat\u0103 pentru scabie sau tratament anti-insecte<\/strong> \u2014 doar pentru ameliorarea simptomelor.<\/p>\n<\/blockquote>\n<h3 data-start=\"1931\" data-end=\"1952\"><strong data-start=\"1935\" data-end=\"1952\">Cum se utilizeaz\u0103<\/strong><\/h3>\n<ol data-start=\"1953\" data-end=\"2193\">\n<li data-start=\"1953\" data-end=\"1982\">\n<p data-start=\"1956\" data-end=\"1982\">Agita\u021bi sticla temeinic.<\/p>\n<\/li>\n<li data-start=\"1983\" data-end=\"2027\">\n<p data-start=\"1986\" data-end=\"2027\">Cur\u0103\u021ba\u021bi \u0219i usca\u021bi u\u0219or zona afectat\u0103.<\/p>\n<\/li>\n<li data-start=\"2028\" data-end=\"2099\">\n<p data-start=\"2031\" data-end=\"2099\">Aplica\u021bi un strat sub\u021bire folosind bumbac sau o dischet\u0103 moale \u2014 nu este nevoie de frecare.<\/p>\n<\/li>\n<li data-start=\"2100\" data-end=\"2148\">\n<p data-start=\"2103\" data-end=\"2148\">L\u0103sa\u021bi s\u0103 se usuce \u0219i s\u0103 formeze un film protector.<\/p>\n<\/li>\n<li data-start=\"2149\" data-end=\"2193\">\n<p data-start=\"2152\" data-end=\"2193\">Reaplica\u021bi <strong data-start=\"2160\" data-end=\"2179\">de 3\u20134 ori zilnic<\/strong> sau dup\u0103 nevoie.<\/p>\n<\/li>\n<\/ol>\n<h3 data-start=\"2200\" data-end=\"2223\"><strong data-start=\"2204\" data-end=\"2223\">Cine poate s\u0103 o foloseasc\u0103?<\/strong><\/h3>\n<ul data-start=\"2224\" data-end=\"2453\">\n<li data-start=\"2224\" data-end=\"2269\">\n<p data-start=\"2226\" data-end=\"2269\"><strong data-start=\"2228\" data-end=\"2249\">Sigur\u0103 pentru copii<\/strong> de la 2 ani \u00een sus<\/p>\n<\/li>\n<li data-start=\"2270\" data-end=\"2326\">\n<p data-start=\"2272\" data-end=\"2326\"><strong data-start=\"2275\" data-end=\"2303\">Sarcin\u0103\/Al\u0103ptare:<\/strong> sigur\u0103 pentru uz topic<\/p>\n<\/li>\n<li data-start=\"2327\" data-end=\"2374\">\n<p data-start=\"2329\" data-end=\"2374\"> Pentru bebelu\u0219i sub 2 ani, consulta\u021bi medicul<\/p>\n<\/li>\n<li data-start=\"2375\" data-end=\"2453\">\n<p data-start=\"2377\" data-end=\"2453\"> Face\u021bi un test pe o zon\u0103 mic\u0103 \u00eenainte de aplicarea complet\u0103 dac\u0103 ave\u021bi piele sensibil\u0103<\/p>\n<\/li>\n<\/ul>\n<h3 data-start=\"2460\" data-end=\"2493\"><strong data-start=\"2464\" data-end=\"2493\">C\u00e2nd s\u0103 evita\u021bi sau s\u0103 opri\u021bi utilizarea<\/strong><\/h3>\n<ul data-start=\"2494\" data-end=\"2693\">\n<li data-start=\"2494\" data-end=\"2524\">\n<p data-start=\"2496\" data-end=\"2524\">R\u0103ni deschise sau piele lezat\u0103<\/p>\n<\/li>\n<li data-start=\"2525\" data-end=\"2559\">\n<p data-start=\"2527\" data-end=\"2559\">Ochi, gur\u0103 sau zone intime<\/p>\n<\/li>\n<li data-start=\"2560\" data-end=\"2635\">\n<p data-start=\"2562\" data-end=\"2635\">Dac\u0103 este \u00eenghi\u021bit\u0103 sau inhalat\u0103 accidental \u2013 cl\u0103ti\u021bi \u0219i solicita\u021bi asisten\u021b\u0103 medical\u0103<\/p>\n<\/li>\n<li data-start=\"2636\" data-end=\"2693\">\n<p data-start=\"2638\" data-end=\"2693\">Opri\u021bi utilizarea dac\u0103 erup\u021bia se agraveaz\u0103 sau apar semne de infec\u021bie<\/p>\n<\/li>\n<\/ul>\n<h3 data-start=\"2700\" data-end=\"2728\"><strong data-start=\"2704\" data-end=\"2728\">Depozitare &#038; Valabilitate<\/strong><\/h3>\n<ul data-start=\"2729\" data-end=\"2888\">\n<li data-start=\"2729\" data-end=\"2793\">\n<p data-start=\"2731\" data-end=\"2793\">Depozita\u021bi \u00eentr-un <strong data-start=\"2742\" data-end=\"2761\">loc r\u0103coros \u0219i uscat<\/strong> (20\u201325\u00b0C), ferit de lumina solar\u0103<\/p>\n<\/li>\n<li data-start=\"2794\" data-end=\"2835\">\n<p data-start=\"2796\" data-end=\"2835\">Utiliza\u021bi doar din <strong data-start=\"2814\" data-end=\"2833\">sticla original\u0103<\/strong><\/p>\n<\/li>\n<li data-start=\"2836\" data-end=\"2888\">\n<p data-start=\"2838\" data-end=\"2888\">Valabilitate: <strong data-start=\"2850\" data-end=\"2861\">3 ani<\/strong> de la data producerii<\/p>\n<\/li>\n<\/ul>\n<h3 data-start=\"2895\" data-end=\"2922\"><strong data-start=\"2899\" data-end=\"2922\">Tabel rezumat rapid<\/strong><\/h3>\n<div class=\"_tableContainer_16hzy_1\">\n<div class=\"_tableWrapper_16hzy_14 group flex w-fit flex-col-reverse\" tabindex=\"-1\">\n<table class=\"w-fit min-w-(--thread-content-width)\" data-start=\"2924\" data-end=\"3171\">\n<thead data-start=\"2924\" data-end=\"2943\">\n<tr data-start=\"2924\" data-end=\"2943\">\n<th data-start=\"2924\" data-end=\"2932\" data-col-size=\"sm\">Utilizare<\/th>\n<th data-start=\"2932\" data-end=\"2943\" data-col-size=\"sm\">Beneficiu<\/th>\n<\/tr>\n<\/thead>\n<tbody data-start=\"2965\" data-end=\"3171\">\n<tr data-start=\"2965\" data-end=\"3023\">\n<td data-start=\"2965\" data-end=\"2988\" data-col-size=\"sm\">\u00cen\u021bep\u0103turi insecte, erup\u021bie termic\u0103<\/td>\n<td data-col-size=\"sm\" data-start=\"2988\" data-end=\"3023\">Amelioreaz\u0103 m\u00e2nc\u0103rimile &#038; inflama\u021biile<\/td>\n<\/tr>\n<tr data-start=\"3024\" data-end=\"3075\">\n<td data-start=\"3024\" data-end=\"3045\" data-col-size=\"sm\">Reac\u021bii alergice<\/td>\n<td data-col-size=\"sm\" data-start=\"3045\" data-end=\"3075\">Calmeaz\u0103 ro\u0219ea\u021ba &#038; irita\u021biile<\/td>\n<\/tr>\n<tr data-start=\"3076\" data-end=\"3120\">\n<td data-start=\"3076\" data-end=\"3092\" data-col-size=\"sm\">Acnee sau puncte<\/td>\n<td data-col-size=\"sm\" data-start=\"3092\" data-end=\"3120\">Usc\u0103 u\u0219or \u0219i calmeaz\u0103<\/td>\n<\/tr>\n<tr data-start=\"3121\" data-end=\"3171\">\n<td data-start=\"3121\" data-end=\"3136\" data-col-size=\"sm\">R\u0103ni minore<\/td>\n<td data-col-size=\"sm\" data-start=\"3136\" data-end=\"3171\">Adaug\u0103 protec\u021bie dup\u0103 cur\u0103\u021bare<\/td>\n<\/tr>\n<\/tbody>\n<\/table>\n<div class=\"sticky end-(--thread-content-margin) h-0 self-end select-none\">\n<div class=\"absolute end-0 flex items-end\"><\/div>\n<\/div>\n<\/div>\n<\/div>\n<h3 data-start=\"3178\" data-end=\"3219\"><strong data-start=\"3182\" data-end=\"3219\">De ce s\u0103 alege\u021bi Lo\u021biunea cu calamin\u0103 TNERH?<\/strong><\/h3>\n<ul data-start=\"3220\" data-end=\"3445\">\n<li data-start=\"3220\" data-end=\"3278\">\n<p data-start=\"3222\" data-end=\"3278\"> Format mare <strong data-start=\"3231\" data-end=\"3242\">1000 ml<\/strong> \u2013 perfect pentru cas\u0103 sau clinic\u0103<\/p>\n<\/li>\n<li data-start=\"3279\" data-end=\"3313\">\n<p data-start=\"3281\" data-end=\"3313\"> Cu m\u00e2ndrie <strong data-start=\"3294\" data-end=\"3311\">Fabricat \u00een Egipt<\/strong><\/p>\n<\/li>\n<li data-start=\"3314\" data-end=\"3363\">\n<p data-start=\"3316\" data-end=\"3363\"> Lo\u021biune roz iconic\u0103 pentru ameliorare instantanee a pielii<\/p>\n<\/li>\n<li data-start=\"3364\" data-end=\"3399\">\n<p data-start=\"3366\" data-end=\"3399\"> Ideal\u0103 pentru <strong data-start=\"3379\" data-end=\"3397\">toate tipurile de piele<\/strong><\/p>\n<\/li>\n<li data-start=\"3400\" data-end=\"3445\">\n<p data-start=\"3402\" data-end=\"3445\"> \u00cembog\u0103\u021bit\u0103 cu <strong data-start=\"3419\" data-end=\"3443\">Bentonit\u0103 &#038; Glicerin\u0103<\/strong><\/p>\n<\/li>\n<li data-start=\"3472\" data-end=\"3520\">\n<p data-start=\"3474\" data-end=\"3520\"><strong data-start=\"3474\" data-end=\"3494\">Produs cosmetic<\/strong> | <strong data-start=\"3497\" data-end=\"3518\">Doar uz extern<\/strong><\/p>\n<\/li>\n<\/ul>\n<h2 data-start=\"3575\" data-end=\"3606\"><strong data-start=\"3578\" data-end=\"3606\">Calm. Calmeaz\u0103. Protejeaz\u0103.<\/strong><\/h2>\n<p data-start=\"3607\" data-end=\"3765\">Aduce\u021bi acas\u0103 <strong data-start=\"3618\" data-end=\"3643\">Lo\u021biunea cu calamin\u0103 TNERH<\/strong> \u0219i trata\u021bi-v\u0103 pielea cu \u00eengrijire bl\u00e2nd\u0103 \u0219i de durat\u0103. Spune\u021bi adio m\u00e2nc\u0103rimilor \u0219i irita\u021biilor \u2014 \u0219i bine a\u021bi venit confortului, \u00een mod natural.<\/p>\n<p style=\"text-align: center;\">Mul\u021bumim c\u0103 a\u021bi cump\u0103rat de la <a href=\"https:\/\/bazaar.express\/ro\/\">Bazaar Express<\/a> \u2013 suntem \u00eenc\u00e2nta\u021bi s\u0103 v\u0103 avem!<\/p>\n<p style=\"text-align: center;\">C\u0103l\u0103toria voastr\u0103 spre o auto\u00eengrijire mai bun\u0103 \u00eencepe aici \u2014 cu <a href=\"https:\/\/bazaar.express\/product-category\/beauty-care\/\">Beauty &#038; Care<\/a> de \u00eencredere.<\/p>\n","protected":false},"excerpt":{"rendered":"<h3 data-start=\"352\" data-end=\"594\">Ob\u021bine\u021bi ameliorare cu ac\u021biune rapid\u0103 cu Lo\u021biunea cu calamin\u0103 TNERH. \u00cembog\u0103\u021bit\u0103 cu oxid de zinc, bentonit\u0103 \u0219i glicerin\u0103 pentru a calma irita\u021biile, a alina m\u00e2nc\u0103rimile \u0219i a hidrata pielea uscat\u0103. Sigur\u0103 pentru copii \u0219i adul\u021bi. Sticl\u0103 de 1000 ml \u2013 ideal\u0103 pentru acas\u0103 sau clinic\u0103.<\/h3>\n","protected":false},"featured_media":38868,"comment_status":"open","ping_status":"closed","template":"","meta":[],"product_brand":[],"product_cat":[1145,1151,1147,1146],"product_tag":[1210,1211,1208,1209],"class_list":{"0":"post-38867","1":"product","2":"type-product","3":"status-publish","4":"has-post-thumbnail","6":"product_cat-ingrijire-frumusete","7":"product_cat-cele-mai-bune-din-egipt","8":"product_cat-esentiale-pentru-plaja","9":"product_cat-uleiuri-terapeutice","10":"product_tag-ingrijire-a-pielii","11":"product_tag-ingrijire-de-frumusete","12":"product_tag-ulei","13":"product_tag-ulei-natural","15":"first","16":"instock","17":"shipping-taxable","18":"purchasable","19":"product-type-simple"},"_links":{"self":[{"href":"https:\/\/bazaar.express\/ro\/wp-json\/wp\/v2\/product\/38867","targetHints":{"allow":["GET"]}}],"collection":[{"href":"https:\/\/bazaar.express\/ro\/wp-json\/wp\/v2\/product"}],"about":[{"href":"https:\/\/bazaar.express\/ro\/wp-json\/wp\/v2\/types\/product"}],"replies":[{"embeddable":true,"href":"https:\/\/bazaar.express\/ro\/wp-json\/wp\/v2\/comments?post=38867"}],"wp:featuredmedia":[{"embeddable":true,"href":"https:\/\/bazaar.express\/ro\/wp-json\/wp\/v2\/media\/38868"}],"wp:attachment":[{"href":"https:\/\/bazaar.express\/ro\/wp-json\/wp\/v2\/media?parent=38867"}],"wp:term":[{"taxonomy":"product_brand","embeddable":true,"href":"https:\/\/bazaar.express\/ro\/wp-json\/wp\/v2\/product_brand?post=38867"},{"taxonomy":"product_cat","embeddable":true,"href":"https:\/\/bazaar.express\/ro\/wp-json\/wp\/v2\/product_cat?post=38867"},{"taxonomy":"product_tag","embeddable":true,"href":"https:\/\/bazaar.express\/ro\/wp-json\/wp\/v2\/product_tag?post=38867"}],"curies":[{"name":"wp","href":"https:\/\/api.w.org\/{rel}","templated":true}]}}