{"id":38871,"date":"2025-08-16T12:52:42","date_gmt":"2025-08-16T12:52:42","guid":{"rendered":"https:\/\/bazaar.express\/product\/argan-oil-cream\/"},"modified":"2025-08-16T12:52:42","modified_gmt":"2025-08-16T12:52:42","slug":"argan-oil-cream","status":"publish","type":"product","link":"https:\/\/bazaar.express\/ro\/produs\/argan-oil-cream\/","title":{"rendered":"Crem\u0103 cu Ulei de Argan"},"content":{"rendered":"<h2 data-start=\"157\" data-end=\"222\">Crem\u0103 cu Ulei de Argan \u2013 Secretul Naturii pentru Piele Str\u0103lucitoare \u0219i S\u0103n\u0103toas\u0103<\/h2>\n<h3 data-start=\"224\" data-end=\"254\">Ce este Crema cu Ulei de Argan?<\/h3>\n<p data-start=\"255\" data-end=\"600\">Crem\u0103 cu Ulei de Argan este un produs luxos de \u00eengrijire a pielii, \u00eembog\u0103\u021bit cu puterea natural\u0103 a uleiului pur de argan, cunoscut drept &#8220;aur lichid&#8221;. Aceast\u0103 crem\u0103 este conceput\u0103 cu grij\u0103 pentru a proteja, hidrata \u0219i rejuvenca pielea, rezolv\u00e2nd multiple probleme cutanate. Cu textura sa u\u0219oar\u0103 \u0219i formula bogat\u0103 \u00een nutrien\u021bi, este ideal\u0103 pentru utilizare zilnic\u0103 pe toate tipurile de piele.<\/p>\n<h3 data-start=\"602\" data-end=\"639\">Beneficiile Cheie ale Cremei cu Ulei de Argan<\/h3>\n<p data-start=\"640\" data-end=\"715\">Crem\u0103 noastr\u0103 <strong data-start=\"644\" data-end=\"663\">cu Ulei de Argan<\/strong> ofer\u0103 o gam\u0103 larg\u0103 de beneficii naturale pentru \u00eengrijirea pielii:<\/p>\n<ul data-start=\"716\" data-end=\"1326\">\n<li data-start=\"716\" data-end=\"818\">\n<p data-start=\"718\" data-end=\"818\"><strong data-start=\"721\" data-end=\"749\">Protejeaz\u0103 de daunele solare<\/strong> \u2013 Bogat\u0103 \u00een antioxidan\u021bi care v\u0103 ap\u0103r\u0103 pielea de razele UV d\u0103un\u0103toare.<\/p>\n<\/li>\n<li data-start=\"819\" data-end=\"902\">\n<p data-start=\"821\" data-end=\"902\"><strong data-start=\"824\" data-end=\"851\">Hidrateaz\u0103 profund pielea<\/strong> \u2013 Asigur\u0103 hidratare de durat\u0103 f\u0103r\u0103 senza\u021bie gras\u0103.<\/p>\n<\/li>\n<li data-start=\"903\" data-end=\"984\">\n<p data-start=\"905\" data-end=\"984\"><strong data-start=\"908\" data-end=\"934\">Trateaz\u0103 afec\u021biunile pielii<\/strong> \u2013 Ajut\u0103 la calmarea eczemelor, usc\u0103ciunii \u0219i irita\u021biilor.<\/p>\n<\/li>\n<li data-start=\"985\" data-end=\"1069\">\n<p data-start=\"987\" data-end=\"1069\"><strong data-start=\"990\" data-end=\"1005\">Combate acneea<\/strong> \u2013 Reduce \u00een mod natural inflama\u021bia \u0219i echilibreaz\u0103 pielea gras\u0103.<\/p>\n<\/li>\n<li data-start=\"1070\" data-end=\"1159\">\n<p data-start=\"1072\" data-end=\"1159\"><strong data-start=\"1075\" data-end=\"1109\">Vindec\u0103 infec\u021biile \u0219i r\u0103nile pielii<\/strong> \u2013 Promoveaz\u0103 repararea \u0219i regenerarea rapid\u0103 a pielii.<\/p>\n<\/li>\n<li data-start=\"1160\" data-end=\"1242\">\n<p data-start=\"1162\" data-end=\"1242\"><strong data-start=\"1165\" data-end=\"1194\">Calmeaz\u0103 dermatita atopic\u0103<\/strong> \u2013 Amelioreaz\u0103 ro\u0219ea\u021ba, m\u00e2nc\u0103rimea \u0219i sensibilitatea.<\/p>\n<\/li>\n<li data-start=\"1243\" data-end=\"1326\">\n<p data-start=\"1245\" data-end=\"1326\"><strong data-start=\"1247\" data-end=\"1269\">Efecte anti-\u00eemb\u0103tr\u00e2nire<\/strong> \u2013 Reduce liniile fine \u0219i restabile\u0219te elasticitatea tinereasc\u0103.<\/p>\n<\/li>\n<\/ul>\n<h3 data-start=\"1328\" data-end=\"1379\">Ingrediente Naturale pentru Eficacitate Maxim\u0103<\/h3>\n<p data-start=\"1380\" data-end=\"1554\">Crem\u0103 noastr\u0103 combin\u0103 <strong data-start=\"1399\" data-end=\"1441\">Ulei de Argan, Ulei de Nigella \u0219i Cear\u0103 de Albine<\/strong>, cre\u00e2nd o formul\u0103 unic\u0103 care hr\u0103ne\u0219te, protejeaz\u0103 \u0219i repar\u0103 pielea. Fiecare ingredient joac\u0103 un rol esen\u021bial:<\/p>\n<ul data-start=\"1555\" data-end=\"1789\">\n<li data-start=\"1555\" data-end=\"1628\">\n<p data-start=\"1557\" data-end=\"1628\"><strong data-start=\"1557\" data-end=\"1570\">Ulei de Argan<\/strong> \u2013 Bogat \u00een vitamina E, acizi gra\u0219i \u0219i antioxidan\u021bi.<\/p>\n<\/li>\n<li data-start=\"1629\" data-end=\"1709\">\n<p data-start=\"1631\" data-end=\"1709\"><strong data-start=\"1631\" data-end=\"1649\">Ulei de Nigella<\/strong> \u2013 Renumit pentru propriet\u0103\u021bile sale vindec\u0103toare \u0219i antiinflamatoare.<\/p>\n<\/li>\n<li data-start=\"1710\" data-end=\"1789\">\n<p data-start=\"1712\" data-end=\"1789\"><strong data-start=\"1712\" data-end=\"1723\">Cear\u0103 de Albine<\/strong> \u2013 Retine umiditatea form\u00e2nd o barier\u0103 protectoare natural\u0103.<\/p>\n<\/li>\n<\/ul>\n<h3 data-start=\"1791\" data-end=\"1823\">Cum se utilizeaz\u0103 Crema cu Ulei de Argan<\/h3>\n<ol data-start=\"1824\" data-end=\"2062\">\n<li data-start=\"1824\" data-end=\"1873\">\n<p data-start=\"1827\" data-end=\"1873\">Cur\u0103\u021ba\u021bi pielea cu bl\u00e2nde\u021be \u00eenainte de aplicare.<\/p>\n<\/li>\n<li data-start=\"1874\" data-end=\"1937\">\n<p data-start=\"1877\" data-end=\"1937\">Aplica\u021bi o cantitate mic\u0103 de crem\u0103 pe fa\u021b\u0103, g\u00e2t sau corp.<\/p>\n<\/li>\n<li data-start=\"1938\" data-end=\"1992\">\n<p data-start=\"1941\" data-end=\"1992\">Masa\u021bi prin mi\u0219c\u0103ri circulare p\u00e2n\u0103 la absorb\u021bie complet\u0103.<\/p>\n<\/li>\n<li data-start=\"1993\" data-end=\"2062\">\n<p data-start=\"1996\" data-end=\"2062\">Utiliza\u021bi zilnic \u2013 diminea\u021ba \u00eenainte de machiaj sau seara pentru hidratare profund\u0103.<\/p>\n<\/li>\n<\/ol>\n<h3 data-start=\"2064\" data-end=\"2101\">De ce s\u0103 alegi Crem\u0103 noastr\u0103 cu Ulei de Argan?<\/h3>\n<p data-start=\"2102\" data-end=\"2354\">Creat\u0103 de <strong data-start=\"2113\" data-end=\"2132\">Halla Cleopatra<\/strong>, aceast\u0103 crem\u0103 este inspirat\u0103 din ritualurile naturale de frumuse\u021be egiptene. Textura sa m\u0103t\u0103soas\u0103 \u0219i parfumul natural o fac o pl\u0103cere de utilizat zilnic. Perfect\u0103 pentru cei care doresc o piele mai s\u0103n\u0103toas\u0103, str\u0103lucitoare \u0219i t\u00e2n\u0103r\u0103 \u00een mod natural.<\/p>\n<h3 data-start=\"2356\" data-end=\"2377\">Detalii Produs<\/h3>\n<ul data-start=\"2378\" data-end=\"2542\">\n<li data-start=\"2378\" data-end=\"2408\">\n<p data-start=\"2380\" data-end=\"2408\"><strong data-start=\"2380\" data-end=\"2390\">Brand:<\/strong> Halla Cleopatra<\/p>\n<\/li>\n<li data-start=\"2409\" data-end=\"2427\">\n<p data-start=\"2411\" data-end=\"2427\"><strong data-start=\"2411\" data-end=\"2420\">Dimensiune:<\/strong> 250g<\/p>\n<\/li>\n<li data-start=\"2428\" data-end=\"2465\">\n<p data-start=\"2430\" data-end=\"2465\"><strong data-start=\"2430\" data-end=\"2441\">Origine:<\/strong> Fabricat\u0103 cu m\u00e2ndrie \u00een Egipt<\/p>\n<\/li>\n<li data-start=\"2466\" data-end=\"2512\">\n<p data-start=\"2468\" data-end=\"2512\"><strong data-start=\"2468\" data-end=\"2481\">Categorie:<\/strong> \u00cengrijire Natural\u0103 a Pielii &#038; Cosmetice<\/p>\n<\/li>\n<li data-start=\"2513\" data-end=\"2542\">\n<p data-start=\"2515\" data-end=\"2542\"><strong data-start=\"2515\" data-end=\"2540\">Doar pentru uz extern<\/strong><\/p>\n<\/li>\n<\/ul>\n<h3 data-start=\"2544\" data-end=\"2594\">Cuvinte Finale \u2013 Descoperi\u021bi Puterea Naturii<\/h3>\n<p data-start=\"2595\" data-end=\"2850\">Crem\u0103 noastr\u0103 <strong data-start=\"2599\" data-end=\"2618\">cu Ulei de Argan<\/strong> este mai mult dec\u00e2t o simpl\u0103 crem\u0103 de \u00eengrijire; este un secret de frumuse\u021be natural transmis din genera\u021bie \u00een genera\u021bie. Fie c\u0103 dori\u021bi s\u0103 combate\u021bi usc\u0103ciunea, s\u0103 reduce\u021bi semnele \u00eemb\u0103tr\u00e2nirii sau s\u0103 men\u021bine\u021bi pielea moale \u0219i str\u0103lucitoare, aceast\u0103 crem\u0103 este companionul perfect zilnic.<\/p>\n<p data-start=\"2852\" data-end=\"2944\">&nbsp;Ad\u0103uga\u021bi-o \u00een rutina dvs. ast\u0103zi \u0219i l\u0103sa\u021bi pielea s\u0103 str\u0103luceasc\u0103 cu magia natural\u0103 a uleiului de argan!<\/p>\n<p style=\"text-align: center;\">Mul\u021bumim c\u0103 a\u021bi cump\u0103rat de la <a href=\"https:\/\/bazaar.express\/ro\/\">Bazaar Express<\/a> \u2013 suntem \u00eenc\u00e2nta\u021bi s\u0103 v\u0103 avem al\u0103turi!<\/p>\n<p style=\"text-align: center;\">C\u0103l\u0103toria dvs. spre o auto\u00eengrijire mai bun\u0103 \u00eencepe aici \u2013 cu <a href=\"https:\/\/bazaar.express\/product-category\/beauty-care\/\">Frumuse\u021be &#038; \u00cengrijire<\/a> de \u00eencredere.<\/p>\n","protected":false},"excerpt":{"rendered":"<h3 data-start=\"375\" data-end=\"530\">O crem\u0103 hr\u0103nitoare <strong data-start=\"388\" data-end=\"407\">cu Ulei de Argan<\/strong> \u00eembog\u0103\u021bit\u0103 cu ulei de nigella \u0219i cear\u0103 de albine. Ofer\u0103 hidratare profund\u0103, combate \u00eemb\u0103tr\u00e2nirea, calmeaz\u0103 irita\u021biile \u0219i las\u0103 pielea str\u0103lucitoare.<\/h3>\n","protected":false},"featured_media":38872,"comment_status":"open","ping_status":"closed","template":"","meta":[],"product_brand":[],"product_cat":[1145,1151,1146],"product_tag":[1210,1211,1212,1220,1208],"class_list":{"0":"post-38871","1":"product","2":"type-product","3":"status-publish","4":"has-post-thumbnail","6":"product_cat-ingrijire-frumusete","7":"product_cat-cele-mai-bune-din-egipt","8":"product_cat-uleiuri-terapeutice","9":"product_tag-ingrijire-a-pielii","10":"product_tag-ingrijire-de-frumusete","11":"product_tag-lapte-de-camila","12":"product_tag-masaj","13":"product_tag-ulei","15":"first","16":"instock","17":"sale","18":"shipping-taxable","19":"purchasable","20":"product-type-simple"},"_links":{"self":[{"href":"https:\/\/bazaar.express\/ro\/wp-json\/wp\/v2\/product\/38871","targetHints":{"allow":["GET"]}}],"collection":[{"href":"https:\/\/bazaar.express\/ro\/wp-json\/wp\/v2\/product"}],"about":[{"href":"https:\/\/bazaar.express\/ro\/wp-json\/wp\/v2\/types\/product"}],"replies":[{"embeddable":true,"href":"https:\/\/bazaar.express\/ro\/wp-json\/wp\/v2\/comments?post=38871"}],"wp:featuredmedia":[{"embeddable":true,"href":"https:\/\/bazaar.express\/ro\/wp-json\/wp\/v2\/media\/38872"}],"wp:attachment":[{"href":"https:\/\/bazaar.express\/ro\/wp-json\/wp\/v2\/media?parent=38871"}],"wp:term":[{"taxonomy":"product_brand","embeddable":true,"href":"https:\/\/bazaar.express\/ro\/wp-json\/wp\/v2\/product_brand?post=38871"},{"taxonomy":"product_cat","embeddable":true,"href":"https:\/\/bazaar.express\/ro\/wp-json\/wp\/v2\/product_cat?post=38871"},{"taxonomy":"product_tag","embeddable":true,"href":"https:\/\/bazaar.express\/ro\/wp-json\/wp\/v2\/product_tag?post=38871"}],"curies":[{"name":"wp","href":"https:\/\/api.w.org\/{rel}","templated":true}]}}