{"id":38884,"date":"2025-08-11T13:15:23","date_gmt":"2025-08-11T13:15:23","guid":{"rendered":"https:\/\/bazaar.express\/product\/apple-cider-vinegar-cream\/"},"modified":"2025-08-11T13:15:23","modified_gmt":"2025-08-11T13:15:23","slug":"apple-cider-vinegar-cream","status":"publish","type":"product","link":"https:\/\/bazaar.express\/ro\/produs\/apple-cider-vinegar-cream\/","title":{"rendered":"Crem\u0103 cu o\u021bet de mere"},"content":{"rendered":"<h2 data-start=\"153\" data-end=\"238\">Crem\u0103 cu o\u021bet de mere \u2013 Ameliorare natural\u0103 pentru umfl\u0103turi, spasme \u0219i vene varicoase<\/h2>\n<h3 data-start=\"240\" data-end=\"301\">Descoperi\u021bi puterea o\u021betului de mere pentru \u00eengrijirea corpului<\/h3>\n<p data-start=\"302\" data-end=\"700\">O\u021betul de mere este utilizat de secole pentru beneficiile sale terapeutice. \u00cen <strong data-start=\"383\" data-end=\"429\">Crem\u0103 cu o\u021bet de mere Hurghada Bedwins<\/strong>, acest ingredient str\u0103vechi este combinat cu componente naturale puternice pentru a crea o crem\u0103 de masaj calmant\u0103 \u0219i eficient\u0103. Conceput\u0103 pentru a ajuta la ameliorarea umfl\u0103turilor, spasmelor musculare \u0219i \u00eembun\u0103t\u0103\u021birea circula\u021biei, este deosebit de benefic\u0103 pentru cei care se confrunt\u0103 cu <strong data-start=\"679\" data-end=\"697\">vene varicoase<\/strong>.<\/p>\n<h3 data-start=\"702\" data-end=\"743\">Formul\u0103 premium pentru ameliorare \u021bintit\u0103<\/h3>\n<p data-start=\"744\" data-end=\"922\">Crema noastr\u0103 combin\u0103 <strong data-start=\"761\" data-end=\"784\">o\u021bet de mere<\/strong>, <strong data-start=\"786\" data-end=\"797\">camfor<\/strong>, <strong data-start=\"799\" data-end=\"817\">ulei de eucalipt<\/strong>, <strong data-start=\"819\" data-end=\"830\">mentol<\/strong> \u0219i <strong data-start=\"836\" data-end=\"847\">cear\u0103 de albine<\/strong> \u00eentr-o textur\u0103 fin\u0103 \u0219i hr\u0103nitoare. Aceste ingrediente lucreaz\u0103 \u00een armonie pentru a:<\/p>\n<ul data-start=\"923\" data-end=\"1105\">\n<li data-start=\"923\" data-end=\"981\">\n<p data-start=\"925\" data-end=\"981\">Stimula circula\u021bia s\u00e2ngelui \u0219i ameliora disconfortul venelor varicoase<\/p>\n<\/li>\n<li data-start=\"982\" data-end=\"1018\">\n<p data-start=\"984\" data-end=\"1018\">Reduce umfl\u0103turile \u0219i inflama\u021biile<\/p>\n<\/li>\n<li data-start=\"1019\" data-end=\"1061\">\n<p data-start=\"1021\" data-end=\"1061\">Relaxa mu\u0219chii tensiona\u021bi \u0219i ameliora spasmele<\/p>\n<\/li>\n<li data-start=\"1062\" data-end=\"1105\">\n<p data-start=\"1064\" data-end=\"1105\">Oferi o senza\u021bie r\u0103coritoare<\/p>\n<\/li>\n<\/ul>\n<h3 data-start=\"1107\" data-end=\"1123\">Mod de utilizare<\/h3>\n<p data-start=\"1124\" data-end=\"1339\">Aplica\u021bi o cantitate potrivit\u0103 de crem\u0103 pe zona afectat\u0103. Masa\u021bi u\u0219or pe piele prin mi\u0219c\u0103ri circulare p\u00e2n\u0103 la absorb\u021bie complet\u0103. Pentru rezultate optime, utiliza\u021bi regulat pentru a men\u021bine o circula\u021bie s\u0103n\u0103toas\u0103 \u0219i a reduce disconfortul.<\/p>\n<h3 data-start=\"1341\" data-end=\"1362\">Detalii produs<\/h3>\n<ul data-start=\"1363\" data-end=\"1518\">\n<li data-start=\"1363\" data-end=\"1394\">\n<p data-start=\"1365\" data-end=\"1394\"><strong data-start=\"1365\" data-end=\"1375\">Brand:<\/strong> Hurghada Bedwins<\/p>\n<\/li>\n<li data-start=\"1395\" data-end=\"1413\">\n<p data-start=\"1397\" data-end=\"1413\"><strong data-start=\"1397\" data-end=\"1406\">Dimensiune:<\/strong> 150g<\/p>\n<\/li>\n<li data-start=\"1414\" data-end=\"1446\">\n<p data-start=\"1416\" data-end=\"1446\"><strong data-start=\"1416\" data-end=\"1444\">Fabricat cu m\u00e2ndrie \u00een Egipt<\/strong><\/p>\n<\/li>\n<li data-start=\"1447\" data-end=\"1492\">\n<p data-start=\"1449\" data-end=\"1492\"><strong data-start=\"1449\" data-end=\"1462\">Categorie:<\/strong> Masaj natural \u0219i \u00eengrijire corporal\u0103<\/p>\n<\/li>\n<li data-start=\"1493\" data-end=\"1518\">\n<p data-start=\"1495\" data-end=\"1518\">Doar pentru uz extern<\/p>\n<\/li>\n<\/ul>\n<h3 data-start=\"1520\" data-end=\"1580\">De ce s\u0103 alege\u021bi Crem\u0103 cu o\u021bet de mere Hurghada Bedwins?<\/h3>\n<p data-start=\"1581\" data-end=\"1856\">Hurghada Bedwins este dedicat cre\u0103rii de cosmetice naturale de \u00eenalt\u0103 calitate, inspirate din remedii tradi\u021bionale \u0219i \u00eembun\u0103t\u0103\u021bite cu tehnici moderne de formulare. Aceast\u0103 crem\u0103 este ideal\u0103 pentru cei care caut\u0103 o solu\u021bie sigur\u0103, eficient\u0103 \u0219i natural\u0103 pentru sus\u021binerea s\u0103n\u0103t\u0103\u021bii musculare \u0219i venoase.<\/p>\n<h3 data-start=\"1858\" data-end=\"1907\">Face\u021bi primul pas spre confort \u0219i ameliorare<\/h3>\n<p data-start=\"1908\" data-end=\"2068\">Nu l\u0103sa\u021bi umfl\u0103turile, spasmele sau venele varicoase s\u0103 v\u0103 \u00eencetineasc\u0103. Experimenta\u021bi puterea calmant\u0103 a <strong data-start=\"2002\" data-end=\"2031\">Crem\u0103 cu o\u021bet de mere<\/strong> \u0219i bucura\u021bi-v\u0103 de confortul meritat.<\/p>\n<p data-start=\"2070\" data-end=\"2145\"><strong data-start=\"2070\" data-end=\"2083\">Comanda\u021bi acum<\/strong> \u0219i aduce\u021bi atingerea vindec\u0103toare a Egiptului direct acas\u0103.<\/p>\n<p style=\"text-align: center;\">Mul\u021bumim c\u0103 a\u021bi cump\u0103rat de la <a href=\"https:\/\/bazaar.express\/ro\/\">Bazaar Express<\/a> \u2013 suntem \u00eenc\u00e2nta\u021bi s\u0103 v\u0103 avem al\u0103turi!<\/p>\n<p style=\"text-align: center;\">C\u0103l\u0103toria voastr\u0103 spre o \u00eengrijire de sine mai bun\u0103 \u00eencepe aici \u2014 cu <a href=\"https:\/\/bazaar.express\/product-category\/beauty-care\/\">Frumuse\u021be &#038; \u00cengrijire<\/a> de \u00eencredere.<\/p>\n","protected":false},"excerpt":{"rendered":"<h3 data-start=\"399\" data-end=\"551\">Crem\u0103 de masaj cu o\u021bet de mere Hurghada Bedwins \u2013 150g. Amelioreaz\u0103 venele varicoase, umfl\u0103turile \u0219i spasmele cu un amestec calmant de ingrediente naturale.<\/h3>\n","protected":false},"featured_media":38885,"comment_status":"open","ping_status":"closed","template":"","meta":[],"product_brand":[],"product_cat":[1145,1151,1153,1146],"product_tag":[1210,1211,1212,1208],"class_list":{"0":"post-38884","1":"product","2":"type-product","3":"status-publish","4":"has-post-thumbnail","6":"product_cat-ingrijire-frumusete","7":"product_cat-cele-mai-bune-din-egipt","8":"product_cat-oferte-speciale","9":"product_cat-uleiuri-terapeutice","10":"product_tag-ingrijire-a-pielii","11":"product_tag-ingrijire-de-frumusete","12":"product_tag-lapte-de-camila","13":"product_tag-ulei","15":"first","16":"instock","17":"sale","18":"shipping-taxable","19":"purchasable","20":"product-type-simple"},"_links":{"self":[{"href":"https:\/\/bazaar.express\/ro\/wp-json\/wp\/v2\/product\/38884","targetHints":{"allow":["GET"]}}],"collection":[{"href":"https:\/\/bazaar.express\/ro\/wp-json\/wp\/v2\/product"}],"about":[{"href":"https:\/\/bazaar.express\/ro\/wp-json\/wp\/v2\/types\/product"}],"replies":[{"embeddable":true,"href":"https:\/\/bazaar.express\/ro\/wp-json\/wp\/v2\/comments?post=38884"}],"wp:featuredmedia":[{"embeddable":true,"href":"https:\/\/bazaar.express\/ro\/wp-json\/wp\/v2\/media\/38885"}],"wp:attachment":[{"href":"https:\/\/bazaar.express\/ro\/wp-json\/wp\/v2\/media?parent=38884"}],"wp:term":[{"taxonomy":"product_brand","embeddable":true,"href":"https:\/\/bazaar.express\/ro\/wp-json\/wp\/v2\/product_brand?post=38884"},{"taxonomy":"product_cat","embeddable":true,"href":"https:\/\/bazaar.express\/ro\/wp-json\/wp\/v2\/product_cat?post=38884"},{"taxonomy":"product_tag","embeddable":true,"href":"https:\/\/bazaar.express\/ro\/wp-json\/wp\/v2\/product_tag?post=38884"}],"curies":[{"name":"wp","href":"https:\/\/api.w.org\/{rel}","templated":true}]}}