{"id":38892,"date":"2025-05-12T15:56:52","date_gmt":"2025-05-12T15:56:52","guid":{"rendered":"https:\/\/bazaar.express\/product\/ierburi-pentru-slabire\/"},"modified":"2025-12-29T12:00:11","modified_gmt":"2025-12-29T12:00:11","slug":"ierburi-pentru-slabit","status":"publish","type":"product","link":"https:\/\/bazaar.express\/ro\/produs\/ierburi-pentru-slabit\/","title":{"rendered":"Ierburi pentru sl\u0103bit"},"content":{"rendered":"<h2 class=\"\" data-start=\"98\" data-end=\"182\"><strong data-start=\"101\" data-end=\"182\">Ierburi pentru sl\u0103bit \u2013 Amestec herbal egiptenesc 100% natural pentru sl\u0103bire eficient\u0103<\/strong><\/h2>\n<p class=\"\" data-start=\"184\" data-end=\"541\">Descoperi\u021bi puterea <strong data-start=\"206\" data-end=\"224\">Ierburi pentru sl\u0103bit<\/strong>, un amestec herbal 100% natural selectat cu grij\u0103 din ingrediente egiptene \u0219i disponibil exclusiv la <strong data-start=\"328\" data-end=\"346\">Bazaar Express<\/strong>. Acest ceai herbal este solu\u021bia dvs. sigur\u0103, f\u0103r\u0103 chimicale, pentru sl\u0103bire s\u0103n\u0103toas\u0103. Cu utilizare constant\u0103, garant\u0103m <strong data-start=\"449\" data-end=\"494\">rezultate vizibile \u00een una s\u0103pt\u0103m\u00e2n\u0103<\/strong>, mai ales c\u00e2nd este combinat cu obiceiuri s\u0103n\u0103toase.<\/p>\n<p class=\"\" data-start=\"543\" data-end=\"664\">Fiecare pung\u0103 c\u00e2nt\u0103re\u0219te <strong data-start=\"559\" data-end=\"572\">250 grame<\/strong>, suficient pentru a prepara aproximativ <strong data-start=\"606\" data-end=\"620\">40\u201350 ce\u0219ti<\/strong>, \u00een func\u021bie de cantitatea folosit\u0103 per por\u021bie.<\/p>\n<h3 class=\"\" data-start=\"671\" data-end=\"724\"><strong data-start=\"678\" data-end=\"724\">Formula exclusiv\u0103 \u2013 Doar la Bazaar Express<\/strong><\/h3>\n<p class=\"\" data-start=\"726\" data-end=\"991\">Acest amestec este <strong data-start=\"740\" data-end=\"761\">re\u021beta noastr\u0103 secret\u0103<\/strong>, dezvoltat\u0103 cu grij\u0103 pentru a combina ierburi cunoscute pentru propriet\u0103\u021bile lor de stimulare a metabolismului \u0219i ardere a gr\u0103similor. De\u0219i nu \u00eemp\u0103rt\u0103\u0219im m\u0103surile exacte, list\u0103m m\u00e2ndri <strong data-start=\"929\" data-end=\"960\">ingredientele noastre naturale premium<\/strong> \u0219i beneficiile lor individuale:<\/p>\n<h3 class=\"\" data-start=\"998\" data-end=\"1041\"><strong data-start=\"1005\" data-end=\"1041\">Ingrediente cheie \u0219i beneficiile lor<\/strong><\/h3>\n<ul data-start=\"1043\" data-end=\"1612\">\n<li class=\"\" data-start=\"1043\" data-end=\"1174\">\n<p class=\"\" data-start=\"1045\" data-end=\"1174\"><strong data-start=\"1045\" data-end=\"1054\">Chimen<\/strong><br data-start=\"1054\" data-end=\"1057\" \/>Accelereaz\u0103 metabolismul, \u00eembun\u0103t\u0103\u021be\u0219te digestia \u0219i reduce balonarea. Ajut\u0103 la descompunerea gr\u0103similor \u0219i reglarea zah\u0103rului din s\u00e2nge.<\/p>\n<\/li>\n<li class=\"\" data-start=\"1176\" data-end=\"1295\">\n<p class=\"\" data-start=\"1178\" data-end=\"1295\"><strong data-start=\"1178\" data-end=\"1188\">Fenicul<\/strong><br data-start=\"1188\" data-end=\"1191\" \/>Suprimant natural al apetitului \u0219i detoxifiant. Ajut\u0103 la reducerea reten\u021biei de ap\u0103 \u0219i sus\u021bine pierderea gr\u0103similor.<\/p>\n<\/li>\n<li class=\"\" data-start=\"1297\" data-end=\"1400\">\n<p class=\"\" data-start=\"1299\" data-end=\"1400\"><strong data-start=\"1299\" data-end=\"1307\">Ment\u0103<\/strong><br data-start=\"1307\" data-end=\"1310\" \/>Re\u00eemprosp\u0103teaz\u0103, calmeaz\u0103 digestia \u0219i ajut\u0103 la gestionarea poftelor. Sus\u021bine natural un intestin s\u0103n\u0103tos.<\/p>\n<\/li>\n<li class=\"\" data-start=\"1402\" data-end=\"1516\">\n<p class=\"\" data-start=\"1404\" data-end=\"1516\"><strong data-start=\"1404\" data-end=\"1414\">Ghimbir<\/strong><br data-start=\"1414\" data-end=\"1417\" \/>Accelereaz\u0103 arderea gr\u0103similor, reduce apetitul \u0219i sus\u021bine un r\u0103spuns mai bun al insulinei pentru metabolismul gr\u0103similor.<\/p>\n<\/li>\n<li class=\"\" data-start=\"1518\" data-end=\"1612\">\n<p class=\"\" data-start=\"1520\" data-end=\"1612\"><strong data-start=\"1520\" data-end=\"1532\">Scor\u021bi\u0219oar\u0103<\/strong><br data-start=\"1532\" data-end=\"1535\" \/>Regleaz\u0103 zah\u0103rul din s\u00e2nge, reduce poftele \u0219i v\u0103 \u021bine s\u0103tul mai mult timp.<\/p>\n<\/li>\n<\/ul>\n<h3 class=\"\" data-start=\"1619\" data-end=\"1664\">\u2705 <strong data-start=\"1625\" data-end=\"1664\">De ce s\u0103 alege\u021bi ceaiul nostru de sl\u0103bit herbal?<\/strong><\/h3>\n<p class=\"\" data-start=\"1666\" data-end=\"1917\">\u2714 100% Natural, Sigur &#038; F\u0103r\u0103 Cafein\u0103<br data-start=\"1707\" data-end=\"1710\" \/>\u2714 F\u0103r\u0103 Chimicale, Aditivi sau Conservan\u021bi<br data-start=\"1753\" data-end=\"1756\" \/>\u2714 Sigur pentru Diabetici<br data-start=\"1776\" data-end=\"1779\" \/>\u2714 F\u0103r\u0103 Efecte Secundare<br data-start=\"1796\" data-end=\"1799\" \/>\u2714 Ajut\u0103 la Digestie &#038; Detoxifiere<br data-start=\"1832\" data-end=\"1835\" \/>\u2714 Cre\u0219te Energia &#038; Metabolismul<br data-start=\"1863\" data-end=\"1866\" \/>\u2714 Exclusiv la <strong data-start=\"1881\" data-end=\"1899\">Bazaar Express<\/strong><br data-start=\"1899\" data-end=\"1902\" \/>\u2714 Fabricat \u00een Egipt<\/p>\n<h3 class=\"\" data-start=\"1924\" data-end=\"1944\"><strong data-start=\"1930\" data-end=\"1944\">Cum se folose\u0219te<\/strong><\/h3>\n<p class=\"\" data-start=\"1946\" data-end=\"1952\">Be\u021bi:<\/p>\n<ul data-start=\"1953\" data-end=\"2065\">\n<li class=\"\" data-start=\"1953\" data-end=\"1985\">\n<p class=\"\" data-start=\"1955\" data-end=\"1985\">O cea\u0219c\u0103 <strong data-start=\"1963\" data-end=\"1983\">\u00eenainte de micul dejun<\/strong><\/p>\n<\/li>\n<li class=\"\" data-start=\"1986\" data-end=\"2015\">\n<p class=\"\" data-start=\"1988\" data-end=\"2015\">O cea\u0219c\u0103 <strong data-start=\"1996\" data-end=\"2013\">\u00eenainte de cin\u0103<\/strong><\/p>\n<\/li>\n<li class=\"\" data-start=\"2016\" data-end=\"2065\">\n<p class=\"\" data-start=\"2018\" data-end=\"2065\">(Op\u021bional) O cea\u0219c\u0103 <strong data-start=\"2037\" data-end=\"2047\">la pr\u00e2nz<\/strong> pentru suport suplimentar<\/p>\n<\/li>\n<\/ul>\n<p class=\"\" data-start=\"2067\" data-end=\"2122\">Utiliza\u021bi constant timp de <strong data-start=\"2088\" data-end=\"2098\">7 zile<\/strong> pentru a vedea rezultate vizibile.<\/p>\n<blockquote data-start=\"2124\" data-end=\"2182\">\n<p class=\"\" data-start=\"2126\" data-end=\"2182\"><em data-start=\"2126\" data-end=\"2182\">Not\u0103: Nu este nevoie s\u0103 cl\u0103ti\u021bi ierburile. Prepara\u021bi proasp\u0103t de fiecare dat\u0103.<\/em><\/p>\n<\/blockquote>\n<h3 class=\"\" data-start=\"2189\" data-end=\"2215\"><strong data-start=\"2196\" data-end=\"2215\">Detalii produs<\/strong><\/h3>\n<ul data-start=\"2217\" data-end=\"2340\">\n<li class=\"\" data-start=\"2217\" data-end=\"2237\">\n<p class=\"\" data-start=\"2219\" data-end=\"2237\"><strong data-start=\"2219\" data-end=\"2229\">Greutate<\/strong>: 250g<\/p>\n<\/li>\n<li class=\"\" data-start=\"2238\" data-end=\"2268\">\n<p class=\"\" data-start=\"2240\" data-end=\"2268\"><strong data-start=\"2240\" data-end=\"2248\">Form\u0103<\/strong>: Amestec herbal uscat<\/p>\n<\/li>\n<li class=\"\" data-start=\"2269\" data-end=\"2298\">\n<p class=\"\" data-start=\"2271\" data-end=\"2298\"><strong data-start=\"2271\" data-end=\"2281\">Origine<\/strong>: Fabricat \u00een Egipt<\/p>\n<\/li>\n<li class=\"\" data-start=\"2299\" data-end=\"2340\">\n<p class=\"\" data-start=\"2301\" data-end=\"2340\"><strong data-start=\"2301\" data-end=\"2324\">V\u00e2ndut exclusiv de<\/strong>: Bazaar Express<\/p>\n<\/li>\n<\/ul>\n<h3 class=\"\" data-start=\"2514\" data-end=\"2548\"><strong data-start=\"2521\" data-end=\"2548\">Sfaturi pentru rezultate mai bune<\/strong><\/h3>\n<ul data-start=\"2550\" data-end=\"2652\">\n<li class=\"\" data-start=\"2550\" data-end=\"2582\">\n<p class=\"\" data-start=\"2552\" data-end=\"2582\">Limita\u021bi alimentele pr\u0103jite \u0219i dulciurile<\/p>\n<\/li>\n<li class=\"\" data-start=\"2583\" data-end=\"2600\">\n<p class=\"\" data-start=\"2585\" data-end=\"2600\">R\u0103m\u00e2ne\u021bi hidrata\u021bi<\/p>\n<\/li>\n<li class=\"\" data-start=\"2601\" data-end=\"2652\">\n<p class=\"\" data-start=\"2603\" data-end=\"2652\">Combina\u021bi cu activitate u\u0219oar\u0103 pentru beneficii \u00eembun\u0103t\u0103\u021bite<\/p>\n<\/li>\n<\/ul>\n<h3 class=\"\" data-start=\"2659\" data-end=\"2680\"> Sigur &#038; De \u00eencredere<\/h3>\n<p class=\"\" data-start=\"2682\" data-end=\"2795\">Acest amestec de ceai este <strong data-start=\"2700\" data-end=\"2725\">sigur pentru utilizare zilnic\u0103<\/strong>, <strong data-start=\"2727\" data-end=\"2744\">neadictiv<\/strong> \u0219i <strong data-start=\"2750\" data-end=\"2771\">prietenos cu diabetul<\/strong>. F\u0103r\u0103 efecte secundare cunoscute.<\/p>\n<p class=\"\" data-start=\"2802\" data-end=\"2909\">\u00cencepe\u021bi c\u0103l\u0103toria cu <strong data-start=\"2826\" data-end=\"2844\">Ierburi pentru sl\u0103bit<\/strong> de la <strong data-start=\"2850\" data-end=\"2868\">Bazaar Express<\/strong> \u2013 natural, eficient \u0219i 100% egiptean.<\/p>\n<p class=\"\" data-start=\"2911\" data-end=\"2953\">\ud83d\udc49 Comanda\u021bi acum \u0219i bucura\u021bi-v\u0103 de transformare!<\/p>\n<p style=\"text-align: center;\">Mul\u021bumim c\u0103 a\u021bi cump\u0103rat la <em data-start=\"415\" data-end=\"431\"><a href=\"https:\/\/bazaar.express\/ro\/\">Bazaar Express<\/a><\/em> \u2013 suntem \u00eenc\u00e2nta\u021bi s\u0103 v\u0103 avem!<\/p>\n<p style=\"text-align: center;\">Savura\u021bi tradi\u021bia cu selec\u021bia noastr\u0103 atent aleas\u0103 de <a href=\"https:\/\/bazaar.express\/product-category\/egyptian-flavors\/\">Egyptian Flavors<\/a> \u0219i mirodenii.<\/p>\n","protected":false},"excerpt":{"rendered":"<h3 data-start=\"861\" data-end=\"1149\">Ierburi pentru sl\u0103bit este un amestec de ceai egiptean 100% natural oferit exclusiv de Bazaar Express. Formulat cu chimen, fenicul, ment\u0103, scor\u021bi\u0219oar\u0103 \u0219i ghimbir, sus\u021bine digestia s\u0103n\u0103toas\u0103, accelereaz\u0103 metabolismul \u0219i promoveaz\u0103 arderea gr\u0103similor. Sigur pentru utilizare zilnic\u0103 \u0219i prietenos cu diabetul.<\/h3>\n<h3 data-start=\"1151\" data-end=\"1421\"><\/h3>\n","protected":false},"featured_media":38896,"comment_status":"open","ping_status":"closed","template":"","meta":[],"product_brand":[],"product_cat":[1148,1151,1153],"product_tag":[1222,1208],"class_list":{"0":"post-38892","1":"product","2":"type-product","3":"status-publish","4":"has-post-thumbnail","6":"product_cat-arome-egiptene","7":"product_cat-cele-mai-bune-din-egipt","8":"product_cat-oferte-speciale","9":"product_tag-sanatos","10":"product_tag-ulei","11":"pa_l-xl-250gm","13":"first","14":"instock","15":"sale","16":"shipping-taxable","17":"purchasable","18":"product-type-simple"},"_links":{"self":[{"href":"https:\/\/bazaar.express\/ro\/wp-json\/wp\/v2\/product\/38892","targetHints":{"allow":["GET"]}}],"collection":[{"href":"https:\/\/bazaar.express\/ro\/wp-json\/wp\/v2\/product"}],"about":[{"href":"https:\/\/bazaar.express\/ro\/wp-json\/wp\/v2\/types\/product"}],"replies":[{"embeddable":true,"href":"https:\/\/bazaar.express\/ro\/wp-json\/wp\/v2\/comments?post=38892"}],"wp:featuredmedia":[{"embeddable":true,"href":"https:\/\/bazaar.express\/ro\/wp-json\/wp\/v2\/media\/38896"}],"wp:attachment":[{"href":"https:\/\/bazaar.express\/ro\/wp-json\/wp\/v2\/media?parent=38892"}],"wp:term":[{"taxonomy":"product_brand","embeddable":true,"href":"https:\/\/bazaar.express\/ro\/wp-json\/wp\/v2\/product_brand?post=38892"},{"taxonomy":"product_cat","embeddable":true,"href":"https:\/\/bazaar.express\/ro\/wp-json\/wp\/v2\/product_cat?post=38892"},{"taxonomy":"product_tag","embeddable":true,"href":"https:\/\/bazaar.express\/ro\/wp-json\/wp\/v2\/product_tag?post=38892"}],"curies":[{"name":"wp","href":"https:\/\/api.w.org\/{rel}","templated":true}]}}