{"id":38897,"date":"2025-04-29T00:40:52","date_gmt":"2025-04-29T00:40:52","guid":{"rendered":"https:\/\/bazaar.express\/product\/natural-pain-relief-cream\/"},"modified":"2025-04-29T00:40:52","modified_gmt":"2025-04-29T00:40:52","slug":"natural-pain-relief-cream","status":"publish","type":"product","link":"https:\/\/bazaar.express\/ro\/produs\/natural-pain-relief-cream\/","title":{"rendered":"Crem\u0103 natural\u0103 pentru ameliorarea durerii"},"content":{"rendered":"<h2 class=\"\" data-start=\"419\" data-end=\"480\">Crem\u0103 natural\u0103 pentru ameliorarea durerii cu Ulei de Semin\u021be Negre &#038; C\u0103mfor<\/h2>\n<p class=\"\" data-start=\"482\" data-end=\"702\">Experimenta\u021bi ameliorare rapid\u0103 \u0219i eficient\u0103 cu aceast\u0103 <strong data-start=\"529\" data-end=\"558\">crem\u0103 natural\u0103 pentru ameliorarea durerii<\/strong>, \u00eembog\u0103\u021bit\u0103 cu <strong data-start=\"574\" data-end=\"604\">Ulei de Semin\u021be Negre \u0219i C\u0103mfor<\/strong> \u2013 o solu\u021bie de \u00eencredere pentru a <strong data-start=\"629\" data-end=\"663\">calma durerea, reduce inflama\u021bia<\/strong> \u0219i <strong data-start=\"669\" data-end=\"688\">restabili confortul<\/strong> corpului dumneavoastr\u0103.<\/p>\n<h3 class=\"\" data-start=\"704\" data-end=\"734\">\u2705 100% Ingrediente Naturale<\/h3>\n<p class=\"\" data-start=\"736\" data-end=\"789\">Formulat\u0103 cu un amestec puternic de <strong data-start=\"772\" data-end=\"788\">uleiuri naturale<\/strong>:<\/p>\n<ul data-start=\"791\" data-end=\"1255\">\n<li class=\"\" data-start=\"791\" data-end=\"928\">\n<p class=\"\" data-start=\"793\" data-end=\"928\"><strong data-start=\"793\" data-end=\"829\">Ulei de Semin\u021be Negre (Nigella Sativa):<\/strong> Cunoscut pentru propriet\u0103\u021bile sale <strong data-start=\"844\" data-end=\"884\">antiinflamatoare \u0219i analgezice<\/strong>, perfect pentru <strong data-start=\"909\" data-end=\"927\">dureri reumatice<\/strong>.<\/p>\n<\/li>\n<li class=\"\" data-start=\"929\" data-end=\"1022\">\n<p class=\"\" data-start=\"931\" data-end=\"1022\"><strong data-start=\"931\" data-end=\"947\">Ulei de C\u0103mfor:<\/strong> Stimuleaz\u0103 <strong data-start=\"955\" data-end=\"970\">circula\u021bia<\/strong>, \u00eenc\u0103lze\u0219te pielea \u0219i amelioreaz\u0103 <strong data-start=\"1001\" data-end=\"1021\">rigiditatea muscular\u0103<\/strong>.<\/p>\n<\/li>\n<li class=\"\" data-start=\"1023\" data-end=\"1120\">\n<p class=\"\" data-start=\"1025\" data-end=\"1120\"><strong data-start=\"1025\" data-end=\"1039\">Ulei de M\u0103slin\u0103:<\/strong> Hidrateaz\u0103 profund pielea \u0219i ajut\u0103 la <strong data-start=\"1078\" data-end=\"1107\">absorb\u021bia ingredientelor active<\/strong> \u00een mod eficient.<\/p>\n<\/li>\n<li class=\"\" data-start=\"1121\" data-end=\"1255\">\n<p class=\"\" data-start=\"1123\" data-end=\"1255\"><strong data-start=\"1123\" data-end=\"1184\">Extracte Aromatice Naturale (Carvone, Limonene, Filaggrin):<\/strong> Sus\u021bin <strong data-start=\"1193\" data-end=\"1214\">relaxarea muscular\u0103<\/strong>, reduc tensiunea \u0219i ajut\u0103 la combaterea oboselii.<\/p>\n<\/li>\n<\/ul>\n<h2 class=\"\" data-start=\"1262\" data-end=\"1280\">Beneficii Cheie<\/h2>\n<h3 class=\"\" data-start=\"1282\" data-end=\"1314\">Ameliorare Natural\u0103 a Durerilor de Cap<\/h3>\n<p class=\"\" data-start=\"1315\" data-end=\"1430\">Aplica\u021bi pe <strong data-start=\"1328\" data-end=\"1352\">frunte \u0219i t\u00e2mple<\/strong> pentru a ameliora durerile de cap, \u00een special cele cauzate de <strong data-start=\"1402\" data-end=\"1429\">r\u0103celi sau presiune sinusal\u0103<\/strong>.<\/p>\n<h3 class=\"\" data-start=\"1432\" data-end=\"1475\">\u00cembun\u0103t\u0103\u021be\u0219te Flexibilitatea Coloanei Vertebrale &#038; Articula\u021biilor<\/h3>\n<p class=\"\" data-start=\"1476\" data-end=\"1594\">Reduce <strong data-start=\"1484\" data-end=\"1503\">rigiditatea articular\u0103<\/strong>, sus\u021bine <strong data-start=\"1514\" data-end=\"1534\">s\u0103n\u0103tatea cartilajului<\/strong> \u0219i \u00eembun\u0103t\u0103\u021be\u0219te mobilitatea prin cre\u0219terea <strong data-start=\"1572\" data-end=\"1593\">circula\u021biei s\u00e2ngelui<\/strong>.<\/p>\n<h3 class=\"\" data-start=\"1596\" data-end=\"1633\">Amelioreaz\u0103 Durerile Musculare &#038; Nervoase<\/h3>\n<p class=\"\" data-start=\"1634\" data-end=\"1726\">\u021ainte\u0219te <strong data-start=\"1642\" data-end=\"1658\">mu\u0219chii durero\u0219i<\/strong>, <strong data-start=\"1660\" data-end=\"1672\">sciatica<\/strong> \u0219i <strong data-start=\"1678\" data-end=\"1698\">disconfortul nervos<\/strong> cu o ac\u021biune profund\u0103, calmant\u0103.<\/p>\n<h3 class=\"\" data-start=\"1728\" data-end=\"1767\">Sus\u021bine Ameliorarea Durerilor Reumatice<\/h3>\n<p class=\"\" data-start=\"1768\" data-end=\"1856\">Combate <strong data-start=\"1776\" data-end=\"1792\">inflama\u021bia<\/strong> \u0219i ofer\u0103 ameliorare de lung\u0103 durat\u0103 pentru <strong data-start=\"1831\" data-end=\"1855\">afec\u021biuni reumatice<\/strong>.<\/p>\n<h3 class=\"\" data-start=\"1858\" data-end=\"1888\">Sigur\u0103 &#038; F\u0103r\u0103 Chimicale<\/h3>\n<p class=\"\" data-start=\"1889\" data-end=\"2008\">F\u0103r\u0103 <strong data-start=\"1899\" data-end=\"1932\">parabeni, aditivi sintetici<\/strong> \u0219i <strong data-start=\"1938\" data-end=\"1957\">chimicale dure<\/strong>. <strong data-start=\"1959\" data-end=\"2007\">Certificat\u0103 de Ministerul S\u0103n\u0103t\u0103\u021bii din Egipt<\/strong>.<\/p>\n<h2 class=\"\" data-start=\"2015\" data-end=\"2033\">Cum Func\u021bioneaz\u0103<\/h2>\n<p class=\"\" data-start=\"2035\" data-end=\"2087\">Aceast\u0103 crem\u0103 natural\u0103 p\u0103trunde profund \u00een piele pentru a:<\/p>\n<ul data-start=\"2089\" data-end=\"2263\">\n<li class=\"\" data-start=\"2089\" data-end=\"2134\">\n<p class=\"\" data-start=\"2091\" data-end=\"2134\"><strong data-start=\"2091\" data-end=\"2115\">Stimula fluxul sanguin<\/strong> \u00een zonele problematice<\/p>\n<\/li>\n<li class=\"\" data-start=\"2135\" data-end=\"2174\">\n<p class=\"\" data-start=\"2137\" data-end=\"2174\">Reduce <strong data-start=\"2144\" data-end=\"2172\">senza\u021biile de frig \u0219i umezeal\u0103<\/strong><\/p>\n<\/li>\n<li class=\"\" data-start=\"2175\" data-end=\"2216\">\n<p class=\"\" data-start=\"2177\" data-end=\"2216\">Destinde <strong data-start=\"2184\" data-end=\"2214\">articula\u021biile \u0219i vertebrele rigide<\/strong><\/p>\n<\/li>\n<li class=\"\" data-start=\"2217\" data-end=\"2263\">\n<p class=\"\" data-start=\"2219\" data-end=\"2263\">Calmeaz\u0103 <strong data-start=\"2226\" data-end=\"2244\">tensiunea muscular\u0103<\/strong> \u0219i <strong data-start=\"2249\" data-end=\"2263\">durerea nervoas\u0103<\/strong><\/p>\n<\/li>\n<\/ul>\n<p class=\"\" data-start=\"2265\" data-end=\"2377\">Bucura\u021bi-v\u0103 de <strong data-start=\"2271\" data-end=\"2307\">ameliorare rapid\u0103 \u0219i de lung\u0103 durat\u0103<\/strong>, sus\u021binut\u0103 de natur\u0103 \u2014 f\u0103r\u0103 efectele secundare ale produselor artificiale.<\/p>\n<h2 class=\"\" data-start=\"2384\" data-end=\"2400\">Mod de Utilizare<\/h2>\n<ol data-start=\"2402\" data-end=\"2648\">\n<li class=\"\" data-start=\"2402\" data-end=\"2447\">\n<p class=\"\" data-start=\"2405\" data-end=\"2447\">Aplica\u021bi o cantitate mic\u0103 pe zona afectat\u0103.<\/p>\n<\/li>\n<li class=\"\" data-start=\"2448\" data-end=\"2487\">\n<p class=\"\" data-start=\"2451\" data-end=\"2487\">Masa\u021bi u\u0219or p\u00e2n\u0103 la absorb\u021bie complet\u0103.<\/p>\n<\/li>\n<li class=\"\" data-start=\"2488\" data-end=\"2532\">\n<p class=\"\" data-start=\"2491\" data-end=\"2532\">Utiliza\u021bi de <strong data-start=\"2495\" data-end=\"2514\">2\u20133 ori zilnic<\/strong> pentru cele mai bune rezultate.<\/p>\n<\/li>\n<li class=\"\" data-start=\"2533\" data-end=\"2579\">\n<p class=\"\" data-start=\"2536\" data-end=\"2579\">Potrivit pentru: <strong data-start=\"2550\" data-end=\"2578\">cap, spate, picioare, articula\u021bii<\/strong>.<\/p>\n<\/li>\n<li class=\"\" data-start=\"2580\" data-end=\"2648\">\n<p class=\"\" data-start=\"2583\" data-end=\"2648\">Pentru dureri de cap: aplica\u021bi pe <strong data-start=\"2607\" data-end=\"2631\">frunte \u0219i t\u00e2mple<\/strong>, masa\u021bi u\u0219or.<\/p>\n<\/li>\n<\/ol>\n<h2 class=\"\" data-start=\"2834\" data-end=\"2865\">De ce ve\u021bi adora aceast\u0103 crem\u0103<\/h2>\n<ul data-start=\"2867\" data-end=\"3116\">\n<li class=\"\" data-start=\"2867\" data-end=\"2907\">\n<p class=\"\" data-start=\"2869\" data-end=\"2907\"><strong data-start=\"2869\" data-end=\"2907\">Fabricat\u0103 cu 100% Ingrediente Naturale<\/strong><\/p>\n<\/li>\n<li class=\"\" data-start=\"2908\" data-end=\"2985\">\n<p class=\"\" data-start=\"2910\" data-end=\"2985\">Eficient\u0103 pentru <strong data-start=\"2924\" data-end=\"2985\">dureri de cap, dureri musculare, probleme nervoase \u0219i rigiditate articular\u0103<\/strong><\/p>\n<\/li>\n<li class=\"\" data-start=\"2986\" data-end=\"3028\">\n<p class=\"\" data-start=\"2988\" data-end=\"3028\"><strong data-start=\"2988\" data-end=\"3010\">Textur\u0103 Non-Gras\u0103<\/strong> &#038; se absoarbe rapid<\/p>\n<\/li>\n<li class=\"\" data-start=\"3029\" data-end=\"3054\">\n<p class=\"\" data-start=\"3031\" data-end=\"3054\"><strong data-start=\"3031\" data-end=\"3054\">Aromat pe baz\u0103 de plante, proasp\u0103t<\/strong><\/p>\n<\/li>\n<li class=\"\" data-start=\"3055\" data-end=\"3116\">\n<p class=\"\" data-start=\"3057\" data-end=\"3116\"><strong data-start=\"3057\" data-end=\"3079\">Fabricat \u00een Egipt \ud83c\uddea\ud83c\uddec<\/strong>, certificat de Ministerul S\u0103n\u0103t\u0103\u021bii<\/p>\n<\/li>\n<\/ul>\n<p class=\"\" data-start=\"3123\" data-end=\"3293\">Preia\u021bi controlul asupra durerii \u2014 \u00een <strong data-start=\"3155\" data-end=\"3170\">mod natural<\/strong>, cu aceast\u0103 crem\u0103 eficient\u0103 pe baz\u0103 de plante pentru ameliorarea durerii.<\/p>\n<p style=\"text-align: center;\">Mul\u021bumim c\u0103 face\u021bi cump\u0103r\u0103turi la <em data-start=\"415\" data-end=\"431\"><a href=\"https:\/\/bazaar.express\/ro\/\">Bazaar Express<\/a><\/em> \u2013 suntem \u00eenc\u00e2nta\u021bi s\u0103 v\u0103 avem!<\/p>\n<p style=\"text-align: center;\">C\u0103l\u0103toria voastr\u0103 spre o auto\u00eengrijire mai bun\u0103 \u00eencepe aici \u2014 cu <a href=\"https:\/\/bazaar.express\/product-category\/beauty-care\/\">Frumuse\u021be &#038; \u00cengrijire<\/a> de \u00eencredere.<\/p>\n","protected":false},"excerpt":{"rendered":"<h3 data-start=\"481\" data-end=\"678\">O crem\u0103 100% natural\u0103 \u00eembog\u0103\u021bit\u0103 cu <strong data-start=\"516\" data-end=\"534\">ulei de semin\u021be negre<\/strong>, <strong data-start=\"536\" data-end=\"547\">c\u0103mfor<\/strong> \u0219i <strong data-start=\"553\" data-end=\"566\">ulei de m\u0103sline<\/strong> \u2013 conceput\u0103 pentru a ameliora durerile de cap, dureri articulare \u0219i tensiune muscular\u0103. Sigur\u0103, cu absorb\u021bie rapid\u0103 \u0219i f\u0103r\u0103 chimicale.<\/h3>\n","protected":false},"featured_media":38900,"comment_status":"open","ping_status":"closed","template":"","meta":[],"product_brand":[],"product_cat":[1145],"product_tag":[1210,1211,1220,1208],"class_list":{"0":"post-38897","1":"product","2":"type-product","3":"status-publish","4":"has-post-thumbnail","6":"product_cat-ingrijire-frumusete","7":"product_tag-ingrijire-a-pielii","8":"product_tag-ingrijire-de-frumusete","9":"product_tag-masaj","10":"product_tag-ulei","12":"first","13":"instock","14":"shipping-taxable","15":"purchasable","16":"product-type-simple"},"_links":{"self":[{"href":"https:\/\/bazaar.express\/ro\/wp-json\/wp\/v2\/product\/38897","targetHints":{"allow":["GET"]}}],"collection":[{"href":"https:\/\/bazaar.express\/ro\/wp-json\/wp\/v2\/product"}],"about":[{"href":"https:\/\/bazaar.express\/ro\/wp-json\/wp\/v2\/types\/product"}],"replies":[{"embeddable":true,"href":"https:\/\/bazaar.express\/ro\/wp-json\/wp\/v2\/comments?post=38897"}],"wp:featuredmedia":[{"embeddable":true,"href":"https:\/\/bazaar.express\/ro\/wp-json\/wp\/v2\/media\/38900"}],"wp:attachment":[{"href":"https:\/\/bazaar.express\/ro\/wp-json\/wp\/v2\/media?parent=38897"}],"wp:term":[{"taxonomy":"product_brand","embeddable":true,"href":"https:\/\/bazaar.express\/ro\/wp-json\/wp\/v2\/product_brand?post=38897"},{"taxonomy":"product_cat","embeddable":true,"href":"https:\/\/bazaar.express\/ro\/wp-json\/wp\/v2\/product_cat?post=38897"},{"taxonomy":"product_tag","embeddable":true,"href":"https:\/\/bazaar.express\/ro\/wp-json\/wp\/v2\/product_tag?post=38897"}],"curies":[{"name":"wp","href":"https:\/\/api.w.org\/{rel}","templated":true}]}}