{"id":38913,"date":"2025-08-01T00:52:31","date_gmt":"2025-08-01T00:52:31","guid":{"rendered":"https:\/\/bazaar.express\/product\/crema-lapte-de-capra-2\/"},"modified":"2025-08-01T00:52:31","modified_gmt":"2025-08-01T00:52:31","slug":"crema-lapte-de-capra-2","status":"publish","type":"product","link":"https:\/\/bazaar.express\/ro\/produs\/crema-lapte-de-capra-2\/","title":{"rendered":"Crem\u0103 de lapte de capr\u0103"},"content":{"rendered":"<h2 data-start=\"220\" data-end=\"280\">Crem\u0103 de lapte de capr\u0103 \u2013 Putere bl\u00e2nd\u0103 pentru piele radiant\u0103 natural<\/h2>\n<p data-start=\"282\" data-end=\"588\">Descoper\u0103 magia hr\u0103nitoare a <strong data-start=\"315\" data-end=\"334\">cremei de lapte de capr\u0103<\/strong>, un emolient luxos creat pentru a hidrata profund, calma \u0219i re\u00eemprosp\u0103ta pielea ta. Cu textura cremoas\u0103 \u0219i ingredientele sale naturale bogate, acest hidratant este esen\u021bial pentru o piele mai moale, mai neted\u0103 \u0219i mai radiant\u0103 \u2013 f\u0103r\u0103 irita\u021bii.<\/p>\n<p data-start=\"590\" data-end=\"721\">Formulat\u0103 de <strong data-start=\"604\" data-end=\"624\">R&#038;B Royal Beauty<\/strong>, aceast\u0103 crem\u0103 este plin\u0103 cu beneficii adorat de piele \u0219i sigur\u0103 pentru cele mai sensibile tipuri de piele.<\/p>\n<h3 data-start=\"728\" data-end=\"746\">De ce lapte de capr\u0103?<\/h3>\n<p data-start=\"748\" data-end=\"911\"><strong data-start=\"748\" data-end=\"761\">Laptele de capr\u0103<\/strong> este utilizat de secole \u00een \u00eengrijirea pielii datorit\u0103 con\u021binutului s\u0103u ridicat de <strong data-start=\"832\" data-end=\"857\">vitamine A, D \u0219i B6<\/strong>, <strong data-start=\"859\" data-end=\"874\">acid lactic<\/strong> \u0219i <strong data-start=\"880\" data-end=\"895\">acizi gra\u0219i<\/strong>. Este cunoscut c\u0103:<\/p>\n<ul data-start=\"913\" data-end=\"1101\">\n<li data-start=\"913\" data-end=\"946\">\n<p data-start=\"915\" data-end=\"946\">Echilibreaz\u0103 pH-ul natural al pielii<\/p>\n<\/li>\n<li data-start=\"947\" data-end=\"996\">\n<p data-start=\"949\" data-end=\"996\">Ofer\u0103 exfoliere u\u0219oar\u0103 pentru o textur\u0103 mai fin\u0103<\/p>\n<\/li>\n<li data-start=\"997\" data-end=\"1031\">\n<p data-start=\"999\" data-end=\"1031\">Sus\u021bine bariera s\u0103n\u0103toas\u0103 a pielii<\/p>\n<\/li>\n<li data-start=\"1032\" data-end=\"1066\">\n<p data-start=\"1034\" data-end=\"1066\">Hidratare f\u0103r\u0103 \u00eenfundarea porilor<\/p>\n<\/li>\n<li data-start=\"1067\" data-end=\"1101\">\n<p data-start=\"1069\" data-end=\"1101\">Calmeaz\u0103 ro\u0219ea\u021ba \u0219i sensibilitatea<\/p>\n<\/li>\n<\/ul>\n<p data-start=\"1103\" data-end=\"1134\">Laptele de capr\u0103 este ideal pentru:<\/p>\n<p data-start=\"1136\" data-end=\"1252\">\u2714\ufe0f Piele uscat\u0103, cu solzi sau iritat\u0103<br data-start=\"1168\" data-end=\"1171\" \/>\u2714\ufe0f Piele sensibil\u0103 \u0219i predispus\u0103 la alergii<br data-start=\"1206\" data-end=\"1209\" \/>\u2714\ufe0f Hidratare zilnic\u0103 \u0219i \u00eengrijire anti-\u00eemb\u0103tr\u00e2nire<\/p>\n<h3 data-start=\"1259\" data-end=\"1298\">Beneficiile cheie ale cremei noastre de lapte de capr\u0103<\/h3>\n<ul data-start=\"1300\" data-end=\"1634\">\n<li data-start=\"1300\" data-end=\"1362\">\n<p data-start=\"1302\" data-end=\"1362\"><strong data-start=\"1305\" data-end=\"1336\">Infuzat\u0103 cu lapte de capr\u0103 pur<\/strong> pentru hr\u0103nire maxim\u0103<\/p>\n<\/li>\n<li data-start=\"1363\" data-end=\"1419\">\n<p data-start=\"1365\" data-end=\"1419\"><strong data-start=\"1368\" data-end=\"1389\">Testat\u0103 clinic<\/strong> \u0219i sigur\u0103 pentru pielea sensibil\u0103<\/p>\n<\/li>\n<li data-start=\"1420\" data-end=\"1474\">\n<p data-start=\"1422\" data-end=\"1474\"> Ofer\u0103 <strong data-start=\"1447\" data-end=\"1472\">hidratare \u0219i moliciune<\/strong> de lung\u0103 durat\u0103<\/p>\n<\/li>\n<li data-start=\"1475\" data-end=\"1524\">\n<p data-start=\"1477\" data-end=\"1524\"><strong data-start=\"1480\" data-end=\"1500\">Parfum delicat<\/strong> \u0219i finisaj non-gras<\/p>\n<\/li>\n<li data-start=\"1525\" data-end=\"1579\">\n<p data-start=\"1527\" data-end=\"1579\"> Ajut\u0103 la repararea pielii deteriorate \u0219i \u00eembun\u0103t\u0103\u021be\u0219te tonul pielii<\/p>\n<\/li>\n<li data-start=\"1580\" data-end=\"1634\">\n<p data-start=\"1582\" data-end=\"1634\"> Borcan elegant de 250g <strong data-start=\"1598\" data-end=\"1611\">de sticl\u0103<\/strong> \u2013 conceput pentru uz zilnic<\/p>\n<\/li>\n<\/ul>\n<p data-start=\"1636\" data-end=\"1749\">Fie c\u0103 dore\u0219ti s\u0103 refaci pielea uscat\u0103 sau s\u0103 men\u021bii hidratarea s\u0103n\u0103toas\u0103, aceast\u0103 crem\u0103 este solu\u021bia ta complet\u0103.<\/p>\n<h3 data-start=\"1756\" data-end=\"1770\">Cum se folose\u0219te<\/h3>\n<p data-start=\"1772\" data-end=\"1962\">Aplica\u021bi o cantitate mic\u0103 pe pielea curat\u0103 \u0219i uscat\u0103.<br data-start=\"1812\" data-end=\"1815\" \/>Masa\u021bi u\u0219or cu mi\u0219c\u0103ri circulare sau tapota\u021bi u\u0219or p\u00e2n\u0103 la absorb\u021bie.<br data-start=\"1882\" data-end=\"1885\" \/>Utiliza\u021bi de dou\u0103 ori zilnic sau dup\u0103 nevoie \u2013 mai ales dup\u0103 sp\u0103larea fe\u021bei sau du\u0219.<\/p>\n<blockquote data-start=\"1964\" data-end=\"2020\">\n<p data-start=\"1966\" data-end=\"2020\">Numai pentru uz extern. Evita\u021bi contactul direct cu ochii.<\/p>\n<\/blockquote>\n<h3 data-start=\"2027\" data-end=\"2066\">\u00cengrijire a pielii cu o atingere tradi\u021bional\u0103<\/h3>\n<p data-start=\"2068\" data-end=\"2306\">Produs\u0103 \u00een Egipt, <strong data-start=\"2087\" data-end=\"2106\">crema noastr\u0103 de lapte de capr\u0103<\/strong> combin\u0103 \u00een\u021belepciunea antic\u0103 a frumuse\u021bii cu \u0219tiin\u021ba modern\u0103 a \u00eengrijirii pielii. Livreaz\u0103 beneficiile bogate ale laptelui de capr\u0103 \u00eentr-o textur\u0103 moale, cremoas\u0103 care se tope\u0219te \u00een pielea ta, l\u0103s\u00e2nd-o luminoas\u0103, neted\u0103 \u0219i \u00eenviorat\u0103.<\/p>\n<p data-start=\"2313\" data-end=\"2409\"><strong data-start=\"2313\" data-end=\"2354\">Produs\u0103 \u00een Egipt \u2013 Numai pentru uz extern<\/strong><br data-start=\"2354\" data-end=\"2357\" \/><strong data-start=\"2357\" data-end=\"2409\">250g | Borcan de sticl\u0103 | Dezvoltat\u0103 de R&#038;B Royal Beauty<\/strong><\/p>\n<h3 data-start=\"2416\" data-end=\"2480\">Las\u0103 pielea ta s\u0103 simt\u0103 diferen\u021ba \u00eenc\u0103 de la prima aplicare.<\/h3>\n<p data-start=\"2481\" data-end=\"2621\">\u2728 <strong data-start=\"2483\" data-end=\"2546\">Experimenteaz\u0103 piele moale, radiant\u0103, profund hidratat\u0103 \u2013 \u00een fiecare zi.<\/strong><br data-start=\"2546\" data-end=\"2549\" \/>\ud83d\uded2 <strong data-start=\"2552\" data-end=\"2621\">Adaug\u0103 \u00een co\u0219 acum \u0219i ofer\u0103 pielii tale cea mai bun\u0103 \u00eengrijire natural\u0103!<\/strong><\/p>\n<p> &nbsp;<\/p>\n<p style=\"text-align: center;\">Mul\u021bumim c\u0103 ai ales s\u0103 cumperi de la <a href=\"https:\/\/bazaar.express\/ro\/\">Bazaar Express<\/a> \u2013 suntem bucuro\u0219i s\u0103 te avem al\u0103turi!<\/p>\n<p style=\"text-align: center;\">C\u0103l\u0103toria ta spre o auto\u00eengrijire mai bun\u0103 \u00eencepe aici \u2013 cu <a href=\"https:\/\/bazaar.express\/product-category\/beauty-care\/\">Beauty &#038; Care<\/a> de \u00eencredere.<\/p>\n","protected":false},"excerpt":{"rendered":"<h3 data-start=\"494\" data-end=\"631\">Un hidratant bogat, non-gras cu lapte de capr\u0103 pentru hidratare, calmare \u0219i refacere a pielii. Perfect pentru pielea sensibil\u0103. 250g. Produs \u00een Egipt.<\/h3>\n","protected":false},"featured_media":38914,"comment_status":"open","ping_status":"closed","template":"","meta":[],"product_brand":[],"product_cat":[1145,1151,1153],"product_tag":[1210,1211,1212],"class_list":{"0":"post-38913","1":"product","2":"type-product","3":"status-publish","4":"has-post-thumbnail","6":"product_cat-ingrijire-frumusete","7":"product_cat-cele-mai-bune-din-egipt","8":"product_cat-oferte-speciale","9":"product_tag-ingrijire-a-pielii","10":"product_tag-ingrijire-de-frumusete","11":"product_tag-lapte-de-camila","13":"first","14":"instock","15":"sale","16":"shipping-taxable","17":"purchasable","18":"product-type-simple"},"_links":{"self":[{"href":"https:\/\/bazaar.express\/ro\/wp-json\/wp\/v2\/product\/38913","targetHints":{"allow":["GET"]}}],"collection":[{"href":"https:\/\/bazaar.express\/ro\/wp-json\/wp\/v2\/product"}],"about":[{"href":"https:\/\/bazaar.express\/ro\/wp-json\/wp\/v2\/types\/product"}],"replies":[{"embeddable":true,"href":"https:\/\/bazaar.express\/ro\/wp-json\/wp\/v2\/comments?post=38913"}],"wp:featuredmedia":[{"embeddable":true,"href":"https:\/\/bazaar.express\/ro\/wp-json\/wp\/v2\/media\/38914"}],"wp:attachment":[{"href":"https:\/\/bazaar.express\/ro\/wp-json\/wp\/v2\/media?parent=38913"}],"wp:term":[{"taxonomy":"product_brand","embeddable":true,"href":"https:\/\/bazaar.express\/ro\/wp-json\/wp\/v2\/product_brand?post=38913"},{"taxonomy":"product_cat","embeddable":true,"href":"https:\/\/bazaar.express\/ro\/wp-json\/wp\/v2\/product_cat?post=38913"},{"taxonomy":"product_tag","embeddable":true,"href":"https:\/\/bazaar.express\/ro\/wp-json\/wp\/v2\/product_tag?post=38913"}],"curies":[{"name":"wp","href":"https:\/\/api.w.org\/{rel}","templated":true}]}}