{"id":38916,"date":"2025-07-31T23:38:11","date_gmt":"2025-07-31T23:38:11","guid":{"rendered":"https:\/\/bazaar.express\/product\/cream-camel-milk-2\/"},"modified":"2026-05-03T00:44:37","modified_gmt":"2026-05-03T00:44:37","slug":"cream-camel-milk-2","status":"publish","type":"product","link":"https:\/\/bazaar.express\/ro\/produs\/cream-camel-milk-2\/","title":{"rendered":"Crem\u0103 cu lapte de c\u0103mil\u0103"},"content":{"rendered":"<h2 data-start=\"235\" data-end=\"289\">Crem\u0103 cu lapte de c\u0103mil\u0103 \u2013 Hr\u0103nire profund\u0103 din de\u0219ert<\/h2>\n<p data-start=\"291\" data-end=\"588\">Descoper\u0103 lumea secretelor antice de frumuse\u021be cu hidratantul nostru luxos <strong data-start=\"356\" data-end=\"376\">crem\u0103 cu lapte de c\u0103mil\u0103<\/strong> \u2013 un produs inspirat din natur\u0103 \u0219i perfec\u021bionat de \u0219tiin\u021b\u0103. Bogat \u00een vitamine, antioxidan\u021bi \u0219i acizi gra\u0219i esen\u021biali, laptele de c\u0103mil\u0103 este folosit de secole pentru a hidrata, catifela \u0219i revitaliza pielea.<\/p>\n<p data-start=\"590\" data-end=\"754\">Acum, Royal &#038; Beauty \u00ee\u021bi aduce aceast\u0103 comoar\u0103 str\u0103veche sub form\u0103 de crem\u0103 m\u0103t\u0103soas\u0103, cu absorb\u021bie rapid\u0103, de care pielea ta se va \u00eendr\u0103gosti \u2013 de la prima atingere.<\/p>\n<h3 data-start=\"761\" data-end=\"780\">De ce lapte de c\u0103mil\u0103?<\/h3>\n<p data-start=\"782\" data-end=\"880\">Lapte de c\u0103mil\u0103 este adesea numit <strong data-start=\"809\" data-end=\"825\">&#8220;aur alb&#8221;<\/strong> \u00een \u00eengrijirea pielii. Este plin cu nutrien\u021bi puternici precum:<\/p>\n<ul data-start=\"882\" data-end=\"1145\">\n<li data-start=\"882\" data-end=\"947\">\n<p data-start=\"884\" data-end=\"947\"><strong data-start=\"884\" data-end=\"897\">Vitamina C<\/strong> \u2013 stimuleaz\u0103 produc\u021bia de colagen \u0219i lumineaz\u0103 pielea<\/p>\n<\/li>\n<li data-start=\"948\" data-end=\"1007\">\n<p data-start=\"950\" data-end=\"1007\"><strong data-start=\"950\" data-end=\"965\">Acid lactic<\/strong> \u2013 exfoliaz\u0103 delicat \u0219i neteze\u0219te textura<\/p>\n<\/li>\n<li data-start=\"1008\" data-end=\"1077\">\n<p data-start=\"1010\" data-end=\"1077\"><strong data-start=\"1010\" data-end=\"1035\">Acizi gra\u0219i esen\u021biali<\/strong> \u2013 hidrateaz\u0103 profund \u0219i restabilesc elasticitatea<\/p>\n<\/li>\n<li data-start=\"1078\" data-end=\"1145\">\n<p data-start=\"1080\" data-end=\"1145\"><strong data-start=\"1080\" data-end=\"1100\">Proteine naturale<\/strong> \u2013 ajut\u0103 la \u00eent\u0103rirea \u0219i protejarea barierei pielii<\/p>\n<\/li>\n<\/ul>\n<p data-start=\"1147\" data-end=\"1190\">Aceast\u0103 combina\u021bie bogat\u0103 face laptele de c\u0103mil\u0103 ideal pentru:<\/p>\n<p data-start=\"1192\" data-end=\"1285\">\u2714\ufe0f Piele uscat\u0103 &#038; sensibil\u0103<br data-start=\"1215\" data-end=\"1218\" \/>\u2714\ufe0f Piele \u00eemb\u0103tr\u00e2nit\u0103 &#038; obosit\u0103<br data-start=\"1239\" data-end=\"1242\" \/>\u2714\ufe0f Hidratare zilnic\u0103 pentru o str\u0103lucire tinereasc\u0103<\/p>\n<h3 data-start=\"1292\" data-end=\"1325\">Ce face crema noastr\u0103 special\u0103?<\/h3>\n<p data-start=\"1327\" data-end=\"1508\">Produs\u0103 de <strong data-start=\"1338\" data-end=\"1356\">Royal &#038; Beauty<\/strong>, aceast\u0103 crem\u0103 emolient\u0103 ofer\u0103 umezeal\u0103 \u0219i catifelare la fiecare utilizare. Textura este <strong data-start=\"1441\" data-end=\"1465\">u\u0219oar\u0103 dar bogat\u0103<\/strong>, perfect\u0103 pentru fa\u021b\u0103 \u0219i corp.<\/p>\n<ul data-start=\"1510\" data-end=\"1777\">\n<li data-start=\"1510\" data-end=\"1559\">\n<p data-start=\"1512\" data-end=\"1559\"><strong data-start=\"1515\" data-end=\"1534\">Senza\u021bie ultra-m\u0103t\u0103soas\u0103<\/strong>, fin\u0103 la aplicare<\/p>\n<\/li>\n<li data-start=\"1560\" data-end=\"1598\">\n<p data-start=\"1562\" data-end=\"1598\"><strong data-start=\"1565\" data-end=\"1596\">Parfum adorabil, calmant<\/strong><\/p>\n<\/li>\n<li data-start=\"1599\" data-end=\"1649\">\n<p data-start=\"1601\" data-end=\"1649\"><strong data-start=\"1604\" data-end=\"1625\">Hidratare instantanee<\/strong> pentru piele uscat\u0103 sau aspr\u0103<\/p>\n<\/li>\n<li data-start=\"1650\" data-end=\"1705\">\n<p data-start=\"1652\" data-end=\"1705\"> Las\u0103 pielea cu senza\u021bie <strong data-start=\"1674\" data-end=\"1703\">fresh, t\u00e2n\u0103r\u0103 \u0219i radiant\u0103<\/strong><\/p>\n<\/li>\n<li data-start=\"1706\" data-end=\"1777\">\n<p data-start=\"1708\" data-end=\"1777\"> Vine \u00eentr-un <strong data-start=\"1722\" data-end=\"1742\">borcan elegant de 250g<\/strong> \u2013 durabil \u0219i prietenos pentru c\u0103l\u0103torii<\/p>\n<\/li>\n<\/ul>\n<h3 data-start=\"1784\" data-end=\"1798\">Cum se folose\u0219te<\/h3>\n<p data-start=\"1800\" data-end=\"1976\">Aplic\u0103 o cantitate mic\u0103 pe piele curat\u0103 \u0219i uscat\u0103. Maseaz\u0103 u\u0219or \u00een mi\u0219c\u0103ri circulare p\u00e2n\u0103 la absorb\u021bie complet\u0103.<br data-start=\"1897\" data-end=\"1900\" \/>Folose\u0219te zilnic \u2013 \u00een special dup\u0103 du\u0219 sau \u00eenainte de culcare \u2013 pentru cele mai bune rezultate.<\/p>\n<blockquote data-start=\"1978\" data-end=\"2027\">\n<p data-start=\"1980\" data-end=\"2027\">Doar pentru uz extern. Evit\u0103 contactul cu ochii.<\/p>\n<\/blockquote>\n<h3 data-start=\"2034\" data-end=\"2078\">F\u0103cut\u0103 cu iubire \u2013 Din Egipt \u00een lume<\/h3>\n<p data-start=\"2080\" data-end=\"2210\">Fiecare borcan al cremei noastre <strong data-start=\"2096\" data-end=\"2116\">cu lapte de c\u0103mil\u0103<\/strong> este produs m\u00e2ndru \u00een Egipt, \u00eembin\u00e2nd \u00een\u021belepciunea tradi\u021bional\u0103 de \u00eengrijire a pielii cu standarde moderne de calitate.<\/p>\n<p data-start=\"2212\" data-end=\"2344\">Fie c\u0103 te lup\u021bi cu usc\u0103ciunea, dore\u0219ti s\u0103 neteze\u0219ti liniile fine sau doar s\u0103-\u021bi r\u0103sfe\u021bi pielea \u2013 aceast\u0103 crem\u0103 este solu\u021bia ta principal\u0103.<\/p>\n<p data-start=\"2351\" data-end=\"2465\"><strong data-start=\"2351\" data-end=\"2385\">Produc\u0103tor: Royal &#038; Beauty<\/strong><br data-start=\"2385\" data-end=\"2388\" \/><strong data-start=\"2388\" data-end=\"2429\">Produs \u00een Egipt \u2013 Doar pentru uz extern<\/strong><br data-start=\"2429\" data-end=\"2432\" \/><strong data-start=\"2432\" data-end=\"2465\">250g \/ Crem\u0103 premium pentru \u00eengrijirea pielii<\/strong><\/p>\n<h3 data-start=\"119\" data-end=\"152\">Gata s\u0103-\u021bi transformi pielea?<\/h3>\n<p data-start=\"154\" data-end=\"315\">Nu a\u0219tepta pielea perfect\u0103 \u2013 <strong data-start=\"182\" data-end=\"195\">creeaz-o<\/strong>. Cu fiecare aplicare a cremei noastre <strong data-start=\"227\" data-end=\"247\">cu lapte de c\u0103mil\u0103<\/strong>, pielea ta avanseaz\u0103 spre moliciune, tinere\u021be \u0219i hidratare profund\u0103.<\/p>\n<p data-start=\"317\" data-end=\"438\"><strong data-start=\"319\" data-end=\"368\">\u00cencearc-o o dat\u0103 \u0219i te vei \u00eendr\u0103gosti pe via\u021b\u0103.<\/strong><br data-start=\"368\" data-end=\"371\" \/>Pielea ta merit\u0103 doar luxul celor mai bune daruri ale naturii.<\/p>\n<p data-start=\"440\" data-end=\"534\"><strong data-start=\"444\" data-end=\"463\">Adaug\u0103 \u00een co\u0219 acum<\/strong> \u0219i descoper\u0103 magia laptelui de c\u0103mil\u0103 \u2013 doar de la <strong data-start=\"515\" data-end=\"533\">Royal &#038; Beauty<\/strong>.<\/p>\n<p style=\"text-align: center;\">Mul\u021bumim c\u0103 ai cump\u0103rat la <a href=\"https:\/\/bazaar.express\/ro\/\">Bazaar Express<\/a> \u2013 suntem \u00eenc\u00e2nta\u021bi s\u0103 te avem!<\/p>\n<p style=\"text-align: center;\">C\u0103l\u0103toria ta spre o auto\u00eengrijire mai bun\u0103 \u00eencepe aici \u2013 cu <a href=\"https:\/\/bazaar.express\/product-category\/beauty-care\/\">Frumuse\u021be &#038; \u00cengrijire<\/a> de \u00eencredere.<\/p>\n","protected":false},"excerpt":{"rendered":"<h3 data-start=\"491\" data-end=\"624\">Crem\u0103 profund hidratant\u0103 \u00eembog\u0103\u021bit\u0103 cu lapte de c\u0103mil\u0103. Catifeleaz\u0103, hr\u0103ne\u0219te \u0219i red\u0103 str\u0103lucirea pielii. 250g de la Royal &#038; Beauty. Produs\u0103 \u00een Egipt.<\/h3>\n","protected":false},"featured_media":38917,"comment_status":"open","ping_status":"closed","template":"","meta":[],"product_brand":[],"product_cat":[1145,1151,1904],"product_tag":[1210,1211,1212],"class_list":{"0":"post-38916","1":"product","2":"type-product","3":"status-publish","4":"has-post-thumbnail","6":"product_cat-ingrijire-frumusete","7":"product_cat-cele-mai-bune-din-egipt","8":"product_cat-cleopatra","9":"product_tag-ingrijire-a-pielii","10":"product_tag-ingrijire-de-frumusete","11":"product_tag-lapte-de-camila","13":"first","14":"instock","15":"shipping-taxable","16":"purchasable","17":"product-type-simple"},"_links":{"self":[{"href":"https:\/\/bazaar.express\/ro\/wp-json\/wp\/v2\/product\/38916","targetHints":{"allow":["GET"]}}],"collection":[{"href":"https:\/\/bazaar.express\/ro\/wp-json\/wp\/v2\/product"}],"about":[{"href":"https:\/\/bazaar.express\/ro\/wp-json\/wp\/v2\/types\/product"}],"replies":[{"embeddable":true,"href":"https:\/\/bazaar.express\/ro\/wp-json\/wp\/v2\/comments?post=38916"}],"wp:featuredmedia":[{"embeddable":true,"href":"https:\/\/bazaar.express\/ro\/wp-json\/wp\/v2\/media\/38917"}],"wp:attachment":[{"href":"https:\/\/bazaar.express\/ro\/wp-json\/wp\/v2\/media?parent=38916"}],"wp:term":[{"taxonomy":"product_brand","embeddable":true,"href":"https:\/\/bazaar.express\/ro\/wp-json\/wp\/v2\/product_brand?post=38916"},{"taxonomy":"product_cat","embeddable":true,"href":"https:\/\/bazaar.express\/ro\/wp-json\/wp\/v2\/product_cat?post=38916"},{"taxonomy":"product_tag","embeddable":true,"href":"https:\/\/bazaar.express\/ro\/wp-json\/wp\/v2\/product_tag?post=38916"}],"curies":[{"name":"wp","href":"https:\/\/api.w.org\/{rel}","templated":true}]}}