{"id":38919,"date":"2025-07-30T23:49:14","date_gmt":"2025-07-30T23:49:14","guid":{"rendered":"https:\/\/bazaar.express\/product\/crema-cu-colagen-4\/"},"modified":"2025-07-30T23:49:14","modified_gmt":"2025-07-30T23:49:14","slug":"crema-cu-colagen-4","status":"publish","type":"product","link":"https:\/\/bazaar.express\/ro\/produs\/crema-cu-colagen-4\/","title":{"rendered":"Crem\u0103 cu colagen"},"content":{"rendered":"<h2 data-section-id=\"a8azvp\" data-start=\"1441\" data-end=\"1477\">Crem\u0103 cu colagen \u2013 Secretul unei pielii ve\u0219nic tinere<\/h2>\n<p data-start=\"351\" data-end=\"565\">C\u0103uta\u021bi o metod\u0103 eficient\u0103 pentru a reda str\u0103lucirea \u0219i fermitatea pielii? Descoperi\u021bi beneficiile transformatoare ale <strong data-start=\"460\" data-end=\"478\">cremei cu colagen<\/strong> \u2013 solu\u021bia suprem\u0103 anti-\u00eemb\u0103tr\u00e2nire de \u00eencredere pentru iubitorii de frumuse\u021be din \u00eentreaga lume.<\/p>\n<p data-start=\"567\" data-end=\"908\">Pe m\u0103sur\u0103 ce \u00eenaint\u0103m \u00een v\u00e2rst\u0103, produc\u021bia natural\u0103 de <strong data-start=\"618\" data-end=\"630\">colagen<\/strong> \u0219i umiditate a pielii \u00eencepe s\u0103 scad\u0103. Acest lucru duce la usc\u0103ciune, linii fine \u0219i pierderea vizibil\u0103 a fermit\u0103\u021bii. Dar nu trebuie s\u0103 accepta\u021bi aceste schimb\u0103ri ca permanente. Cu \u00eengrijire constant\u0103 \u0219i ingredientele potrivite, pielea dumneavoastr\u0103 poate reveni \u2013 mai radiant\u0103, hidratat\u0103 \u0219i t\u00e2n\u0103r\u0103 ca niciodat\u0103.<\/p>\n<h3 data-section-id=\"5gyqu9\" data-start=\"910\" data-end=\"962\">Ce este colagenul \u0219i de ce are nevoie pielea ta?<\/h3>\n<p data-start=\"964\" data-end=\"1217\"><strong data-start=\"964\" data-end=\"976\">Colagenul<\/strong> este o protein\u0103 natural\u0103 care ofer\u0103 structur\u0103, elasticitate \u0219i rezisten\u021b\u0103 pielii. Este ceea ce men\u021bine fa\u021ba ferm\u0103 \u0219i neted\u0103. Din p\u0103cate, \u00eemb\u0103tr\u00e2nirea, expunerea la soare \u0219i factorii de mediu epuizeaz\u0103 treptat aceast\u0103 protein\u0103 pre\u021bioas\u0103.<\/p>\n<p data-start=\"1219\" data-end=\"1439\">Crem\u0103 noastr\u0103 bogat\u0103 \u00een colagen este conceput\u0103 special pentru a restabili colagenul pierdut, a reduce ridurile vizibile \u0219i a hr\u0103ni profund pielea din interior. Este potrivit\u0103 pentru <strong data-start=\"1375\" data-end=\"1393\">toate tipurile de piele<\/strong> \u0219i ideal\u0103 pentru <strong data-start=\"1411\" data-end=\"1438\">utilizare zilnic\u0103 \u0219i de noapte<\/strong>.<\/p>\n<h3 data-section-id=\"a8azvp\" data-start=\"1441\" data-end=\"1477\">Beneficii avansate ale cremei cu colagen<\/h3>\n<p data-start=\"1479\" data-end=\"1618\">Aceast\u0103 crem\u0103 luxoas\u0103 combin\u0103 \u0219tiin\u021ba \u0219i natura pentru a aduce \u00eembun\u0103t\u0103\u021biri vizibile texturii \u0219i tonusului pielii. Iat\u0103 ce pute\u021bi a\u0219tepta:<\/p>\n<ul data-start=\"1620\" data-end=\"1986\">\n<li data-start=\"1620\" data-end=\"1686\">\n<p data-start=\"1622\" data-end=\"1686\">\u2705 <strong data-start=\"1624\" data-end=\"1649\">Piele vizibil mai neted\u0103<\/strong> cu mai pu\u021bine linii fine \u0219i riduri<\/p>\n<\/li>\n<li data-start=\"1687\" data-end=\"1732\">\n<p data-start=\"1689\" data-end=\"1732\">\u2705 <strong data-start=\"1691\" data-end=\"1709\">Hidratare profund\u0103<\/strong> care dureaz\u0103 ore \u00eentregi<\/p>\n<\/li>\n<li data-start=\"1733\" data-end=\"1779\">\n<p data-start=\"1735\" data-end=\"1779\">\u2705 <strong data-start=\"1737\" data-end=\"1777\">Elasticitate \u0219i fermitate sporit\u0103 ale pielii<\/strong><\/p>\n<\/li>\n<li data-start=\"1780\" data-end=\"1847\">\n<p data-start=\"1782\" data-end=\"1847\">\u2705 <strong data-start=\"1784\" data-end=\"1808\">Aromat delicat natural<\/strong> pentru o experien\u021b\u0103 revigorant\u0103 de \u00eengrijire<\/p>\n<\/li>\n<li data-start=\"1848\" data-end=\"1892\">\n<p data-start=\"1850\" data-end=\"1892\">\u2705 <strong data-start=\"1852\" data-end=\"1890\">Textur\u0103 non-gras\u0103, cu absorb\u021bie rapid\u0103<\/strong><\/p>\n<\/li>\n<li data-start=\"1893\" data-end=\"1938\">\n<p data-start=\"1895\" data-end=\"1938\">\u2705 Ideal\u0103 pentru <strong data-start=\"1907\" data-end=\"1936\">pielea uscat\u0103, obosit\u0103 sau \u00eemb\u0103tr\u00e2nit\u0103<\/strong><\/p>\n<\/li>\n<li data-start=\"1939\" data-end=\"1986\">\n<p data-start=\"1941\" data-end=\"1986\">\u2705 Borcan de sticl\u0103 250g conceput pentru utilizare pe termen lung<\/p>\n<\/li>\n<\/ul>\n<h3 data-section-id=\"1635pxr\" data-start=\"1988\" data-end=\"2019\">Cum se utilizeaz\u0103 pentru cele mai bune rezultate<\/h3>\n<p data-start=\"2021\" data-end=\"2245\">Aplica\u021bi o cantitate generoas\u0103 pe pielea curat\u0103 \u0219i uscat\u0103 \u2013 \u00een special \u00eenainte de culcare \u2013 pentru a permite penetrarea profund\u0103 peste noapte. Utiliza\u021bi zilnic pentru hidratare maxim\u0103 \u0219i promovarea regener\u0103rii colagenului. Potrivit\u0103 pentru fa\u021b\u0103 \u0219i g\u00e2t. Evita\u021bi contactul cu ochii.<\/p>\n<blockquote data-start=\"2247\" data-end=\"2326\">\n<p data-start=\"2249\" data-end=\"2326\">Sfat: Utiliza\u021bi cu un demachiant bl\u00e2nd \u0219i toner pentru a maximiza absorb\u021bia \u0219i rezultatele.<\/p>\n<\/blockquote>\n<h3 data-section-id=\"1hfcx8z\" data-start=\"2328\" data-end=\"2362\">De ce s\u0103 alege\u021bi crema noastr\u0103 cu colagen?<\/h3>\n<p data-start=\"2364\" data-end=\"2684\">Creat\u0103 cu grij\u0103 de <strong data-start=\"2385\" data-end=\"2403\">Royal &#038; Beauty<\/strong>, crema noastr\u0103 cu colagen este realizat\u0103 cu ingrediente sigure pentru piele \u0219i testat\u0103 pentru hidratare de lung\u0103 durat\u0103 \u0219i rezultate anti-\u00eemb\u0103tr\u00e2nire vizibile. Fie c\u0103 tocmai \u00eencepe\u021bi rutina de \u00eengrijire sau dori\u021bi s\u0103 v\u0103 \u00eembun\u0103t\u0103\u021bi\u021bi produsele, aceast\u0103 crem\u0103 ofer\u0103 exact ce are nevoie pielea pentru a str\u0103luci natural.<\/p>\n<p data-start=\"2686\" data-end=\"2800\">Formula noastr\u0103 este lipsit\u0103 de chimicale dure, parabeni \u0219i coloran\u021bi artificiali, fiind sigur\u0103 chiar \u0219i pentru pielea sensibil\u0103.<\/p>\n<p data-start=\"2807\" data-end=\"2925\"><strong data-start=\"2807\" data-end=\"2881\">Fabricat\u0103 de Royal &#038; Beauty \u2013 Exper\u021bi \u00een solu\u021bii naturale de \u00eengrijire a pielii<\/strong><br data-start=\"2881\" data-end=\"2884\" \/><strong data-start=\"2884\" data-end=\"2925\">Fabricat \u00een Egipt \u2013 Doar pentru uz extern<\/strong><\/p>\n<p data-start=\"2927\" data-end=\"3057\">Descoperi\u021bi frumuse\u021bea unei pielii tinere, radiante \u2013 natural.<br data-start=\"2987\" data-end=\"2990\" \/><strong data-start=\"2990\" data-end=\"3008\">Crem\u0103 cu colagen<\/strong> nu este doar \u00eengrijire a pielii. Este auto\u00eengrijire, perfect\u0103.<\/p>\n<p style=\"text-align: center;\">Mul\u021bumim c\u0103 a\u021bi cump\u0103rat de la <a href=\"https:\/\/bazaar.express\/ro\/\">Bazaar Express<\/a> \u2013 suntem \u00eenc\u00e2nta\u021bi s\u0103 v\u0103 avem!<\/p>\n<p style=\"text-align: center;\">C\u0103l\u0103toria dumneavoastr\u0103 c\u0103tre o auto\u00eengrijire mai bun\u0103 \u00eencepe aici \u2014 cu <a href=\"https:\/\/bazaar.express\/product-category\/beauty-care\/\">Beauty &#038; Care<\/a> de \u00eencredere.<\/p>\n","protected":false},"excerpt":{"rendered":"<h3 data-start=\"470\" data-end=\"619\">O crem\u0103 profund hidratant\u0103 cu colagen care reduce ridurile, \u00eent\u0103re\u0219te pielea \u0219i restabile\u0219te str\u0103lucirea natural\u0103. Borcan de sticl\u0103 250g de la Royal &#038; Beauty. Fabricat \u00een Egipt.<\/h3>\n","protected":false},"featured_media":38922,"comment_status":"open","ping_status":"closed","template":"","meta":[],"product_brand":[],"product_cat":[1145],"product_tag":[1210,1211],"class_list":{"0":"post-38919","1":"product","2":"type-product","3":"status-publish","4":"has-post-thumbnail","6":"product_cat-ingrijire-frumusete","7":"product_tag-ingrijire-a-pielii","8":"product_tag-ingrijire-de-frumusete","10":"first","11":"instock","12":"sale","13":"shipping-taxable","14":"purchasable","15":"product-type-simple"},"_links":{"self":[{"href":"https:\/\/bazaar.express\/ro\/wp-json\/wp\/v2\/product\/38919","targetHints":{"allow":["GET"]}}],"collection":[{"href":"https:\/\/bazaar.express\/ro\/wp-json\/wp\/v2\/product"}],"about":[{"href":"https:\/\/bazaar.express\/ro\/wp-json\/wp\/v2\/types\/product"}],"replies":[{"embeddable":true,"href":"https:\/\/bazaar.express\/ro\/wp-json\/wp\/v2\/comments?post=38919"}],"wp:featuredmedia":[{"embeddable":true,"href":"https:\/\/bazaar.express\/ro\/wp-json\/wp\/v2\/media\/38922"}],"wp:attachment":[{"href":"https:\/\/bazaar.express\/ro\/wp-json\/wp\/v2\/media?parent=38919"}],"wp:term":[{"taxonomy":"product_brand","embeddable":true,"href":"https:\/\/bazaar.express\/ro\/wp-json\/wp\/v2\/product_brand?post=38919"},{"taxonomy":"product_cat","embeddable":true,"href":"https:\/\/bazaar.express\/ro\/wp-json\/wp\/v2\/product_cat?post=38919"},{"taxonomy":"product_tag","embeddable":true,"href":"https:\/\/bazaar.express\/ro\/wp-json\/wp\/v2\/product_tag?post=38919"}],"curies":[{"name":"wp","href":"https:\/\/api.w.org\/{rel}","templated":true}]}}