{"id":39044,"date":"2025-02-28T16:15:19","date_gmt":"2025-02-28T16:15:19","guid":{"rendered":"https:\/\/bazaar.express\/product\/collagen-marine-cream\/"},"modified":"2025-02-28T16:15:19","modified_gmt":"2025-02-28T16:15:19","slug":"collagen-marine-cream","status":"publish","type":"product","link":"https:\/\/bazaar.express\/ro\/produs\/collagen-marine-cream\/","title":{"rendered":"Crem\u0103 cu colagen marin"},"content":{"rendered":"<h2 class=\"\" data-start=\"374\" data-end=\"458\">Crem\u0103 cu colagen marin \u2013 Solu\u021bia suprem\u0103 de \u00eengrijire pentru piele radiant\u0103 \u0219i t\u00e2n\u0103r\u0103<\/h2>\n<h3 class=\"\" data-start=\"460\" data-end=\"501\">Descoper\u0103 puterea colagenului marin<\/h3>\n<p class=\"\" data-start=\"503\" data-end=\"865\"><strong data-start=\"503\" data-end=\"528\">Crem\u0103 cu colagen marin<\/strong> este o solu\u021bie premium de \u00eengrijire a pielii, formulat\u0103 pentru a hr\u0103ni profund, hidrata \u0219i revitaliza pielea folosind <strong data-start=\"636\" data-end=\"663\">colagen derivat din surse marine<\/strong>. Cu textura sa u\u0219oar\u0103, care se absoarbe rapid, \u0219i ingrediente avansate \u0219tiin\u021bific, sus\u021bine <strong data-start=\"763\" data-end=\"782\">elasticitatea pielii<\/strong>, \u00eembun\u0103t\u0103\u021be\u0219te <strong data-start=\"793\" data-end=\"815\">re\u021binerea umidit\u0103\u021bii<\/strong> \u0219i promoveaz\u0103 un <strong data-start=\"832\" data-end=\"864\">complex radiant natural<\/strong>.<\/p>\n<p class=\"\" data-start=\"867\" data-end=\"1013\">Aceast\u0103 crem\u0103 este ideal\u0103 pentru oricine dore\u0219te s\u0103 combat\u0103 semnele \u00eemb\u0103tr\u00e2nirii, s\u0103 restabileasc\u0103 fermitatea pielii \u0219i s\u0103 ob\u021bin\u0103 o str\u0103lucire mai t\u00e2n\u0103r\u0103 \u2013 \u00een mod natural \u0219i eficient.<\/p>\n<h3 class=\"\" data-start=\"1020\" data-end=\"1057\">De ce s\u0103 alegi Crema cu colagen marin?<\/h3>\n<p class=\"\" data-start=\"1059\" data-end=\"1362\">Spre deosebire de hidratantele obi\u0219nuite, <strong data-start=\"1089\" data-end=\"1114\">Crem\u0103 cu colagen marin<\/strong> este conceput\u0103 s\u0103 lucreze \u00een armonie cu procesele naturale ale pielii. Stimuleaz\u0103 <strong data-start=\"1192\" data-end=\"1214\">sinteza de colagen<\/strong>, \u00eencurajeaz\u0103 <strong data-start=\"1227\" data-end=\"1248\">regenerarea celular\u0103<\/strong> \u0219i \u00eent\u0103re\u0219te <strong data-start=\"1277\" data-end=\"1299\">bariera protectoare a pielii<\/strong>, oferind o solu\u021bie complet\u0103 pentru s\u0103n\u0103tatea pielii pe termen lung.<\/p>\n<ul data-start=\"1364\" data-end=\"1627\">\n<li class=\"\" data-start=\"1364\" data-end=\"1415\">\n<p class=\"\" data-start=\"1366\" data-end=\"1415\">P\u0103trunde <strong data-start=\"1369\" data-end=\"1390\">ad\u00e2nc<\/strong> pentru o hr\u0103nire maxim\u0103.<\/p>\n<\/li>\n<li class=\"\" data-start=\"1416\" data-end=\"1480\">\n<p class=\"\" data-start=\"1418\" data-end=\"1480\">\u00cembun\u0103t\u0103\u021be\u0219te <strong data-start=\"1427\" data-end=\"1458\">produc\u021bia natural\u0103 de colagen<\/strong> pentru o fermitate vizibil\u0103.<\/p>\n<\/li>\n<li class=\"\" data-start=\"1481\" data-end=\"1549\">\n<p class=\"\" data-start=\"1483\" data-end=\"1549\">Perfect\u0103 pentru <strong data-start=\"1495\" data-end=\"1513\">toate tipurile de piele<\/strong>, inclusiv pielea gras\u0103 \u0219i sensibil\u0103.<\/p>\n<\/li>\n<li class=\"\" data-start=\"1550\" data-end=\"1627\">\n<p class=\"\" data-start=\"1552\" data-end=\"1627\">Ofer\u0103 <strong data-start=\"1561\" data-end=\"1582\">hidratare de lung\u0103 durat\u0103<\/strong> \u0219i protec\u021bie \u00eempotriva daunelor de mediu.<\/p>\n<\/li>\n<\/ul>\n<h3 class=\"\" data-start=\"1634\" data-end=\"1675\">Beneficiile cheie ale Cremei cu colagen marin<\/h3>\n<h4 class=\"\" data-start=\"1677\" data-end=\"1717\">\u2714 Reduce ridurile \u0219i liniile fine<\/h4>\n<p class=\"\" data-start=\"1718\" data-end=\"1884\">Colagenul marin stimuleaz\u0103 procesul natural de regenerare al pielii, reduc\u00e2nd aspectul ridurilor \u0219i liniilor fine, \u00een timp ce restabile\u0219te netezimea \u0219i fermitatea pielii.<\/p>\n<h4 class=\"\" data-start=\"1886\" data-end=\"1935\">\u2714 Hidratare intens\u0103 \u0219i re\u021binere a umidit\u0103\u021bii<\/h4>\n<p class=\"\" data-start=\"1936\" data-end=\"2091\">\u00cembog\u0103\u021bit\u0103 cu humectan\u021bi, crema blocheaz\u0103 umiditatea \u0219i formeaz\u0103 o barier\u0103 \u00eempotriva deshidrat\u0103rii \u2013 men\u021bin\u00e2nd pielea moale, catifelat\u0103 \u0219i f\u0103r\u0103 fulgi pe parcursul zilei.<\/p>\n<h4 class=\"\" data-start=\"2093\" data-end=\"2139\">\u2714 \u00cembun\u0103t\u0103\u021be\u0219te elasticitatea \u0219i fermitatea pielii<\/h4>\n<p class=\"\" data-start=\"2140\" data-end=\"2298\">Prin \u00eembun\u0103t\u0103\u021birea densit\u0103\u021bii de colagen \u00een derm\u0103, aceast\u0103 crem\u0103 \u00eent\u0103re\u0219te structura pielii \u0219i ajut\u0103 la reducerea l\u0103s\u0103rii, oferind fe\u021bei un aspect mai ridicat \u0219i tonifiat.<\/p>\n<h4 class=\"\" data-start=\"2300\" data-end=\"2338\">\u2714 \u00cemprosp\u0103teaz\u0103 \u0219i uniformizeaz\u0103 tenul<\/h4>\n<p class=\"\" data-start=\"2339\" data-end=\"2478\">Agen\u021bii naturali de iluminare estompeaz\u0103 <strong data-start=\"2371\" data-end=\"2385\">petele \u00eentunecate<\/strong>, <strong data-start=\"2387\" data-end=\"2408\">hiperpigmentarea<\/strong> \u0219i <strong data-start=\"2414\" data-end=\"2431\">decolorarea<\/strong>, rezult\u00e2nd un ten mai uniform \u0219i str\u0103lucitor.<\/p>\n<h4 class=\"\" data-start=\"2480\" data-end=\"2521\">\u2714 Repar\u0103 \u0219i calmeaz\u0103 pielea deteriorat\u0103<\/h4>\n<p class=\"\" data-start=\"2522\" data-end=\"2667\">Cu ingrediente antiinflamatoare, calmeaz\u0103 irita\u021biile \u0219i ro\u0219ea\u021ba, fiind ideal\u0103 pentru pielea <strong data-start=\"2611\" data-end=\"2624\">sensibil\u0103<\/strong>, <strong data-start=\"2626\" data-end=\"2638\">reactiv\u0103<\/strong> sau <strong data-start=\"2643\" data-end=\"2661\">post-tratament<\/strong>.<\/p>\n<h4 class=\"\" data-start=\"2669\" data-end=\"2710\">\u2714 Formul\u0103 u\u0219oar\u0103 \u0219i non-gras\u0103<\/h4>\n<p class=\"\" data-start=\"2711\" data-end=\"2826\">Se absoarbe rapid f\u0103r\u0103 a astupa porii sau a l\u0103sa reziduuri \u2013 perfect\u0103 pentru pielea gras\u0103, cu acnee \u0219i combinat\u0103.<\/p>\n<h4 class=\"\" data-start=\"2828\" data-end=\"2876\">\u2714 Protejeaz\u0103 \u00eempotriva factorilor de mediu<\/h4>\n<p class=\"\" data-start=\"2877\" data-end=\"3021\">Infuzat\u0103 cu antioxidan\u021bi, formeaz\u0103 o barier\u0103 protectoare \u00eempotriva <strong data-start=\"2942\" data-end=\"2953\">razelor UV<\/strong>, <strong data-start=\"2955\" data-end=\"2968\">polu\u0103rii<\/strong> \u0219i altor radicali liberi care cauzeaz\u0103 \u00eemb\u0103tr\u00e2nire prematur\u0103.<\/p>\n<h4 class=\"\" data-start=\"3023\" data-end=\"3055\">\u2714 Cre\u0219te str\u0103lucirea natural\u0103<\/h4>\n<p class=\"\" data-start=\"3056\" data-end=\"3183\">Furnizeaz\u0103 nutrien\u021bi esen\u021biali care \u00eembun\u0103t\u0103\u021besc <strong data-start=\"3098\" data-end=\"3115\">re\u00eennoirea celular\u0103<\/strong>, dezv\u0103luind o piele mai s\u0103n\u0103toas\u0103, mai proasp\u0103t\u0103 \u0219i mai luminoas\u0103.<\/p>\n<h4 class=\"\" data-start=\"3185\" data-end=\"3227\">\u2714 \u00cent\u0103re\u0219te func\u021bia barierei pielii<\/h4>\n<p class=\"\" data-start=\"3228\" data-end=\"3351\">Consolideaz\u0103 <strong data-start=\"3249\" data-end=\"3274\">bariera lipidic\u0103 natural\u0103 a pielii<\/strong>, sporind rezisten\u021ba la iritan\u021bi, alergeni \u0219i poluan\u021bi de mediu.<\/p>\n<h4 class=\"\" data-start=\"3353\" data-end=\"3393\">\u2714 Revitalizeaz\u0103 pielea obosit\u0103 \u0219i tern\u0103<\/h4>\n<p class=\"\" data-start=\"3394\" data-end=\"3509\">Restabile\u0219te vitalitatea pielii stresate \u0219i obosite, promov\u00e2nd un aspect <strong data-start=\"3455\" data-end=\"3468\">\u00eemprosp\u0103tat<\/strong>, <strong data-start=\"3470\" data-end=\"3485\">odihnit<\/strong> \u0219i <strong data-start=\"3491\" data-end=\"3503\">tineresc<\/strong>.<\/p>\n<h3 class=\"\" data-start=\"3516\" data-end=\"3569\">Cum s\u0103 folose\u0219ti Crema cu colagen marin pentru rezultate optime<\/h3>\n<ol data-start=\"3571\" data-end=\"3819\">\n<li class=\"\" data-start=\"3571\" data-end=\"3619\">\n<p class=\"\" data-start=\"3574\" data-end=\"3619\"><strong data-start=\"3574\" data-end=\"3585\">Cur\u0103\u021b\u0103<\/strong> fa\u021ba temeinic \u0219i tamponeaz\u0103 cu un prosop.<\/p>\n<\/li>\n<li class=\"\" data-start=\"3620\" data-end=\"3683\">\n<p class=\"\" data-start=\"3623\" data-end=\"3683\"><strong data-start=\"3623\" data-end=\"3647\">Aplic\u0103 o cantitate mic\u0103<\/strong> de crem\u0103 pe fa\u021b\u0103 \u0219i g\u00e2t.<\/p>\n<\/li>\n<li class=\"\" data-start=\"3684\" data-end=\"3747\">\n<p class=\"\" data-start=\"3687\" data-end=\"3747\"><strong data-start=\"3687\" data-end=\"3725\">Maseaz\u0103 u\u0219or \u00een mi\u0219c\u0103ri circulare<\/strong> p\u00e2n\u0103 la absorb\u021bie complet\u0103.<\/p>\n<\/li>\n<li class=\"\" data-start=\"3748\" data-end=\"3819\">\n<p class=\"\" data-start=\"3751\" data-end=\"3819\">Folose\u0219te <strong data-start=\"3755\" data-end=\"3770\">de dou\u0103 ori pe zi<\/strong> \u2013 diminea\u021ba \u0219i seara \u2013 pentru beneficii maxime.<\/p>\n<\/li>\n<\/ol>\n<p class=\"\" data-start=\"3821\" data-end=\"3917\">Pentru rezultate \u00eembun\u0103t\u0103\u021bite, combin\u0103 cu un ser sau esen\u021b\u0103 cu colagen marin \u00eenainte de aplicarea cremei.<\/p>\n<h3 class=\"\" data-start=\"3924\" data-end=\"3965\">Cine ar trebui s\u0103 foloseasc\u0103 Crema cu colagen marin?<\/h3>\n<p class=\"\" data-start=\"3967\" data-end=\"4039\">Aceast\u0103 formul\u0103 versatil\u0103 este conceput\u0103 pentru un spectru larg de utilizatori, inclusiv:<\/p>\n<ul data-start=\"4041\" data-end=\"4369\">\n<li class=\"\" data-start=\"4041\" data-end=\"4092\">\n<p class=\"\" data-start=\"4043\" data-end=\"4092\">Persoane care prezint\u0103 <strong data-start=\"4068\" data-end=\"4092\">primele semne de \u00eemb\u0103tr\u00e2nire<\/strong><\/p>\n<\/li>\n<li class=\"\" data-start=\"4093\" data-end=\"4144\">\n<p class=\"\" data-start=\"4095\" data-end=\"4144\">Oameni cu piele <strong data-start=\"4107\" data-end=\"4144\">deshidratat\u0103, tern\u0103 sau l\u0103sat\u0103<\/strong><\/p>\n<\/li>\n<li class=\"\" data-start=\"4145\" data-end=\"4207\">\n<p class=\"\" data-start=\"4147\" data-end=\"4207\">Cei expu\u0219i regulat la <strong data-start=\"4174\" data-end=\"4207\">poluare urban\u0103 sau daune solare<\/strong><\/p>\n<\/li>\n<li class=\"\" data-start=\"4208\" data-end=\"4284\">\n<p class=\"\" data-start=\"4210\" data-end=\"4284\">Oricine caut\u0103 un produs anti-\u00eemb\u0103tr\u00e2nire <strong data-start=\"4231\" data-end=\"4256\">natural \u0219i eficient<\/strong> pentru \u00eengrijirea pielii<\/p>\n<\/li>\n<li class=\"\" data-start=\"4285\" data-end=\"4369\">\n<p class=\"\" data-start=\"4287\" data-end=\"4369\">Persoane \u00een c\u0103utarea unui hidratant <strong data-start=\"4304\" data-end=\"4320\">f\u0103r\u0103 parabeni<\/strong>, <strong data-start=\"4322\" data-end=\"4335\">non-toxic<\/strong> \u0219i <strong data-start=\"4341\" data-end=\"4357\">ecologic<\/strong><\/p>\n<\/li>\n<\/ul>\n<h3 class=\"\" data-start=\"4376\" data-end=\"4398\">Puncte forte ale produsului<\/h3>\n<ul data-start=\"4400\" data-end=\"4642\">\n<li class=\"\" data-start=\"4400\" data-end=\"4422\">\n<p class=\"\" data-start=\"4402\" data-end=\"4422\"><strong data-start=\"4402\" data-end=\"4414\">Fabricat \u00een:<\/strong> Egipt<\/p>\n<\/li>\n<li class=\"\" data-start=\"4423\" data-end=\"4494\">\n<p class=\"\" data-start=\"4425\" data-end=\"4494\"><strong data-start=\"4425\" data-end=\"4441\">Formul\u0103:<\/strong> 100% Natural\u0103 | Bazat\u0103 pe marine | Testat\u0103 dermatologic<\/p>\n<\/li>\n<li class=\"\" data-start=\"4495\" data-end=\"4541\">\n<p class=\"\" data-start=\"4497\" data-end=\"4541\"><strong data-start=\"4497\" data-end=\"4511\">Tip piele:<\/strong> Potrivit pentru toate tipurile de piele<\/p>\n<\/li>\n<li class=\"\" data-start=\"4542\" data-end=\"4590\">\n<p class=\"\" data-start=\"4544\" data-end=\"4590\"><strong data-start=\"4544\" data-end=\"4556\">Textur\u0103:<\/strong> U\u0219oar\u0103, cremoas\u0103, non-gras\u0103<\/p>\n<\/li>\n<li class=\"\" data-start=\"4591\" data-end=\"4642\">\n<p class=\"\" data-start=\"4593\" data-end=\"4642\"><strong data-start=\"4593\" data-end=\"4608\">Valabilitate:<\/strong> 24 luni de la data fabrica\u021biei<\/p>\n<\/li>\n<\/ul>\n<h3 class=\"\" data-start=\"4899\" data-end=\"4936\">Dezvele\u015fte frumuse\u0163ea natural\u0103 a pielii tale<\/h3>\n<p class=\"\" data-start=\"4938\" data-end=\"5143\">Nu te mul\u021bumi cu \u00eengrijire medie \u2013 alege o formul\u0103 sus\u021binut\u0103 de natur\u0103 \u0219i rafinat\u0103 de \u0219tiin\u021b\u0103. <strong data-start=\"5030\" data-end=\"5055\">Crem\u0103 cu colagen marin<\/strong> ajut\u0103 la dezv\u0103luirea unei piele mai luminoase, mai netede \u0219i mai tinere cu fiecare aplicare.<\/p>\n<p class=\"\" data-start=\"5145\" data-end=\"5273\">\u2705 Formul\u0103 recomandat\u0103 de dermatologi<br data-start=\"5180\" data-end=\"5183\" \/>\u2705 Non-toxic\u0103, f\u0103r\u0103 cruzime, f\u0103r\u0103 parabeni<br data-start=\"5226\" data-end=\"5229\" \/>\u2705 \u00cembun\u0103t\u0103\u021biri vizibile \u00een doar c\u00e2teva s\u0103pt\u0103m\u00e2ni<\/p>\n<h3 class=\"\" data-start=\"5280\" data-end=\"5325\">Comand\u0103 acum \u0219i transform\u0103-\u021bi pielea natural<\/h3>\n<p class=\"\" data-start=\"5327\" data-end=\"5509\"> Spune adio pielii terne \u0219i obosite. Recupereaz\u0103-\u021bi str\u0103lucirea natural\u0103 cu <strong data-start=\"5394\" data-end=\"5419\">Crem\u0103 cu colagen marin<\/strong> chiar ast\u0103zi!<br data-start=\"5426\" data-end=\"5429\" \/> Beneficiaz\u0103 de <strong data-start=\"5438\" data-end=\"5467\">Livrare gratuit\u0103 \u00een Hurghada<\/strong> \u0219i <strong data-start=\"5472\" data-end=\"5494\">Livrare interna\u021bional\u0103<\/strong> pentru toate comenzile.<\/p>\n<p>&nbsp;<\/p>\n<p style=\"text-align: center;\">Mul\u021bumim c\u0103 ai cump\u0103rat de la <em data-start=\"415\" data-end=\"431\"><a href=\"https:\/\/bazaar.express\/ro\/\">Bazaar Express<\/a><\/em> \u2013 suntem \u00eenc\u00e2nta\u021bi s\u0103 te avem al\u0103turi!<\/p>\n<p style=\"text-align: center;\">C\u0103l\u0103toria ta spre o \u00eengrijire de sine mai bun\u0103 \u00eencepe aici \u2013 cu <a href=\"https:\/\/bazaar.express\/product-category\/beauty-care\/\">Beauty &#038; Care<\/a> de \u00eencredere.<\/p>\n","protected":false},"excerpt":{"rendered":"<h3 data-start=\"498\" data-end=\"717\">Crem\u0103 cu colagen marin este un hidratant rapid absorbabil, non-gras, cu colagen marin, care fermeaz\u0103, hidrateaz\u0103 \u0219i lumineaz\u0103 pielea. Ideal\u0103 pentru toate tipurile de piele, reduce ridurile \u0219i revitalizeaz\u0103 pielea tern\u0103 \u0219i obosit\u0103 \u00een mod natural.<\/h3>\n","protected":false},"featured_media":39048,"comment_status":"open","ping_status":"closed","template":"","meta":[],"product_brand":[],"product_cat":[1145,1146],"product_tag":[],"class_list":{"0":"post-39044","1":"product","2":"type-product","3":"status-publish","4":"has-post-thumbnail","6":"product_cat-ingrijire-frumusete","7":"product_cat-uleiuri-terapeutice","8":"pa_l-xl-120ml","10":"first","11":"instock","12":"sale","13":"shipping-taxable","14":"purchasable","15":"product-type-simple"},"_links":{"self":[{"href":"https:\/\/bazaar.express\/ro\/wp-json\/wp\/v2\/product\/39044","targetHints":{"allow":["GET"]}}],"collection":[{"href":"https:\/\/bazaar.express\/ro\/wp-json\/wp\/v2\/product"}],"about":[{"href":"https:\/\/bazaar.express\/ro\/wp-json\/wp\/v2\/types\/product"}],"replies":[{"embeddable":true,"href":"https:\/\/bazaar.express\/ro\/wp-json\/wp\/v2\/comments?post=39044"}],"wp:featuredmedia":[{"embeddable":true,"href":"https:\/\/bazaar.express\/ro\/wp-json\/wp\/v2\/media\/39048"}],"wp:attachment":[{"href":"https:\/\/bazaar.express\/ro\/wp-json\/wp\/v2\/media?parent=39044"}],"wp:term":[{"taxonomy":"product_brand","embeddable":true,"href":"https:\/\/bazaar.express\/ro\/wp-json\/wp\/v2\/product_brand?post=39044"},{"taxonomy":"product_cat","embeddable":true,"href":"https:\/\/bazaar.express\/ro\/wp-json\/wp\/v2\/product_cat?post=39044"},{"taxonomy":"product_tag","embeddable":true,"href":"https:\/\/bazaar.express\/ro\/wp-json\/wp\/v2\/product_tag?post=39044"}],"curies":[{"name":"wp","href":"https:\/\/api.w.org\/{rel}","templated":true}]}}