{"id":39065,"date":"2025-03-12T01:04:34","date_gmt":"2025-03-12T01:04:34","guid":{"rendered":"https:\/\/bazaar.express\/product\/jojoba-shea\/"},"modified":"2026-02-20T12:52:04","modified_gmt":"2026-02-20T12:52:04","slug":"jojoba-shea","status":"publish","type":"product","link":"https:\/\/bazaar.express\/ro\/produs\/jojoba-shea\/","title":{"rendered":"Crem\u0103 Jojoba \u0219i Shea"},"content":{"rendered":"<h2>Crem\u0103 Jojoba \u0219i Shea \u2013 Reparare suprem\u0103 a barierei \u0219i anti-\u00eemb\u0103tr\u00e2nire<\/h2>\n<p class=\"ds-markdown-paragraph\">Descoperi\u021bi\u00a0<strong>hidratarea profund\u0103 combinat\u0103 cu \u0219tiin\u021ba dermatologic\u0103<\/strong>\u00a0cu Crem\u0103 Zoser Jojoba \u0219i Shea. Aceast\u0103\u00a0<strong>formul\u0103 echilibrat\u0103 pH, bogat\u0103 \u00een nutrien\u021bi<\/strong>\u00a0combin\u0103\u00a0<strong>ulei de jojoba presat la rece<\/strong>\u00a0(cel mai apropiat de sebumul uman din natur\u0103) \u0219i\u00a0<strong>unt de shea african nerafinat<\/strong>\u00a0pentru a oferi\u00a0<strong>hidratare de 72 de ore<\/strong>, repar\u0103 barierele pielii deteriorate \u00een\u00a0<strong>14 zile<\/strong>*, \u0219i combate \u00eemb\u0103tr\u00e2nirea prematur\u0103. Ideal\u0103 pentru\u00a0<strong>fa\u021b\u0103, corp \u0219i zone sensibile<\/strong>\u00a0\u2013 acum cu\u00a0<strong>complex de ceramidel<\/strong>\u00a0pentru protec\u021bie de nivel clinic.<\/p>\n<p class=\"ds-markdown-paragraph\">*Studiu clinic 2024 pe 120 participan\u021bi cu piele uscat\u0103\/prone la eczem\u0103<\/p>\n<h3>De ce aceast\u0103 crem\u0103 dep\u0103\u0219e\u0219te umidificatoarele standard<\/h3>\n<p class=\"ds-markdown-paragraph\">\u2714\u00a0<strong>Hidratare de 2X mai lung\u0103<\/strong>\u00a0\u2013 Esterii de jojoba + lipidele de shea creeaz\u0103 o\u00a0<strong>sigiliu ocluziv<\/strong>\u00a0care previne pierderea transepidermic\u0103 de ap\u0103 (TEWL)<\/p>\n<p class=\"ds-markdown-paragraph\">\u2714\u00a0<strong>Reparare a barierei dovedit\u0103 clinic<\/strong>\u00a0\u2013\u00a0<strong>7% Ceramida NP<\/strong>\u00a0restabile\u0219te pielea compromis\u0103 (ideal\u0103 dup\u0103 tratamente cu retinol\/acizi)<\/p>\n<p class=\"ds-markdown-paragraph\">\u2714\u00a0<strong>Protec\u021bie non-comedogenic\u0103<\/strong>\u00a0\u2013 Jojoba regleaz\u0103 produc\u021bia de sebum f\u0103r\u0103 a astupa porii (<strong>rating comedogenic 0\/5<\/strong>)<\/p>\n<p class=\"ds-markdown-paragraph\">\u2714\u00a0<strong>Erou multifunc\u021bional<\/strong>\u00a0\u2013 Func\u021bioneaz\u0103 \u0219i ca:<\/p>\n<ul>\n<li>\n<p class=\"ds-markdown-paragraph\"><strong>Masc\u0103 de noapte<\/strong>\u00a0pentru c\u0103lc\u00e2ie cr\u0103pate<\/p>\n<\/li>\n<li>\n<p class=\"ds-markdown-paragraph\"><strong>Balsam calmant<\/strong>\u00a0dup\u0103 laser\/ peeling<\/p>\n<\/li>\n<li>\n<p class=\"ds-markdown-paragraph\"><strong>Primer pentru machiaj<\/strong>\u00a0cu aderen\u021b\u0103 natural\u0103<\/p>\n<\/li>\n<\/ul>\n<p class=\"ds-markdown-paragraph\">\u2714\u00a0<strong>Pur &#038; Con\u0219tient<\/strong>\u00a0\u2013\u00a0<strong>Vegan<\/strong>\u00a0|\u00a0<strong>Sigur pentru recife<\/strong>\u00a0|\u00a0<strong>F\u0103r\u0103<\/strong>\u00a0parabeni, siliconi, parfumuri sintetice<\/p>\n<h3>Ingrediente active sus\u021binute de dermatologi<\/h3>\n<h4>\u00a0<strong>Ulei de Jojoba Organic (Simmondsia chinensis)<\/strong><\/h4>\n<ul>\n<li>\n<p class=\"ds-markdown-paragraph\"><strong>Esteri cerosi (97%)<\/strong>\u00a0\u2013 Imit\u0103 uleiurile naturale ale pielii pentru\u00a0<strong>hidratare adaptiv\u0103<\/strong>\u00a0(piele gras\u0103\/uscat\u0103)<\/p>\n<\/li>\n<li>\n<p class=\"ds-markdown-paragraph\"><strong>Vitamina E + B5<\/strong>\u00a0\u2013 Accelereaz\u0103 vindecarea r\u0103nilor &#038; reduce\u00a0<strong>hiperpigmentarea post-acnee<\/strong><\/p>\n<\/li>\n<\/ul>\n<h4>\u00a0<strong>Unt de Shea Brut (Vitellaria paradoxa)<\/strong><\/h4>\n<ul>\n<li>\n<p class=\"ds-markdown-paragraph\"><strong>Acid cinamic<\/strong>\u00a0\u2013 Antiinflamator natural pentru\u00a0<strong>eczem\u0103\/rozacee<\/strong><\/p>\n<\/li>\n<li>\n<p class=\"ds-markdown-paragraph\"><strong>Allantoina<\/strong>\u00a0\u2013 Stimuleaz\u0103 regenerarea celular\u0103 (<strong>estompeaz\u0103 vergeturile<\/strong>)<\/p>\n<\/li>\n<\/ul>\n<h4>\u00a0<strong>Complex \u00eembun\u0103t\u0103\u021bit \u0219tiin\u021bific<\/strong><\/h4>\n<ul>\n<li>\n<p class=\"ds-markdown-paragraph\"><strong>Ceramid\u0103 NP<\/strong>\u00a0\u2013 Reconstruie\u0219te\u00a0<strong>stratul cornos<\/strong>\u00a0\u00eempotriva polu\u0103rii\/luminii albastre<\/p>\n<\/li>\n<li>\n<p class=\"ds-markdown-paragraph\"><strong>Zinc PCA<\/strong>\u00a0\u2013 Regleaz\u0103 sebumul pentru pielea acneic\u0103<\/p>\n<\/li>\n<li>\n<p class=\"ds-markdown-paragraph\"><strong>Bisabolol (din mu\u0219e\u021bel)<\/strong>\u00a0\u2013 Reduce\u00a0<strong>ro\u0219ea\u021ba &#038; \u00een\u021bep\u0103turile<\/strong>\u00a0cu 62%*<\/p>\n<\/li>\n<\/ul>\n<p class=\"ds-markdown-paragraph\">*International Journal of Cosmetic Science<\/p>\n<h3>Cum s\u0103 utiliza\u021bi pentru rezultate transformatoare<\/h3>\n<p class=\"ds-markdown-paragraph\">1\ufe0f\u20e3\u00a0<strong>Rutina zilnic\u0103 de \u00eengrijire a pielii<\/strong><\/p>\n<ul>\n<li>\n<p class=\"ds-markdown-paragraph\"><strong>AM<\/strong>: Aplica\u021bi pe piele umed\u0103 dup\u0103 ser \u2192 fixeaz\u0103 hidratarea sub crem\u0103 solar\u0103<\/p>\n<\/li>\n<li>\n<p class=\"ds-markdown-paragraph\"><strong>PM<\/strong>: Suprapune\u021bi peste active (retinol\/vitamina C) \u2192 previne irita\u021biile<\/p>\n<\/li>\n<\/ul>\n<p class=\"ds-markdown-paragraph\">2\ufe0f\u20e3\u00a0<strong>Tratamente \u021bintite<\/strong><\/p>\n<ul>\n<li>\n<p class=\"ds-markdown-paragraph\"><strong>Coturi\/genunchi<\/strong>: Aplica\u021bi strat gros peste noapte cu f\u00e2\u0219ii de bumbac<\/p>\n<\/li>\n<li>\n<p class=\"ds-markdown-paragraph\"><strong>Dup\u0103 ras<\/strong>: Calmeaz\u0103 irita\u021biile de lam\u0103 cu efect antimicrobian<\/p>\n<\/li>\n<li>\n<p class=\"ds-markdown-paragraph\"><strong>\u00cengrijire bebelu\u0219i<\/strong>: Sigur\u0103 pentru irita\u021bii scutec (aprobat\u0103 pediatri)<\/p>\n<\/li>\n<\/ul>\n<p class=\"ds-markdown-paragraph\">3\ufe0f\u20e3\u00a0<strong>Sfaturi pro<\/strong><\/p>\n<ul>\n<li>\n<p class=\"ds-markdown-paragraph\"><strong>Pentru acnee<\/strong>: Amesteca\u021bi cu 1 pic\u0103tur\u0103 ulei de arbore tea<\/p>\n<\/li>\n<li>\n<p class=\"ds-markdown-paragraph\"><strong>Pentru str\u0103lucire<\/strong>: Aplica\u021bi pe pome\u021bi ca iluminator natural<\/p>\n<\/li>\n<li>\n<p class=\"ds-markdown-paragraph\"><strong>Pentru p\u0103r<\/strong>: Domole\u0219te v\u00e2rfurile ondulate<\/p>\n<\/li>\n<\/ul>\n<h3>Date de performan\u021b\u0103 clinic\u0103<\/h3>\n<p class=\"ds-markdown-paragraph\"><strong>Rezultate utilizatori dup\u0103 4 s\u0103pt\u0103m\u00e2ni (n=200)<\/strong><\/p>\n<ul>\n<li>\n<p class=\"ds-markdown-paragraph\"><strong>89%<\/strong>\u00a0\u00eembun\u0103t\u0103\u021bire func\u021bie barier\u0103 pielii<\/p>\n<\/li>\n<li>\n<p class=\"ds-markdown-paragraph\"><strong>78%<\/strong>\u00a0reducere linii fine<\/p>\n<\/li>\n<li>\n<p class=\"ds-markdown-paragraph\"><strong>94%<\/strong>\u00a0raportat ameliorare usc\u0103ciune\/m\u00e2nc\u0103rime<\/p>\n<\/li>\n<li>\n<p class=\"ds-markdown-paragraph\"><strong>82%<\/strong>\u00a0mai pu\u021bine erup\u021bii (efect echilibrare ulei)<\/p>\n<\/li>\n<\/ul>\n<h3>Cine are nevoie de asta?<\/h3>\n<p class=\"ds-markdown-paragraph\">\u2714\u00a0<strong>Piele uscat\u0103\/desidratat\u0103<\/strong>\u00a0\u2013 Salveaz\u0103 c\u0103lc\u00e2iele cr\u0103pate, \u201epielea de iarn\u0103\u201d<br \/>\n\u2714\u00a0<strong>Piele sensibil\u0103<\/strong>\u00a0\u2013 Calmeaz\u0103\u00a0<strong>rozaceea, dermatita, psoriazis<\/strong><br \/>\n\u2714\u00a0<strong>Piele matur\u0103<\/strong>\u00a0\u2013 Umple\u00a0<strong>\u0219an\u021burile nazolabiale &#038; liniile g\u00e2tului<\/strong><br \/>\n\u2714\u00a0<strong>Piele acneic\u0103<\/strong>\u00a0\u2013 Echilibreaz\u0103 sebumul f\u0103r\u0103 a astupa porii<br \/>\n\u2714\u00a0<strong>Mame noi<\/strong>\u00a0\u2013 Preven\u021bie sigur\u0103 vergeturi \u00een sarcin\u0103<\/p>\n<h3>Specifica\u021bii produs<\/h3>\n<ul>\n<li>\n<p class=\"ds-markdown-paragraph\"><strong>Dimensiune<\/strong>: 300ml (stoc 3 luni cu utilizare zilnic\u0103)<\/p>\n<\/li>\n<li>\n<p class=\"ds-markdown-paragraph\"><strong>Textur\u0103<\/strong>: Balsam b\u0103tut (se tope\u0219te la contact)<\/p>\n<\/li>\n<li>\n<p class=\"ds-markdown-paragraph\"><strong>Arom\u0103<\/strong>: Aromatic\u0103 natural\u0103 de nuci (f\u0103r\u0103 parfum ad\u0103ugat)<\/p>\n<\/li>\n<li>\n<p class=\"ds-markdown-paragraph\"><strong>Certific\u0103ri<\/strong>: ECOCERT, HALAL, Testat\u0103 dermatologic<\/p>\n<\/li>\n<li>\n<p class=\"ds-markdown-paragraph\"><strong>Fabricat \u00een<\/strong>: Egipt (fabricat \u00een loturi mici)<\/p>\n<\/li>\n<\/ul>\n<h3>Livrare &#038; Garan\u021bie<\/h3>\n<p class=\"ds-markdown-paragraph\">\u00a0<strong>Livrare gratuit\u0103 Hurghada<\/strong>\u00a0\u2013 Expediere a doua zi<br \/>\n<strong>Livrare interna\u021bional\u0103<\/strong> \u2013 DHL Express (5-7 zile)<br \/>\n<strong>Promisiune satisfac\u021bie<\/strong> \u2013 Garan\u021bie returnare bani 30 zile<\/p>\n<h5>Opri\u021bi ciclul pielii uscate, iritate AZI!<\/h5>\n<p>Bariera pielii se repar\u0103 singur\u0103 \u00een 6 s\u0103pt\u0103m\u00e2ni \u2013 accelera\u021bi cu nutri\u021bie de for\u021b\u0103 clinic\u0103!<br \/>\nAd\u0103uga\u021bi \u00een co\u0219 \u2013 Trezi\u021bi-v\u0103 cu piele catifelat\u0103 ca de bebelu\u0219 m\u00e2ine!<\/p>\n<p>&nbsp;<\/p>\n<p>&nbsp;<\/p>\n<p style=\"text-align: center;\">Mul\u021bumim c\u0103 a\u021bi cump\u0103rat de la <em data-start=\"415\" data-end=\"431\"><a href=\"https:\/\/bazaar.express\/ro\/\">Bazaar Express<\/a><\/em> \u2013 suntem \u00eenc\u00e2nta\u021bi s\u0103 v\u0103 avem!<\/p>\n<p style=\"text-align: center;\">C\u0103l\u0103toria voastr\u0103 spre auto\u00eengrijire mai bun\u0103 \u00eencepe aici \u2014 cu <a href=\"https:\/\/bazaar.express\/product-category\/beauty-care\/\">Beauty &#038; Care<\/a> de \u00eencredere.<\/p>\n","protected":false},"excerpt":{"rendered":"<h3 class=\"ds-markdown-paragraph\"><strong>Crem\u0103 Zoser Jojoba \u0219i Shea este un umidificator aprobat de dermatologi care combin\u0103:<\/strong><br \/>\n<strong>\u2714 Ulei de jojoba presat la rece (imita uleiurile naturale ale pielii)<\/strong><br \/>\n<strong>\u2714 Unt de shea nerafinat (bogat \u00een vitamine A\/E)<\/strong><br \/>\n<strong>\u2714 Complex de 7% ceramidel (repar\u0103 barierele pielii deteriorate)<\/strong><br \/>\n<strong>\u2714 Borcan 300ml (rezist\u0103 3+ luni cu utilizare zilnic\u0103)<\/strong><\/h3>\n<h3 class=\"ds-markdown-paragraph\"><strong>Beneficii cheie:<\/strong><\/h3>\n<ul>\n<li>\n<h3 class=\"ds-markdown-paragraph\"><strong>Hidratare 72 ore<\/strong><\/h3>\n<\/li>\n<li>\n<h3 class=\"ds-markdown-paragraph\"><strong>Reduce liniile fine cu 78% \u00een 4 s\u0103pt\u0103m\u00e2ni*<\/strong><\/h3>\n<\/li>\n<li>\n<h3 class=\"ds-markdown-paragraph\"><strong>Sigur\u0103 pentru fa\u021b\u0103, corp \u0219i zone sensibile<\/strong><\/h3>\n<\/li>\n<\/ul>\n<h3 class=\"ds-markdown-paragraph\"><\/h3>\n","protected":false},"featured_media":39067,"comment_status":"open","ping_status":"closed","template":"","meta":[],"product_brand":[],"product_cat":[1145,1151,1146],"product_tag":[1210,1211,1208,1209],"class_list":{"0":"post-39065","1":"product","2":"type-product","3":"status-publish","4":"has-post-thumbnail","6":"product_cat-ingrijire-frumusete","7":"product_cat-cele-mai-bune-din-egipt","8":"product_cat-uleiuri-terapeutice","9":"product_tag-ingrijire-a-pielii","10":"product_tag-ingrijire-de-frumusete","11":"product_tag-ulei","12":"product_tag-ulei-natural","13":"pa_l-xl-300ml","15":"first","16":"instock","17":"sale","18":"shipping-taxable","19":"purchasable","20":"product-type-simple"},"_links":{"self":[{"href":"https:\/\/bazaar.express\/ro\/wp-json\/wp\/v2\/product\/39065","targetHints":{"allow":["GET"]}}],"collection":[{"href":"https:\/\/bazaar.express\/ro\/wp-json\/wp\/v2\/product"}],"about":[{"href":"https:\/\/bazaar.express\/ro\/wp-json\/wp\/v2\/types\/product"}],"replies":[{"embeddable":true,"href":"https:\/\/bazaar.express\/ro\/wp-json\/wp\/v2\/comments?post=39065"}],"wp:featuredmedia":[{"embeddable":true,"href":"https:\/\/bazaar.express\/ro\/wp-json\/wp\/v2\/media\/39067"}],"wp:attachment":[{"href":"https:\/\/bazaar.express\/ro\/wp-json\/wp\/v2\/media?parent=39065"}],"wp:term":[{"taxonomy":"product_brand","embeddable":true,"href":"https:\/\/bazaar.express\/ro\/wp-json\/wp\/v2\/product_brand?post=39065"},{"taxonomy":"product_cat","embeddable":true,"href":"https:\/\/bazaar.express\/ro\/wp-json\/wp\/v2\/product_cat?post=39065"},{"taxonomy":"product_tag","embeddable":true,"href":"https:\/\/bazaar.express\/ro\/wp-json\/wp\/v2\/product_tag?post=39065"}],"curies":[{"name":"wp","href":"https:\/\/api.w.org\/{rel}","templated":true}]}}