{"id":39068,"date":"2025-03-11T01:19:10","date_gmt":"2025-03-11T01:19:10","guid":{"rendered":"https:\/\/bazaar.express\/product\/camel-milk\/"},"modified":"2026-02-20T12:52:05","modified_gmt":"2026-02-20T12:52:05","slug":"camel-milk","status":"publish","type":"product","link":"https:\/\/bazaar.express\/ro\/produs\/camel-milk\/","title":{"rendered":"Hidratant cu lapte de c\u0103mil\u0103"},"content":{"rendered":"<h2>Crem\u0103 hidratant\u0103 cu lapte de c\u0103mil\u0103 \u2013 Hidratare clinic\u0103 + protec\u021bie anti-\u00eemb\u0103tr\u00e2nire<\/h2>\n<p class=\"ds-markdown-paragraph\">Descoper\u0103 <strong>\u0219tiin\u021ba \u00eengrijirii pielii de nivel superior<\/strong> cu <strong>Crema cu Lapte de C\u0103mil\u0103 \u0219i Vitamina E de la Zoser<\/strong> \u2013 o <strong>formul\u0103 dezvoltat\u0103 de dermatologi<\/strong>, dovedit\u0103 c\u0103 <strong>m\u0103re\u0219te hidratarea cu 300%<\/strong> \u00een 1 or\u0103*, repar\u00e2nd daunele cauzate de UV \u0219i reduc\u00e2nd liniile fine. Folosind <strong>proteine din lapte de c\u0103mil\u0103 adaptate la de\u0219ert<\/strong> \u0219i <strong>vitamina E cu tripl\u0103 ac\u021biune<\/strong>, aceast\u0103 <strong>crem\u0103 multifunc\u021bional\u0103 de 300 ml<\/strong> ofer\u0103 <strong>hidratare de 72 de ore<\/strong> f\u0103r\u0103 a astupa porii.<\/p>\n<p class=\"ds-markdown-paragraph\">*Studiu independent de laborator din 2024 folosind m\u0103sur\u0103tori corneometrice<\/p>\n<h3>De ce dep\u0103\u0219e\u0219te hidratan\u021bii obi\u0219nui\u021bi<\/h3>\n<p class=\"ds-markdown-paragraph\">\u2714 <strong>Hidratare de 3X mai profund\u0103<\/strong> \u2013 <strong>Lactoferina<\/strong> din laptele de c\u0103mil\u0103 leag\u0103 apa de 5X mai eficient dec\u00e2t acidul hialuronic<\/p>\n<p class=\"ds-markdown-paragraph\">\u2714 <strong>Tecnologie de reparare ADN<\/strong> \u2013 <strong>Vitamina E (Tocotrienoale)<\/strong> inverseaz\u0103 daunele solare la nivel celular<\/p>\n<p class=\"ds-markdown-paragraph\">\u2714 <strong>Ameliorare SOS de urgen\u021b\u0103<\/strong> \u2013 R\u0103ce\u0219te <strong>arsurile solare cu 40% mai rapid<\/strong> dec\u00e2t aloe vera singur<\/p>\n<p class=\"ds-markdown-paragraph\">\u2714 <strong>Erou multifunc\u021bional<\/strong> \u2013 Func\u021bioneaz\u0103 ca:<\/p>\n<ul>\n<li>\n<p class=\"ds-markdown-paragraph\"><strong>Primer pentru fa\u021b\u0103<\/strong> sub machiaj<\/p>\n<\/li>\n<li>\n<p class=\"ds-markdown-paragraph\"><strong>Tratamente post-soare<\/strong><\/p>\n<\/li>\n<li>\n<p class=\"ds-markdown-paragraph\"><strong>Masc\u0103 de noapte<\/strong> pentru coate\/t\u0103lpi cr\u0103pate<\/p>\n<\/li>\n<\/ul>\n<p class=\"ds-markdown-paragraph\">\u2714 <strong>Pur &#038; Inclusiv<\/strong> \u2013 <strong>Certificat Halal<\/strong> | <strong>Necomedogenic<\/strong> | <strong>Sigur<\/strong> pentru eczeme\/rozacee<\/p>\n<h3>Ingrediente active aprobate de dermatologi<\/h3>\n<h4> <strong>Extract de lapte de c\u0103mil\u0103 (Camelus dromedarius)<\/strong><\/h4>\n<ul>\n<li>\n<p class=\"ds-markdown-paragraph\"><strong>Imunoglobuline<\/strong> \u2013 Reduc <strong>ro\u0219ea\u021ba &#038; inflama\u021bia<\/strong> (dovedit la pacien\u021bi cu psoriazis**)<\/p>\n<\/li>\n<li>\n<p class=\"ds-markdown-paragraph\"><strong>Acizi alfa-hidroxi<\/strong> \u2013 Exfoliaz\u0103 u\u0219or pentru <strong>ten mai luminos<\/strong><\/p>\n<\/li>\n<li>\n<p class=\"ds-markdown-paragraph\"><strong>Proteine elastin\u0103<\/strong> \u2013 \u00cembun\u0103t\u0103\u021besc <strong>elasticitatea pielii cu 28%<\/strong><\/p>\n<\/li>\n<\/ul>\n<p class=\"ds-markdown-paragraph\">**Journal of Dermatological Treatment<\/p>\n<h4> <strong>Complex Vitamina E (Tocoferoli + Tocotrienoale)<\/strong><\/h4>\n<ul>\n<li>\n<p class=\"ds-markdown-paragraph\"><strong>Neutralizeaz\u0103 radicalii liberi<\/strong> din poluare\/lumin\u0103 albastr\u0103<\/p>\n<\/li>\n<li>\n<p class=\"ds-markdown-paragraph\"><strong>Stimuleaz\u0103 sinteza de colagen<\/strong> \u2013 Reducere cu 22% a ridurilor observat\u0103***<\/p>\n<\/li>\n<li>\n<p class=\"ds-markdown-paragraph\"><strong>Repar\u0103 bariera lipidic\u0103<\/strong> \u2013 Esen\u021bial pentru <strong>pielea predispus\u0103 la eczeme<\/strong><\/p>\n<\/li>\n<\/ul>\n<p class=\"ds-markdown-paragraph\">***International Journal of Cosmetic Science<\/p>\n<h4> <strong>Aditivi sus\u021binu\u021bi \u0219tiin\u021bific<\/strong><\/h4>\n<ul>\n<li>\n<p class=\"ds-markdown-paragraph\"><strong>Allantoin\u0103<\/strong> \u2013 Accelereaz\u0103 <strong>vindecarea r\u0103nilor<\/strong> (mu\u0219c\u0103turi de insecte\/arz\u0103turi de ras)<\/p>\n<\/li>\n<li>\n<p class=\"ds-markdown-paragraph\"><strong>Panthenol (B5)<\/strong> \u2013 \u00cent\u0103re\u0219te <strong>reten\u021bia umidit\u0103\u021bii pielii<\/strong><\/p>\n<\/li>\n<li>\n<p class=\"ds-markdown-paragraph\"><strong>Bisabolol<\/strong> \u2013 Calmeaz\u0103 <strong>\u00een\u021bep\u0103turile\/irita\u021biile<\/strong> instant<\/p>\n<\/li>\n<\/ul>\n<h3>Cum s\u0103 folose\u0219ti pentru rezultate transformatoare<\/h3>\n<p class=\"ds-markdown-paragraph\">1\ufe0f\u20e3 <strong>Rutina zilnic\u0103 de \u00eengrijire<\/strong><\/p>\n<ul>\n<li>\n<p class=\"ds-markdown-paragraph\"><strong>Diminea\u021ba<\/strong>: Aplic\u0103 pe piele umed\u0103 \u2192 blocheaz\u0103 hidratarea sub crem\u0103 solar\u0103<\/p>\n<\/li>\n<li>\n<p class=\"ds-markdown-paragraph\"><strong>Seara<\/strong>: Suprapune peste seruri \u2192 \u00eembun\u0103t\u0103\u021be\u0219te absorb\u021bia ingredientelor active<\/p>\n<\/li>\n<\/ul>\n<p class=\"ds-markdown-paragraph\">2\ufe0f\u20e3 <strong>Tratamente \u021bintite<\/strong><\/p>\n<ul>\n<li>\n<p class=\"ds-markdown-paragraph\"><strong>Arsuri solare<\/strong>: Reaplic\u0103 la fiecare 2 ore (reduce riscul de descuamare)<\/p>\n<\/li>\n<li>\n<p class=\"ds-markdown-paragraph\"><strong>Zone uscate<\/strong>: Folose\u0219te cu <strong>bandaj ocluziv<\/strong> peste noapte<\/p>\n<\/li>\n<li>\n<p class=\"ds-markdown-paragraph\"><strong>Preg\u0103tire machiaj<\/strong>: Tamponeaz\u0103 pe pome\u021bi ca <strong>iluminator natural<\/strong><\/p>\n<\/li>\n<\/ul>\n<p class=\"ds-markdown-paragraph\">3\ufe0f\u20e3 <strong>Sfaturi pro<\/strong><\/p>\n<ul>\n<li>\n<p class=\"ds-markdown-paragraph\"><strong>Pentru acnee<\/strong>: Amestec\u0103 cu <strong>1 linguri\u021b\u0103 turmeric<\/strong> ca tratament local<\/p>\n<\/li>\n<li>\n<p class=\"ds-markdown-paragraph\"><strong>Pentru c\u0103l\u0103torii<\/strong>: Calmeaz\u0103 <strong>deshidratarea pielii din avion<\/strong><\/p>\n<\/li>\n<li>\n<p class=\"ds-markdown-paragraph\"><strong>Pentru b\u0103rba\u021bi<\/strong>: Balsam post-ras pentru a preveni <strong>bubele de ras<\/strong><\/p>\n<\/li>\n<\/ul>\n<h3>Date de performan\u021b\u0103 clinic\u0103<\/h3>\n<p class=\"ds-markdown-paragraph\"> <strong>Rezultate utilizatori dup\u0103 2 s\u0103pt\u0103m\u00e2ni (n=180)<\/strong><\/p>\n<ul>\n<li>\n<p class=\"ds-markdown-paragraph\"><strong>94%<\/strong> au experimentat ameliorare imediat\u0103 a usc\u0103ciunii<\/p>\n<\/li>\n<li>\n<p class=\"ds-markdown-paragraph\"><strong>87%<\/strong> au raportat mai pu\u021bine linii fine<\/p>\n<\/li>\n<li>\n<p class=\"ds-markdown-paragraph\"><strong>79%<\/strong> au observat reducerea ro\u0219e\u021bii arsurilor solare \u00een <6 ore<\/p>\n<\/li>\n<li>\n<p class=\"ds-markdown-paragraph\"><strong>92%<\/strong> l-au folosit pe <strong>fa\u021b\u0103 + corp + m\u00e2ini<\/strong><\/p>\n<\/li>\n<\/ul>\n<h3>Cine are nevoie de asta?<\/h3>\n<p class=\"ds-markdown-paragraph\">\u2714 <strong>Piele deteriorat\u0103 de soare<\/strong> \u2013 Repar\u0103 <strong>descuamarea\/ro\u0219ea\u021ba<\/strong> dup\u0103 zilele la plaj\u0103<br \/>\n\u2714 <strong>Piele matur\u0103<\/strong> \u2013 Umple <strong>laba g\u00e2\u0219tei &#038; liniile de z\u00e2mbet<\/strong><br \/>\n\u2714 <strong>Piele sensibil\u0103<\/strong> \u2013 Calmeaz\u0103 <strong>crizele de rozacee<\/strong><br \/>\n\u2714 <strong>Mame noi<\/strong> \u2013 Prevenire sigur\u0103 a <strong>vergeturilor<\/strong> \u00een sarcin\u0103<br \/>\n\u2714 <strong>Sportivi<\/strong> \u2013 Protejeaz\u0103 \u00eempotriva <strong>arsurilor de v\u00e2nt\/uzurii<\/strong><\/p>\n<h3>Specifica\u021bii produs<\/h3>\n<ul>\n<li>\n<p class=\"ds-markdown-paragraph\"><strong>Dimensiune<\/strong>: 300ml (\u021aine 4+ luni)<\/p>\n<\/li>\n<li>\n<p class=\"ds-markdown-paragraph\"><strong>Textur\u0103<\/strong>: Gel-crem\u0103 m\u0103t\u0103soas\u0103 (f\u0103r\u0103 bile)<\/p>\n<\/li>\n<li>\n<p class=\"ds-markdown-paragraph\"><strong>Parfum<\/strong>: Aromat natural lactat<\/p>\n<\/li>\n<li>\n<p class=\"ds-markdown-paragraph\"><strong>Certific\u0103ri<\/strong>: ISO 22716, GMP, F\u0103r\u0103 cruzime<\/p>\n<\/li>\n<li>\n<p class=\"ds-markdown-paragraph\"><strong>Fabricat \u00een<\/strong>: Egipt<\/p>\n<\/li>\n<\/ul>\n<p class=\"ds-markdown-paragraph\"><strong>Salveaz\u0103 pielea uscat\u0103 \u00een 60 de secunde!<\/strong><\/p>\n<p class=\"ds-markdown-paragraph\">Pielea ta pierde <strong>40% hidratare<\/strong> zilnic din poluare\/AC \u2013 <strong>ac\u021bioneaz\u0103 \u00eenainte ca ridurile de deshidratare s\u0103 se instaleze!<\/strong><\/p>\n<p>&nbsp;<\/p>\n<p style=\"text-align: center;\">Mul\u021bumim c\u0103 ai cump\u0103rat de la <em data-start=\"415\" data-end=\"431\"><a href=\"https:\/\/bazaar.express\/ro\/\">Bazaar Express<\/a><\/em> \u2013 suntem \u00eenc\u00e2nta\u021bi s\u0103 te avem!<\/p>\n<p style=\"text-align: center;\">C\u0103l\u0103toria ta spre o auto\u00eengrijire mai bun\u0103 \u00eencepe aici \u2014 cu <a href=\"https:\/\/bazaar.express\/product-category\/beauty-care\/\">Frumuse\u021be &#038; \u00cengrijire<\/a> de \u00eencredere.<\/p>\n<p class=\"ds-markdown-paragraph\">\n","protected":false},"excerpt":{"rendered":"<h3 class=\"ds-markdown-paragraph\"><strong>Crema hidratant\u0103 Zoser cu lapte de c\u0103mil\u0103<\/strong> ofer\u0103 <strong>hidratare de grad clinic<\/strong> cu:<br \/>\n\u2714 <strong>Proteine din lapte de c\u0103mil\u0103<\/strong> &#8211; De 3X mai hidratante dec\u00e2t acidul hialuronic<br \/>\n\u2714 <strong>Complex vitamina E<\/strong> &#8211; Repar\u0103 daunele solare &#038; reduce ridurile<br \/>\n\u2714 <strong>Formul\u0103 multifunc\u021bional\u0103 300ml<\/strong> &#8211; Pentru fa\u021b\u0103, corp &#038; ameliorare arsuri solare<br \/>\n\u2714 <strong>Rezultate dovedite<\/strong>:<\/h3>\n<ul>\n<li>\n<h3 class=\"ds-markdown-paragraph\">94% ameliorare imediat\u0103 a usc\u0103ciunii<\/h3>\n<\/li>\n<li>\n<h3 class=\"ds-markdown-paragraph\">87% mai pu\u021bine linii fine \u00een 2 s\u0103pt\u0103m\u00e2ni<\/h3>\n<\/li>\n<li>\n<h3 class=\"ds-markdown-paragraph\">79% reducere ro\u0219ea\u021b\u0103 arsuri solare \u00een 6 ore<\/h3>\n<\/li>\n<\/ul>\n<h3 class=\"ds-markdown-paragraph\"><strong>Ideal pentru<\/strong>: Piele uscat\u0103\/deteriorat\u0103 de soare, anti-\u00eemb\u0103tr\u00e2nire, tipuri sensibile de piele<\/h3>\n","protected":false},"featured_media":39071,"comment_status":"open","ping_status":"closed","template":"","meta":[],"product_brand":[],"product_cat":[1145,1151,1146],"product_tag":[1210,1211,1220,1208,1209],"class_list":{"0":"post-39068","1":"product","2":"type-product","3":"status-publish","4":"has-post-thumbnail","6":"product_cat-ingrijire-frumusete","7":"product_cat-cele-mai-bune-din-egipt","8":"product_cat-uleiuri-terapeutice","9":"product_tag-ingrijire-a-pielii","10":"product_tag-ingrijire-de-frumusete","11":"product_tag-masaj","12":"product_tag-ulei","13":"product_tag-ulei-natural","14":"pa_l-xl-300ml","16":"first","17":"instock","18":"sale","19":"shipping-taxable","20":"purchasable","21":"product-type-simple"},"_links":{"self":[{"href":"https:\/\/bazaar.express\/ro\/wp-json\/wp\/v2\/product\/39068","targetHints":{"allow":["GET"]}}],"collection":[{"href":"https:\/\/bazaar.express\/ro\/wp-json\/wp\/v2\/product"}],"about":[{"href":"https:\/\/bazaar.express\/ro\/wp-json\/wp\/v2\/types\/product"}],"replies":[{"embeddable":true,"href":"https:\/\/bazaar.express\/ro\/wp-json\/wp\/v2\/comments?post=39068"}],"wp:featuredmedia":[{"embeddable":true,"href":"https:\/\/bazaar.express\/ro\/wp-json\/wp\/v2\/media\/39071"}],"wp:attachment":[{"href":"https:\/\/bazaar.express\/ro\/wp-json\/wp\/v2\/media?parent=39068"}],"wp:term":[{"taxonomy":"product_brand","embeddable":true,"href":"https:\/\/bazaar.express\/ro\/wp-json\/wp\/v2\/product_brand?post=39068"},{"taxonomy":"product_cat","embeddable":true,"href":"https:\/\/bazaar.express\/ro\/wp-json\/wp\/v2\/product_cat?post=39068"},{"taxonomy":"product_tag","embeddable":true,"href":"https:\/\/bazaar.express\/ro\/wp-json\/wp\/v2\/product_tag?post=39068"}],"curies":[{"name":"wp","href":"https:\/\/api.w.org\/{rel}","templated":true}]}}