{"id":39117,"date":"2025-02-23T16:40:31","date_gmt":"2025-02-23T16:40:31","guid":{"rendered":"https:\/\/bazaar.express\/product\/camel-milk-cream-2\/"},"modified":"2025-02-23T16:40:31","modified_gmt":"2025-02-23T16:40:31","slug":"camel-milk-cream-2","status":"publish","type":"product","link":"https:\/\/bazaar.express\/ro\/produs\/camel-milk-cream-2\/","title":{"rendered":"Crem\u0103 de lapte de c\u0103mil\u0103"},"content":{"rendered":"<h2 data-start=\"249\" data-end=\"330\">Crem\u0103 de lapte de c\u0103mil\u0103 \u2013 Hidratantul natural suprem pentru piele radiant\u0103 \u0219i t\u00e2n\u0103r\u0103<\/h2>\n<h3 data-start=\"332\" data-end=\"394\">Descoper\u0103 secretul antic din Orientul Mijlociu pentru o piele str\u0103lucitoare<\/h3>\n<p data-start=\"396\" data-end=\"746\">Descoper\u0103 puterea naturii cu Crem\u0103 de lapte de c\u0103mil\u0103 100% pur\u0103 \u2013 un hidratant luxos realizat \u00een Egipt din lapte real de c\u0103mil\u0103, renumit de secole pentru propriet\u0103\u021bile sale regeneratoare pentru piele. Bogat\u0103 \u00een vitamine esen\u021biale, proteine \u0219i nutrien\u021bi naturali, aceast\u0103 crem\u0103 hidrateaz\u0103 profund, reduce semnele \u00eemb\u0103tr\u00e2nirii \u0219i restabile\u0219te str\u0103lucirea natural\u0103 a pielii.<\/p>\n<p data-start=\"748\" data-end=\"975\">Folosit de nomazii din de\u0219ert \u0219i transmis din genera\u021bie \u00een genera\u021bie, laptele de c\u0103mil\u0103 este o solu\u021bie testat\u0103 \u00een timp pentru \u00eengrijirea pielii, acum disponibil \u00eentr-o formul\u0103 bl\u00e2nd\u0103, f\u0103r\u0103 chimicale, perfect\u0103 pentru toate tipurile de piele, inclusiv sensibil\u0103, uscat\u0103 sau cu acnee.<\/p>\n<h3 data-start=\"982\" data-end=\"1018\">De ce s\u0103 alegi Crem\u0103 noastr\u0103 de lapte de c\u0103mil\u0103?<\/h3>\n<h4 data-start=\"1020\" data-end=\"1060\">\u2714 Hidratare intens\u0103 \u0219i repararea pielii<\/h4>\n<p data-start=\"1061\" data-end=\"1262\">Lapte de c\u0103mil\u0103 este natural bogat \u00een acid lactic, acizi gra\u0219i esen\u021biali \u0219i proteine care hidrateaz\u0103 profund pielea, promoveaz\u0103 regenerarea celular\u0103 \u0219i \u00eembun\u0103t\u0103\u021besc bariera pielii. Ideal pentru pielea uscat\u0103 sau deteriorat\u0103.<\/p>\n<h4 data-start=\"1264\" data-end=\"1301\">\u2714 Beneficii puternice anti-\u00eemb\u0103tr\u00e2nire<\/h4>\n<p data-start=\"1302\" data-end=\"1484\">\u00cembog\u0103\u021bit\u0103 cu vitamine A, B1, B2, B12 \u0219i C, aceast\u0103 crem\u0103 stimuleaz\u0103 produc\u021bia de colagen, reduce aspectul ridurilor \u0219i liniilor fine \u0219i \u00eembun\u0103t\u0103\u021be\u0219te fermitatea \u0219i elasticitatea pielii.<\/p>\n<h4 data-start=\"1486\" data-end=\"1525\">\u2714 Ten mai luminos \u0219i uniform<\/h4>\n<p data-start=\"1526\" data-end=\"1708\">Enzime naturale \u0219i antioxidan\u021bi precum carotenoidii ajut\u0103 la exfolierea bl\u00e2nd\u0103 a celulelor moarte ale pielii, luminarea pigment\u0103rii, estomparea petelor \u00eentunecate \u0219i a cicatricilor de acnee \u0219i promoveaz\u0103 un ten mai luminos.<\/p>\n<h4 data-start=\"1710\" data-end=\"1751\">\u2714 Calmeaz\u0103 pielea sensibil\u0103 \u0219i iritat\u0103<\/h4>\n<p data-start=\"1752\" data-end=\"1910\">Datorit\u0103 propriet\u0103\u021bilor sale naturale antibacteriene \u0219i antiinflamatoare, crema de lapte de c\u0103mil\u0103 calmeaz\u0103 ro\u0219ea\u021ba, arsura solar\u0103 \u0219i erup\u021biile cauzate de eczem\u0103, psoriazis \u0219i rozacee.<\/p>\n<h4 data-start=\"1912\" data-end=\"1956\">\u2714 Formul\u0103 u\u0219oar\u0103, cu absorb\u021bie rapid\u0103<\/h4>\n<p data-start=\"1957\" data-end=\"2116\">Spre deosebire de hidratantele grele, aceast\u0103 crem\u0103 alunec\u0103 lin pe piele \u0219i se absoarbe rapid f\u0103r\u0103 a astupa porii, fiind perfect\u0103 pentru utilizare zilnic\u0103 sub machiaj sau protec\u021bie solar\u0103.<\/p>\n<h4 data-start=\"2118\" data-end=\"2159\">\u2714 Pur\u0103, natural\u0103 \u0219i f\u0103r\u0103 chimicale<\/h4>\n<p data-start=\"2160\" data-end=\"2317\">F\u0103r\u0103 parabeni, sulfa\u021bi, parfumuri sintetice \u0219i aditivi duri, aceast\u0103 crem\u0103 este bl\u00e2nd\u0103 cu pielea \u0219i ideal\u0103 pentru cei care caut\u0103 o rutin\u0103 de frumuse\u021be curat\u0103.<\/p>\n<h3 data-start=\"2324\" data-end=\"2355\">Cum s\u0103 folose\u0219ti pentru cele mai bune rezultate<\/h3>\n<ol data-start=\"2357\" data-end=\"2620\">\n<li data-start=\"2357\" data-end=\"2450\">\n<p data-start=\"2360\" data-end=\"2450\"><strong data-start=\"2360\" data-end=\"2381\">Cur\u0103\u021b\u0103-\u021bi pielea<\/strong> \u2013 Spal\u0103 u\u0219or fa\u021ba sau corpul cu un cleanser bl\u00e2nd, non-desicant.<\/p>\n<\/li>\n<li data-start=\"2451\" data-end=\"2536\">\n<p data-start=\"2454\" data-end=\"2536\"><strong data-start=\"2454\" data-end=\"2473\">Aplic\u0103 crema<\/strong> \u2013 Maseaz\u0103 o cantitate mic\u0103 pe piele prin mi\u0219c\u0103ri circulare.<\/p>\n<\/li>\n<li data-start=\"2537\" data-end=\"2620\">\n<p data-start=\"2540\" data-end=\"2620\"><strong data-start=\"2540\" data-end=\"2559\">Folose\u0219te de dou\u0103 ori pe zi<\/strong> \u2013 Pentru cele mai bune rezultate, aplic\u0103 diminea\u021ba \u0219i \u00eenainte de culcare.<\/p>\n<\/li>\n<\/ol>\n<p data-start=\"2622\" data-end=\"2709\"><em data-start=\"2622\" data-end=\"2628\">Sfat:<\/em> Pentru rezultate \u00eembun\u0103t\u0103\u021bite, combin\u0103 cu un toner sau ser hidratant \u00eenainte de aplicare.<\/p>\n<h3 data-start=\"2716\" data-end=\"2752\">Cine ar trebui s\u0103 foloseasc\u0103 Crem\u0103 de lapte de c\u0103mil\u0103?<\/h3>\n<ul data-start=\"2754\" data-end=\"3108\">\n<li data-start=\"2754\" data-end=\"2820\">\n<p data-start=\"2756\" data-end=\"2820\"><strong data-start=\"2756\" data-end=\"2777\">Piele uscat\u0103 sau cu fulgi<\/strong> \u2013 Hr\u0103ne\u0219te profund \u0219i hidrateaz\u0103 toat\u0103 ziua.<\/p>\n<\/li>\n<li data-start=\"2821\" data-end=\"2901\">\n<p data-start=\"2823\" data-end=\"2901\"><strong data-start=\"2823\" data-end=\"2854\">Piele sensibil\u0103 sau iritat\u0103<\/strong> \u2013 Calmeaz\u0103 inflama\u021bia \u0219i reduce disconfortul.<\/p>\n<\/li>\n<li data-start=\"2902\" data-end=\"2963\">\n<p data-start=\"2904\" data-end=\"2963\"><strong data-start=\"2904\" data-end=\"2918\">Piele \u00eemb\u0103tr\u00e2nit\u0103<\/strong> \u2013 \u00cenmoieste ridurile \u0219i \u00eent\u0103re\u0219te pielea l\u0103sat\u0103.<\/p>\n<\/li>\n<li data-start=\"2964\" data-end=\"3035\">\n<p data-start=\"2966\" data-end=\"3035\"><strong data-start=\"2966\" data-end=\"2986\">Ten neuniform<\/strong> \u2013 Lumineaz\u0103 pielea tern\u0103 \u0219i estompeaz\u0103 decolor\u0103rile.<\/p>\n<\/li>\n<li data-start=\"3036\" data-end=\"3108\">\n<p data-start=\"3038\" data-end=\"3108\"><strong data-start=\"3038\" data-end=\"3057\">Piele predispus\u0103 la acnee<\/strong> \u2013 Formul\u0103 non-comedogenic\u0103 care echilibreaz\u0103 \u0219i vindec\u0103.<\/p>\n<\/li>\n<\/ul>\n<h3 data-start=\"3115\" data-end=\"3175\">Realizat\u0103 \u00een Egipt \u2013 \u00cenr\u0103d\u0103cinat\u0103 \u00een tradi\u021bie, sus\u021binut\u0103 de \u0219tiin\u021b\u0103<\/h3>\n<p data-start=\"3177\" data-end=\"3364\">Crem\u0103 noastr\u0103 de lapte de c\u0103mil\u0103 este realizat\u0103 cu m\u00e2ndrie \u00een Egipt folosind lapte de c\u0103mil\u0103 presat la rece, bogat \u00een nutrien\u021bi. Fiecare borcan de 125ml este ambalat \u00eentr-o sticl\u0103 de sticl\u0103 \u00eenchis\u0103 la culoare protectoare pentru a p\u0103stra prospe\u021bimea \u0219i poten\u021ba.<\/p>\n<p data-start=\"3366\" data-end=\"3557\">Certificat\u0103 conform standardelor de calitate ISO, aceast\u0103 crem\u0103 premium combin\u0103 \u00een\u021belepciunea tradi\u021bional\u0103 \u00een \u00eengrijirea pielii cu tehnici moderne de formulare pentru a oferi un produs luxos \u0219i eficient iubitorilor de frumuse\u021be natural\u0103.<\/p>\n<p data-start=\"3788\" data-end=\"3917\"><strong data-start=\"3788\" data-end=\"3849\">Transform\u0103-\u021bi pielea cu puterea vindec\u0103toare a laptelui de c\u0103mil\u0103.<\/strong><br data-start=\"3849\" data-end=\"3852\" \/>Comand\u0103 acum \u0219i adopt\u0103 o piele neted\u0103, str\u0103lucitoare, t\u00e2n\u0103r\u0103 \u2013 \u00een mod natural!<\/p>\n<p style=\"text-align: center;\">Mul\u021bumim c\u0103 ai cump\u0103rat de la <em data-start=\"415\" data-end=\"431\"><a href=\"https:\/\/bazaar.express\/ro\/\">Bazaar Express<\/a><\/em> \u2013 suntem \u00eenc\u00e2nta\u021bi s\u0103 te avem al\u0103turi!<\/p>\n<p style=\"text-align: center;\">C\u0103l\u0103toria ta spre o auto\u00eengrijire mai bun\u0103 \u00eencepe aici \u2013 cu <a href=\"https:\/\/bazaar.express\/product-category\/beauty-care\/\">Beauty &#038; Care<\/a> de \u00eencredere.<\/p>\n","protected":false},"excerpt":{"rendered":"<h3 data-start=\"410\" data-end=\"621\">Experimenteaz\u0103 hidratare profund\u0103 \u0219i str\u0103lucire t\u00e2n\u0103r\u0103 cu Crem\u0103 de lapte de c\u0103mil\u0103 125ml. \u00cembog\u0103\u021bit\u0103 cu vitamine \u0219i antioxidan\u021bi pentru a \u00eenmuia, calma \u0219i lumina toate tipurile de piele.<\/h3>\n","protected":false},"featured_media":39120,"comment_status":"open","ping_status":"closed","template":"","meta":[],"product_brand":[],"product_cat":[1145,1151],"product_tag":[1210,1211,1208,1209],"class_list":{"0":"post-39117","1":"product","2":"type-product","3":"status-publish","4":"has-post-thumbnail","6":"product_cat-ingrijire-frumusete","7":"product_cat-cele-mai-bune-din-egipt","8":"product_tag-ingrijire-a-pielii","9":"product_tag-ingrijire-de-frumusete","10":"product_tag-ulei","11":"product_tag-ulei-natural","12":"pa_l-xl-125ml","14":"first","15":"instock","16":"shipping-taxable","17":"purchasable","18":"product-type-simple"},"_links":{"self":[{"href":"https:\/\/bazaar.express\/ro\/wp-json\/wp\/v2\/product\/39117","targetHints":{"allow":["GET"]}}],"collection":[{"href":"https:\/\/bazaar.express\/ro\/wp-json\/wp\/v2\/product"}],"about":[{"href":"https:\/\/bazaar.express\/ro\/wp-json\/wp\/v2\/types\/product"}],"replies":[{"embeddable":true,"href":"https:\/\/bazaar.express\/ro\/wp-json\/wp\/v2\/comments?post=39117"}],"wp:featuredmedia":[{"embeddable":true,"href":"https:\/\/bazaar.express\/ro\/wp-json\/wp\/v2\/media\/39120"}],"wp:attachment":[{"href":"https:\/\/bazaar.express\/ro\/wp-json\/wp\/v2\/media?parent=39117"}],"wp:term":[{"taxonomy":"product_brand","embeddable":true,"href":"https:\/\/bazaar.express\/ro\/wp-json\/wp\/v2\/product_brand?post=39117"},{"taxonomy":"product_cat","embeddable":true,"href":"https:\/\/bazaar.express\/ro\/wp-json\/wp\/v2\/product_cat?post=39117"},{"taxonomy":"product_tag","embeddable":true,"href":"https:\/\/bazaar.express\/ro\/wp-json\/wp\/v2\/product_tag?post=39117"}],"curies":[{"name":"wp","href":"https:\/\/api.w.org\/{rel}","templated":true}]}}