{"id":39125,"date":"2025-02-16T00:14:59","date_gmt":"2025-02-16T00:14:59","guid":{"rendered":"https:\/\/bazaar.express\/product\/natural-painrelief\/"},"modified":"2026-02-27T14:28:49","modified_gmt":"2026-02-27T14:28:49","slug":"natural-painrelief","status":"publish","type":"product","link":"https:\/\/bazaar.express\/ro\/produs\/natural-painrelief\/","title":{"rendered":"Ameliorare natural\u0103 a durerii pentru vene varicoase"},"content":{"rendered":"<h2 data-start=\"283\" data-end=\"350\">Ameliorare natural\u0103 a durerii pentru vene varicoase \u2013 Crem\u0103 Horus cu o\u021bet de mere<\/h2>\n<p data-start=\"409\" data-end=\"783\">Obosi\u021bi de disconfortul picioarelor, umfl\u0103turi \u0219i vene inestetice? <strong data-start=\"465\" data-end=\"495\">Crem\u0103 Horus pentru vene varicoase<\/strong> ofer\u0103 o solu\u021bie natural\u0103 puternic\u0103 pentru a calma picioarele obosite, a reduce venele vizibile \u0219i a \u00eembun\u0103t\u0103\u021bi circula\u021bia. Formulat\u0103 cu <strong data-start=\"616\" data-end=\"639\">o\u021bet de mere<\/strong>, <strong data-start=\"641\" data-end=\"655\">ulei de migdale<\/strong> \u0219i <strong data-start=\"661\" data-end=\"674\">ulei de m\u0103sline<\/strong>, aceast\u0103 crem\u0103 este ideal\u0103 pentru oricine sufer\u0103 de vene varicoase, vene \u00een p\u0103ianjen sau circula\u021bie sanguin\u0103 slab\u0103 la picioare.<\/p>\n<p data-start=\"785\" data-end=\"953\">Fie c\u0103 sta\u021bi \u00een picioare toat\u0103 ziua, ave\u021bi probleme cronice cu venele sau dori\u021bi o solu\u021bie cosmetic\u0103 natural\u0103, aceast\u0103 formul\u0103 ofer\u0103 rezultate dovedite cu cele mai bune ingrediente ale naturii.<\/p>\n<h3 data-start=\"960\" data-end=\"1005\">De ce Crem\u0103 Horus pentru vene varicoase se remarc\u0103<\/h3>\n<p data-start=\"1007\" data-end=\"1223\">\u2714 <strong data-start=\"1009\" data-end=\"1043\">Pe baz\u0103 de ingrediente naturale<\/strong> \u2013 Crem\u0103 noastr\u0103 combin\u0103 <strong data-start=\"1063\" data-end=\"1086\">o\u021bet de mere<\/strong> pentru circula\u021bie, <strong data-start=\"1104\" data-end=\"1116\">colagen<\/strong> pentru fermitatea pielii, <strong data-start=\"1131\" data-end=\"1144\">vitamina K<\/strong> pentru \u00eent\u0103rirea capilarelor \u0219i <strong data-start=\"1176\" data-end=\"1186\">arnic\u0103<\/strong> pentru reducerea v\u00e2n\u0103t\u0103ilor \u0219i inflama\u021biei.<\/p>\n<p data-start=\"1225\" data-end=\"1394\">\u2714 <strong data-start=\"1227\" data-end=\"1257\">\u00cembun\u0103t\u0103\u021be\u0219te circula\u021bia s\u00e2ngelui<\/strong> \u2013 Promoveaz\u0103 un flux sanguin mai bun prin \u00eembun\u0103t\u0103\u021birea elasticit\u0103\u021bii pere\u021bilor veno\u0219i, reducerea umfl\u0103turilor \u0219i minimizarea aspectului venelor \u00een timp.<\/p>\n<p data-start=\"1396\" data-end=\"1584\">\u2714 <strong data-start=\"1398\" data-end=\"1424\">Calmeaz\u0103 disconfortul picioarelor<\/strong> \u2013 Includerea <strong data-start=\"1444\" data-end=\"1458\">uleiului de migdale<\/strong> \u0219i <strong data-start=\"1463\" data-end=\"1476\">uleiului de m\u0103sline<\/strong> ofer\u0103 hidratare profund\u0103 \u0219i ajut\u0103 la ameliorarea greut\u0103\u021bii, durerii \u0219i oboselii asociate cu venele varicoase.<\/p>\n<p data-start=\"1586\" data-end=\"1745\">\u2714 <strong data-start=\"1588\" data-end=\"1620\">U\u0219oar\u0103 \u0219i cu absorb\u021bie rapid\u0103<\/strong> \u2013 Formula noastr\u0103 se absoarbe rapid f\u0103r\u0103 a l\u0103sa reziduuri grase sau lipicioase. Este perfect\u0103 pentru utilizare zilnic\u0103, chiar \u0219i sub haine.<\/p>\n<p data-start=\"1747\" data-end=\"1943\">\u2714 <strong data-start=\"1749\" data-end=\"1776\">Sigur\u0103 pentru toate tipurile de piele<\/strong> \u2013 Bl\u00e2nd\u0103 \u0219i neiritant\u0103, aceast\u0103 crem\u0103 este potrivit\u0103 pentru pielea uscat\u0103, gras\u0103 sau sensibil\u0103. Poate fi folosit\u0103 zilnic ca <strong data-start=\"1889\" data-end=\"1908\">hidratant pentru picioare<\/strong> \u0219i <strong data-start=\"1913\" data-end=\"1942\">crem\u0103 natural\u0103 pentru ameliorarea durerii<\/strong>.<\/p>\n<h3 data-start=\"1950\" data-end=\"1995\">Cum se utilizeaz\u0103 Crem\u0103 Horus pentru vene varicoase<\/h3>\n<ol data-start=\"1997\" data-end=\"2320\">\n<li data-start=\"1997\" data-end=\"2032\">\n<p data-start=\"2000\" data-end=\"2032\">Cur\u0103\u021ba\u021bi \u0219i usca\u021bi zona afectat\u0103.<\/p>\n<\/li>\n<li data-start=\"2033\" data-end=\"2076\">\n<p data-start=\"2036\" data-end=\"2076\">Aplica\u021bi un strat sub\u021bire de crem\u0103 pe piele.<\/p>\n<\/li>\n<li data-start=\"2077\" data-end=\"2153\">\n<p data-start=\"2080\" data-end=\"2153\">Masa\u021bi cu mi\u0219c\u0103ri circulare bl\u00e2nde timp de 3\u20135 minute p\u00e2n\u0103 la absorb\u021bie complet\u0103.<\/p>\n<\/li>\n<li data-start=\"2154\" data-end=\"2210\">\n<p data-start=\"2157\" data-end=\"2210\">Utiliza\u021bi de dou\u0103 ori pe zi (diminea\u021ba \u0219i seara) pentru cele mai bune rezultate.<\/p>\n<\/li>\n<li data-start=\"2211\" data-end=\"2320\">\n<p data-start=\"2214\" data-end=\"2320\">Combina\u021bi cu exerci\u021bii u\u0219oare, hidratare \u0219i ridicarea picioarelor pentru a \u00eembun\u0103t\u0103\u021bi circula\u021bia \u0219i eficien\u021ba cremei.<\/p>\n<\/li>\n<\/ol>\n<p data-start=\"2322\" data-end=\"2425\"><strong data-start=\"2322\" data-end=\"2330\">Sfat:<\/strong> Pentru rezultate mai rapide, aplica\u021bi dup\u0103 un du\u0219 cald, c\u00e2nd porii sunt deschi\u0219i \u0219i circula\u021bia este sporit\u0103.<\/p>\n<h3 data-start=\"2432\" data-end=\"2488\">Beneficii cheie ale Cremei Horus cu o\u021bet de mere pentru vene<\/h3>\n<ul data-start=\"2490\" data-end=\"2775\">\n<li data-start=\"2490\" data-end=\"2549\">\n<p data-start=\"2492\" data-end=\"2549\">\u2705 Reduce aspectul <strong data-start=\"2520\" data-end=\"2549\">venelor varicoase \u0219i \u00een p\u0103ianjen<\/strong><\/p>\n<\/li>\n<li data-start=\"2550\" data-end=\"2597\">\n<p data-start=\"2552\" data-end=\"2597\">\u2705 Calmeaz\u0103 <strong data-start=\"2562\" data-end=\"2597\">picioarele umflate, obosite \u0219i dureroase<\/strong><\/p>\n<\/li>\n<li data-start=\"2598\" data-end=\"2647\">\n<p data-start=\"2600\" data-end=\"2647\">\u2705 Ajut\u0103 la reducerea <strong data-start=\"2613\" data-end=\"2647\">inflama\u021biei \u0219i stagn\u0103rii s\u00e2ngelui<\/strong><\/p>\n<\/li>\n<li data-start=\"2648\" data-end=\"2708\">\n<p data-start=\"2650\" data-end=\"2708\">\u2705 \u00cent\u0103re\u0219te \u0219i neteze\u0219te pielea cu <strong data-start=\"2682\" data-end=\"2708\">colagen \u0219i vitamina K<\/strong><\/p>\n<\/li>\n<li data-start=\"2709\" data-end=\"2775\">\n<p data-start=\"2711\" data-end=\"2775\">\u2705 Reprezint\u0103 o <strong data-start=\"2724\" data-end=\"2775\">alternativ\u0103 natural\u0103 la tratamentele invazive pentru vene<\/strong><\/p>\n<\/li>\n<\/ul>\n<h3 data-start=\"2782\" data-end=\"2801\">Detalii produs<\/h3>\n<ul data-start=\"2803\" data-end=\"3024\">\n<li data-start=\"2803\" data-end=\"2851\">\n<p data-start=\"2805\" data-end=\"2851\"><strong data-start=\"2805\" data-end=\"2822\">Nume produs:<\/strong> Crem\u0103 Horus pentru vene varicoase<\/p>\n<\/li>\n<li data-start=\"2852\" data-end=\"2870\">\n<p data-start=\"2854\" data-end=\"2870\"><strong data-start=\"2854\" data-end=\"2863\">Dimensiune:<\/strong> 145g<\/p>\n<\/li>\n<li data-start=\"2871\" data-end=\"2967\">\n<p data-start=\"2873\" data-end=\"2967\"><strong data-start=\"2873\" data-end=\"2893\">Ingrediente cheie:<\/strong> O\u021bet de mere, Ulei de migdale, Ulei de m\u0103sline, Colagen, Arnic\u0103, Vitamina K<\/p>\n<\/li>\n<li data-start=\"2968\" data-end=\"2997\">\n<p data-start=\"2970\" data-end=\"2997\"><strong data-start=\"2970\" data-end=\"2981\">Origine:<\/strong> Fabricat \u00een Egipt<\/p>\n<\/li>\n<li data-start=\"2998\" data-end=\"3024\">\n<p data-start=\"3000\" data-end=\"3024\"><strong data-start=\"3000\" data-end=\"3008\">Utilizare:<\/strong> Exclusiv extern<\/p>\n<\/li>\n<\/ul>\n<h3 data-start=\"3031\" data-end=\"3083\">Mai mult dec\u00e2t o crem\u0103 \u2013 O rutin\u0103 complet\u0103 de \u00eengrijire a picioarelor<\/h3>\n<ul data-start=\"3085\" data-end=\"3437\">\n<li data-start=\"3085\" data-end=\"3156\">\n<p data-start=\"3087\" data-end=\"3156\">\u00a0Utiliza\u021bi ca <strong data-start=\"3099\" data-end=\"3124\">hidratant zilnic pentru picioare<\/strong> pentru a men\u021bine pielea moale \u0219i s\u0103n\u0103toas\u0103<\/p>\n<\/li>\n<li data-start=\"3157\" data-end=\"3224\">\n<p data-start=\"3159\" data-end=\"3224\">\u00a0Ajut\u0103 la <strong data-start=\"3168\" data-end=\"3193\">ascunderea venelor vizibile<\/strong> precum un machiaj impermeabil pentru picioare<\/p>\n<\/li>\n<li data-start=\"3225\" data-end=\"3275\">\n<p data-start=\"3227\" data-end=\"3275\">\u00a0Contribuie la <strong data-start=\"3238\" data-end=\"3253\">estomparea venelor<\/strong> \u00een mod natural, \u00een timp<\/p>\n<\/li>\n<li data-start=\"3276\" data-end=\"3350\">\n<p data-start=\"3278\" data-end=\"3350\">\u00a0Excelent\u0103 pentru <strong data-start=\"3295\" data-end=\"3320\">recuperare post-antrenament<\/strong>, reduc\u00e2nd umfl\u0103turile \u0219i durerea<\/p>\n<\/li>\n<li data-start=\"3351\" data-end=\"3437\">\n<p data-start=\"3353\" data-end=\"3437\">\u00a0\u00cembun\u0103t\u0103\u021be\u0219te <strong data-start=\"3370\" data-end=\"3407\">rutina zilnic\u0103 de frumuse\u021be \u0219i wellness<\/strong> f\u0103r\u0103 chimicale sintetice<\/p>\n<\/li>\n<\/ul>\n<h3 data-start=\"3444\" data-end=\"3491\">Picioare mai netede \u0219i mai s\u0103n\u0103toase \u2013 Comanda\u021bi ast\u0103zi!<\/h3>\n<p data-start=\"3493\" data-end=\"3765\">Nu l\u0103sa\u021bi venele varicoase s\u0103 v\u0103 limiteze stilul de via\u021b\u0103 sau \u00eencrederea \u00een sine. <strong data-start=\"3554\" data-end=\"3588\">Crem\u0103 Horus pentru vene varicoase<\/strong> ofer\u0103 o solu\u021bie puternic\u0103 pe baz\u0103 de plante pentru s\u0103n\u0103tatea vascular\u0103 \u0219i confortul picioarelor. Fie c\u0103 sta\u021bi \u00een picioare, merge\u021bi sau v\u0103 relaxa\u021bi \u2013 aceast\u0103 crem\u0103 v\u0103 sus\u021bine la fiecare pas.<\/p>\n<p style=\"text-align: center;\">Mul\u021bumim c\u0103 a\u021bi ales s\u0103 cump\u0103ra\u021bi de la <em data-start=\"415\" data-end=\"431\"><a href=\"https:\/\/bazaar.express\/ro\/\">Bazaar Express<\/a><\/em> \u2013 suntem bucuro\u0219i s\u0103 v\u0103 avem al\u0103turi!<\/p>\n<p style=\"text-align: center;\">C\u0103l\u0103toria voastr\u0103 spre o \u00eengrijire de sine mai bun\u0103 \u00eencepe aici \u2013 cu <a href=\"https:\/\/bazaar.express\/product-category\/beauty-care\/\">Beauty &#038; Care<\/a> de \u00eencredere.<\/p>\n","protected":false},"excerpt":{"rendered":"<h3 data-start=\"499\" data-end=\"689\">Crem\u0103 Horus pentru vene varicoase ofer\u0103 ameliorare natural\u0103 cu o\u021bet de mere, ulei de migdale \u0219i vitamina K. Calmeaz\u0103 durerea picioarelor, reduce umfl\u0103turile \u0219i \u00eembun\u0103t\u0103\u021be\u0219te circula\u021bia pentru picioare vizibil mai s\u0103n\u0103toase.<\/h3>\n","protected":false},"featured_media":39127,"comment_status":"open","ping_status":"closed","template":"","meta":[],"product_brand":[],"product_cat":[1145],"product_tag":[1210,1220,1208,1209],"class_list":{"0":"post-39125","1":"product","2":"type-product","3":"status-publish","4":"has-post-thumbnail","6":"product_cat-ingrijire-frumusete","7":"product_tag-ingrijire-a-pielii","8":"product_tag-masaj","9":"product_tag-ulei","10":"product_tag-ulei-natural","12":"first","13":"instock","14":"sale","15":"shipping-taxable","16":"purchasable","17":"product-type-simple"},"_links":{"self":[{"href":"https:\/\/bazaar.express\/ro\/wp-json\/wp\/v2\/product\/39125","targetHints":{"allow":["GET"]}}],"collection":[{"href":"https:\/\/bazaar.express\/ro\/wp-json\/wp\/v2\/product"}],"about":[{"href":"https:\/\/bazaar.express\/ro\/wp-json\/wp\/v2\/types\/product"}],"replies":[{"embeddable":true,"href":"https:\/\/bazaar.express\/ro\/wp-json\/wp\/v2\/comments?post=39125"}],"wp:featuredmedia":[{"embeddable":true,"href":"https:\/\/bazaar.express\/ro\/wp-json\/wp\/v2\/media\/39127"}],"wp:attachment":[{"href":"https:\/\/bazaar.express\/ro\/wp-json\/wp\/v2\/media?parent=39125"}],"wp:term":[{"taxonomy":"product_brand","embeddable":true,"href":"https:\/\/bazaar.express\/ro\/wp-json\/wp\/v2\/product_brand?post=39125"},{"taxonomy":"product_cat","embeddable":true,"href":"https:\/\/bazaar.express\/ro\/wp-json\/wp\/v2\/product_cat?post=39125"},{"taxonomy":"product_tag","embeddable":true,"href":"https:\/\/bazaar.express\/ro\/wp-json\/wp\/v2\/product_tag?post=39125"}],"curies":[{"name":"wp","href":"https:\/\/api.w.org\/{rel}","templated":true}]}}