{"id":39128,"date":"2025-02-15T21:57:50","date_gmt":"2025-02-15T21:57:50","guid":{"rendered":"https:\/\/bazaar.express\/product\/gold-cartouche\/"},"modified":"2025-02-15T21:57:50","modified_gmt":"2025-02-15T21:57:50","slug":"gold-cartouche","status":"publish","type":"product","link":"https:\/\/bazaar.express\/ro\/produs\/gold-cartouche\/","title":{"rendered":"Colier cu Cartu\u0219 de Aur \u2013 Personalizat 18K"},"content":{"rendered":"<h2 data-start=\"312\" data-end=\"373\">Colier cu Cartu\u0219 de Aur \u2013 Pandantiv Personalizat cu Nume Egiptenesc 18K<\/h2>\n<h3 data-start=\"375\" data-end=\"441\">Purta\u021bi Numele Dumneavoastr\u0103 \u00een Aur \u2013 Inspirat de Regalitatea Egiptean\u0103 Antic\u0103<\/h3>\n<p data-start=\"443\" data-end=\"853\">P\u0103\u0219i\u021bi \u00een istorie cu un <strong data-start=\"468\" data-end=\"495\">colier cu cartu\u0219 de aur<\/strong> realizat manual din aur solid pur 18K. Inspirat de simbolurile sacre ale Egiptului Antic, acest pandantiv personalizat cu nume v\u0103 permite s\u0103 purta\u021bi numele dumneavoastr\u0103 sau al unei persoane dragi, gravat \u00een <strong data-start=\"677\" data-end=\"714\">hieroglife, arab\u0103 sau englez\u0103<\/strong>. Un simbol al identit\u0103\u021bii, protec\u021biei \u0219i elegan\u021bei atemporale, acest colier personalizat este at\u00e2t o declara\u021bie de mod\u0103, c\u00e2t \u0219i o pies\u0103 de mo\u0219tenire cultural\u0103.<\/p>\n<h3 data-start=\"855\" data-end=\"907\">Simbolismul Puternic al Cartu\u0219ului Egiptean<\/h3>\n<p data-start=\"909\" data-end=\"1181\">\u00cen Egiptul Antic, cartu\u0219ul era un cadru oval care \u00eenconjura numele unui faraon, considerat a <strong data-start=\"1003\" data-end=\"1042\">proteja identitatea acestuia pentru eternitate<\/strong>. Ast\u0103zi, purtarea unui colier cu cartu\u0219 este o modalitate frumoas\u0103 de a onora acel simbolism \u2013 conect\u00e2nd numele dumneavoastr\u0103 cu putere, protec\u021bie \u0219i mo\u0219tenire.<\/p>\n<p data-start=\"1183\" data-end=\"1256\">Acesta este mai mult dec\u00e2t bijuterie. Este un talisman personal realizat din istorie.<\/p>\n<h3 data-start=\"1258\" data-end=\"1309\">De ce s\u0103 alege\u021bi colierul nostru cu nume egiptean din aur 18K?<\/h3>\n<ul data-start=\"1311\" data-end=\"1854\">\n<li data-start=\"1311\" data-end=\"1399\">\n<p data-start=\"1313\" data-end=\"1399\">\u2714 <strong data-start=\"1315\" data-end=\"1338\">100% Aur Solid 18K<\/strong> \u2013 Calitate premium, durabil \u0219i marcat pentru autenticitate.<\/p>\n<\/li>\n<li data-start=\"1400\" data-end=\"1494\">\n<p data-start=\"1402\" data-end=\"1494\">\u2714 <strong data-start=\"1404\" data-end=\"1428\">Realizat manual \u00een Egipt<\/strong> \u2013 Creat de bijutieri egipteni experimenta\u021bi, cu cuno\u0219tin\u021be culturale profunde.<\/p>\n<\/li>\n<li data-start=\"1495\" data-end=\"1607\">\n<p data-start=\"1497\" data-end=\"1607\">\u2714 <strong data-start=\"1499\" data-end=\"1528\">Inscrip\u021bii Personalizabile<\/strong> \u2013 Alege\u021bi numele \u00een hieroglife antice, scriere arab\u0103 sau englez\u0103 modern\u0103.<\/p>\n<\/li>\n<li data-start=\"1608\" data-end=\"1716\">\n<p data-start=\"1610\" data-end=\"1716\">\u2714 <strong data-start=\"1612\" data-end=\"1641\">Design Cultural Autentic<\/strong> \u2013 Un cadou sau suvenir profund semnificativ, bogat \u00een importan\u021b\u0103 istoric\u0103.<\/p>\n<\/li>\n<li data-start=\"1717\" data-end=\"1854\">\n<p data-start=\"1719\" data-end=\"1854\">\u2714 <strong data-start=\"1721\" data-end=\"1747\">Ambalaj Elegant pentru Cadou<\/strong> \u2013 Vine \u00eentr-o cutie luxoas\u0103, gata de oferit pentru zile de na\u0219tere, anivers\u0103ri, absolviri sau cadouri de mo\u0219tenire.<\/p>\n<\/li>\n<\/ul>\n<h3 data-start=\"1856\" data-end=\"1917\">Certificat de Autoritatea Egiptean\u0103 de Marcaj \u0219i Epruvet\u0103<\/h3>\n<p data-start=\"1919\" data-end=\"2237\">Fiecare colier include un <strong data-start=\"1945\" data-end=\"2024\">certificat oficial emis de Autoritatea Egiptean\u0103 de Marcaj \u0219i Epruvet\u0103<\/strong>.<\/p>\n<p data-start=\"1919\" data-end=\"2237\">Acest certificat verific\u0103 <strong data-start=\"2056\" data-end=\"2083\">puritatea exact\u0103 a aurului (18K)<\/strong> \u0219i <strong data-start=\"2092\" data-end=\"2110\">greutatea precis\u0103<\/strong> a piesei dumneavoastr\u0103. Este garan\u021bia pentru <strong data-start=\"2149\" data-end=\"2198\">autenticitate, transparen\u021b\u0103 \u0219i valoare durabil\u0103<\/strong> \u2013 un sigiliu de \u00eencredere la fiecare achizi\u021bie.<\/p>\n<h3 data-start=\"2239\" data-end=\"2258\">Detalii Produs<\/h3>\n<ul data-start=\"2260\" data-end=\"2838\">\n<li data-start=\"2260\" data-end=\"2322\">\n<p data-start=\"2262\" data-end=\"2322\"><strong data-start=\"2262\" data-end=\"2274\">Material<\/strong>: Aur solid pur 18K (certificat \u0219i marcat)<\/p>\n<\/li>\n<li data-start=\"2323\" data-end=\"2406\">\n<p data-start=\"2325\" data-end=\"2406\"><strong data-start=\"2325\" data-end=\"2346\">Op\u021biuni de Gravur\u0103<\/strong>: Nume sau cuvinte personalizate \u00een hieroglife, arab\u0103 sau englez\u0103<\/p>\n<\/li>\n<li data-start=\"2407\" data-end=\"2472\">\n<p data-start=\"2409\" data-end=\"2472\"><strong data-start=\"2409\" data-end=\"2425\">Dimensiune Pandantiv<\/strong>: Variaz\u0103 \u00een func\u021bie de nume (de obicei 32mm la 58mm)<\/p>\n<\/li>\n<li data-start=\"2473\" data-end=\"2566\">\n<p data-start=\"2475\" data-end=\"2566\"><strong data-start=\"2475\" data-end=\"2493\">Op\u021biuni de Design<\/strong>: Disponibil ca unilateral, bilateral sau chiar trilaterale cartu\u0219<\/p>\n<\/li>\n<li data-start=\"2567\" data-end=\"2643\">\n<p data-start=\"2569\" data-end=\"2643\"><strong data-start=\"2569\" data-end=\"2582\">Ambalaj<\/strong>: Vine \u00eentr-o cutie elegant\u0103 pentru cadou, perfect\u0103 pentru ocazii speciale<\/p>\n<\/li>\n<li data-start=\"2644\" data-end=\"2713\">\n<p data-start=\"2646\" data-end=\"2713\"><strong data-start=\"2646\" data-end=\"2655\">Lan\u021b<\/strong>: Nu este inclus (lan\u021buri aurii asortate disponibile separat)<\/p>\n<\/li>\n<li data-start=\"2714\" data-end=\"2838\">\n<p data-start=\"2716\" data-end=\"2838\"><strong data-start=\"2716\" data-end=\"2726\">Origine<\/strong>: F\u0103cut manual \u00een Cairo, Egipt \u2013 realizat \u00een souk-urile istorice de bijuterii, inclusiv renumitul bazar Khan el-Khalili<\/p>\n<\/li>\n<\/ul>\n<h3 data-start=\"3160\" data-end=\"3197\">Pentru Cine Este Perfect Acest Colier?<\/h3>\n<ul data-start=\"3199\" data-end=\"3530\">\n<li data-start=\"3199\" data-end=\"3272\">\n<p data-start=\"3201\" data-end=\"3272\">Oricine caut\u0103 un <strong data-start=\"3218\" data-end=\"3246\">cadou personalizat unic<\/strong> cu semnifica\u021bie \u0219i elegan\u021b\u0103<\/p>\n<\/li>\n<li data-start=\"3273\" data-end=\"3325\">\n<p data-start=\"3275\" data-end=\"3325\">Fani ai <strong data-start=\"3283\" data-end=\"3311\">culturii egiptene antice<\/strong> \u0219i simbolismului<\/p>\n<\/li>\n<li data-start=\"3326\" data-end=\"3393\">\n<p data-start=\"3328\" data-end=\"3393\"><strong data-start=\"3328\" data-end=\"3347\">Iubitori de mo\u0219tenire<\/strong> \u0219i cei care s\u0103rb\u0103toresc identitatea lor egiptean\u0103<\/p>\n<\/li>\n<li data-start=\"3394\" data-end=\"3456\">\n<p data-start=\"3396\" data-end=\"3456\">Persoane \u00een c\u0103utarea <strong data-start=\"3415\" data-end=\"3456\">bijuteriilor de lux cu o poveste \u00een spate<\/strong><\/p>\n<\/li>\n<li data-start=\"3457\" data-end=\"3530\">\n<p data-start=\"3459\" data-end=\"3530\">Cump\u0103r\u0103tori care doresc <strong data-start=\"3474\" data-end=\"3502\">bijuterii din aur realizate manual<\/strong> cu certificare oficial\u0103<\/p>\n<\/li>\n<\/ul>\n<h3 data-start=\"3532\" data-end=\"3558\">Face\u021bi-l Unic al Dumneavoastr\u0103<\/h3>\n<p data-start=\"3560\" data-end=\"3825\">Fie c\u0103 onora\u021bi r\u0103d\u0103cinile, exprima\u021bi dragoste pentru cineva special sau ad\u0103uga\u021bi ceva atemporal colec\u021biei dumneavoastr\u0103 de bijuterii, acest <strong data-start=\"3699\" data-end=\"3729\">colier hieroglific din aur 18K<\/strong> este combina\u021bia perfect\u0103 de semnifica\u021bie \u0219i frumuse\u021be. Pute\u021bi solicita chiar \u0219i accente de design unice, cum ar fi:<\/p>\n<ul data-start=\"3827\" data-end=\"3900\">\n<li data-start=\"3827\" data-end=\"3842\">\n<p data-start=\"3829\" data-end=\"3842\">Bordur\u0103 cu scarabeu<\/p>\n<\/li>\n<li data-start=\"3843\" data-end=\"3865\">\n<p data-start=\"3845\" data-end=\"3865\">Accente cu flori de lotus<\/p>\n<\/li>\n<li data-start=\"3866\" data-end=\"3900\">\n<p data-start=\"3868\" data-end=\"3900\">Forme de cartu\u0219 deschise sau rotunjite<\/p>\n<\/li>\n<\/ul>\n<p data-start=\"3902\" data-end=\"3986\">Fiecare pies\u0103 este o <strong data-start=\"3918\" data-end=\"3944\">crea\u021bie unic\u0103<\/strong>, realizat\u0103 cu pasiune, precizie \u0219i m\u00e2ndrie.<\/p>\n<h3 data-start=\"3993\" data-end=\"4063\">De\u021bine\u021bi o Bucat\u0103 de Istorie \u2013 Comanda\u021bi Cartu\u0219ul Dumneavoastr\u0103 de Aur Egiptean Ast\u0103zi!<\/h3>\n<p data-start=\"4065\" data-end=\"4298\">S\u0103rb\u0103tori\u021bi numele \u00een limba faraonilor. Acest colier personalizat cu cartu\u0219 de aur 18K este mai mult dec\u00e2t lux \u2013 este mo\u0219tenire. Sus\u021binut de <strong data-start=\"4199\" data-end=\"4234\">certificare egiptean\u0103 oficial\u0103<\/strong>, este o adev\u0103rat\u0103 comoar\u0103 care conecteaz\u0103 trecutul cu prezentul dumneavoastr\u0103.<\/p>\n<p data-start=\"4300\" data-end=\"4404\"><strong data-start=\"4302\" data-end=\"4334\">Autentic. Elegant. Etern.<\/strong><br data-start=\"4334\" data-end=\"4337\" \/><strong data-start=\"4340\" data-end=\"4404\">Cump\u0103ra\u021bi Acum \u0219i Purta\u021bi Spiritul Egiptului Antic \u00een Aur Pur!<\/strong><\/p>\n<p style=\"text-align: center;\">Mul\u021bumim c\u0103 a\u021bi cump\u0103rat de la <em data-start=\"415\" data-end=\"431\"><a href=\"https:\/\/bazaar.express\/ro\/\">Bazaar Express<\/a><\/em> \u2013 suntem \u00eenc\u00e2nta\u021bi s\u0103 v\u0103 avem!<\/p>\n<p style=\"text-align: center;\">Descoperi\u021bi farmecul artei antice cu colec\u021bia noastr\u0103 <a href=\"https:\/\/bazaar.express\/product-category\/egyptian-treasures\/\">Egyptian Treasures<\/a>.<\/p>\n","protected":false},"excerpt":{"rendered":"<h3 data-start=\"78\" data-end=\"384\">Colier personalizat cu cartu\u0219 de aur 18K, realizat manual \u00een Egipt \u0219i gravat cu numele dumneavoastr\u0103 \u00een hieroglife, arab\u0103 sau englez\u0103. Include certificare oficial\u0103 de la Autoritatea Egiptean\u0103 de Marcaj \u0219i Epruvet\u0103 pentru greutate \u0219i puritate aur. O pies\u0103 atemporal\u0103 de mo\u0219tenire \u0219i elegan\u021b\u0103.<\/h3>\n","protected":false},"featured_media":39133,"comment_status":"open","ping_status":"closed","template":"","meta":[],"product_brand":[],"product_cat":[1150],"product_tag":[1238],"class_list":{"0":"post-39128","1":"product","2":"type-product","3":"status-publish","4":"has-post-thumbnail","6":"product_cat-comori-egiptene","7":"product_tag-suveniruri","9":"first","10":"instock","11":"shipping-taxable","12":"purchasable","13":"product-type-simple"},"_links":{"self":[{"href":"https:\/\/bazaar.express\/ro\/wp-json\/wp\/v2\/product\/39128","targetHints":{"allow":["GET"]}}],"collection":[{"href":"https:\/\/bazaar.express\/ro\/wp-json\/wp\/v2\/product"}],"about":[{"href":"https:\/\/bazaar.express\/ro\/wp-json\/wp\/v2\/types\/product"}],"replies":[{"embeddable":true,"href":"https:\/\/bazaar.express\/ro\/wp-json\/wp\/v2\/comments?post=39128"}],"wp:featuredmedia":[{"embeddable":true,"href":"https:\/\/bazaar.express\/ro\/wp-json\/wp\/v2\/media\/39133"}],"wp:attachment":[{"href":"https:\/\/bazaar.express\/ro\/wp-json\/wp\/v2\/media?parent=39128"}],"wp:term":[{"taxonomy":"product_brand","embeddable":true,"href":"https:\/\/bazaar.express\/ro\/wp-json\/wp\/v2\/product_brand?post=39128"},{"taxonomy":"product_cat","embeddable":true,"href":"https:\/\/bazaar.express\/ro\/wp-json\/wp\/v2\/product_cat?post=39128"},{"taxonomy":"product_tag","embeddable":true,"href":"https:\/\/bazaar.express\/ro\/wp-json\/wp\/v2\/product_tag?post=39128"}],"curies":[{"name":"wp","href":"https:\/\/api.w.org\/{rel}","templated":true}]}}