{"id":39188,"date":"2025-11-06T02:04:14","date_gmt":"2025-11-06T02:04:14","guid":{"rendered":"https:\/\/bazaar.express\/product\/24k-gold-beauty-bar\/"},"modified":"2025-12-29T12:48:25","modified_gmt":"2025-12-29T12:48:25","slug":"24k-gold-beauty-bar","status":"publish","type":"product","link":"https:\/\/bazaar.express\/ro\/produs\/24k-gold-beauty-bar\/","title":{"rendered":"Bar\u0103 de frumuse\u021be luxoas\u0103 cu aur 24K"},"content":{"rendered":"<h2 id=\"luxury-24k-gold-beauty-bar--premium-egyptian-profe\" class=\"mb-2 mt-4 font-display font-semimedium text-base first:mt-0 md:text-lg [hr+&#038;]:mt-4\">Bar\u0103 de frumuse\u021be luxoas\u0103 cu aur 24K \u2013 Cur\u0103\u021bare profesional\u0103 egiptean\u0103 premium cu infuzie de aur de elit\u0103<\/h2>\n<h3 class=\"mb-2 mt-4 font-display font-semimedium text-base first:mt-0\">Experien\u021b\u0103 de \u00eengrijire a pielii de elit\u0103 cu bara de frumuse\u021be autentic\u0103 premium 24K Gold \u0219i tratament de grad profesional<\/h3>\n<p class=\"my-2 [&#038;+p]:mt-4 [&#038;_strong:has(+br)]:inline-block [&#038;_strong:has(+br)]:pb-2\">R\u0103sf\u0103\u021ba\u021bi-v\u0103 cu apogeul \u00eengrijirii luxoase a pielii cu bara noastr\u0103 exclusiv\u0103 de frumuse\u021be premium 24K Gold, un esen\u021bial luxos egiptean de cur\u0103\u021bare infuzat cu particule autentice de aur 24K. Acest s\u0103pun premium delicat luxos combin\u0103 aur 24K real cu extracte botanice pentru a livra cur\u0103\u021bare de grad profesional, str\u0103lucire anti-\u00eemb\u0103tr\u00e2nire intensiv\u0103 \u0219i transformare vizibil\u0103 a pielii. Bara noastr\u0103 de frumuse\u021be premium 24K Gold, formulat\u0103 meticulos, este proiectat\u0103 pentru \u00eengrijire luxoas\u0103 rafinat\u0103 cu luminozitate excep\u021bional\u0103 \u0219i excelen\u021b\u0103 superioar\u0103 a pielii.<\/p>\n<h3 class=\"mb-2 mt-4 font-display font-semimedium text-base first:mt-0\">De ce s\u0103 alege\u021bi Bara de frumuse\u021be premium luxoas\u0103 24K Gold?<\/h3>\n<p class=\"my-2 [&#038;+p]:mt-4 [&#038;_strong:has(+br)]:inline-block [&#038;_strong:has(+br)]:pb-2\"><strong>Cur\u0103\u021bare luxoas\u0103 profesional\u0103 cu aur 24K autentic:<\/strong> Bara noastr\u0103 premium valorific\u0103 particulele autentice de aur 24K premium pentru cur\u0103\u021bare de grad profesional cu \u00eembun\u0103t\u0103\u021bire a str\u0103lucirii. Aceast\u0103 formul\u0103 luxoas\u0103 \u00eendep\u0103rteaz\u0103 impurit\u0103\u021bile \u00een timp ce infuzeaz\u0103 pielea cu minerale profesionale luxoase, l\u0103s\u00e2nd pielea excep\u021bional de revigorat\u0103, protejat\u0103 \u0219i transformat\u0103 radiant cu rezultate profesionale luxoase.<\/p>\n<p class=\"my-2 [&#038;+p]:mt-4 [&#038;_strong:has(+br)]:inline-block [&#038;_strong:has(+br)]:pb-2\"><strong>\u00cengrijire anti-\u00eemb\u0103tr\u00e2nire profesional\u0103 \u0219i \u00eembun\u0103t\u0103\u021bire a str\u0103lucirii luxoase:<\/strong> \u00cembog\u0103\u021bit\u0103 cu aur 24K autentic \u0219i uleiuri botanice profesionale premium, aceast\u0103 bar\u0103 luxoas\u0103 ofer\u0103 str\u0103lucire de grad profesional care \u00eenmoaie \u0219i condi\u021bioneaz\u0103 pielea remarcabil. Infuzia premium luxoas\u0103 de aur face din acest produs alegerea principal\u0103 profesional\u0103 pentru cur\u0103\u021barea zilnic\u0103 luxoas\u0103 facial\u0103 \u0219i corporal\u0103.<\/p>\n<p class=\"my-2 [&#038;+p]:mt-4 [&#038;_strong:has(+br)]:inline-block [&#038;_strong:has(+br)]:pb-2\"><strong>Formul\u0103 premium luxoas\u0103 transparent\u0103 cu sclipire de aur:<\/strong> Bara noastr\u0103 de cur\u0103\u021bare infuzat\u0103 cu aur este delicat\u0103, pur\u0103 \u0219i transparent\u0103 cu sclipire luxoas\u0103 frumoas\u0103 \u2013 pun\u00e2nd \u00een eviden\u021b\u0103 compozi\u021bia autentic\u0103 premium. Formula luxoas\u0103 profesional\u0103 cur\u0103\u021b\u0103 cu excelen\u021b\u0103 f\u0103r\u0103 a \u00eendep\u0103rta umiditatea esen\u021bial\u0103, promov\u00e2nd piele vizibil mai curat\u0103 \u0219i excep\u021bional de s\u0103n\u0103toas\u0103 cu aspect radiant.<\/p>\n<p class=\"my-2 [&#038;+p]:mt-4 [&#038;_strong:has(+br)]:inline-block [&#038;_strong:has(+br)]:pb-2\"><strong>Compatibilitate premium luxoas\u0103 pentru \u00eengrijire rafinat\u0103 a pielii:<\/strong> Fie c\u0103 ave\u021bi piele sensibil\u0103, gras\u0103, uscat\u0103 sau combinat\u0103, bara noastr\u0103 de frumuse\u021be cu aur luxos ofer\u0103 rezultate profesionale frumos. Formula delicat\u0103 premium luxoas\u0103 este perfect\u0103 pentru piele facial\u0103 profesional\u0103 rafinat\u0103 \u0219i \u00eengrijire zilnic\u0103 luxoas\u0103 elevat\u0103, f\u0103c\u00e2nd-o adi\u021bia principal\u0103 profesional\u0103 la rutinele sofisticate de \u00eengrijire a pielii.<\/p>\n<p class=\"my-2 [&#038;+p]:mt-4 [&#038;_strong:has(+br)]:inline-block [&#038;_strong:has(+br)]:pb-2\"><strong>\u00cenmoale \u0219i excelen\u021b\u0103 anti-\u00eemb\u0103tr\u00e2nire luxoas\u0103 profesional\u0103:<\/strong> Bogat\u0103 \u00een glicerin\u0103, uleiuri profesionale premium \u0219i aur 24K autentic, acest s\u0103pun luxos \u00eenmoaie \u0219i hidrateaz\u0103 pielea cu precizie profesional\u0103. Propriet\u0103\u021bile premium de condi\u021bionare cu aur restabilesc str\u0103lucirea profesional\u0103 \u0219i ofer\u0103 rafinare luxoas\u0103 anti-\u00eemb\u0103tr\u00e2nire superioar\u0103.<\/p>\n<h3 class=\"mb-2 mt-4 font-display font-semimedium text-base first:mt-0\">Beneficii profesionale excep\u021bionale ale aurului premium 24K<\/h3>\n<ul class=\"marker:text-quiet list-disc\">\n<li class=\"py-0 my-0 prose-p:pt-0 prose-p:mb-2 prose-p:my-0 [&#038;>p]:pt-0 [&#038;>p]:mb-2 [&#038;>p]:my-0&#8243;>\n<p class=\"my-2 [&#038;+p]:mt-4 [&#038;_strong:has(+br)]:inline-block [&#038;_strong:has(+br)]:pb-2\">Ac\u021biune de cur\u0103\u021bare de grad profesional premium<\/p>\n<\/li>\n<li class=\"py-0 my-0 prose-p:pt-0 prose-p:mb-2 prose-p:my-0 [&#038;>p]:pt-0 [&#038;>p]:mb-2 [&#038;>p]:my-0&#8243;>\n<p class=\"my-2 [&#038;+p]:mt-4 [&#038;_strong:has(+br)]:inline-block [&#038;_strong:has(+br)]:pb-2\">Particule reale autentice de aur 24K infuzate<\/p>\n<\/li>\n<li class=\"py-0 my-0 prose-p:pt-0 prose-p:mb-2 prose-p:my-0 [&#038;>p]:pt-0 [&#038;>p]:mb-2 [&#038;>p]:my-0&#8243;>\n<p class=\"my-2 [&#038;+p]:mt-4 [&#038;_strong:has(+br)]:inline-block [&#038;_strong:has(+br)]:pb-2\">\u00cenmoalire \u0219i hidratare luxoas\u0103 profesional\u0103<\/p>\n<\/li>\n<li class=\"py-0 my-0 prose-p:pt-0 prose-p:mb-2 prose-p:my-0 [&#038;>p]:pt-0 [&#038;>p]:mb-2 [&#038;>p]:my-0&#8243;>\n<p class=\"my-2 [&#038;+p]:mt-4 [&#038;_strong:has(+br)]:inline-block [&#038;_strong:has(+br)]:pb-2\">Potrivit pentru toate tipurile de piele cu rezultate rafinate<\/p>\n<\/li>\n<li class=\"py-0 my-0 prose-p:pt-0 prose-p:mb-2 prose-p:my-0 [&#038;>p]:pt-0 [&#038;>p]:mb-2 [&#038;>p]:my-0&#8243;>\n<p class=\"my-2 [&#038;+p]:mt-4 [&#038;_strong:has(+br)]:inline-block [&#038;_strong:has(+br)]:pb-2\">Formul\u0103 natural\u0103 cu aur premium luxos<\/p>\n<\/li>\n<li class=\"py-0 my-0 prose-p:pt-0 prose-p:mb-2 prose-p:my-0 [&#038;>p]:pt-0 [&#038;>p]:mb-2 [&#038;>p]:my-0&#8243;>\n<p class=\"my-2 [&#038;+p]:mt-4 [&#038;_strong:has(+br)]:inline-block [&#038;_strong:has(+br)]:pb-2\">Glicerin\u0103 bogat\u0103 pentru hidratare profesional\u0103 intensiv\u0103<\/p>\n<\/li>\n<li class=\"py-0 my-0 prose-p:pt-0 prose-p:mb-2 prose-p:my-0 [&#038;>p]:pt-0 [&#038;>p]:mb-2 [&#038;>p]:my-0&#8243;>\n<p class=\"my-2 [&#038;+p]:mt-4 [&#038;_strong:has(+br)]:inline-block [&#038;_strong:has(+br)]:pb-2\">Promoveaz\u0103 piele profesional\u0103 luminoas\u0103 radiant\u0103 excep\u021bional\u0103<\/p>\n<\/li>\n<li class=\"py-0 my-0 prose-p:pt-0 prose-p:mb-2 prose-p:my-0 [&#038;>p]:pt-0 [&#038;>p]:mb-2 [&#038;>p]:my-0&#8243;>\n<p class=\"my-2 [&#038;+p]:mt-4 [&#038;_strong:has(+br)]:inline-block [&#038;_strong:has(+br)]:pb-2\">\u00cengrijire anti-\u00eemb\u0103tr\u00e2nire luxoas\u0103 profesional\u0103<\/p>\n<\/li>\n<\/ul>\n<h3 class=\"mb-2 mt-4 font-display font-semimedium text-base first:mt-0\">Ce face bara noastr\u0103 de frumuse\u021be excep\u021bional\u0103?<\/h3>\n<p class=\"my-2 [&#038;+p]:mt-4 [&#038;_strong:has(+br)]:inline-block [&#038;_strong:has(+br)]:pb-2\">S\u0103punul nostru premium luxos combin\u0103 puterea aurului autentic 24K cu tradi\u021biile rafinate de frumuse\u021be egiptean\u0103 \u0219i excelen\u021ba profesional\u0103. Amestecul meticulos de baz\u0103 natural\u0103 de s\u0103pun, glicerin\u0103, uleiuri \u0219i aur real 24K creeaz\u0103 un produs luxos profesional excep\u021bional. Fiecare bar\u0103 a barei noastre de frumuse\u021be 24K Gold reprezint\u0103 angajamentul nostru pentru \u00eengrijire natural\u0103 luxoas\u0103, eficient\u0103, profesional\u0103, sus\u021binut\u0103 de mo\u0219tenirea egiptean\u0103 \u0219i excelen\u021ba profesional\u0103 premium.<\/p>\n<h3 class=\"mb-2 mt-4 font-display font-semimedium text-base first:mt-0\">Cum s\u0103 utiliza\u021bi bara premium<\/h3>\n<p class=\"my-2 [&#038;+p]:mt-4 [&#038;_strong:has(+br)]:inline-block [&#038;_strong:has(+br)]:pb-2\">Umezi\u021bi fa\u021ba sau corpul cu ap\u0103 cald\u0103 \u0219i masa\u021bi u\u0219or aceast\u0103 bar\u0103 premium luxoas\u0103 p\u00e2n\u0103 se formeaz\u0103 o spum\u0103 bogat\u0103. L\u0103sa\u021bi formula cu aur s\u0103 cure\u021be cu precizie profesional\u0103, apoi cl\u0103ti\u021bi. Folosi\u021bi bara de frumuse\u021be 24K Gold zilnic pentru cur\u0103\u021bare profesional\u0103 optim\u0103 \u0219i str\u0103lucire luxoas\u0103 din aceast\u0103 formulare autentic\u0103 infuzat\u0103 cu aur premium.<\/p>\n<h3 class=\"mb-2 mt-4 font-display font-semimedium text-base first:mt-0\">Instruc\u021biuni premium de depozitare \u0219i \u00eengrijire luxoas\u0103<\/h3>\n<p class=\"my-2 [&#038;+p]:mt-4 [&#038;_strong:has(+br)]:inline-block [&#038;_strong:has(+br)]:pb-2\">P\u0103stra\u021bi bara luxoas\u0103 la temperatura camerei, departe de lumina direct\u0103 a soarelui, pentru longevitatea maxim\u0103 a propriet\u0103\u021bilor sale naturale premium profesionale.<\/p>\n<p class=\"my-2 [&#038;+p]:mt-4 [&#038;_strong:has(+br)]:inline-block [&#038;_strong:has(+br)]:pb-2\"><strong>Ridica\u021bi \u00eengrijirea luxoas\u0103 a pielii cu bara noastr\u0103 premium de frumuse\u021be 24K Gold ast\u0103zi. Comanda\u021bi acum \u0219i experimenta\u021bi puterea luminoas\u0103 luxoas\u0103 de grad profesional a excelen\u021bei autentice premium \u00een \u00eengrijirea pielii egiptene.<\/strong><\/p>\n<p>&nbsp;<\/p>\n<h5 style=\"text-align: center;\">Mul\u021bumim c\u0103 a\u021bi f\u0103cut cump\u0103r\u0103turi la <a href=\"https:\/\/bazaar.express\/ro\/\">Bazaar Express<\/a> \u2013 suntem \u00eenc\u00e2nta\u021bi s\u0103 v\u0103 avem!<\/h5>\n<h5 style=\"text-align: center;\">C\u0103l\u0103toria voastr\u0103 spre o auto\u00eengrijire mai bun\u0103 \u00eencepe aici \u2014 cu <a href=\"https:\/\/bazaar.express\/ro\/categorie-produs\/ingrijire-frumusete\/\">\u00cengrijire frumuse\u021be<\/a> de \u00eencredere!<\/h5>\n","protected":false},"excerpt":{"rendered":"<h3>Bar\u0103 de frumuse\u021be luxoas\u0103 24K Gold \u2013 cur\u0103\u021bare de grad profesional premium cu infuzie real\u0103 de aur 24K, uleiuri premium \u0219i extracte botanice. \u00cengrijire luxoas\u0103 anti-\u00eemb\u0103tr\u00e2nire de elit\u0103.<\/h3>\n","protected":false},"featured_media":38759,"comment_status":"open","ping_status":"closed","template":"","meta":[],"product_brand":[],"product_cat":[1145,1146],"product_tag":[1210,1211,1209],"class_list":{"0":"post-39188","1":"product","2":"type-product","3":"status-publish","4":"has-post-thumbnail","6":"product_cat-ingrijire-frumusete","7":"product_cat-uleiuri-terapeutice","8":"product_tag-ingrijire-a-pielii","9":"product_tag-ingrijire-de-frumusete","10":"product_tag-ulei-natural","12":"first","13":"instock","14":"shipping-taxable","15":"purchasable","16":"product-type-simple"},"_links":{"self":[{"href":"https:\/\/bazaar.express\/ro\/wp-json\/wp\/v2\/product\/39188","targetHints":{"allow":["GET"]}}],"collection":[{"href":"https:\/\/bazaar.express\/ro\/wp-json\/wp\/v2\/product"}],"about":[{"href":"https:\/\/bazaar.express\/ro\/wp-json\/wp\/v2\/types\/product"}],"replies":[{"embeddable":true,"href":"https:\/\/bazaar.express\/ro\/wp-json\/wp\/v2\/comments?post=39188"}],"wp:featuredmedia":[{"embeddable":true,"href":"https:\/\/bazaar.express\/ro\/wp-json\/wp\/v2\/media\/38759"}],"wp:attachment":[{"href":"https:\/\/bazaar.express\/ro\/wp-json\/wp\/v2\/media?parent=39188"}],"wp:term":[{"taxonomy":"product_brand","embeddable":true,"href":"https:\/\/bazaar.express\/ro\/wp-json\/wp\/v2\/product_brand?post=39188"},{"taxonomy":"product_cat","embeddable":true,"href":"https:\/\/bazaar.express\/ro\/wp-json\/wp\/v2\/product_cat?post=39188"},{"taxonomy":"product_tag","embeddable":true,"href":"https:\/\/bazaar.express\/ro\/wp-json\/wp\/v2\/product_tag?post=39188"}],"curies":[{"name":"wp","href":"https:\/\/api.w.org\/{rel}","templated":true}]}}