{"id":39210,"date":"2025-02-10T17:16:09","date_gmt":"2025-02-10T17:16:09","guid":{"rendered":"https:\/\/bazaar.express\/product\/cartouche\/"},"modified":"2025-02-10T17:16:09","modified_gmt":"2025-02-10T17:16:09","slug":"cartouche","status":"publish","type":"product","link":"https:\/\/bazaar.express\/ro\/produs\/cartouche\/","title":{"rendered":"Pandantiv Cartu\u0219"},"content":{"rendered":"<h2 data-start=\"275\" data-end=\"352\">Pandantiv Cartu\u0219 \u2013 Bijuterie din Argint Sterling 925 Personalizat\u0103, Realizat\u0103 Manual \u00een Egipt<\/h2>\n<h3 data-start=\"354\" data-end=\"408\">Descoper\u0103 Semnifica\u021bia Cartu\u0219ului Egiptean<\/h3>\n<p data-start=\"410\" data-end=\"845\">Pandantivul cartu\u0219 reprezint\u0103 unul dintre cele mai iconice simboluri ale culturii egiptene antice. Ini\u021bial rezervat regalit\u0103\u021bii, cartu\u0219ul este un cadru oval care \u00eencadreaz\u0103 un nume sau o fraz\u0103 scris\u0103 \u00een hieroglife. Scopul s\u0103u era s\u0103 p\u0103streze identitatea purt\u0103torului pentru eternitate \u0219i s\u0103 ofere protec\u021bie divin\u0103. Ast\u0103zi, acest simbol puternic rena\u0219te ca o pies\u0103 de bijuterie personalizat\u0103 \u2013 realizat\u0103 manual \u00een Egipt din argint sterling 925 autentic.<\/p>\n<p data-start=\"847\" data-end=\"1047\">Fiecare pandantiv este o interpretare modern\u0103 a acestui emblem\u0103 atemporal\u0103, permi\u021b\u00e2ndu-v\u0103 s\u0103 grava\u021bi numele \u00een hieroglife egiptene antice, arab\u0103 sau englez\u0103, cre\u00e2nd un artefact purtabil profund semnificativ.<\/p>\n<h3 data-start=\"1054\" data-end=\"1107\">De ce s\u0103 Alegi Pandantivul Nostru Cartu\u0219 din Argint Sterling?<\/h3>\n<ul data-start=\"1109\" data-end=\"2081\">\n<li data-start=\"1109\" data-end=\"1271\">\n<p data-start=\"1111\" data-end=\"1271\"><strong data-start=\"1111\" data-end=\"1147\">Me\u0219te\u0219ug Egiptenesc Autentic<\/strong><br data-start=\"1147\" data-end=\"1150\" \/>Realizat manual la Cairo de me\u0219teri egipteni experimenta\u021bi, folosind tehnici tradi\u021bionale de bijuterie transmise din genera\u021bie \u00een genera\u021bie.<\/p>\n<\/li>\n<li data-start=\"1273\" data-end=\"1468\">\n<p data-start=\"1275\" data-end=\"1468\"><strong data-start=\"1275\" data-end=\"1311\">Argint Sterling 925 de Calitate Superioar\u0103<\/strong><br data-start=\"1311\" data-end=\"1314\" \/>Fabricat din argint sterling pur, acest pandantiv combin\u0103 durabilitatea cu elegan\u021ba clasic\u0103. Alege\u021bi \u00eentre finisaj lucios sau aspect antic oxidat.<\/p>\n<\/li>\n<li data-start=\"1470\" data-end=\"1701\">\n<p data-start=\"1472\" data-end=\"1701\"><strong data-start=\"1472\" data-end=\"1513\">Gravur\u0103 Personalizat\u0103 \u00een 3 Limbi<\/strong><br data-start=\"1513\" data-end=\"1516\" \/>Numele dvs. (p\u00e2n\u0103 la 10 caractere) poate fi gravat \u00een hieroglife antice, arab\u0103 sau englez\u0103. Hieroglifele noastre se bazeaz\u0103 pe tradi\u021bii autentice de limb\u0103 \u0219i design din Egiptul antic.<\/p>\n<\/li>\n<li data-start=\"1703\" data-end=\"1931\">\n<p data-start=\"1705\" data-end=\"1931\"><strong data-start=\"1705\" data-end=\"1732\">Simboluri Sacre Op\u021bionale<\/strong><br data-start=\"1732\" data-end=\"1735\" \/>\u00cembog\u0103\u021bi\u021bi pandantivul cu gravuri simbolice pe spate:<br data-start=\"1795\" data-end=\"1798\" \/>Ankh (via\u021b\u0103) \u2013 Scarabeu (rena\u0219tere) \u2013 Ochiul lui Horus (protec\u021bie) \u2013 Isis \u00eenaripat\u0103 (feminitate divin\u0103) \u2013 Lot (puritate) \u2013 Nefertiti sau Inim\u0103.<\/p>\n<\/li>\n<li data-start=\"1933\" data-end=\"2081\">\n<p data-start=\"1935\" data-end=\"2081\"><strong data-start=\"1935\" data-end=\"1966\">Marcat pentru Autenticitate<\/strong><br data-start=\"1966\" data-end=\"1969\" \/>Fiecare pandantiv este \u0219tampilat cu marca oficial\u0103 egiptean\u0103, garant\u00e2nd argint sterling autentic \u0219i origine.<\/p>\n<\/li>\n<\/ul>\n<h3 data-start=\"2088\" data-end=\"2107\">Detalii Produs<\/h3>\n<ul data-start=\"2109\" data-end=\"2436\">\n<li data-start=\"2109\" data-end=\"2152\">\n<p data-start=\"2111\" data-end=\"2152\"><strong data-start=\"2111\" data-end=\"2124\">Material:<\/strong> Argint Sterling 925 Masiv<\/p>\n<\/li>\n<li data-start=\"2153\" data-end=\"2201\">\n<p data-start=\"2155\" data-end=\"2201\"><strong data-start=\"2155\" data-end=\"2174\">Op\u021biuni Finisaj:<\/strong> Lucios sau Argint Oxidat<\/p>\n<\/li>\n<li data-start=\"2202\" data-end=\"2261\">\n<p data-start=\"2204\" data-end=\"2261\"><strong data-start=\"2204\" data-end=\"2228\">Limbi Gravur\u0103:<\/strong> Hieroglife, Arab\u0103, Englez\u0103<\/p>\n<\/li>\n<li data-start=\"2262\" data-end=\"2324\">\n<p data-start=\"2264\" data-end=\"2324\"><strong data-start=\"2264\" data-end=\"2281\">Dimensiune Pandantiv:<\/strong> Aprox. 5,1 cm (2 inci) inclusiv agraf\u0103<\/p>\n<\/li>\n<li data-start=\"2325\" data-end=\"2388\">\n<p data-start=\"2327\" data-end=\"2388\"><strong data-start=\"2327\" data-end=\"2337\">Lan\u021b:<\/strong> Nu este inclus \u2013 disponibil separat \u00een magazinul nostru<\/p>\n<\/li>\n<li data-start=\"2389\" data-end=\"2436\">\n<p data-start=\"2391\" data-end=\"2436\"><strong data-start=\"2391\" data-end=\"2405\">Stare:<\/strong> Nou, realizat manual \u00een Egipt<\/p>\n<\/li>\n<\/ul>\n<h3 data-start=\"2443\" data-end=\"2491\">Instruc\u021biuni Personalizare<\/h3>\n<ul data-start=\"2493\" data-end=\"2807\">\n<li data-start=\"2493\" data-end=\"2599\">\n<p data-start=\"2495\" data-end=\"2599\"><strong data-start=\"2495\" data-end=\"2517\">Furniza\u021bi Numele:<\/strong> Include\u021bi numele (p\u00e2n\u0103 la 10 caractere) \u0219i limba preferat\u0103 \u00een notele comenzii.<\/p>\n<\/li>\n<li data-start=\"2600\" data-end=\"2705\">\n<p data-start=\"2602\" data-end=\"2705\"><strong data-start=\"2602\" data-end=\"2624\">Reguli Hieroglife:<\/strong> Sunetele \u201eSh\u201d, \u201eCh\u201d \u0219i \u201eTh\u201d vor fi traduse \u00een simboluri antice unice.<\/p>\n<\/li>\n<li data-start=\"2706\" data-end=\"2807\">\n<p data-start=\"2708\" data-end=\"2807\"><strong data-start=\"2708\" data-end=\"2725\">Ad\u0103uga\u021bi un Simbol:<\/strong> Men\u021biona\u021bi dac\u0103 dori\u021bi gravat unul dintre simbolurile egiptene sacre pe revers.<\/p>\n<\/li>\n<\/ul>\n<h3 data-start=\"3287\" data-end=\"3318\">Un Cadou Puternic al Mo\u0219tenirii<\/h3>\n<p data-start=\"3320\" data-end=\"3670\">Cartu\u0219ul nu era doar decor \u2013 reprezenta protec\u021bie, identitate \u0219i leg\u0103tur\u0103 cu divinul. Faronii antici precum Ramses al II-lea \u0219i Tutankhamon purtau cartu\u0219e pentru a asigura c\u0103 numele lor va d\u0103inui prin timp \u0219i via\u021ba de apoi. Forma oval\u0103 a cartu\u0219ului simbolizeaz\u0103 c\u0103l\u0103toria soarelui \u0219i eternitatea, derivat\u0103 din inelul egiptean antic \u201eshen\u201d.<\/p>\n<p data-start=\"3672\" data-end=\"3850\">Aceast\u0103 pies\u0103 este mai mult dec\u00e2t bijuterie \u2013 este un simbol al culturii, credin\u021bei \u0219i istoriei. Cu numele gravat, devine leg\u0103tura dvs. personal\u0103 cu o civiliza\u021bie care a modelat lumea.<\/p>\n<p data-start=\"3852\" data-end=\"4026\">Fie c\u0103 sunte\u021bi pasionat de istorie, c\u0103uta\u021bi spiritualitate sau dori\u021bi un cadou unic \u0219i semnificativ \u2013 acest pandantiv cartu\u0219 aduce \u00een\u021belepciunea antic\u0103 \u00een lumea modern\u0103.<\/p>\n<p data-start=\"4033\" data-end=\"4157\"><strong data-start=\"4033\" data-end=\"4084\">Comanda\u021bi ast\u0103zi pandantivul cartu\u0219 personalizat<\/strong> \u0219i purta\u021bi mo\u0219tenirea Egiptului antic cu dvs. \u2013 gravat\u0103 pentru totdeauna \u00een argint.<\/p>\n<p style=\"text-align: center;\">Mul\u021bumim c\u0103 a\u021bi cump\u0103rat de la <em data-start=\"415\" data-end=\"431\"><a href=\"https:\/\/bazaar.express\/ro\/\">Bazaar Express<\/a><\/em> \u2013 suntem \u00eenc\u00e2nta\u021bi s\u0103 v\u0103 avem al\u0103turi!<\/p>\n<p style=\"text-align: center;\">Descoperi\u021bi farmecul artei antice cu colec\u021bia noastr\u0103 <a href=\"https:\/\/bazaar.express\/product-category\/egyptian-treasures\/\">Egyptian Treasures<\/a>.<\/p>\n","protected":false},"excerpt":{"rendered":"<h3 data-start=\"436\" data-end=\"671\"><strong data-start=\"436\" data-end=\"671\">Acest pandantiv cartu\u0219 din argint sterling personalizat este realizat manual \u00een Egipt \u0219i gravat cu numele dvs. \u00een hieroglife antice, arab\u0103 sau englez\u0103. O pies\u0103 simbolic\u0103 de istorie \u0219i protec\u021bie, perfect\u0103 pentru purtare zilnic\u0103 sau cadou.<\/strong><\/h3>\n","protected":false},"featured_media":9227,"comment_status":"open","ping_status":"closed","template":"","meta":[],"product_brand":[],"product_cat":[1150,1153],"product_tag":[1238],"class_list":{"0":"post-39210","1":"product","2":"type-product","3":"status-publish","4":"has-post-thumbnail","6":"product_cat-comori-egiptene","7":"product_cat-oferte-speciale","8":"product_tag-suveniruri","10":"first","11":"instock","12":"sale","13":"shipping-taxable","14":"purchasable","15":"product-type-simple"},"_links":{"self":[{"href":"https:\/\/bazaar.express\/ro\/wp-json\/wp\/v2\/product\/39210","targetHints":{"allow":["GET"]}}],"collection":[{"href":"https:\/\/bazaar.express\/ro\/wp-json\/wp\/v2\/product"}],"about":[{"href":"https:\/\/bazaar.express\/ro\/wp-json\/wp\/v2\/types\/product"}],"replies":[{"embeddable":true,"href":"https:\/\/bazaar.express\/ro\/wp-json\/wp\/v2\/comments?post=39210"}],"wp:featuredmedia":[{"embeddable":true,"href":"https:\/\/bazaar.express\/ro\/wp-json\/wp\/v2\/media\/9227"}],"wp:attachment":[{"href":"https:\/\/bazaar.express\/ro\/wp-json\/wp\/v2\/media?parent=39210"}],"wp:term":[{"taxonomy":"product_brand","embeddable":true,"href":"https:\/\/bazaar.express\/ro\/wp-json\/wp\/v2\/product_brand?post=39210"},{"taxonomy":"product_cat","embeddable":true,"href":"https:\/\/bazaar.express\/ro\/wp-json\/wp\/v2\/product_cat?post=39210"},{"taxonomy":"product_tag","embeddable":true,"href":"https:\/\/bazaar.express\/ro\/wp-json\/wp\/v2\/product_tag?post=39210"}],"curies":[{"name":"wp","href":"https:\/\/api.w.org\/{rel}","templated":true}]}}